{"id":16428,"date":"2026-04-02T08:54:54","date_gmt":"2026-04-02T13:54:54","guid":{"rendered":"https:\/\/theresource.norwex.com\/fr_ca\/?page_id=16428"},"modified":"2026-04-06T08:19:32","modified_gmt":"2026-04-06T13:19:32","slug":"nominations","status":"publish","type":"page","link":"https:\/\/theresource.norwex.com\/fr_ca\/nominations\/","title":{"rendered":"Nominations"},"content":{"rendered":"<div class=\"container quick-guide party-page-new m-auto pb-5\">\n<div class=\"parties-page pb-5\">\n<div class=\"row qg-header m-auto p-0\" style=\"align-items: center; background: none;\">\n<img decoding=\"async\" src=\"https:\/\/theresource.norwex.com\/wp-content\/uploads\/sites\/3\/2026\/04\/nominations-banner.jpg\" alt=\"nominations banner\" width=\"100%\" \/>\n<\/div>\n<div class=\"row m-auto\">\n<div class=\"col-sm-12\">\n<h1 class=\"blue-txt text-center\" style=\"font-size: 34px; margin: 35px 0 20px;\">SOUMET TEZ VOS NOMINATIONS<\/h1>\n<h4 class=\"blue-txt text-center\" style=\"font-weight: 400; margin-bottom: 30px;\">Rendons hommage \u00e0 ceux qui conduisent le changement<\/h4>\n<p class=\"blue-txt text-center pt-0\" style=\"max-width: 100%;\">La Conf\u00e9rence est l\u2019occasion de nous r\u00e9unir pour rendre hommage aux membres de la communaut\u00e9 Norwex qui font avancer notre mission. Dites-nous qui, selon vous, m\u00e9riterait de recevoir cette ann\u00e9e nos prix \u00ab Esprit de g\u00e9n\u00e9rosit\u00e9 \u00bb et \u00ab Esprit de la Mission \u00bb ; proposez \u00e9galement les associations caritatives que vous aimeriez voir r\u00e9compens\u00e9es par la Norwex Foundation for a Brighter Future.<\/p>\n<p class=\"blue-txt text-center pt-0\" style=\"max-width: 100%;\">Mettez en avant ceux qui contribuent \u00e0 cr\u00e9er un impact significatif en soumettant vos nominations d\u00e8s aujourd\u2019hui.<\/p>\n<\/div>\n<\/div>\n<div class=\"row m-auto\">\n<div class=\"col-sm-12 col-md-4\">\n<p class=\"m-0 p-0\"><a href=\"\/fr_ca\/spirit-generosity\/\" target=\"_blank\" rel=\"noopener nofollow\"><img decoding=\"async\" src=\"https:\/\/theresource.norwex.com\/fr_ca\/wp-content\/uploads\/sites\/5\/2026\/04\/som-fr.jpg\" alt=\"spirit of generosity\" width=\"100%\" \/><\/a><\/p>\n<p class=\"text-center pt-0\" style=\"min-height: 97px;\">Honore une Conseill\u00e8re (er) qui incarne la Mission Norwex.<\/p>\n<p class=\"m-0 p-0\"><a href=\"\/fr_ca\/spirit-generosity\/\" target=\"_blank\" rel=\"noopener nofollow\" class=\"btn blue-btn\" style=\"max-width: 225px;\">Nominez maintenant!<\/a><\/p>\n<\/div>\n<div class=\"col-sm-12 col-md-4\">\n<p class=\"m-0 p-0\"><a href=\"\/fr_ca\/spirit-mission\/\" target=\"_blank\" rel=\"noopener nofollow\"><img decoding=\"async\" src=\"https:\/\/theresource.norwex.com\/fr_ca\/wp-content\/uploads\/sites\/5\/2026\/04\/sog-fr.jpg\" alt=\"spirit of mission\" width=\"100%\" \/><\/a><\/p>\n<p class=\"text-center pt-0\" style=\"min-height: 97px;\">Reconna\u00eet une Conseill\u00e8re (er) qui inspire et soutient les autres.<\/p>\n<p class=\"m-0 p-0\"><a href=\"\/fr_ca\/spirit-mission\/\" target=\"_blank\" rel=\"noopener nofollow\" class=\"btn blue-btn\" style=\"max-width: 225px;\">Nominez maintenant!<\/a><\/p>\n<\/div>\n<div class=\"col-sm-12 col-md-4\">\n<p class=\"m-0 p-0\"><a href=\"https:\/\/norwexfoundation.org\/CharitableNomination\/CA\/\" target=\"_blank\" rel=\"noopener nofollow\"><img decoding=\"async\" src=\"https:\/\/theresource.norwex.com\/wp-content\/uploads\/sites\/3\/2026\/04\/char.jpg\" alt=\"norwex foundation\" width=\"100%\" \/><\/a><\/p>\n<p class=\"text-center pt-0\" style=\"min-height: 97px;\">Reconna\u00eet un organisme caritatif nomin\u00e9 par une Conseill\u00e8re (er), qui cr\u00e9e un avenir plus brillant pour les communaut\u00e9s locales qu\u2019il sert.<\/p>\n<p class=\"m-0 p-0\"><a href=\"https:\/\/norwexfoundation.org\/CharitableNomination\/CA\/\" target=\"_blank\" rel=\"noopener nofollow\" class=\"btn blue-btn\" style=\"max-width: 225px;\">Nominez maintenant!<\/a><\/p>\n<\/div>\n<\/div>\n<\/div>\n<\/div>\n","protected":false},"excerpt":{"rendered":"<p>SOUMET TEZ VOS NOMINATIONS Rendons hommage \u00e0 ceux qui conduisent le changement La Conf\u00e9rence est l\u2019occasion de nous r\u00e9unir pour rendre hommage aux membres de la communaut\u00e9 Norwex qui font avancer notre mission. Dites-nous qui, selon vous, m\u00e9riterait de recevoir cette ann\u00e9e nos prix \u00ab Esprit de g\u00e9n\u00e9rosit\u00e9 \u00bb et \u00ab Esprit de la Mission [&hellip;]<\/p>\n","protected":false},"author":44,"featured_media":0,"parent":0,"menu_order":0,"comment_status":"closed","ping_status":"closed","template":"","meta":{"footnotes":""},"tags":[],"class_list":["post-16428","page","type-page","status-publish","hentry"],"yoast_head":"<!-- This site is optimized with the Yoast SEO plugin v27.3 - https:\/\/yoast.com\/product\/yoast-seo-wordpress\/ -->\n<title>Nominations - Norwex Resource French CA<\/title>\n<meta name=\"robots\" content=\"index, follow, max-snippet:-1, max-image-preview:large, max-video-preview:-1\" \/>\n<link rel=\"canonical\" href=\"https:\/\/theresource.norwex.com\/fr_ca\/nominations\/\" \/>\n<meta property=\"og:locale\" content=\"fr_CA\" \/>\n<meta property=\"og:type\" content=\"article\" \/>\n<meta property=\"og:title\" content=\"Nominations - Norwex Resource French CA\" \/>\n<meta property=\"og:description\" content=\"SOUMET TEZ VOS NOMINATIONS Rendons hommage \u00e0 ceux qui conduisent le changement La Conf\u00e9rence est l\u2019occasion de nous r\u00e9unir pour rendre hommage aux membres de la communaut\u00e9 Norwex qui font avancer notre mission. Dites-nous qui, selon vous, m\u00e9riterait de recevoir cette ann\u00e9e nos prix \u00ab Esprit de g\u00e9n\u00e9rosit\u00e9 \u00bb et \u00ab Esprit de la Mission [&hellip;]\" \/>\n<meta property=\"og:url\" content=\"https:\/\/theresource.norwex.com\/fr_ca\/nominations\/\" \/>\n<meta property=\"og:site_name\" content=\"Norwex Resource French CA\" \/>\n<meta property=\"article:publisher\" content=\"https:\/\/www.facebook.com\/Norwex\/\" \/>\n<meta property=\"article:modified_time\" content=\"2026-04-06T13:19:32+00:00\" \/>\n<meta property=\"og:image\" content=\"https:\/\/theresource.norwex.com\/wp-content\/uploads\/sites\/3\/2026\/04\/nominations-banner.jpg\" \/>\n<meta name=\"twitter:card\" content=\"summary_large_image\" \/>\n<meta name=\"twitter:site\" content=\"@norwex\" \/>\n<meta name=\"twitter:label1\" content=\"Estimation du temps de lecture\" \/>\n\t<meta name=\"twitter:data1\" content=\"2 minutes\" \/>\n<script type=\"application\/ld+json\" class=\"yoast-schema-graph\">{\"@context\":\"https:\\\/\\\/schema.org\",\"@graph\":[{\"@type\":\"WebPage\",\"@id\":\"https:\\\/\\\/theresource.norwex.com\\\/fr_ca\\\/nominations\\\/\",\"url\":\"https:\\\/\\\/theresource.norwex.com\\\/fr_ca\\\/nominations\\\/\",\"name\":\"Nominations - Norwex Resource French CA\",\"isPartOf\":{\"@id\":\"https:\\\/\\\/theresource.norwex.com\\\/fr_ca\\\/#website\"},\"primaryImageOfPage\":{\"@id\":\"https:\\\/\\\/theresource.norwex.com\\\/fr_ca\\\/nominations\\\/#primaryimage\"},\"image\":{\"@id\":\"https:\\\/\\\/theresource.norwex.com\\\/fr_ca\\\/nominations\\\/#primaryimage\"},\"thumbnailUrl\":\"https:\\\/\\\/theresource.norwex.com\\\/wp-content\\\/uploads\\\/sites\\\/3\\\/2026\\\/04\\\/nominations-banner.jpg\",\"datePublished\":\"2026-04-02T13:54:54+00:00\",\"dateModified\":\"2026-04-06T13:19:32+00:00\",\"breadcrumb\":{\"@id\":\"https:\\\/\\\/theresource.norwex.com\\\/fr_ca\\\/nominations\\\/#breadcrumb\"},\"inLanguage\":\"fr-CA\",\"potentialAction\":[{\"@type\":\"ReadAction\",\"target\":[\"https:\\\/\\\/theresource.norwex.com\\\/fr_ca\\\/nominations\\\/\"]}]},{\"@type\":\"ImageObject\",\"inLanguage\":\"fr-CA\",\"@id\":\"https:\\\/\\\/theresource.norwex.com\\\/fr_ca\\\/nominations\\\/#primaryimage\",\"url\":\"https:\\\/\\\/theresource.norwex.com\\\/wp-content\\\/uploads\\\/sites\\\/3\\\/2026\\\/04\\\/nominations-banner.jpg\",\"contentUrl\":\"https:\\\/\\\/theresource.norwex.com\\\/wp-content\\\/uploads\\\/sites\\\/3\\\/2026\\\/04\\\/nominations-banner.jpg\"},{\"@type\":\"BreadcrumbList\",\"@id\":\"https:\\\/\\\/theresource.norwex.com\\\/fr_ca\\\/nominations\\\/#breadcrumb\",\"itemListElement\":[{\"@type\":\"ListItem\",\"position\":1,\"name\":\"Home\",\"item\":\"https:\\\/\\\/theresource.norwex.com\\\/fr_ca\\\/\"},{\"@type\":\"ListItem\",\"position\":2,\"name\":\"Nominations\"}]},{\"@type\":\"WebSite\",\"@id\":\"https:\\\/\\\/theresource.norwex.com\\\/fr_ca\\\/#website\",\"url\":\"https:\\\/\\\/theresource.norwex.com\\\/fr_ca\\\/\",\"name\":\"Norwex Resource French CA\",\"description\":\"Just another Norwex Multi Sites site\",\"publisher\":{\"@id\":\"https:\\\/\\\/theresource.norwex.com\\\/fr_ca\\\/#organization\"},\"potentialAction\":[{\"@type\":\"SearchAction\",\"target\":{\"@type\":\"EntryPoint\",\"urlTemplate\":\"https:\\\/\\\/theresource.norwex.com\\\/fr_ca\\\/?s={search_term_string}\"},\"query-input\":{\"@type\":\"PropertyValueSpecification\",\"valueRequired\":true,\"valueName\":\"search_term_string\"}}],\"inLanguage\":\"fr-CA\"},{\"@type\":\"Organization\",\"@id\":\"https:\\\/\\\/theresource.norwex.com\\\/fr_ca\\\/#organization\",\"name\":\"Norwex\",\"url\":\"https:\\\/\\\/theresource.norwex.com\\\/fr_ca\\\/\",\"logo\":{\"@type\":\"ImageObject\",\"inLanguage\":\"fr-CA\",\"@id\":\"https:\\\/\\\/theresource.norwex.com\\\/fr_ca\\\/#\\\/schema\\\/logo\\\/image\\\/\",\"url\":\"https:\\\/\\\/theresourcefr.norwex.com\\\/wp-content\\\/uploads\\\/sites\\\/5\\\/2023\\\/11\\\/Norwex-Resource.jpg\",\"contentUrl\":\"https:\\\/\\\/theresourcefr.norwex.com\\\/wp-content\\\/uploads\\\/sites\\\/5\\\/2023\\\/11\\\/Norwex-Resource.jpg\",\"width\":200,\"height\":200,\"caption\":\"Norwex\"},\"image\":{\"@id\":\"https:\\\/\\\/theresource.norwex.com\\\/fr_ca\\\/#\\\/schema\\\/logo\\\/image\\\/\"},\"sameAs\":[\"https:\\\/\\\/www.facebook.com\\\/Norwex\\\/\",\"https:\\\/\\\/x.com\\\/norwex\",\"http:\\\/\\\/pinterest.com\\\/norwex\\\/\",\"http:\\\/\\\/www.youtube.com\\\/norwex\"]}]}<\/script>\n<!-- \/ Yoast SEO plugin. -->","yoast_head_json":{"title":"Nominations - Norwex Resource French CA","robots":{"index":"index","follow":"follow","max-snippet":"max-snippet:-1","max-image-preview":"max-image-preview:large","max-video-preview":"max-video-preview:-1"},"canonical":"https:\/\/theresource.norwex.com\/fr_ca\/nominations\/","og_locale":"fr_CA","og_type":"article","og_title":"Nominations - Norwex Resource French CA","og_description":"SOUMET TEZ VOS NOMINATIONS Rendons hommage \u00e0 ceux qui conduisent le changement La Conf\u00e9rence est l\u2019occasion de nous r\u00e9unir pour rendre hommage aux membres de la communaut\u00e9 Norwex qui font avancer notre mission. Dites-nous qui, selon vous, m\u00e9riterait de recevoir cette ann\u00e9e nos prix \u00ab Esprit de g\u00e9n\u00e9rosit\u00e9 \u00bb et \u00ab Esprit de la Mission [&hellip;]","og_url":"https:\/\/theresource.norwex.com\/fr_ca\/nominations\/","og_site_name":"Norwex Resource French CA","article_publisher":"https:\/\/www.facebook.com\/Norwex\/","article_modified_time":"2026-04-06T13:19:32+00:00","og_image":[{"url":"https:\/\/theresource.norwex.com\/wp-content\/uploads\/sites\/3\/2026\/04\/nominations-banner.jpg","type":"","width":"","height":""}],"twitter_card":"summary_large_image","twitter_site":"@norwex","twitter_misc":{"Estimation du temps de lecture":"2 minutes"},"schema":{"@context":"https:\/\/schema.org","@graph":[{"@type":"WebPage","@id":"https:\/\/theresource.norwex.com\/fr_ca\/nominations\/","url":"https:\/\/theresource.norwex.com\/fr_ca\/nominations\/","name":"Nominations - Norwex Resource French CA","isPartOf":{"@id":"https:\/\/theresource.norwex.com\/fr_ca\/#website"},"primaryImageOfPage":{"@id":"https:\/\/theresource.norwex.com\/fr_ca\/nominations\/#primaryimage"},"image":{"@id":"https:\/\/theresource.norwex.com\/fr_ca\/nominations\/#primaryimage"},"thumbnailUrl":"https:\/\/theresource.norwex.com\/wp-content\/uploads\/sites\/3\/2026\/04\/nominations-banner.jpg","datePublished":"2026-04-02T13:54:54+00:00","dateModified":"2026-04-06T13:19:32+00:00","breadcrumb":{"@id":"https:\/\/theresource.norwex.com\/fr_ca\/nominations\/#breadcrumb"},"inLanguage":"fr-CA","potentialAction":[{"@type":"ReadAction","target":["https:\/\/theresource.norwex.com\/fr_ca\/nominations\/"]}]},{"@type":"ImageObject","inLanguage":"fr-CA","@id":"https:\/\/theresource.norwex.com\/fr_ca\/nominations\/#primaryimage","url":"https:\/\/theresource.norwex.com\/wp-content\/uploads\/sites\/3\/2026\/04\/nominations-banner.jpg","contentUrl":"https:\/\/theresource.norwex.com\/wp-content\/uploads\/sites\/3\/2026\/04\/nominations-banner.jpg"},{"@type":"BreadcrumbList","@id":"https:\/\/theresource.norwex.com\/fr_ca\/nominations\/#breadcrumb","itemListElement":[{"@type":"ListItem","position":1,"name":"Home","item":"https:\/\/theresource.norwex.com\/fr_ca\/"},{"@type":"ListItem","position":2,"name":"Nominations"}]},{"@type":"WebSite","@id":"https:\/\/theresource.norwex.com\/fr_ca\/#website","url":"https:\/\/theresource.norwex.com\/fr_ca\/","name":"Norwex Resource French CA","description":"Just another Norwex Multi Sites site","publisher":{"@id":"https:\/\/theresource.norwex.com\/fr_ca\/#organization"},"potentialAction":[{"@type":"SearchAction","target":{"@type":"EntryPoint","urlTemplate":"https:\/\/theresource.norwex.com\/fr_ca\/?s={search_term_string}"},"query-input":{"@type":"PropertyValueSpecification","valueRequired":true,"valueName":"search_term_string"}}],"inLanguage":"fr-CA"},{"@type":"Organization","@id":"https:\/\/theresource.norwex.com\/fr_ca\/#organization","name":"Norwex","url":"https:\/\/theresource.norwex.com\/fr_ca\/","logo":{"@type":"ImageObject","inLanguage":"fr-CA","@id":"https:\/\/theresource.norwex.com\/fr_ca\/#\/schema\/logo\/image\/","url":"https:\/\/theresourcefr.norwex.com\/wp-content\/uploads\/sites\/5\/2023\/11\/Norwex-Resource.jpg","contentUrl":"https:\/\/theresourcefr.norwex.com\/wp-content\/uploads\/sites\/5\/2023\/11\/Norwex-Resource.jpg","width":200,"height":200,"caption":"Norwex"},"image":{"@id":"https:\/\/theresource.norwex.com\/fr_ca\/#\/schema\/logo\/image\/"},"sameAs":["https:\/\/www.facebook.com\/Norwex\/","https:\/\/x.com\/norwex","http:\/\/pinterest.com\/norwex\/","http:\/\/www.youtube.com\/norwex"]}]}},"_links":{"self":[{"href":"https:\/\/theresource.norwex.com\/fr_ca\/wp-json\/wp\/v2\/pages\/16428","targetHints":{"allow":["GET"]}}],"collection":[{"href":"https:\/\/theresource.norwex.com\/fr_ca\/wp-json\/wp\/v2\/pages"}],"about":[{"href":"https:\/\/theresource.norwex.com\/fr_ca\/wp-json\/wp\/v2\/types\/page"}],"author":[{"embeddable":true,"href":"https:\/\/theresource.norwex.com\/fr_ca\/wp-json\/wp\/v2\/users\/44"}],"replies":[{"embeddable":true,"href":"https:\/\/theresource.norwex.com\/fr_ca\/wp-json\/wp\/v2\/comments?post=16428"}],"version-history":[{"count":5,"href":"https:\/\/theresource.norwex.com\/fr_ca\/wp-json\/wp\/v2\/pages\/16428\/revisions"}],"predecessor-version":[{"id":16439,"href":"https:\/\/theresource.norwex.com\/fr_ca\/wp-json\/wp\/v2\/pages\/16428\/revisions\/16439"}],"wp:attachment":[{"href":"https:\/\/theresource.norwex.com\/fr_ca\/wp-json\/wp\/v2\/media?parent=16428"}],"wp:term":[{"taxonomy":"post_tag","embeddable":true,"href":"https:\/\/theresource.norwex.com\/fr_ca\/wp-json\/wp\/v2\/tags?post=16428"}],"curies":[{"name":"wp","href":"https:\/\/api.w.org\/{rel}","templated":true}]}}