{"id":16177,"date":"2026-03-06T14:09:55","date_gmt":"2026-03-06T20:09:55","guid":{"rendered":"https:\/\/theresource.norwex.com\/fr_ca\/?page_id=16177"},"modified":"2026-04-01T10:34:30","modified_gmt":"2026-04-01T15:34:30","slug":"spirit-generosity","status":"publish","type":"page","link":"https:\/\/theresource.norwex.com\/fr_ca\/spirit-generosity\/","title":{"rendered":"Spirit of Generosity"},"content":{"rendered":"<div class=\"header pt-0\" style=\"background: none;\">\n<div class=\"container this-month m-auto\">\n<div class=\"row mb-5\" style=\"background: #4c5f7f;\">\n<div class=\"col-sm-12 px-3 pb-5\"><img decoding=\"async\" class=\"alignnone size-full pt-5\" style=\"width: 100%; max-width: 250px; margin: 0 auto 5px;\" src=\"https:\/\/theresource.norwex.com\/wp-content\/uploads\/sites\/3\/2024\/04\/norwex-logo-light.png\" alt=\"SL-ESL Meeting\" \/><\/p>\n<h1 class=\"whitetxt mb-1 pb-0\" style=\"color: #fff; font-size: 45px; text-align: center; border: none;\">Esprit de G\u00e9n\u00e9rosit\u00e9<\/h1>\n<p class=\"whitetxt pt-3 mb-1\" style=\"color: #fff; font-size: 22px; text-align: center;\">FORMULAIRE DE NOMINATION<br \/>\n<span style=\"font-size: 75%;\">Date limite de soumission &#8211; le 1er mai 2026<\/span><\/p>\n<\/div>\n<\/div>\n<\/div>\n<\/div>\n<div class=\"container party-page-new this-month spirit-of mt-0 pb-5\">\n<div class=\"row px-3 parties-page\">\n<div class=\"col-sm-12 col-md-12 px-0\"><a class=\"btn blue-btn mt-0 mb-5\" href=\"https:\/\/theresource.norwex.com\/en_ca\/spirit-generosity\/\" target=\"_blank\" rel=\"noopener nofollow\" type=\"button\">English<\/a><\/p>\n<h3>Crit\u00e8res et directives :<\/h3>\n<ul>\n<li>Tous les formulaires doivent \u00eatre re\u00e7us AU PLUS TARD \u00c0 midi, HC, le 1er mai 2026.<\/li>\n<li>Pour pouvoir \u00eatre nomin\u00e9e, la Conseill\u00e8re (er) doit d\u00e9montrer de fa\u00e7on constante un esprit de g\u00e9n\u00e9rosit\u00e9 et d\u2019entraide envers toutes les Conseill\u00e8res (ers) Norwex, sans attendre de b\u00e9n\u00e9fices personnels.<\/li>\n<li>Une personne laur\u00e9ate sera choisie pour chaque pays.<\/li>\n<li>Le candidat doit provenir d&rsquo;une personne ext\u00e9rieure \u00e0 votre lign\u00e9e ascendante\/descendante et de votre pays.<\/li>\n<li>Le comit\u00e9 de r\u00e9vision du Bureau principal s\u00e9lectionnera les personnes r\u00e9compens\u00e9es parmi les nominations soumises.<\/li>\n<li>Le candidat doit \u00eatre inscrit et avoir assist\u00e9 en personne \u00e0 la Conf\u00e9rence Nationale.<\/li>\n<\/ul>\n<\/div>\n<div class=\"col-sm-12 p-4 mt-4\" style=\"background: #f2f4f6;\">\n<p><strong>En plus de la reconnaissances des autres Conseill\u00e8res (ers), la personne laur\u00e9ate du prix Esprit de G\u00e9n\u00e9rosit\u00e9 recevra :<\/strong><\/p>\n<ul>\n<li>Un magnifique prix et un certificat Esprit de G\u00e9n\u00e9rosit\u00e9.<\/li>\n<li>Un ch\u00e8que de 2 000 $ \u00e0 remettre \u00e0 l\u2019organisme caritatif de son choix.<\/li>\n<li>Une place honorifique au sein du Comit\u00e9 consultatif de commercialisation des produits (MPAC) pendant un an.<\/li>\n<\/ul>\n<\/div>\n<p class=\"m-0\"><a id=\"form1Header\" class=\"heading btn-collapse mt-5\" style=\"color: #ffffff; text-align: center; background: #4c5f80;\" role=\"button\" href=\"#form1\" aria-controls=\"form1\" aria-expanded=\"false\" data-toggle=\"collapse\"><strong>Nominer<\/strong><\/a><\/p>\n<div id=\"form1\" class=\"collapse grayborder asset-list main-list p-5\">\n<p>Veuillez remplir les champs suivants. Avant de soumettre, vous devez accepter les termes ci-dessous.<br \/>\n<span style=\"color: red; font-size: 75%;\">* CHAMPS REQUIS.<\/span><\/p>\n<div class=\"wpforms-container wpforms-container-full spirit-of-forms\" id=\"wpforms-16197\"><form id=\"wpforms-form-16197\" class=\"wpforms-validate wpforms-form wpforms-ajax-form\" data-formid=\"16197\" method=\"post\" enctype=\"multipart\/form-data\" action=\"\/fr_ca\/wp-json\/wp\/v2\/pages\/16177\" data-token=\"a7a7aa4f4f784d3b251cfc4a44dfc601\" data-token-time=\"1775461102\"><noscript class=\"wpforms-error-noscript\">Please enable JavaScript in your browser to complete this form.<\/noscript><div class=\"wpforms-field-container\"><div id=\"wpforms-16197-field_1-container\" class=\"wpforms-field wpforms-field-divider\" data-field-id=\"1\"><h3 id=\"wpforms-16197-field_1\">Soumis par :<\/h3><\/div><div id=\"wpforms-16197-field_13-container\" class=\"wpforms-field wpforms-field-layout\" data-field-id=\"13\"><div class=\"wpforms-field-layout-rows wpforms-field-large\"><div class=\"wpforms-layout-row\"><div class=\"wpforms-layout-column wpforms-layout-column-67\"><div id=\"wpforms-16197-field_3-container\" class=\"wpforms-field wpforms-field-name\" data-field-id=\"3\"><label class=\"wpforms-field-label\" for=\"wpforms-16197-field_3\">Votre nom : <span class=\"wpforms-required-label\">*<\/span><\/label><input type=\"text\" id=\"wpforms-16197-field_3\" class=\"wpforms-field-medium wpforms-field-required\" name=\"wpforms[fields][3]\" required><\/div><\/div><div class=\"wpforms-layout-column wpforms-layout-column-33\"><div id=\"wpforms-16197-field_5-container\" class=\"wpforms-field wpforms-field-text\" data-field-id=\"5\"><label class=\"wpforms-field-label\" for=\"wpforms-16197-field_5\">Num\u00e9ro de Conseill\u00e8re (er) : <span class=\"wpforms-required-label\">*<\/span><\/label><input type=\"text\" id=\"wpforms-16197-field_5\" class=\"wpforms-field-medium wpforms-field-required\" name=\"wpforms[fields][5]\" required><\/div><\/div><\/div><\/div><\/div><div id=\"wpforms-16197-field_14-container\" class=\"wpforms-field wpforms-field-layout\" data-field-id=\"14\"><div class=\"wpforms-field-layout-rows wpforms-field-large\"><div class=\"wpforms-layout-row\"><div class=\"wpforms-layout-column wpforms-layout-column-50\"><div id=\"wpforms-16197-field_7-container\" class=\"wpforms-field wpforms-field-phone\" data-field-id=\"7\"><label class=\"wpforms-field-label\" for=\"wpforms-16197-field_7\">T\u00e9l\u00e9phone :  <span class=\"wpforms-required-label\">*<\/span><\/label><input type=\"tel\" id=\"wpforms-16197-field_7\" class=\"wpforms-field-medium wpforms-field-required\" data-rule-int-phone-field=\"true\" name=\"wpforms[fields][7]\" aria-label=\"T\u00e9l\u00e9phone : \" required><\/div><\/div><div class=\"wpforms-layout-column wpforms-layout-column-50\"><div id=\"wpforms-16197-field_9-container\" class=\"wpforms-field wpforms-field-email\" data-field-id=\"9\"><label class=\"wpforms-field-label\" for=\"wpforms-16197-field_9\">Adresse courriel : <span class=\"wpforms-required-label\">*<\/span><\/label><input type=\"email\" id=\"wpforms-16197-field_9\" class=\"wpforms-field-medium wpforms-field-required\" name=\"wpforms[fields][9]\" spellcheck=\"false\" required><\/div><\/div><\/div><\/div><\/div><div id=\"wpforms-16197-field_2-container\" class=\"wpforms-field wpforms-field-divider\" data-field-id=\"2\"><h3 id=\"wpforms-16197-field_2\">Personne nomin\u00e9e :<\/h3><\/div><div id=\"wpforms-16197-field_4-container\" class=\"wpforms-field wpforms-field-name\" data-field-id=\"4\"><label class=\"wpforms-field-label\" for=\"wpforms-16197-field_4\">Nom de la Conseill\u00e8re (er) : <span class=\"wpforms-required-label\">*<\/span><\/label><input type=\"text\" id=\"wpforms-16197-field_4\" class=\"wpforms-field-medium wpforms-field-required\" name=\"wpforms[fields][4]\" required><\/div>\t\t<div id=\"wpforms-16197-field_6-container\"\n\t\t\tclass=\"wpforms-field wpforms-field-text\"\n\t\t\tdata-field-type=\"text\"\n\t\t\tdata-field-id=\"6\"\n\t\t\t>\n\t\t\t<label class=\"wpforms-field-label\" for=\"wpforms-16197-field_6\" >Personne T\u00e9l\u00e9phone courriel<\/label>\n\t\t\t<input type=\"text\" id=\"wpforms-16197-field_6\" class=\"wpforms-field-medium\" name=\"wpforms[fields][6]\" >\n\t\t<\/div>\n\t\t<div id=\"wpforms-16197-field_15-container\" class=\"wpforms-field wpforms-field-layout\" data-field-id=\"15\"><div class=\"wpforms-field-layout-rows wpforms-field-large\"><div class=\"wpforms-layout-row\"><div class=\"wpforms-layout-column wpforms-layout-column-33\"><div id=\"wpforms-16197-field_8-container\" class=\"wpforms-field wpforms-field-phone\" data-field-id=\"8\"><label class=\"wpforms-field-label\" for=\"wpforms-16197-field_8\">T\u00e9l\u00e9phone de la Conseill\u00e8re (er) :<\/label><input type=\"tel\" id=\"wpforms-16197-field_8\" class=\"wpforms-field-medium\" data-rule-int-phone-field=\"true\" name=\"wpforms[fields][8]\" aria-label=\"T\u00e9l\u00e9phone de la Conseill\u00e8re (er) :\" ><\/div><\/div><div class=\"wpforms-layout-column wpforms-layout-column-33\"><div id=\"wpforms-16197-field_10-container\" class=\"wpforms-field wpforms-field-email\" data-field-id=\"10\"><label class=\"wpforms-field-label\" for=\"wpforms-16197-field_10\">Courriel de la Conseill\u00e8rer (er) :<\/label><input type=\"email\" id=\"wpforms-16197-field_10\" class=\"wpforms-field-medium\" name=\"wpforms[fields][10]\" spellcheck=\"false\" ><\/div><\/div><div class=\"wpforms-layout-column wpforms-layout-column-33\"><div id=\"wpforms-16197-field_11-container\" class=\"wpforms-field wpforms-field-text\" data-field-id=\"11\"><label class=\"wpforms-field-label\" for=\"wpforms-16197-field_11\">Province :<\/label><input type=\"text\" id=\"wpforms-16197-field_11\" class=\"wpforms-field-medium\" name=\"wpforms[fields][11]\" ><\/div><\/div><\/div><\/div><\/div><div id=\"wpforms-16197-field_12-container\" class=\"wpforms-field wpforms-field-textarea\" data-field-id=\"12\"><label class=\"wpforms-field-label\" for=\"wpforms-16197-field_12\">Inclure une br\u00e8ve description des raisons pour lesquelles cette personne devrait \u00eatre choisie pour recevoir la r\u00e9compense Esprit de g\u00e9n\u00e9rosit\u00e9 2026. (Merci de ne pas d\u00e9passer 500 mots) : <span class=\"wpforms-required-label\">*<\/span><\/label><textarea id=\"wpforms-16197-field_12\" class=\"wpforms-field-medium wpforms-field-required\" name=\"wpforms[fields][12]\" required><\/textarea><\/div><script>\n\t\t\t\t( function() {\n\t\t\t\t\tconst style = document.createElement( 'style' );\n\t\t\t\t\tstyle.appendChild( document.createTextNode( '#wpforms-16197-field_6-container { position: absolute !important; overflow: hidden !important; display: inline !important; height: 1px !important; width: 1px !important; z-index: -1000 !important; padding: 0 !important; } #wpforms-16197-field_6-container input { visibility: hidden; } #wpforms-conversational-form-page #wpforms-16197-field_6-container label { counter-increment: none; }' ) );\n\t\t\t\t\tdocument.head.appendChild( style );\n\t\t\t\t\tdocument.currentScript?.remove();\n\t\t\t\t} )();\n\t\t\t<\/script><\/div><!-- .wpforms-field-container --><div class=\"wpforms-submit-container\" ><input type=\"hidden\" name=\"wpforms[id]\" value=\"16197\"><input type=\"hidden\" name=\"page_title\" value=\"\"><input type=\"hidden\" name=\"page_url\" value=\"https:\/\/theresource.norwex.com\/fr_ca\/wp-json\/wp\/v2\/pages\/16177\"><input type=\"hidden\" name=\"url_referer\" value=\"\"><button type=\"submit\" name=\"wpforms[submit]\" id=\"wpforms-submit-16197\" class=\"wpforms-submit\" data-alt-text=\"Envoi...\" data-submit-text=\"Soumettre\" aria-live=\"assertive\" value=\"wpforms-submit\">Soumettre<\/button><img loading=\"lazy\" decoding=\"async\" src=\"https:\/\/theresource.norwex.com\/fr_ca\/wp-content\/plugins\/wpforms\/assets\/images\/submit-spin.svg\" class=\"wpforms-submit-spinner\" style=\"display: none;\" width=\"26\" height=\"26\" alt=\"Loading\"><\/div><\/form><\/div>  <!-- .wpforms-container -->\n<\/div>\n<\/div>\n<\/div>\n","protected":false},"excerpt":{"rendered":"<p>Esprit de G\u00e9n\u00e9rosit\u00e9 FORMULAIRE DE NOMINATION Date limite de soumission &#8211; le 1er mai 2026 English Crit\u00e8res et directives : Tous les formulaires doivent \u00eatre re\u00e7us AU PLUS TARD \u00c0 midi, HC, le 1er mai 2026. Pour pouvoir \u00eatre nomin\u00e9e, la Conseill\u00e8re (er) doit d\u00e9montrer de fa\u00e7on constante un esprit de g\u00e9n\u00e9rosit\u00e9 et d\u2019entraide envers [&hellip;]<\/p>\n","protected":false},"author":44,"featured_media":0,"parent":0,"menu_order":0,"comment_status":"closed","ping_status":"closed","template":"","meta":{"footnotes":""},"tags":[],"class_list":["post-16177","page","type-page","status-publish","hentry"],"yoast_head":"<!-- This site is optimized with the Yoast SEO plugin v26.8 - https:\/\/yoast.com\/product\/yoast-seo-wordpress\/ -->\n<title>Spirit of Generosity - Norwex Resource French CA<\/title>\n<meta name=\"robots\" content=\"index, follow, max-snippet:-1, max-image-preview:large, max-video-preview:-1\" \/>\n<link rel=\"canonical\" href=\"https:\/\/theresource.norwex.com\/fr_ca\/spirit-generosity\/\" \/>\n<meta property=\"og:locale\" content=\"fr_CA\" \/>\n<meta property=\"og:type\" content=\"article\" \/>\n<meta property=\"og:title\" content=\"Spirit of Generosity - Norwex Resource French CA\" \/>\n<meta property=\"og:description\" content=\"Esprit de G\u00e9n\u00e9rosit\u00e9 FORMULAIRE DE NOMINATION Date limite de soumission &#8211; le 1er mai 2026 English Crit\u00e8res et directives : Tous les formulaires doivent \u00eatre re\u00e7us AU PLUS TARD \u00c0 midi, HC, le 1er mai 2026. Pour pouvoir \u00eatre nomin\u00e9e, la Conseill\u00e8re (er) doit d\u00e9montrer de fa\u00e7on constante un esprit de g\u00e9n\u00e9rosit\u00e9 et d\u2019entraide envers [&hellip;]\" \/>\n<meta property=\"og:url\" content=\"https:\/\/theresource.norwex.com\/fr_ca\/spirit-generosity\/\" \/>\n<meta property=\"og:site_name\" content=\"Norwex Resource French CA\" \/>\n<meta property=\"article:publisher\" content=\"https:\/\/www.facebook.com\/Norwex\/\" \/>\n<meta property=\"article:modified_time\" content=\"2026-04-01T15:34:30+00:00\" \/>\n<meta property=\"og:image\" content=\"https:\/\/theresource.norwex.com\/wp-content\/uploads\/sites\/3\/2024\/04\/norwex-logo-light.png\" \/>\n<meta name=\"twitter:card\" content=\"summary_large_image\" \/>\n<meta name=\"twitter:site\" content=\"@norwex\" \/>\n<meta name=\"twitter:label1\" content=\"Estimation du temps de lecture\" \/>\n\t<meta name=\"twitter:data1\" content=\"2 minutes\" \/>\n<script type=\"application\/ld+json\" class=\"yoast-schema-graph\">{\"@context\":\"https:\/\/schema.org\",\"@graph\":[{\"@type\":\"WebPage\",\"@id\":\"https:\/\/theresource.norwex.com\/fr_ca\/spirit-generosity\/\",\"url\":\"https:\/\/theresource.norwex.com\/fr_ca\/spirit-generosity\/\",\"name\":\"Spirit of Generosity - Norwex Resource French CA\",\"isPartOf\":{\"@id\":\"https:\/\/theresource.norwex.com\/fr_ca\/#website\"},\"primaryImageOfPage\":{\"@id\":\"https:\/\/theresource.norwex.com\/fr_ca\/spirit-generosity\/#primaryimage\"},\"image\":{\"@id\":\"https:\/\/theresource.norwex.com\/fr_ca\/spirit-generosity\/#primaryimage\"},\"thumbnailUrl\":\"https:\/\/theresource.norwex.com\/wp-content\/uploads\/sites\/3\/2024\/04\/norwex-logo-light.png\",\"datePublished\":\"2026-03-06T20:09:55+00:00\",\"dateModified\":\"2026-04-01T15:34:30+00:00\",\"breadcrumb\":{\"@id\":\"https:\/\/theresource.norwex.com\/fr_ca\/spirit-generosity\/#breadcrumb\"},\"inLanguage\":\"fr-CA\",\"potentialAction\":[{\"@type\":\"ReadAction\",\"target\":[\"https:\/\/theresource.norwex.com\/fr_ca\/spirit-generosity\/\"]}]},{\"@type\":\"ImageObject\",\"inLanguage\":\"fr-CA\",\"@id\":\"https:\/\/theresource.norwex.com\/fr_ca\/spirit-generosity\/#primaryimage\",\"url\":\"https:\/\/theresource.norwex.com\/wp-content\/uploads\/sites\/3\/2024\/04\/norwex-logo-light.png\",\"contentUrl\":\"https:\/\/theresource.norwex.com\/wp-content\/uploads\/sites\/3\/2024\/04\/norwex-logo-light.png\"},{\"@type\":\"BreadcrumbList\",\"@id\":\"https:\/\/theresource.norwex.com\/fr_ca\/spirit-generosity\/#breadcrumb\",\"itemListElement\":[{\"@type\":\"ListItem\",\"position\":1,\"name\":\"Home\",\"item\":\"https:\/\/theresource.norwex.com\/fr_ca\/\"},{\"@type\":\"ListItem\",\"position\":2,\"name\":\"Spirit of Generosity\"}]},{\"@type\":\"WebSite\",\"@id\":\"https:\/\/theresource.norwex.com\/fr_ca\/#website\",\"url\":\"https:\/\/theresource.norwex.com\/fr_ca\/\",\"name\":\"Norwex Resource French CA\",\"description\":\"Just another Norwex Multi Sites site\",\"publisher\":{\"@id\":\"https:\/\/theresource.norwex.com\/fr_ca\/#organization\"},\"potentialAction\":[{\"@type\":\"SearchAction\",\"target\":{\"@type\":\"EntryPoint\",\"urlTemplate\":\"https:\/\/theresource.norwex.com\/fr_ca\/?s={search_term_string}\"},\"query-input\":{\"@type\":\"PropertyValueSpecification\",\"valueRequired\":true,\"valueName\":\"search_term_string\"}}],\"inLanguage\":\"fr-CA\"},{\"@type\":\"Organization\",\"@id\":\"https:\/\/theresource.norwex.com\/fr_ca\/#organization\",\"name\":\"Norwex\",\"url\":\"https:\/\/theresource.norwex.com\/fr_ca\/\",\"logo\":{\"@type\":\"ImageObject\",\"inLanguage\":\"fr-CA\",\"@id\":\"https:\/\/theresource.norwex.com\/fr_ca\/#\/schema\/logo\/image\/\",\"url\":\"https:\/\/theresourcefr.norwex.com\/wp-content\/uploads\/sites\/5\/2023\/11\/Norwex-Resource.jpg\",\"contentUrl\":\"https:\/\/theresourcefr.norwex.com\/wp-content\/uploads\/sites\/5\/2023\/11\/Norwex-Resource.jpg\",\"width\":200,\"height\":200,\"caption\":\"Norwex\"},\"image\":{\"@id\":\"https:\/\/theresource.norwex.com\/fr_ca\/#\/schema\/logo\/image\/\"},\"sameAs\":[\"https:\/\/www.facebook.com\/Norwex\/\",\"https:\/\/x.com\/norwex\",\"http:\/\/pinterest.com\/norwex\/\",\"http:\/\/www.youtube.com\/norwex\"]}]}<\/script>\n<!-- \/ Yoast SEO plugin. -->","yoast_head_json":{"title":"Spirit of Generosity - Norwex Resource French CA","robots":{"index":"index","follow":"follow","max-snippet":"max-snippet:-1","max-image-preview":"max-image-preview:large","max-video-preview":"max-video-preview:-1"},"canonical":"https:\/\/theresource.norwex.com\/fr_ca\/spirit-generosity\/","og_locale":"fr_CA","og_type":"article","og_title":"Spirit of Generosity - Norwex Resource French CA","og_description":"Esprit de G\u00e9n\u00e9rosit\u00e9 FORMULAIRE DE NOMINATION Date limite de soumission &#8211; le 1er mai 2026 English Crit\u00e8res et directives : Tous les formulaires doivent \u00eatre re\u00e7us AU PLUS TARD \u00c0 midi, HC, le 1er mai 2026. Pour pouvoir \u00eatre nomin\u00e9e, la Conseill\u00e8re (er) doit d\u00e9montrer de fa\u00e7on constante un esprit de g\u00e9n\u00e9rosit\u00e9 et d\u2019entraide envers [&hellip;]","og_url":"https:\/\/theresource.norwex.com\/fr_ca\/spirit-generosity\/","og_site_name":"Norwex Resource French CA","article_publisher":"https:\/\/www.facebook.com\/Norwex\/","article_modified_time":"2026-04-01T15:34:30+00:00","og_image":[{"url":"https:\/\/theresource.norwex.com\/wp-content\/uploads\/sites\/3\/2024\/04\/norwex-logo-light.png","type":"","width":"","height":""}],"twitter_card":"summary_large_image","twitter_site":"@norwex","twitter_misc":{"Estimation du temps de lecture":"2 minutes"},"schema":{"@context":"https:\/\/schema.org","@graph":[{"@type":"WebPage","@id":"https:\/\/theresource.norwex.com\/fr_ca\/spirit-generosity\/","url":"https:\/\/theresource.norwex.com\/fr_ca\/spirit-generosity\/","name":"Spirit of Generosity - Norwex Resource French CA","isPartOf":{"@id":"https:\/\/theresource.norwex.com\/fr_ca\/#website"},"primaryImageOfPage":{"@id":"https:\/\/theresource.norwex.com\/fr_ca\/spirit-generosity\/#primaryimage"},"image":{"@id":"https:\/\/theresource.norwex.com\/fr_ca\/spirit-generosity\/#primaryimage"},"thumbnailUrl":"https:\/\/theresource.norwex.com\/wp-content\/uploads\/sites\/3\/2024\/04\/norwex-logo-light.png","datePublished":"2026-03-06T20:09:55+00:00","dateModified":"2026-04-01T15:34:30+00:00","breadcrumb":{"@id":"https:\/\/theresource.norwex.com\/fr_ca\/spirit-generosity\/#breadcrumb"},"inLanguage":"fr-CA","potentialAction":[{"@type":"ReadAction","target":["https:\/\/theresource.norwex.com\/fr_ca\/spirit-generosity\/"]}]},{"@type":"ImageObject","inLanguage":"fr-CA","@id":"https:\/\/theresource.norwex.com\/fr_ca\/spirit-generosity\/#primaryimage","url":"https:\/\/theresource.norwex.com\/wp-content\/uploads\/sites\/3\/2024\/04\/norwex-logo-light.png","contentUrl":"https:\/\/theresource.norwex.com\/wp-content\/uploads\/sites\/3\/2024\/04\/norwex-logo-light.png"},{"@type":"BreadcrumbList","@id":"https:\/\/theresource.norwex.com\/fr_ca\/spirit-generosity\/#breadcrumb","itemListElement":[{"@type":"ListItem","position":1,"name":"Home","item":"https:\/\/theresource.norwex.com\/fr_ca\/"},{"@type":"ListItem","position":2,"name":"Spirit of Generosity"}]},{"@type":"WebSite","@id":"https:\/\/theresource.norwex.com\/fr_ca\/#website","url":"https:\/\/theresource.norwex.com\/fr_ca\/","name":"Norwex Resource French CA","description":"Just another Norwex Multi Sites site","publisher":{"@id":"https:\/\/theresource.norwex.com\/fr_ca\/#organization"},"potentialAction":[{"@type":"SearchAction","target":{"@type":"EntryPoint","urlTemplate":"https:\/\/theresource.norwex.com\/fr_ca\/?s={search_term_string}"},"query-input":{"@type":"PropertyValueSpecification","valueRequired":true,"valueName":"search_term_string"}}],"inLanguage":"fr-CA"},{"@type":"Organization","@id":"https:\/\/theresource.norwex.com\/fr_ca\/#organization","name":"Norwex","url":"https:\/\/theresource.norwex.com\/fr_ca\/","logo":{"@type":"ImageObject","inLanguage":"fr-CA","@id":"https:\/\/theresource.norwex.com\/fr_ca\/#\/schema\/logo\/image\/","url":"https:\/\/theresourcefr.norwex.com\/wp-content\/uploads\/sites\/5\/2023\/11\/Norwex-Resource.jpg","contentUrl":"https:\/\/theresourcefr.norwex.com\/wp-content\/uploads\/sites\/5\/2023\/11\/Norwex-Resource.jpg","width":200,"height":200,"caption":"Norwex"},"image":{"@id":"https:\/\/theresource.norwex.com\/fr_ca\/#\/schema\/logo\/image\/"},"sameAs":["https:\/\/www.facebook.com\/Norwex\/","https:\/\/x.com\/norwex","http:\/\/pinterest.com\/norwex\/","http:\/\/www.youtube.com\/norwex"]}]}},"_links":{"self":[{"href":"https:\/\/theresource.norwex.com\/fr_ca\/wp-json\/wp\/v2\/pages\/16177","targetHints":{"allow":["GET"]}}],"collection":[{"href":"https:\/\/theresource.norwex.com\/fr_ca\/wp-json\/wp\/v2\/pages"}],"about":[{"href":"https:\/\/theresource.norwex.com\/fr_ca\/wp-json\/wp\/v2\/types\/page"}],"author":[{"embeddable":true,"href":"https:\/\/theresource.norwex.com\/fr_ca\/wp-json\/wp\/v2\/users\/44"}],"replies":[{"embeddable":true,"href":"https:\/\/theresource.norwex.com\/fr_ca\/wp-json\/wp\/v2\/comments?post=16177"}],"version-history":[{"count":6,"href":"https:\/\/theresource.norwex.com\/fr_ca\/wp-json\/wp\/v2\/pages\/16177\/revisions"}],"predecessor-version":[{"id":16412,"href":"https:\/\/theresource.norwex.com\/fr_ca\/wp-json\/wp\/v2\/pages\/16177\/revisions\/16412"}],"wp:attachment":[{"href":"https:\/\/theresource.norwex.com\/fr_ca\/wp-json\/wp\/v2\/media?parent=16177"}],"wp:term":[{"taxonomy":"post_tag","embeddable":true,"href":"https:\/\/theresource.norwex.com\/fr_ca\/wp-json\/wp\/v2\/tags?post=16177"}],"curies":[{"name":"wp","href":"https:\/\/api.w.org\/{rel}","templated":true}]}}