{"id":15205,"date":"2025-08-19T16:36:09","date_gmt":"2025-08-19T21:36:09","guid":{"rendered":"https:\/\/theresource.norwex.com\/fr_ca\/?page_id=15205"},"modified":"2026-04-07T14:26:57","modified_gmt":"2026-04-07T19:26:57","slug":"sl-esl-meeting","status":"publish","type":"page","link":"https:\/\/theresource.norwex.com\/fr_ca\/sl-esl-meeting\/","title":{"rendered":"R\u00e9union des Leaders des ventes et Leaders ex\u00e9cutives des ventes"},"content":{"rendered":"<style>.hero hero--short, .hero--spruce-bg {display:none;} .container.nabjm-container li {margin-bottom: .25rem; font-size: 18px;} h1:after {display: none;} .mobile-img {display: block;} .desktop-img {display: none;} @media screen and (min-width: 768px) {.schedule-col-1 {border-right: 1px solid #cfc8c1; padding-right: 2rem; padding-left: 0;} .schedule-col-2 {padding-left: 2rem; padding-right: 0} .mobile-img {display: none;} .desktop-img {display: block;}}<\/style>\n<div class=\"header pt-0\" style=\"background: none;\">\n<div class=\"container this-month m-auto\">\n<div class=\"row mb-5\" style=\"background: #4c5f7f;\">\n<div class=\"col-sm-12 px-3 py-5\">\n\t\t\t\t<img decoding=\"async\" src=\"https:\/\/theresource.norwex.com\/wp-content\/uploads\/sites\/3\/2024\/04\/norwex-logo-light.png\" alt=\"SL-ESL Meeting\" class=\"alignnone size-full pt-5\" style=\"width: 100%; max-width: 300px; margin: 0 auto 2rem;\" \/><\/p>\n<h1 class=\"whitetxt mb-1 pb-0\" style=\"color: #fff; font-size: 38px; text-align: center; border: none\">R\u00e9union des Leaders des ventes et Leaders ex\u00e9cutives des ventes<\/h1>\n<p class=\"whitetxt pt-3 mb-1\" style=\"color: #fff; font-size: 22px; text-align: center;\">PRINTEMPS : 17 AU 19 AVRIL 2026<\/p>\n<p class=\"whitetxt pb-5\" style=\"color: #fff; font-size: 22px; text-align: center;\">AUTOMNE : 16 AU 18 OCTOBRE 2026<\/p>\n<\/p><\/div>\n<\/p><\/div>\n<\/p><\/div>\n<\/div>\n<div class=\"container nabjm-container this-month mt-0 pb-5\">\n<div class=\"row p-1\">\n<h2 class=\"navy-txt mb-5\" style=\"width: 100%; display: block; text-align: center;\">R\u00c9UNION DE PRINTEMPS<\/h2>\n<\/p><\/div>\n<div class=\"row p-1\">\n<div class=\"col-sm-12 col-md-6 px-0\">\n<p class=\"mb-4 mobile-img\"><a href=\"https:\/\/cvent.me\/Ba0bO1\" class=\"more-btn\" target=\"_blank\" rel=\"noopener\" style=\"max-width: 250px; margin: 0 auto;\">Inscrivez-vous maintenant<\/a><\/p>\n<h2 class=\"navy-txt mb-2\" style=\"font-size:28px; width: 100%; display: block; text-align: center;\"><strong>Aper\u00e7u du programme*<\/strong><\/h2>\n<p>\t\t\t<!--\n\n<p class=\"navy-txt mb-5\" style=\"width: 100%; display: block; text-align: center;\"><i>All times below are CT.<\/i><\/p>\n\n-->\n\t\t<\/div>\n<div class=\"col-sm-12 col-md-6 px-0\">\n<p class=\"mb-0 desktop-img\"><a href=\"https:\/\/cvent.me\/Ba0bO1\" class=\"more-btn\" target=\"_blank\" rel=\"noopener\" style=\"max-width: 250px; margin: 0 auto;\">Inscrivez-vous maintenant<\/a><\/p>\n<\/p><\/div>\n<\/p><\/div>\n<div class=\"row p-1\">\n<div class=\"col-sm-12 col-md-6 schedule-col-1\">\n<p class=\"mb-2\"><strong>Vendredi 17 avril 2026 <\/strong><\/p>\n<ul style=\"padding: 0 0 5px 20px;\">\n<li>Arriv\u00e9e \u00e0 l\u2019h\u00f4tel avant 17 h 00<\/li>\n<li>R\u00e9ception de bienvenue avant 18 h 00<\/li>\n<\/ul>\n<p class=\"mb-2\"><strong>Samedi 18 avril 2026<\/strong><\/p>\n<ul style=\"padding: 0 0 5px 20px;\">\n<li>Journ\u00e9e de formation<\/li>\n<\/ul>\n<p class=\"mb-2\"><strong>Dimanche 19 avril 2026<\/strong><\/p>\n<ul style=\"padding: 0 0 5px 20px;\">\n<li>Demi-journ\u00e9e de formation<\/li>\n<li>D\u00e9parts en groupe apr\u00e8s 15 h 00* <\/li>\n<\/ul>\n<p class=\"mb-2\"><strong>Avancez au titre de Leader des ventes avant le 1er avril 2026.<\/strong><\/p>\n<p class=\"mt-3\" style=\"width: 100%; display: block; text-align: center; font-size: 14px;\"><i>*Le programme et les horaires sont susceptibles d&rsquo;\u00eatre modifi\u00e9s.<\/i><\/p>\n<\/p><\/div>\n<div class=\"col-sm-12 col-md-6 schedule-col-2\">\n<p class=\"mb-2\"><strong>Emplacement :<\/strong><\/p>\n<p class=\"mb-4\" style=\"font-size: 16px;\">MINIST\u00c8RE DE L&rsquo;INT\u00c9RIEUR<br \/>\n\t\t\t4683 Albert S. White Drive, Whitestown, IN 46075<\/p>\n<p>\t\t\t<img decoding=\"async\" src=\"https:\/\/theresource.norwex.com\/wp-content\/uploads\/sites\/3\/2026\/01\/norwex-indy.png\" alt=\"sl-esl meeting - home office\" class=\"alignnone size-full\" style=\"width: 100%; margin: 0 auto 2rem;\" \/>\n\t\t<\/div>\n<\/p><\/div>\n<div class=\"row mt-5 p-1 pt-4\" style=\"width: 100%;\">\n<div class=\"col-sm-12 p-2\">\n<p class=\"mb-2\"><strong>Informations sur l&rsquo;h\u00f4tel :<\/strong><\/p>\n<p class=\"mb-2\"><b>H\u00f4tel :<\/b> Home2 Suites by Hilton Whitestown Indianapolis<\/p>\n<p class=\"mb-2\"><b>Tarif des chambres :<\/b> $133 USD\/night + tax<\/p>\n<p class=\"mb-2\"><b>Date limite :<\/b> TBD<\/p>\n<p>\t\t\t<!--\n\n<p class=\"mb-2\">A limited number of Queen\/Queen rooms are available on a first come, first served basis. After \tthose sell out, only rooms with one (1) King Bed are available.<\/p>\n\n--><\/p>\n<p style=\"font-size: 14px;\"><i>*Le lien de r\u00e9servation sera fourni dans votre courriel de confirmation <\/i><\/p>\n<p class=\"mb-2\"><b>Inscription :<\/b> 100 $ CAD<\/p>\n<\/p><\/div>\n<\/p><\/div>\n<\/div>\n<div class=\"container nabjm-container this-month mt-5 pb-5\">\n<div class=\"row p-1\">\n<h2 class=\"navy-txt mb-5\" style=\"width: 100%; display: block; text-align: center;\">R\u00c9UNION D&rsquo;AUTOMNE<\/h2>\n<p style=\"width: 100%;\"><img decoding=\"async\" src=\"https:\/\/theresource.norwex.com\/fr_ca\/wp-content\/uploads\/sites\/5\/2026\/04\/SL_ESL_Fall_Meeting_graphic_FR.jpg\" alt=\"breakthrough\" style=\"max-width: 400px; display: block;\" width=\"100%\" class=\"alignnone size-full wp-image-37087 m-auto\" \/><\/p>\n<\/p><\/div>\n<div class=\"row p-1\">\n<div class=\"col-sm-12 col-md-6 px-0\">\n<p class=\"mb-4 mobile-img\"><a href=\"https:\/\/cvent.me\/2mZWx1\" class=\"more-btn\" target=\"_blank\" rel=\"noopener\" style=\"max-width: 250px; margin: 0 auto;\">Inscrivez-vous maintenant<\/a><\/p>\n<h2 class=\"navy-txt mb-2\" style=\"font-size:28px; width: 100%; display: block; text-align: center;\"><strong>Aper\u00e7u du programme*<\/strong><\/h2>\n<p>\t\t\t<!--\n\n<p class=\"navy-txt mb-5\" style=\"width: 100%; display: block; text-align: center;\"><i>All times below are CT.<\/i><\/p>\n\n-->\n\t\t<\/div>\n<div class=\"col-sm-12 col-md-6 px-0\">\n<p class=\"mb-0 desktop-img\"><a href=\"https:\/\/cvent.me\/2mZWx1\" class=\"more-btn\" target=\"_blank\" rel=\"noopener\" style=\"max-width: 250px; margin: 0 auto;\">Inscrivez-vous maintenant<\/a><\/p>\n<\/p><\/div>\n<\/p><\/div>\n<div class=\"row p-1\">\n<div class=\"col-sm-12 col-md-6 schedule-col-1\">\n<p class=\"mb-2\"><strong>Vendredi 16 octobre 2026 <\/strong><\/p>\n<ul style=\"padding: 0 0 5px 20px;\">\n<li>Arriv\u00e9e \u00e0 l\u2019h\u00f4tel avant 17 h 30<\/li>\n<li>R\u00e9ception de bienvenue<\/li>\n<\/ul>\n<p class=\"mb-2\"><strong>Samedi 17 octobre 2026 <\/strong><\/p>\n<ul style=\"padding: 0 0 5px 20px;\">\n<li>Journ\u00e9e de formation<\/li>\n<\/ul>\n<p class=\"mb-2\"><strong>Dimanche 18 octobre 2026 <\/strong><\/p>\n<ul style=\"padding: 0 0 5px 20px;\">\n<li>Demi-journ\u00e9e de formation<\/li>\n<li>D\u00e9parts en groupe apr\u00e8s 15 h 00* <\/li>\n<\/ul>\n<p class=\"mb-2\"><strong>Avancez au titre de Leader des ventes avant le 1er octobre 2025.<\/strong><\/p>\n<p class=\"mt-3\" style=\"width: 100%; display: block; text-align: center; font-size: 14px;\"><i>*Le programme et les horaires sont susceptibles d&rsquo;\u00eatre modifi\u00e9s.<\/i><\/p>\n<\/p><\/div>\n<div class=\"col-sm-12 col-md-6 schedule-col-2\">\n<p class=\"mb-2\"><strong>Emplacement :<\/strong><\/p>\n<p class=\"mb-4\" style=\"font-size: 16px;\">DELTA HOTELS WINNIPEG<br \/>\n\t\t\t350 St Mary Ave, Winnpeg, MB R3C 3J2 <\/p>\n<p>\t\t\t<img decoding=\"async\" src=\"https:\/\/theresource.norwex.com\/wp-content\/uploads\/sites\/3\/2026\/01\/delta-hotel.jpg\" alt=\"sl-esl meeting - home office\" class=\"alignnone size-full\" style=\"width: 100%; margin: 0 auto 2rem;\" \/>\n\t\t<\/div>\n<\/p><\/div>\n<div class=\"row mt-5 p-1 pt-4\" style=\"width: 100%;\">\n<div class=\"col-sm-12 p-2\">\n<p class=\"mb-2\"><strong>Informations sur l&rsquo;h\u00f4tel: <\/strong><\/p>\n<p class=\"mb-2\"><b>H\u00f4tel :<\/b> Delta Hotels Winnipeg<\/p>\n<p class=\"mb-2\"><b>Tarif des chambres :<\/b> 299 $ CAD\/nuit + taxes<\/p>\n<p class=\"mb-2\"><b>Date limite :<\/b> Jeudi 1er octobre 2026 <\/p>\n<p>\t\t\t<!--\n\n<p class=\"mb-2\">A limited number of Queen\/Queen rooms are available on a first come, first served basis. After those sell out, only rooms with one (1) King Bed are available.<\/p>\n\n--><\/p>\n<p style=\"font-size: 14px;\"><i>*Le lien de r\u00e9servation sera fourni dans votre courriel de confirmation<\/i><\/p>\n<\/p><\/div>\n<\/p><\/div>\n<\/div>\n","protected":false},"excerpt":{"rendered":"<p>R\u00e9union des Leaders des ventes et Leaders ex\u00e9cutives des ventes PRINTEMPS : 17 AU 19 AVRIL 2026 AUTOMNE : 16 AU 18 OCTOBRE 2026 R\u00c9UNION DE PRINTEMPS Inscrivez-vous maintenant Aper\u00e7u du programme* Inscrivez-vous maintenant Vendredi 17 avril 2026 Arriv\u00e9e \u00e0 l\u2019h\u00f4tel avant 17 h 00 R\u00e9ception de bienvenue avant 18 h 00 Samedi 18 avril [&hellip;]<\/p>\n","protected":false},"author":13,"featured_media":0,"parent":0,"menu_order":0,"comment_status":"closed","ping_status":"closed","template":"","meta":{"footnotes":""},"tags":[],"class_list":["post-15205","page","type-page","status-publish","hentry"],"yoast_head":"<!-- This site is optimized with the Yoast SEO plugin v27.3 - https:\/\/yoast.com\/product\/yoast-seo-wordpress\/ -->\n<title>R\u00e9union des Leaders des ventes et Leaders ex\u00e9cutives des ventes - Norwex Resource French CA<\/title>\n<meta name=\"robots\" content=\"index, follow, max-snippet:-1, max-image-preview:large, max-video-preview:-1\" \/>\n<link rel=\"canonical\" href=\"https:\/\/theresource.norwex.com\/fr_ca\/sl-esl-meeting\/\" \/>\n<meta property=\"og:locale\" content=\"fr_CA\" \/>\n<meta property=\"og:type\" content=\"article\" \/>\n<meta property=\"og:title\" content=\"R\u00e9union des Leaders des ventes et Leaders ex\u00e9cutives des ventes - Norwex Resource French CA\" \/>\n<meta property=\"og:description\" content=\"R\u00e9union des Leaders des ventes et Leaders ex\u00e9cutives des ventes PRINTEMPS : 17 AU 19 AVRIL 2026 AUTOMNE : 16 AU 18 OCTOBRE 2026 R\u00c9UNION DE PRINTEMPS Inscrivez-vous maintenant Aper\u00e7u du programme* Inscrivez-vous maintenant Vendredi 17 avril 2026 Arriv\u00e9e \u00e0 l\u2019h\u00f4tel avant 17 h 00 R\u00e9ception de bienvenue avant 18 h 00 Samedi 18 avril [&hellip;]\" \/>\n<meta property=\"og:url\" content=\"https:\/\/theresource.norwex.com\/fr_ca\/sl-esl-meeting\/\" \/>\n<meta property=\"og:site_name\" content=\"Norwex Resource French CA\" \/>\n<meta property=\"article:publisher\" content=\"https:\/\/www.facebook.com\/Norwex\/\" \/>\n<meta property=\"article:modified_time\" content=\"2026-04-07T19:26:57+00:00\" \/>\n<meta property=\"og:image\" content=\"https:\/\/theresource.norwex.com\/wp-content\/uploads\/sites\/3\/2024\/04\/norwex-logo-light.png\" \/>\n<meta name=\"twitter:card\" content=\"summary_large_image\" \/>\n<meta name=\"twitter:site\" content=\"@norwex\" \/>\n<meta name=\"twitter:label1\" content=\"Estimation du temps de lecture\" \/>\n\t<meta name=\"twitter:data1\" content=\"3 minutes\" \/>\n<script type=\"application\/ld+json\" class=\"yoast-schema-graph\">{\"@context\":\"https:\\\/\\\/schema.org\",\"@graph\":[{\"@type\":\"WebPage\",\"@id\":\"https:\\\/\\\/theresource.norwex.com\\\/fr_ca\\\/sl-esl-meeting\\\/\",\"url\":\"https:\\\/\\\/theresource.norwex.com\\\/fr_ca\\\/sl-esl-meeting\\\/\",\"name\":\"R\u00e9union des Leaders des ventes et Leaders ex\u00e9cutives des ventes - Norwex Resource French CA\",\"isPartOf\":{\"@id\":\"https:\\\/\\\/theresource.norwex.com\\\/fr_ca\\\/#website\"},\"primaryImageOfPage\":{\"@id\":\"https:\\\/\\\/theresource.norwex.com\\\/fr_ca\\\/sl-esl-meeting\\\/#primaryimage\"},\"image\":{\"@id\":\"https:\\\/\\\/theresource.norwex.com\\\/fr_ca\\\/sl-esl-meeting\\\/#primaryimage\"},\"thumbnailUrl\":\"https:\\\/\\\/theresource.norwex.com\\\/wp-content\\\/uploads\\\/sites\\\/3\\\/2024\\\/04\\\/norwex-logo-light.png\",\"datePublished\":\"2025-08-19T21:36:09+00:00\",\"dateModified\":\"2026-04-07T19:26:57+00:00\",\"breadcrumb\":{\"@id\":\"https:\\\/\\\/theresource.norwex.com\\\/fr_ca\\\/sl-esl-meeting\\\/#breadcrumb\"},\"inLanguage\":\"fr-CA\",\"potentialAction\":[{\"@type\":\"ReadAction\",\"target\":[\"https:\\\/\\\/theresource.norwex.com\\\/fr_ca\\\/sl-esl-meeting\\\/\"]}]},{\"@type\":\"ImageObject\",\"inLanguage\":\"fr-CA\",\"@id\":\"https:\\\/\\\/theresource.norwex.com\\\/fr_ca\\\/sl-esl-meeting\\\/#primaryimage\",\"url\":\"https:\\\/\\\/theresource.norwex.com\\\/wp-content\\\/uploads\\\/sites\\\/3\\\/2024\\\/04\\\/norwex-logo-light.png\",\"contentUrl\":\"https:\\\/\\\/theresource.norwex.com\\\/wp-content\\\/uploads\\\/sites\\\/3\\\/2024\\\/04\\\/norwex-logo-light.png\"},{\"@type\":\"BreadcrumbList\",\"@id\":\"https:\\\/\\\/theresource.norwex.com\\\/fr_ca\\\/sl-esl-meeting\\\/#breadcrumb\",\"itemListElement\":[{\"@type\":\"ListItem\",\"position\":1,\"name\":\"Home\",\"item\":\"https:\\\/\\\/theresource.norwex.com\\\/fr_ca\\\/\"},{\"@type\":\"ListItem\",\"position\":2,\"name\":\"R\u00e9union des Leaders des ventes et Leaders ex\u00e9cutives des ventes\"}]},{\"@type\":\"WebSite\",\"@id\":\"https:\\\/\\\/theresource.norwex.com\\\/fr_ca\\\/#website\",\"url\":\"https:\\\/\\\/theresource.norwex.com\\\/fr_ca\\\/\",\"name\":\"Norwex Resource French CA\",\"description\":\"Just another Norwex Multi Sites site\",\"publisher\":{\"@id\":\"https:\\\/\\\/theresource.norwex.com\\\/fr_ca\\\/#organization\"},\"potentialAction\":[{\"@type\":\"SearchAction\",\"target\":{\"@type\":\"EntryPoint\",\"urlTemplate\":\"https:\\\/\\\/theresource.norwex.com\\\/fr_ca\\\/?s={search_term_string}\"},\"query-input\":{\"@type\":\"PropertyValueSpecification\",\"valueRequired\":true,\"valueName\":\"search_term_string\"}}],\"inLanguage\":\"fr-CA\"},{\"@type\":\"Organization\",\"@id\":\"https:\\\/\\\/theresource.norwex.com\\\/fr_ca\\\/#organization\",\"name\":\"Norwex\",\"url\":\"https:\\\/\\\/theresource.norwex.com\\\/fr_ca\\\/\",\"logo\":{\"@type\":\"ImageObject\",\"inLanguage\":\"fr-CA\",\"@id\":\"https:\\\/\\\/theresource.norwex.com\\\/fr_ca\\\/#\\\/schema\\\/logo\\\/image\\\/\",\"url\":\"https:\\\/\\\/theresourcefr.norwex.com\\\/wp-content\\\/uploads\\\/sites\\\/5\\\/2023\\\/11\\\/Norwex-Resource.jpg\",\"contentUrl\":\"https:\\\/\\\/theresourcefr.norwex.com\\\/wp-content\\\/uploads\\\/sites\\\/5\\\/2023\\\/11\\\/Norwex-Resource.jpg\",\"width\":200,\"height\":200,\"caption\":\"Norwex\"},\"image\":{\"@id\":\"https:\\\/\\\/theresource.norwex.com\\\/fr_ca\\\/#\\\/schema\\\/logo\\\/image\\\/\"},\"sameAs\":[\"https:\\\/\\\/www.facebook.com\\\/Norwex\\\/\",\"https:\\\/\\\/x.com\\\/norwex\",\"http:\\\/\\\/pinterest.com\\\/norwex\\\/\",\"http:\\\/\\\/www.youtube.com\\\/norwex\"]}]}<\/script>\n<!-- \/ Yoast SEO plugin. -->","yoast_head_json":{"title":"R\u00e9union des Leaders des ventes et Leaders ex\u00e9cutives des ventes - Norwex Resource French CA","robots":{"index":"index","follow":"follow","max-snippet":"max-snippet:-1","max-image-preview":"max-image-preview:large","max-video-preview":"max-video-preview:-1"},"canonical":"https:\/\/theresource.norwex.com\/fr_ca\/sl-esl-meeting\/","og_locale":"fr_CA","og_type":"article","og_title":"R\u00e9union des Leaders des ventes et Leaders ex\u00e9cutives des ventes - Norwex Resource French CA","og_description":"R\u00e9union des Leaders des ventes et Leaders ex\u00e9cutives des ventes PRINTEMPS : 17 AU 19 AVRIL 2026 AUTOMNE : 16 AU 18 OCTOBRE 2026 R\u00c9UNION DE PRINTEMPS Inscrivez-vous maintenant Aper\u00e7u du programme* Inscrivez-vous maintenant Vendredi 17 avril 2026 Arriv\u00e9e \u00e0 l\u2019h\u00f4tel avant 17 h 00 R\u00e9ception de bienvenue avant 18 h 00 Samedi 18 avril [&hellip;]","og_url":"https:\/\/theresource.norwex.com\/fr_ca\/sl-esl-meeting\/","og_site_name":"Norwex Resource French CA","article_publisher":"https:\/\/www.facebook.com\/Norwex\/","article_modified_time":"2026-04-07T19:26:57+00:00","og_image":[{"url":"https:\/\/theresource.norwex.com\/wp-content\/uploads\/sites\/3\/2024\/04\/norwex-logo-light.png","type":"","width":"","height":""}],"twitter_card":"summary_large_image","twitter_site":"@norwex","twitter_misc":{"Estimation du temps de lecture":"3 minutes"},"schema":{"@context":"https:\/\/schema.org","@graph":[{"@type":"WebPage","@id":"https:\/\/theresource.norwex.com\/fr_ca\/sl-esl-meeting\/","url":"https:\/\/theresource.norwex.com\/fr_ca\/sl-esl-meeting\/","name":"R\u00e9union des Leaders des ventes et Leaders ex\u00e9cutives des ventes - Norwex Resource French CA","isPartOf":{"@id":"https:\/\/theresource.norwex.com\/fr_ca\/#website"},"primaryImageOfPage":{"@id":"https:\/\/theresource.norwex.com\/fr_ca\/sl-esl-meeting\/#primaryimage"},"image":{"@id":"https:\/\/theresource.norwex.com\/fr_ca\/sl-esl-meeting\/#primaryimage"},"thumbnailUrl":"https:\/\/theresource.norwex.com\/wp-content\/uploads\/sites\/3\/2024\/04\/norwex-logo-light.png","datePublished":"2025-08-19T21:36:09+00:00","dateModified":"2026-04-07T19:26:57+00:00","breadcrumb":{"@id":"https:\/\/theresource.norwex.com\/fr_ca\/sl-esl-meeting\/#breadcrumb"},"inLanguage":"fr-CA","potentialAction":[{"@type":"ReadAction","target":["https:\/\/theresource.norwex.com\/fr_ca\/sl-esl-meeting\/"]}]},{"@type":"ImageObject","inLanguage":"fr-CA","@id":"https:\/\/theresource.norwex.com\/fr_ca\/sl-esl-meeting\/#primaryimage","url":"https:\/\/theresource.norwex.com\/wp-content\/uploads\/sites\/3\/2024\/04\/norwex-logo-light.png","contentUrl":"https:\/\/theresource.norwex.com\/wp-content\/uploads\/sites\/3\/2024\/04\/norwex-logo-light.png"},{"@type":"BreadcrumbList","@id":"https:\/\/theresource.norwex.com\/fr_ca\/sl-esl-meeting\/#breadcrumb","itemListElement":[{"@type":"ListItem","position":1,"name":"Home","item":"https:\/\/theresource.norwex.com\/fr_ca\/"},{"@type":"ListItem","position":2,"name":"R\u00e9union des Leaders des ventes et Leaders ex\u00e9cutives des ventes"}]},{"@type":"WebSite","@id":"https:\/\/theresource.norwex.com\/fr_ca\/#website","url":"https:\/\/theresource.norwex.com\/fr_ca\/","name":"Norwex Resource French CA","description":"Just another Norwex Multi Sites site","publisher":{"@id":"https:\/\/theresource.norwex.com\/fr_ca\/#organization"},"potentialAction":[{"@type":"SearchAction","target":{"@type":"EntryPoint","urlTemplate":"https:\/\/theresource.norwex.com\/fr_ca\/?s={search_term_string}"},"query-input":{"@type":"PropertyValueSpecification","valueRequired":true,"valueName":"search_term_string"}}],"inLanguage":"fr-CA"},{"@type":"Organization","@id":"https:\/\/theresource.norwex.com\/fr_ca\/#organization","name":"Norwex","url":"https:\/\/theresource.norwex.com\/fr_ca\/","logo":{"@type":"ImageObject","inLanguage":"fr-CA","@id":"https:\/\/theresource.norwex.com\/fr_ca\/#\/schema\/logo\/image\/","url":"https:\/\/theresourcefr.norwex.com\/wp-content\/uploads\/sites\/5\/2023\/11\/Norwex-Resource.jpg","contentUrl":"https:\/\/theresourcefr.norwex.com\/wp-content\/uploads\/sites\/5\/2023\/11\/Norwex-Resource.jpg","width":200,"height":200,"caption":"Norwex"},"image":{"@id":"https:\/\/theresource.norwex.com\/fr_ca\/#\/schema\/logo\/image\/"},"sameAs":["https:\/\/www.facebook.com\/Norwex\/","https:\/\/x.com\/norwex","http:\/\/pinterest.com\/norwex\/","http:\/\/www.youtube.com\/norwex"]}]}},"_links":{"self":[{"href":"https:\/\/theresource.norwex.com\/fr_ca\/wp-json\/wp\/v2\/pages\/15205","targetHints":{"allow":["GET"]}}],"collection":[{"href":"https:\/\/theresource.norwex.com\/fr_ca\/wp-json\/wp\/v2\/pages"}],"about":[{"href":"https:\/\/theresource.norwex.com\/fr_ca\/wp-json\/wp\/v2\/types\/page"}],"author":[{"embeddable":true,"href":"https:\/\/theresource.norwex.com\/fr_ca\/wp-json\/wp\/v2\/users\/13"}],"replies":[{"embeddable":true,"href":"https:\/\/theresource.norwex.com\/fr_ca\/wp-json\/wp\/v2\/comments?post=15205"}],"version-history":[{"count":5,"href":"https:\/\/theresource.norwex.com\/fr_ca\/wp-json\/wp\/v2\/pages\/15205\/revisions"}],"predecessor-version":[{"id":16453,"href":"https:\/\/theresource.norwex.com\/fr_ca\/wp-json\/wp\/v2\/pages\/15205\/revisions\/16453"}],"wp:attachment":[{"href":"https:\/\/theresource.norwex.com\/fr_ca\/wp-json\/wp\/v2\/media?parent=15205"}],"wp:term":[{"taxonomy":"post_tag","embeddable":true,"href":"https:\/\/theresource.norwex.com\/fr_ca\/wp-json\/wp\/v2\/tags?post=15205"}],"curies":[{"name":"wp","href":"https:\/\/api.w.org\/{rel}","templated":true}]}}