{"id":14763,"date":"2025-06-05T10:32:55","date_gmt":"2025-06-05T15:32:55","guid":{"rendered":"https:\/\/theresource.norwex.com\/fr_ca\/?page_id=14763"},"modified":"2025-07-03T09:34:24","modified_gmt":"2025-07-03T14:34:24","slug":"super-saturday","status":"publish","type":"page","link":"https:\/\/theresource.norwex.com\/fr_ca\/super-saturday\/","title":{"rendered":"Super Saturday"},"content":{"rendered":"<div class=\"container quick-guide super-saturday m-auto\">\n<div class=\"row qg-header m-auto\" style=\"align-items: center;\">\n<div class=\"col-sm-12 m-0 p-0\">\n<p>\u00c0 NOTER DANS VOS AGENDAS<\/p>\n<h1>Nous prenons la route!<\/h1>\n<\/div>\n<\/div>\n<div class=\"row sub-title\">\n<div class=\"col-sm-12\">\n<div class=\"img-container\">\n<img decoding=\"async\" src=\"https:\/\/theresource.norwex.com\/wp-content\/uploads\/sites\/3\/2025\/06\/carmell-meland.jpg\" alt=\"carmell meland\" width=\"100%\"\/><\/p>\n<p class=\"speaker-name\">Carmell Meland<\/p>\n<p class=\"speaker-title\">Directrice r\u00e9gionale principale des ventes<\/p>\n<\/div>\n<div class=\"img-container\">\n<img decoding=\"async\" src=\"https:\/\/theresource.norwex.com\/wp-content\/uploads\/sites\/3\/2025\/06\/lynn-branham.jpg\" alt=\"lynn branham\" width=\"100%\"\/><\/p>\n<p class=\"speaker-name\">Lynn Branham<\/p>\n<p class=\"speaker-title\">Directrice r\u00e9gionale des ventes<\/p>\n<\/div>\n<div class=\"img-container\">\n<img decoding=\"async\" src=\"https:\/\/theresource.norwex.com\/wp-content\/uploads\/sites\/3\/2025\/06\/melissa-gurney.jpg\" alt=\"melissa gurney\" width=\"100%\"\/><\/p>\n<p class=\"speaker-name\">Melissa Gurney<\/p>\n<p class=\"speaker-title\">Directrice r\u00e9gionale des ventes<\/p>\n<\/div>\n<div class=\"img-container\">\n<img decoding=\"async\" src=\"https:\/\/theresource.norwex.com\/wp-content\/uploads\/sites\/3\/2025\/06\/ravi-ramnauth.jpg\" alt=\"ravi ramnauth\" width=\"100%\"\/><\/p>\n<p class=\"speaker-name\">Ravi Ramnauth<\/p>\n<p class=\"speaker-title\">Directeur r\u00e9gionale des ventes<\/p>\n<\/div>\n<div class=\"img-container\">\n<img decoding=\"async\" src=\"https:\/\/theresource.norwex.com\/wp-content\/uploads\/sites\/3\/2025\/06\/michelle-lalonde.jpg\" alt=\"michell lalonde\" width=\"100%\"\/><\/p>\n<p class=\"speaker-name\">Michelle Lalonde<\/p>\n<p class=\"speaker-title\">Directrice r\u00e9gionale des ventes<\/p>\n<\/div>\n<div class=\"img-container\">\n<img decoding=\"async\" src=\"https:\/\/theresource.norwex.com\/fr_ca\/wp-content\/uploads\/sites\/5\/2025\/06\/megan-ranco.jpg\" alt=\"michell lalonde\" width=\"100%\"\/><\/p>\n<p class=\"speaker-name\">Megan Ranco<\/p>\n<p class=\"speaker-title\">Directrice r\u00e9gionale des ventes<\/p>\n<\/div>\n<\/div>\n<\/div>\n<div class=\"row col-sm-12 pl-0 pr-0 mt-5 pt-4 m-auto flex-column-reverse flex-md-row\">\n<div class=\"col-sm-12 col-lg-5\">\n<table class=\"col-sm-12 p-0 table-responsive table-bordered border-0 text-center align-middle office-suite-table\">\n<thead>\n<tr>\n<th width=\"3%\"><\/th>\n<th width=\"43%\">Date<\/th>\n<th width=\"54%\">Ville, \u00c9tat, Province<\/th>\n<\/tr>\n<\/thead>\n<tbody>\n<tr>\n<td class=\"item-num\">1<\/td>\n<td>8 et 9 ao\u00fbt<\/td>\n<td><a href=\"https:\/\/cvent.me\/xeqq3g?rt=kHAh5371DESLyBgaMAKXow\" target=\"_blank\" rel=\"noopener nofollow\">Guelph, Ontario<\/a><\/td>\n<\/tr>\n<tr>\n<td class=\"item-num\">2<\/td>\n<td>9 ao\u00fbt<\/td>\n<td><a href=\"https:\/\/cvent.me\/L1GQz5?rt=kHAh5371DESLyBgaMAKXow\" target=\"_blank\" rel=\"noopener nofollow\">Ithaca, N.Y.<\/a><\/td>\n<\/tr>\n<tr>\n<td class=\"item-num\">3<\/td>\n<td>23 ao\u00fbt<\/td>\n<td><a href=\"https:\/\/cvent.me\/7v8AeD?rt=kHAh5371DESLyBgaMAKXow\" target=\"_blank\" rel=\"noopener nofollow\">Indianapolis, Ind.<\/a><\/td>\n<\/tr>\n<tr>\n<td class=\"item-num\">4<\/td>\n<td>6 septembre<\/td>\n<td><a href=\"https:\/\/cvent.me\/gyX97O?rt=kHAh5371DESLyBgaMAKXow\" target=\"_blank\" rel=\"noopener nofollow\">Appleton, Wisc.<\/a><\/td>\n<\/tr>\n<tr>\n<td class=\"item-num\">5<\/td>\n<td>12 et 13 septembre<\/td>\n<td><a href=\"https:\/\/cvent.me\/AvQRXa?rt=kHAh5371DESLyBgaMAKXow\" target=\"_blank\" rel=\"noopener nofollow\">Louisville, Kent.<\/a><\/td>\n<\/tr>\n<tr>\n<td class=\"item-num\">6<\/td>\n<td>12 et 13 septembre<\/td>\n<td><a href=\"https:\/\/cvent.me\/2aPPOq?rt=kHAh5371DESLyBgaMAKXow\" target=\"_blank\" rel=\"noopener nofollow\">Calgary, Alberta<\/a><\/td>\n<\/tr>\n<tr>\n<td class=\"item-num\">7<\/td>\n<td>12 et 13 septembre<\/td>\n<td><a href=\"https:\/\/cvent.me\/QMNaNR?rt=kHAh5371DESLyBgaMAKXow\" target=\"_blank\" rel=\"noopener nofollow\">Drummondville, Qc<\/a><\/td>\n<\/tr>\n<tr>\n<td class=\"item-num\">8<\/td>\n<td>13 septembre<\/td>\n<td><a href=\"https:\/\/cvent.me\/LMzv1D?rt=kHAh5371DESLyBgaMAKXow\" target=\"_blank\" rel=\"noopener nofollow\">Riverside, Calif.<\/a><\/td>\n<\/tr>\n<tr>\n<td class=\"item-num\">9<\/td>\n<td>13 septembre<\/td>\n<td><a href=\"https:\/\/cvent.me\/8ORKwV?rt=kHAh5371DESLyBgaMAKXow\" target=\"_blank\" rel=\"noopener nofollow\">Downers Grove, Ill.<\/a><\/td>\n<\/tr>\n<tr>\n<td class=\"item-num\">10<\/td>\n<td>19 et 20 septembre<\/td>\n<td><a href=\"https:\/\/cvent.me\/EvL8DV?rt=kHAh5371DESLyBgaMAKXow\" target=\"_blank\" rel=\"noopener nofollow\">Mount Pleasant, C.S.<\/a><\/td>\n<\/tr>\n<tr>\n<td class=\"item-num\">11<\/td>\n<td>19 et 20 septembre<\/td>\n<td><a href=\"https:\/\/cvent.me\/ayQQve?rt=kHAh5371DESLyBgaMAKXow\" target=\"_blank\" rel=\"noopener nofollow\">Edmonton, Alberta<\/a><\/td>\n<\/tr>\n<tr>\n<td class=\"item-num\">12<\/td>\n<td>19 et 20 septembre<\/td>\n<td><a href=\"https:\/\/cvent.me\/KMDzOE?rt=kHAh5371DESLyBgaMAKXow\" target=\"_blank\" rel=\"noopener nofollow\">Ottawa, Ontario<\/a><\/td>\n<\/tr>\n<tr>\n<td class=\"item-num\">13<\/td>\n<td>27 septembre<\/td>\n<td><a href=\"https:\/\/cvent.me\/ryo5eZ?rt=kHAh5371DESLyBgaMAKXow\" target=\"_blank\" rel=\"noopener nofollow\">Lansing, Mich.<\/a><\/td>\n<\/tr>\n<tr>\n<td class=\"item-num\">14<\/td>\n<td>3 et 4 octobre<\/td>\n<td><a href=\"https:\/\/cvent.me\/xeqMW3?rt=kHAh5371DESLyBgaMAKXow\" target=\"_blank\" rel=\"noopener nofollow\">Winnipeg, Manitoba<\/a><\/td>\n<\/tr>\n<tr>\n<td class=\"item-num\">15<\/td>\n<td>3 et 4 octobre<\/td>\n<td><a href=\"https:\/\/cvent.me\/VMk0Pb?rt=kHAh5371DESLyBgaMAKXow\" target=\"_blank\" rel=\"noopener nofollow\">Columbus, Ohio<\/a><\/td>\n<\/tr>\n<tr>\n<td class=\"item-num\">16<\/td>\n<td>3 et 4 octobre<\/td>\n<td><a href=\"https:\/\/cvent.me\/7v52WR?rt=kHAh5371DESLyBgaMAKXow\" target=\"_blank\" rel=\"noopener nofollow\">Halifax, N.-\u00c9.<\/a><\/td>\n<\/tr>\n<tr>\n<td class=\"item-num\">17<\/td>\n<td>4 octobre<\/td>\n<td><a href=\"https:\/\/cvent.me\/yNMlnl?rt=kHAh5371DESLyBgaMAKXow\" target=\"_blank\" rel=\"noopener nofollow\">Des Moines, Iowa<\/a><\/td>\n<\/tr>\n<tr>\n<td class=\"item-num\">18<\/td>\n<td>4 octobre<\/td>\n<td><a href=\"https:\/\/cvent.me\/xeMWM2?rt=kHAh5371DESLyBgaMAKXow\" target=\"_blank\" rel=\"noopener nofollow\">Vancouver, WA\/Portland, OR<\/a><\/td>\n<\/tr>\n<tr>\n<td class=\"item-num\">19<\/td>\n<td>11 octobre<\/td>\n<td><a href=\"https:\/\/cvent.me\/ryoBao?rt=kHAh5371DESLyBgaMAKXow\" target=\"_blank\" rel=\"noopener nofollow\">Harrisburg, Penns<\/a><\/td>\n<\/tr>\n<tr>\n<td class=\"item-num\">20<\/td>\n<td>11 octobre<\/td>\n<td><a href=\"https:\/\/cvent.me\/gyXaK8?rt=kHAh5371DESLyBgaMAKXow\" target=\"_blank\" rel=\"noopener nofollow\">Minneapolis\/St. Paul, Minn.<\/a><\/td>\n<\/tr>\n<tr>\n<td class=\"item-num\">21<\/td>\n<td>17 et 18 octobre<\/td>\n<td><a href=\"https:\/\/cvent.me\/ryMobZ?rt=kHAh5371DESLyBgaMAKXow\" target=\"_blank\" rel=\"noopener nofollow\">Vancouver, C.B.<\/a><\/td>\n<\/tr>\n<tr>\n<td class=\"item-num\">22<\/td>\n<td>17 et 18 octobre<\/td>\n<td><a href=\"https:\/\/cvent.me\/ayXwPy?rt=kHAh5371DESLyBgaMAKXow\" target=\"_blank\" rel=\"noopener nofollow\">Nashville, Tenn.<\/a><\/td>\n<\/tr>\n<tr>\n<td class=\"item-num\">23<\/td>\n<td>17 et 18 octobre<\/td>\n<td><a href=\"https:\/\/cvent.me\/4a5gng?rt=kHAh5371DESLyBgaMAKXow\" target=\"_blank\" rel=\"noopener nofollow\">St. Catharines, Ontario<\/a><\/td>\n<\/tr>\n<tr>\n<td class=\"item-num\">24<\/td>\n<td>18 octobre<\/td>\n<td><a href=\"https:\/\/cvent.me\/qo700w?rt=kHAh5371DESLyBgaMAKXow\" target=\"_blank\" rel=\"noopener nofollow\">St. Louis, Missouri<\/a><\/td>\n<\/tr>\n<tr>\n<td class=\"item-num\">25<\/td>\n<td>1er novembre<\/td>\n<td><a href=\"https:\/\/cvent.me\/myq4AB?rt=kHAh5371DESLyBgaMAKXow\" target=\"_blank\" rel=\"noopener nofollow\">Dallas, Tex.<\/a><\/td>\n<\/tr>\n<tr>\n<td class=\"item-num\">26<\/td>\n<td>7 et 8 novembre<\/td>\n<td><a href=\"https:\/\/cvent.me\/zYRMaM?rt=kHAh5371DESLyBgaMAKXow\" target=\"_blank\" rel=\"noopener nofollow\">Orlando, Flor.<\/a><\/td>\n<\/tr>\n<tr>\n<td class=\"item-num\">27<\/td>\n<td>8 novembre<\/td>\n<td><a href=\"https:\/\/cvent.me\/Ev5Lrg?rt=kHAh5371DESLyBgaMAKXow\" target=\"_blank\" rel=\"noopener nofollow\">Wichita, Kans.<\/a><\/td>\n<\/tr>\n<tr>\n<td class=\"item-num\">28<\/td>\n<td>8 novembre<\/td>\n<td><a href=\"https:\/\/cvent.me\/myq4kZ?rt=kHAh5371DESLyBgaMAKXow\" target=\"_blank\" rel=\"noopener nofollow\">Phoenix, Ariz.<\/a><\/td>\n<\/tr>\n<tr>\n<td class=\"item-num\">29<\/td>\n<td>14 et 15 novembre<\/td>\n<td><a href=\"https:\/\/cvent.me\/NMVqBn?rt=kHAh5371DESLyBgaMAKXow\" target=\"_blank\" rel=\"noopener nofollow\">Regina, Sask.<\/a><\/td>\n<\/tr>\n<tr>\n<td class=\"item-num\">30<\/td>\n<td>14 et 15 novembre<\/td>\n<td><a href=\"https:\/\/cvent.me\/0alLxq?rt=kHAh5371DESLyBgaMAKXow\" target=\"_blank\" rel=\"noopener nofollow\">Richmond, Virg.<\/a><\/td>\n<\/tr>\n<tr>\n<td class=\"item-num\">31<\/td>\n<td>15 novembre<\/td>\n<td><a href=\"https:\/\/cvent.me\/byV1xL?rt=kHAh5371DESLyBgaMAKXow\" target=\"_blank\" rel=\"noopener nofollow\">Austin, Tex.<\/a><\/td>\n<\/tr>\n<tr>\n<td class=\"item-num\">32<\/td>\n<td>21-22 novembre<\/td>\n<td><a href=\"https:\/\/cvent.me\/gyZXy9?rt=kHAh5371DESLyBgaMAKXow\" target=\"_blank\" rel=\"noopener nofollow\">Saskatoon, Sask.<\/a><\/td>\n<\/tr>\n<\/tbody>\n<\/table>\n<\/div>\n<div class=\"col-sm-12 col-lg-7 py-3\">\n<img decoding=\"async\" src=\"https:\/\/theresource.norwex.com\/wp-content\/uploads\/sites\/3\/2025\/06\/ss-map-new.jpg\" alt=\"fall winter super saturdays map\" width=\"100%\" class=\"location-map\" \/>\n<\/div>\n<\/div>\n<\/div>\n","protected":false},"excerpt":{"rendered":"<p>\u00c0 NOTER DANS VOS AGENDAS Nous prenons la route! Carmell Meland Directrice r\u00e9gionale principale des ventes Lynn Branham Directrice r\u00e9gionale des ventes Melissa Gurney Directrice r\u00e9gionale des ventes Ravi Ramnauth Directeur r\u00e9gionale des ventes Michelle Lalonde Directrice r\u00e9gionale des ventes Megan Ranco Directrice r\u00e9gionale des ventes Date Ville, \u00c9tat, Province 1 8 et 9 ao\u00fbt [&hellip;]<\/p>\n","protected":false},"author":44,"featured_media":0,"parent":0,"menu_order":0,"comment_status":"closed","ping_status":"closed","template":"","meta":{"footnotes":""},"tags":[],"class_list":["post-14763","page","type-page","status-publish","hentry"],"yoast_head":"<!-- This site is optimized with the Yoast SEO plugin v27.3 - https:\/\/yoast.com\/product\/yoast-seo-wordpress\/ -->\n<title>Super Saturday - Norwex Resource French CA<\/title>\n<meta name=\"robots\" content=\"index, follow, max-snippet:-1, max-image-preview:large, max-video-preview:-1\" \/>\n<link rel=\"canonical\" href=\"https:\/\/theresource.norwex.com\/fr_ca\/super-saturday\/\" \/>\n<meta property=\"og:locale\" content=\"fr_CA\" \/>\n<meta property=\"og:type\" content=\"article\" \/>\n<meta property=\"og:title\" content=\"Super Saturday - Norwex Resource French CA\" \/>\n<meta property=\"og:description\" content=\"\u00c0 NOTER DANS VOS AGENDAS Nous prenons la route! Carmell Meland Directrice r\u00e9gionale principale des ventes Lynn Branham Directrice r\u00e9gionale des ventes Melissa Gurney Directrice r\u00e9gionale des ventes Ravi Ramnauth Directeur r\u00e9gionale des ventes Michelle Lalonde Directrice r\u00e9gionale des ventes Megan Ranco Directrice r\u00e9gionale des ventes Date Ville, \u00c9tat, Province 1 8 et 9 ao\u00fbt [&hellip;]\" \/>\n<meta property=\"og:url\" content=\"https:\/\/theresource.norwex.com\/fr_ca\/super-saturday\/\" \/>\n<meta property=\"og:site_name\" content=\"Norwex Resource French CA\" \/>\n<meta property=\"article:publisher\" content=\"https:\/\/www.facebook.com\/Norwex\/\" \/>\n<meta property=\"article:modified_time\" content=\"2025-07-03T14:34:24+00:00\" \/>\n<meta property=\"og:image\" content=\"https:\/\/theresource.norwex.com\/wp-content\/uploads\/sites\/3\/2025\/06\/carmell-meland.jpg\" \/>\n<meta name=\"twitter:card\" content=\"summary_large_image\" \/>\n<meta name=\"twitter:site\" content=\"@norwex\" \/>\n<meta name=\"twitter:label1\" content=\"Estimation du temps de lecture\" \/>\n\t<meta name=\"twitter:data1\" content=\"3 minutes\" \/>\n<script type=\"application\/ld+json\" class=\"yoast-schema-graph\">{\"@context\":\"https:\\\/\\\/schema.org\",\"@graph\":[{\"@type\":\"WebPage\",\"@id\":\"https:\\\/\\\/theresource.norwex.com\\\/fr_ca\\\/super-saturday\\\/\",\"url\":\"https:\\\/\\\/theresource.norwex.com\\\/fr_ca\\\/super-saturday\\\/\",\"name\":\"Super Saturday - Norwex Resource French CA\",\"isPartOf\":{\"@id\":\"https:\\\/\\\/theresource.norwex.com\\\/fr_ca\\\/#website\"},\"primaryImageOfPage\":{\"@id\":\"https:\\\/\\\/theresource.norwex.com\\\/fr_ca\\\/super-saturday\\\/#primaryimage\"},\"image\":{\"@id\":\"https:\\\/\\\/theresource.norwex.com\\\/fr_ca\\\/super-saturday\\\/#primaryimage\"},\"thumbnailUrl\":\"https:\\\/\\\/theresource.norwex.com\\\/wp-content\\\/uploads\\\/sites\\\/3\\\/2025\\\/06\\\/carmell-meland.jpg\",\"datePublished\":\"2025-06-05T15:32:55+00:00\",\"dateModified\":\"2025-07-03T14:34:24+00:00\",\"breadcrumb\":{\"@id\":\"https:\\\/\\\/theresource.norwex.com\\\/fr_ca\\\/super-saturday\\\/#breadcrumb\"},\"inLanguage\":\"fr-CA\",\"potentialAction\":[{\"@type\":\"ReadAction\",\"target\":[\"https:\\\/\\\/theresource.norwex.com\\\/fr_ca\\\/super-saturday\\\/\"]}]},{\"@type\":\"ImageObject\",\"inLanguage\":\"fr-CA\",\"@id\":\"https:\\\/\\\/theresource.norwex.com\\\/fr_ca\\\/super-saturday\\\/#primaryimage\",\"url\":\"https:\\\/\\\/theresource.norwex.com\\\/wp-content\\\/uploads\\\/sites\\\/3\\\/2025\\\/06\\\/carmell-meland.jpg\",\"contentUrl\":\"https:\\\/\\\/theresource.norwex.com\\\/wp-content\\\/uploads\\\/sites\\\/3\\\/2025\\\/06\\\/carmell-meland.jpg\"},{\"@type\":\"BreadcrumbList\",\"@id\":\"https:\\\/\\\/theresource.norwex.com\\\/fr_ca\\\/super-saturday\\\/#breadcrumb\",\"itemListElement\":[{\"@type\":\"ListItem\",\"position\":1,\"name\":\"Home\",\"item\":\"https:\\\/\\\/theresource.norwex.com\\\/fr_ca\\\/\"},{\"@type\":\"ListItem\",\"position\":2,\"name\":\"Super Saturday\"}]},{\"@type\":\"WebSite\",\"@id\":\"https:\\\/\\\/theresource.norwex.com\\\/fr_ca\\\/#website\",\"url\":\"https:\\\/\\\/theresource.norwex.com\\\/fr_ca\\\/\",\"name\":\"Norwex Resource French CA\",\"description\":\"Just another Norwex Multi Sites site\",\"publisher\":{\"@id\":\"https:\\\/\\\/theresource.norwex.com\\\/fr_ca\\\/#organization\"},\"potentialAction\":[{\"@type\":\"SearchAction\",\"target\":{\"@type\":\"EntryPoint\",\"urlTemplate\":\"https:\\\/\\\/theresource.norwex.com\\\/fr_ca\\\/?s={search_term_string}\"},\"query-input\":{\"@type\":\"PropertyValueSpecification\",\"valueRequired\":true,\"valueName\":\"search_term_string\"}}],\"inLanguage\":\"fr-CA\"},{\"@type\":\"Organization\",\"@id\":\"https:\\\/\\\/theresource.norwex.com\\\/fr_ca\\\/#organization\",\"name\":\"Norwex\",\"url\":\"https:\\\/\\\/theresource.norwex.com\\\/fr_ca\\\/\",\"logo\":{\"@type\":\"ImageObject\",\"inLanguage\":\"fr-CA\",\"@id\":\"https:\\\/\\\/theresource.norwex.com\\\/fr_ca\\\/#\\\/schema\\\/logo\\\/image\\\/\",\"url\":\"https:\\\/\\\/theresourcefr.norwex.com\\\/wp-content\\\/uploads\\\/sites\\\/5\\\/2023\\\/11\\\/Norwex-Resource.jpg\",\"contentUrl\":\"https:\\\/\\\/theresourcefr.norwex.com\\\/wp-content\\\/uploads\\\/sites\\\/5\\\/2023\\\/11\\\/Norwex-Resource.jpg\",\"width\":200,\"height\":200,\"caption\":\"Norwex\"},\"image\":{\"@id\":\"https:\\\/\\\/theresource.norwex.com\\\/fr_ca\\\/#\\\/schema\\\/logo\\\/image\\\/\"},\"sameAs\":[\"https:\\\/\\\/www.facebook.com\\\/Norwex\\\/\",\"https:\\\/\\\/x.com\\\/norwex\",\"http:\\\/\\\/pinterest.com\\\/norwex\\\/\",\"http:\\\/\\\/www.youtube.com\\\/norwex\"]}]}<\/script>\n<!-- \/ Yoast SEO plugin. -->","yoast_head_json":{"title":"Super Saturday - Norwex Resource French CA","robots":{"index":"index","follow":"follow","max-snippet":"max-snippet:-1","max-image-preview":"max-image-preview:large","max-video-preview":"max-video-preview:-1"},"canonical":"https:\/\/theresource.norwex.com\/fr_ca\/super-saturday\/","og_locale":"fr_CA","og_type":"article","og_title":"Super Saturday - Norwex Resource French CA","og_description":"\u00c0 NOTER DANS VOS AGENDAS Nous prenons la route! Carmell Meland Directrice r\u00e9gionale principale des ventes Lynn Branham Directrice r\u00e9gionale des ventes Melissa Gurney Directrice r\u00e9gionale des ventes Ravi Ramnauth Directeur r\u00e9gionale des ventes Michelle Lalonde Directrice r\u00e9gionale des ventes Megan Ranco Directrice r\u00e9gionale des ventes Date Ville, \u00c9tat, Province 1 8 et 9 ao\u00fbt [&hellip;]","og_url":"https:\/\/theresource.norwex.com\/fr_ca\/super-saturday\/","og_site_name":"Norwex Resource French CA","article_publisher":"https:\/\/www.facebook.com\/Norwex\/","article_modified_time":"2025-07-03T14:34:24+00:00","og_image":[{"url":"https:\/\/theresource.norwex.com\/wp-content\/uploads\/sites\/3\/2025\/06\/carmell-meland.jpg","type":"","width":"","height":""}],"twitter_card":"summary_large_image","twitter_site":"@norwex","twitter_misc":{"Estimation du temps de lecture":"3 minutes"},"schema":{"@context":"https:\/\/schema.org","@graph":[{"@type":"WebPage","@id":"https:\/\/theresource.norwex.com\/fr_ca\/super-saturday\/","url":"https:\/\/theresource.norwex.com\/fr_ca\/super-saturday\/","name":"Super Saturday - Norwex Resource French CA","isPartOf":{"@id":"https:\/\/theresource.norwex.com\/fr_ca\/#website"},"primaryImageOfPage":{"@id":"https:\/\/theresource.norwex.com\/fr_ca\/super-saturday\/#primaryimage"},"image":{"@id":"https:\/\/theresource.norwex.com\/fr_ca\/super-saturday\/#primaryimage"},"thumbnailUrl":"https:\/\/theresource.norwex.com\/wp-content\/uploads\/sites\/3\/2025\/06\/carmell-meland.jpg","datePublished":"2025-06-05T15:32:55+00:00","dateModified":"2025-07-03T14:34:24+00:00","breadcrumb":{"@id":"https:\/\/theresource.norwex.com\/fr_ca\/super-saturday\/#breadcrumb"},"inLanguage":"fr-CA","potentialAction":[{"@type":"ReadAction","target":["https:\/\/theresource.norwex.com\/fr_ca\/super-saturday\/"]}]},{"@type":"ImageObject","inLanguage":"fr-CA","@id":"https:\/\/theresource.norwex.com\/fr_ca\/super-saturday\/#primaryimage","url":"https:\/\/theresource.norwex.com\/wp-content\/uploads\/sites\/3\/2025\/06\/carmell-meland.jpg","contentUrl":"https:\/\/theresource.norwex.com\/wp-content\/uploads\/sites\/3\/2025\/06\/carmell-meland.jpg"},{"@type":"BreadcrumbList","@id":"https:\/\/theresource.norwex.com\/fr_ca\/super-saturday\/#breadcrumb","itemListElement":[{"@type":"ListItem","position":1,"name":"Home","item":"https:\/\/theresource.norwex.com\/fr_ca\/"},{"@type":"ListItem","position":2,"name":"Super Saturday"}]},{"@type":"WebSite","@id":"https:\/\/theresource.norwex.com\/fr_ca\/#website","url":"https:\/\/theresource.norwex.com\/fr_ca\/","name":"Norwex Resource French CA","description":"Just another Norwex Multi Sites site","publisher":{"@id":"https:\/\/theresource.norwex.com\/fr_ca\/#organization"},"potentialAction":[{"@type":"SearchAction","target":{"@type":"EntryPoint","urlTemplate":"https:\/\/theresource.norwex.com\/fr_ca\/?s={search_term_string}"},"query-input":{"@type":"PropertyValueSpecification","valueRequired":true,"valueName":"search_term_string"}}],"inLanguage":"fr-CA"},{"@type":"Organization","@id":"https:\/\/theresource.norwex.com\/fr_ca\/#organization","name":"Norwex","url":"https:\/\/theresource.norwex.com\/fr_ca\/","logo":{"@type":"ImageObject","inLanguage":"fr-CA","@id":"https:\/\/theresource.norwex.com\/fr_ca\/#\/schema\/logo\/image\/","url":"https:\/\/theresourcefr.norwex.com\/wp-content\/uploads\/sites\/5\/2023\/11\/Norwex-Resource.jpg","contentUrl":"https:\/\/theresourcefr.norwex.com\/wp-content\/uploads\/sites\/5\/2023\/11\/Norwex-Resource.jpg","width":200,"height":200,"caption":"Norwex"},"image":{"@id":"https:\/\/theresource.norwex.com\/fr_ca\/#\/schema\/logo\/image\/"},"sameAs":["https:\/\/www.facebook.com\/Norwex\/","https:\/\/x.com\/norwex","http:\/\/pinterest.com\/norwex\/","http:\/\/www.youtube.com\/norwex"]}]}},"_links":{"self":[{"href":"https:\/\/theresource.norwex.com\/fr_ca\/wp-json\/wp\/v2\/pages\/14763","targetHints":{"allow":["GET"]}}],"collection":[{"href":"https:\/\/theresource.norwex.com\/fr_ca\/wp-json\/wp\/v2\/pages"}],"about":[{"href":"https:\/\/theresource.norwex.com\/fr_ca\/wp-json\/wp\/v2\/types\/page"}],"author":[{"embeddable":true,"href":"https:\/\/theresource.norwex.com\/fr_ca\/wp-json\/wp\/v2\/users\/44"}],"replies":[{"embeddable":true,"href":"https:\/\/theresource.norwex.com\/fr_ca\/wp-json\/wp\/v2\/comments?post=14763"}],"version-history":[{"count":0,"href":"https:\/\/theresource.norwex.com\/fr_ca\/wp-json\/wp\/v2\/pages\/14763\/revisions"}],"wp:attachment":[{"href":"https:\/\/theresource.norwex.com\/fr_ca\/wp-json\/wp\/v2\/media?parent=14763"}],"wp:term":[{"taxonomy":"post_tag","embeddable":true,"href":"https:\/\/theresource.norwex.com\/fr_ca\/wp-json\/wp\/v2\/tags?post=14763"}],"curies":[{"name":"wp","href":"https:\/\/api.w.org\/{rel}","templated":true}]}}