{"id":14605,"date":"2025-05-13T12:40:10","date_gmt":"2025-05-13T17:40:10","guid":{"rendered":"https:\/\/theresource.norwex.com\/fr_ca\/?page_id=14605"},"modified":"2025-07-26T10:04:33","modified_gmt":"2025-07-26T15:04:33","slug":"skin-care-in-person","status":"publish","type":"page","link":"https:\/\/theresource.norwex.com\/fr_ca\/skin-care-in-person\/","title":{"rendered":"Skin Care In Person"},"content":{"rendered":"<div class=\"container quick-guide pp-header-new m-auto\">\n<div class=\"row qg-header pp-header m-auto\">\n<div class=\"col-sm-12 m-0 p-0\">\n<img decoding=\"async\" src=\"https:\/\/theresource.norwex.com\/wp-content\/uploads\/sites\/3\/2025\/06\/party-banner-new.jpg\" alt=\"party banner\" width=\"100%\" \/>\n<\/div>\n<\/div>\n<div class=\"row sub-title\">\n<div class=\"col-sm-10 m-auto\">\n<img decoding=\"async\" src=\"https:\/\/theresource.norwex.com\/wp-content\/uploads\/sites\/3\/2024\/06\/norwex-logo-white.png\" class=\"page-logo\" alt=\"norwex\" \/><\/p>\n<h1>Soins de peau<\/h1>\n<h2>En Personne<\/h2>\n<\/div>\n<\/div>\n<\/div>\n<div class=\"container parties-page mb-4\">\n<div class=\"row mt-5 gray-border\">\n<div class=\"col-sm-12\">\n<h2 class=\"mt-0\">Tout d&rsquo;abord<\/h2>\n<ul>\n<li>La pr\u00e9paration de la pr\u00e9sentation avec votre h\u00f4tesse (h\u00f4te) est la cl\u00e9. D\u00e9couvrez des conseils pour l\u2019Accompagnement de l\u2019h\u00f4tesse (h\u00f4te) ci-dessous.<\/li>\n<li>La d\u00e9mo ci-dessous vous donnera un exemple de lOrdre dans lequel partager les produits + des caract\u00e9ristiques cl\u00e9s \u00e0 partager. N&rsquo;h\u00e9sitez pas \u00e0 personnaliser le contenu! <\/li>\n<li>M\u00eame en personne, partager le catalogue num\u00e9rique et votre site Web personnel est une excellente id\u00e9e (par texto ou sur les r\u00e9seaux sociaux). Vous aurez besoin d\u2019avoir un abonnement \u00e0 la Suite bureautique pour partager votre site Web personnel et le lien vers le Catalogue num\u00e9rique. Vous pouvez vous abonner sur votre Bureau de Conseill\u00e8re (er).<\/li>\n<li><strong>Optionnel :<\/strong> Encouragez les l\u2019interactions en offrant des prix de participation pour les personnes qui r\u00e9pondent aux questions, en faisant des tirages. Offrez des inscriptions suppl\u00e9mentaires au tirage pour les personnes qui r\u00e9servent une pr\u00e9sentation ou qui demandent des informations sur l\u2019ouverture d\u2019un compte de Conseill\u00e8re (er).<\/li>\n<li>Faites des suivis individuels avec chaque invit\u00e9 et avec l\u2019h\u00f4tesse (h\u00f4te) en utilisant la m\u00e9thode de suivi 2-2-2. <\/li>\n<\/ul>\n<ul class=\"button-list\">\n<li><\/li>\n<li><a class=\"btn blue-btn\" href=\"https:\/\/theresource.norwex.com\/fr_ca\/host-coaching\/\" target=\"_blank\" rel=\"noopener nofollow\">Accompagnement de l&rsquo;h\u00f4tesse (h\u00f4te)<\/a><\/li>\n<li><a class=\"btn blue-btn\" href=\"https:\/\/theresource.norwex.com\/fr_ca\/host-coaching-follow-up\/\" target=\"_blank\" rel=\"noopener nofollow\">Conseils pour les suivis<\/a><\/li>\n<\/ul><\/div>\n<\/p><\/div>\n<div class=\"row gray-border\">\n<div class=\"col-sm-12\">\n<h2>Cliquez sur le lien ci-dessous pour la d\u00e9mo en direct sur les soins de peau (soustitr\u00e9e en fran\u00e7ais) &#8211; pr\u00e9sent\u00e9e par JoHannah Brown, VPELV<br \/><a type=\"button\" data-toggle=\"modal\" data-target=\"#videoModal2\" data-title=\"Skin Care Demo v2\" data-video=\"https:\/\/player.vimeo.com\/video\/855423654?h=30eb52fdac\" data-site-link=\"https:\/\/vimeo.com\/855423654\/30eb52fdac\" data-download=\"https:\/\/player.vimeo.com\/progressive_redirect\/download\/855423654\/rendition\/1080p\/skin_care_demo_v2%20%281080p%29.mp4?loc=external&#038;signature=6cd29c2323d1666f444b014488252039444ed94cb28ce5e95f51091f39985579&#038;user_id=115820375\">Cliquez ici<\/a><\/h2>\n<p>         <img decoding=\"async\" src=\"https:\/\/theresource.norwex.com\/wp-content\/uploads\/sites\/3\/2025\/05\/sc-day-1-post-1.jpg\" alt=\"norwex skin care\" style=\"width: 100%; max-width: 350px; margin: 10px auto; display: block;\" \/>\n      <\/div>\n<\/p><\/div>\n<\/div>\n","protected":false},"excerpt":{"rendered":"<p>Soins de peau En Personne Tout d&rsquo;abord La pr\u00e9paration de la pr\u00e9sentation avec votre h\u00f4tesse (h\u00f4te) est la cl\u00e9. D\u00e9couvrez des conseils pour l\u2019Accompagnement de l\u2019h\u00f4tesse (h\u00f4te) ci-dessous. La d\u00e9mo ci-dessous vous donnera un exemple de lOrdre dans lequel partager les produits + des caract\u00e9ristiques cl\u00e9s \u00e0 partager. N&rsquo;h\u00e9sitez pas \u00e0 personnaliser le contenu! M\u00eame [&hellip;]<\/p>\n","protected":false},"author":44,"featured_media":0,"parent":0,"menu_order":0,"comment_status":"closed","ping_status":"closed","template":"","meta":{"footnotes":""},"tags":[],"class_list":["post-14605","page","type-page","status-publish","hentry"],"yoast_head":"<!-- This site is optimized with the Yoast SEO plugin v27.3 - https:\/\/yoast.com\/product\/yoast-seo-wordpress\/ -->\n<title>Skin Care In Person - Norwex Resource French CA<\/title>\n<meta name=\"robots\" content=\"index, follow, max-snippet:-1, max-image-preview:large, max-video-preview:-1\" \/>\n<link rel=\"canonical\" href=\"https:\/\/theresource.norwex.com\/fr_ca\/skin-care-in-person\/\" \/>\n<meta property=\"og:locale\" content=\"fr_CA\" \/>\n<meta property=\"og:type\" content=\"article\" \/>\n<meta property=\"og:title\" content=\"Skin Care In Person - Norwex Resource French CA\" \/>\n<meta property=\"og:description\" content=\"Soins de peau En Personne Tout d&rsquo;abord La pr\u00e9paration de la pr\u00e9sentation avec votre h\u00f4tesse (h\u00f4te) est la cl\u00e9. D\u00e9couvrez des conseils pour l\u2019Accompagnement de l\u2019h\u00f4tesse (h\u00f4te) ci-dessous. La d\u00e9mo ci-dessous vous donnera un exemple de lOrdre dans lequel partager les produits + des caract\u00e9ristiques cl\u00e9s \u00e0 partager. N&rsquo;h\u00e9sitez pas \u00e0 personnaliser le contenu! M\u00eame [&hellip;]\" \/>\n<meta property=\"og:url\" content=\"https:\/\/theresource.norwex.com\/fr_ca\/skin-care-in-person\/\" \/>\n<meta property=\"og:site_name\" content=\"Norwex Resource French CA\" \/>\n<meta property=\"article:publisher\" content=\"https:\/\/www.facebook.com\/Norwex\/\" \/>\n<meta property=\"article:modified_time\" content=\"2025-07-26T15:04:33+00:00\" \/>\n<meta property=\"og:image\" content=\"https:\/\/theresource.norwex.com\/wp-content\/uploads\/sites\/3\/2025\/06\/party-banner-new.jpg\" \/>\n<meta name=\"twitter:card\" content=\"summary_large_image\" \/>\n<meta name=\"twitter:site\" content=\"@norwex\" \/>\n<meta name=\"twitter:label1\" content=\"Estimation du temps de lecture\" \/>\n\t<meta name=\"twitter:data1\" content=\"2 minutes\" \/>\n<script type=\"application\/ld+json\" class=\"yoast-schema-graph\">{\"@context\":\"https:\\\/\\\/schema.org\",\"@graph\":[{\"@type\":\"WebPage\",\"@id\":\"https:\\\/\\\/theresource.norwex.com\\\/fr_ca\\\/skin-care-in-person\\\/\",\"url\":\"https:\\\/\\\/theresource.norwex.com\\\/fr_ca\\\/skin-care-in-person\\\/\",\"name\":\"Skin Care In Person - Norwex Resource French CA\",\"isPartOf\":{\"@id\":\"https:\\\/\\\/theresource.norwex.com\\\/fr_ca\\\/#website\"},\"primaryImageOfPage\":{\"@id\":\"https:\\\/\\\/theresource.norwex.com\\\/fr_ca\\\/skin-care-in-person\\\/#primaryimage\"},\"image\":{\"@id\":\"https:\\\/\\\/theresource.norwex.com\\\/fr_ca\\\/skin-care-in-person\\\/#primaryimage\"},\"thumbnailUrl\":\"https:\\\/\\\/theresource.norwex.com\\\/wp-content\\\/uploads\\\/sites\\\/3\\\/2025\\\/06\\\/party-banner-new.jpg\",\"datePublished\":\"2025-05-13T17:40:10+00:00\",\"dateModified\":\"2025-07-26T15:04:33+00:00\",\"breadcrumb\":{\"@id\":\"https:\\\/\\\/theresource.norwex.com\\\/fr_ca\\\/skin-care-in-person\\\/#breadcrumb\"},\"inLanguage\":\"fr-CA\",\"potentialAction\":[{\"@type\":\"ReadAction\",\"target\":[\"https:\\\/\\\/theresource.norwex.com\\\/fr_ca\\\/skin-care-in-person\\\/\"]}]},{\"@type\":\"ImageObject\",\"inLanguage\":\"fr-CA\",\"@id\":\"https:\\\/\\\/theresource.norwex.com\\\/fr_ca\\\/skin-care-in-person\\\/#primaryimage\",\"url\":\"https:\\\/\\\/theresource.norwex.com\\\/wp-content\\\/uploads\\\/sites\\\/3\\\/2025\\\/06\\\/party-banner-new.jpg\",\"contentUrl\":\"https:\\\/\\\/theresource.norwex.com\\\/wp-content\\\/uploads\\\/sites\\\/3\\\/2025\\\/06\\\/party-banner-new.jpg\"},{\"@type\":\"BreadcrumbList\",\"@id\":\"https:\\\/\\\/theresource.norwex.com\\\/fr_ca\\\/skin-care-in-person\\\/#breadcrumb\",\"itemListElement\":[{\"@type\":\"ListItem\",\"position\":1,\"name\":\"Home\",\"item\":\"https:\\\/\\\/theresource.norwex.com\\\/fr_ca\\\/\"},{\"@type\":\"ListItem\",\"position\":2,\"name\":\"Skin Care In Person\"}]},{\"@type\":\"WebSite\",\"@id\":\"https:\\\/\\\/theresource.norwex.com\\\/fr_ca\\\/#website\",\"url\":\"https:\\\/\\\/theresource.norwex.com\\\/fr_ca\\\/\",\"name\":\"Norwex Resource French CA\",\"description\":\"Just another Norwex Multi Sites site\",\"publisher\":{\"@id\":\"https:\\\/\\\/theresource.norwex.com\\\/fr_ca\\\/#organization\"},\"potentialAction\":[{\"@type\":\"SearchAction\",\"target\":{\"@type\":\"EntryPoint\",\"urlTemplate\":\"https:\\\/\\\/theresource.norwex.com\\\/fr_ca\\\/?s={search_term_string}\"},\"query-input\":{\"@type\":\"PropertyValueSpecification\",\"valueRequired\":true,\"valueName\":\"search_term_string\"}}],\"inLanguage\":\"fr-CA\"},{\"@type\":\"Organization\",\"@id\":\"https:\\\/\\\/theresource.norwex.com\\\/fr_ca\\\/#organization\",\"name\":\"Norwex\",\"url\":\"https:\\\/\\\/theresource.norwex.com\\\/fr_ca\\\/\",\"logo\":{\"@type\":\"ImageObject\",\"inLanguage\":\"fr-CA\",\"@id\":\"https:\\\/\\\/theresource.norwex.com\\\/fr_ca\\\/#\\\/schema\\\/logo\\\/image\\\/\",\"url\":\"https:\\\/\\\/theresourcefr.norwex.com\\\/wp-content\\\/uploads\\\/sites\\\/5\\\/2023\\\/11\\\/Norwex-Resource.jpg\",\"contentUrl\":\"https:\\\/\\\/theresourcefr.norwex.com\\\/wp-content\\\/uploads\\\/sites\\\/5\\\/2023\\\/11\\\/Norwex-Resource.jpg\",\"width\":200,\"height\":200,\"caption\":\"Norwex\"},\"image\":{\"@id\":\"https:\\\/\\\/theresource.norwex.com\\\/fr_ca\\\/#\\\/schema\\\/logo\\\/image\\\/\"},\"sameAs\":[\"https:\\\/\\\/www.facebook.com\\\/Norwex\\\/\",\"https:\\\/\\\/x.com\\\/norwex\",\"http:\\\/\\\/pinterest.com\\\/norwex\\\/\",\"http:\\\/\\\/www.youtube.com\\\/norwex\"]}]}<\/script>\n<!-- \/ Yoast SEO plugin. -->","yoast_head_json":{"title":"Skin Care In Person - Norwex Resource French CA","robots":{"index":"index","follow":"follow","max-snippet":"max-snippet:-1","max-image-preview":"max-image-preview:large","max-video-preview":"max-video-preview:-1"},"canonical":"https:\/\/theresource.norwex.com\/fr_ca\/skin-care-in-person\/","og_locale":"fr_CA","og_type":"article","og_title":"Skin Care In Person - Norwex Resource French CA","og_description":"Soins de peau En Personne Tout d&rsquo;abord La pr\u00e9paration de la pr\u00e9sentation avec votre h\u00f4tesse (h\u00f4te) est la cl\u00e9. D\u00e9couvrez des conseils pour l\u2019Accompagnement de l\u2019h\u00f4tesse (h\u00f4te) ci-dessous. La d\u00e9mo ci-dessous vous donnera un exemple de lOrdre dans lequel partager les produits + des caract\u00e9ristiques cl\u00e9s \u00e0 partager. N&rsquo;h\u00e9sitez pas \u00e0 personnaliser le contenu! M\u00eame [&hellip;]","og_url":"https:\/\/theresource.norwex.com\/fr_ca\/skin-care-in-person\/","og_site_name":"Norwex Resource French CA","article_publisher":"https:\/\/www.facebook.com\/Norwex\/","article_modified_time":"2025-07-26T15:04:33+00:00","og_image":[{"url":"https:\/\/theresource.norwex.com\/wp-content\/uploads\/sites\/3\/2025\/06\/party-banner-new.jpg","type":"","width":"","height":""}],"twitter_card":"summary_large_image","twitter_site":"@norwex","twitter_misc":{"Estimation du temps de lecture":"2 minutes"},"schema":{"@context":"https:\/\/schema.org","@graph":[{"@type":"WebPage","@id":"https:\/\/theresource.norwex.com\/fr_ca\/skin-care-in-person\/","url":"https:\/\/theresource.norwex.com\/fr_ca\/skin-care-in-person\/","name":"Skin Care In Person - Norwex Resource French CA","isPartOf":{"@id":"https:\/\/theresource.norwex.com\/fr_ca\/#website"},"primaryImageOfPage":{"@id":"https:\/\/theresource.norwex.com\/fr_ca\/skin-care-in-person\/#primaryimage"},"image":{"@id":"https:\/\/theresource.norwex.com\/fr_ca\/skin-care-in-person\/#primaryimage"},"thumbnailUrl":"https:\/\/theresource.norwex.com\/wp-content\/uploads\/sites\/3\/2025\/06\/party-banner-new.jpg","datePublished":"2025-05-13T17:40:10+00:00","dateModified":"2025-07-26T15:04:33+00:00","breadcrumb":{"@id":"https:\/\/theresource.norwex.com\/fr_ca\/skin-care-in-person\/#breadcrumb"},"inLanguage":"fr-CA","potentialAction":[{"@type":"ReadAction","target":["https:\/\/theresource.norwex.com\/fr_ca\/skin-care-in-person\/"]}]},{"@type":"ImageObject","inLanguage":"fr-CA","@id":"https:\/\/theresource.norwex.com\/fr_ca\/skin-care-in-person\/#primaryimage","url":"https:\/\/theresource.norwex.com\/wp-content\/uploads\/sites\/3\/2025\/06\/party-banner-new.jpg","contentUrl":"https:\/\/theresource.norwex.com\/wp-content\/uploads\/sites\/3\/2025\/06\/party-banner-new.jpg"},{"@type":"BreadcrumbList","@id":"https:\/\/theresource.norwex.com\/fr_ca\/skin-care-in-person\/#breadcrumb","itemListElement":[{"@type":"ListItem","position":1,"name":"Home","item":"https:\/\/theresource.norwex.com\/fr_ca\/"},{"@type":"ListItem","position":2,"name":"Skin Care In Person"}]},{"@type":"WebSite","@id":"https:\/\/theresource.norwex.com\/fr_ca\/#website","url":"https:\/\/theresource.norwex.com\/fr_ca\/","name":"Norwex Resource French CA","description":"Just another Norwex Multi Sites site","publisher":{"@id":"https:\/\/theresource.norwex.com\/fr_ca\/#organization"},"potentialAction":[{"@type":"SearchAction","target":{"@type":"EntryPoint","urlTemplate":"https:\/\/theresource.norwex.com\/fr_ca\/?s={search_term_string}"},"query-input":{"@type":"PropertyValueSpecification","valueRequired":true,"valueName":"search_term_string"}}],"inLanguage":"fr-CA"},{"@type":"Organization","@id":"https:\/\/theresource.norwex.com\/fr_ca\/#organization","name":"Norwex","url":"https:\/\/theresource.norwex.com\/fr_ca\/","logo":{"@type":"ImageObject","inLanguage":"fr-CA","@id":"https:\/\/theresource.norwex.com\/fr_ca\/#\/schema\/logo\/image\/","url":"https:\/\/theresourcefr.norwex.com\/wp-content\/uploads\/sites\/5\/2023\/11\/Norwex-Resource.jpg","contentUrl":"https:\/\/theresourcefr.norwex.com\/wp-content\/uploads\/sites\/5\/2023\/11\/Norwex-Resource.jpg","width":200,"height":200,"caption":"Norwex"},"image":{"@id":"https:\/\/theresource.norwex.com\/fr_ca\/#\/schema\/logo\/image\/"},"sameAs":["https:\/\/www.facebook.com\/Norwex\/","https:\/\/x.com\/norwex","http:\/\/pinterest.com\/norwex\/","http:\/\/www.youtube.com\/norwex"]}]}},"_links":{"self":[{"href":"https:\/\/theresource.norwex.com\/fr_ca\/wp-json\/wp\/v2\/pages\/14605","targetHints":{"allow":["GET"]}}],"collection":[{"href":"https:\/\/theresource.norwex.com\/fr_ca\/wp-json\/wp\/v2\/pages"}],"about":[{"href":"https:\/\/theresource.norwex.com\/fr_ca\/wp-json\/wp\/v2\/types\/page"}],"author":[{"embeddable":true,"href":"https:\/\/theresource.norwex.com\/fr_ca\/wp-json\/wp\/v2\/users\/44"}],"replies":[{"embeddable":true,"href":"https:\/\/theresource.norwex.com\/fr_ca\/wp-json\/wp\/v2\/comments?post=14605"}],"version-history":[{"count":0,"href":"https:\/\/theresource.norwex.com\/fr_ca\/wp-json\/wp\/v2\/pages\/14605\/revisions"}],"wp:attachment":[{"href":"https:\/\/theresource.norwex.com\/fr_ca\/wp-json\/wp\/v2\/media?parent=14605"}],"wp:term":[{"taxonomy":"post_tag","embeddable":true,"href":"https:\/\/theresource.norwex.com\/fr_ca\/wp-json\/wp\/v2\/tags?post=14605"}],"curies":[{"name":"wp","href":"https:\/\/api.w.org\/{rel}","templated":true}]}}