{"id":14560,"date":"2025-05-07T16:28:50","date_gmt":"2025-05-07T21:28:50","guid":{"rendered":"https:\/\/theresource.norwex.com\/fr_ca\/?page_id=14560"},"modified":"2025-07-26T10:07:53","modified_gmt":"2025-07-26T15:07:53","slug":"sh5-ten-minute-demo","status":"publish","type":"page","link":"https:\/\/theresource.norwex.com\/fr_ca\/sh5-ten-minute-demo\/","title":{"rendered":"Sh5 Ten Minute Demo"},"content":{"rendered":"<div class=\"container quick-guide pp-header-new m-auto\">\n<div class=\"row qg-header pp-header m-auto\">\n<div class=\"col-sm-12 m-0 p-0\">\n<img decoding=\"async\" src=\"https:\/\/theresource.norwex.com\/wp-content\/uploads\/sites\/3\/2025\/06\/party-banner-new.jpg\" alt=\"party banner\" width=\"100%\" \/>\n<\/div>\n<\/div>\n<div class=\"row sub-title\">\n<div class=\"col-sm-10 m-auto\">\n<img decoding=\"async\" src=\"https:\/\/theresource.norwex.com\/wp-content\/uploads\/sites\/3\/2024\/06\/norwex-logo-white.png\" class=\"page-logo\" alt=\"norwex\" \/><\/p>\n<h1>5 Havre de s\u00e9curit\u00e9<\/h1>\n<h2>D\u00e9mo de 10 minutes<\/h2>\n<\/div>\n<\/div>\n<\/div>\n<div class=\"container parties-page mb-4\">\n<div class=\"row mt-5 gray-border\">\n<div class=\"col-sm-12\">\n<h2 class=\"mt-0\">Commencer<\/h2>\n<ul>\n<li>Ce plan est un guide \u2013 personnalisez-le pour qu\u2019il vous corresponde. Les vid\u00e9os et Cartes de partage vous montrent comment pr\u00e9senter un produit.<\/li>\n<li>L\u2019ic\u00f4ne \ud83c\udf31 vous indique une semence de r\u00e9servation ou de d\u00e9veloppement d\u2019\u00e9quipe. Elles sont importantes \u00e0 semer tout le long de votre \u00e9v\u00e8nement pour susciter l\u2019int\u00e9r\u00eat. <\/li>\n<li>Vous aurez besoin de la Suite bureautique pour partager votre site Web personnel et le Catalogue num\u00e9rique. Pour vous abonner, visitez votre Bureau de Conseill\u00e8re (er).<\/li>\n<li>Optionnel : Cr\u00e9ez un lien \u00ab Partager un panier \u00bb avant l\u2019\u00e9v\u00e8nement avec tous les articles que vous partagerez. C\u2019est un lien unique de magasinage pour vos invit\u00e9s, et ils ach\u00e8teront souvent le tout! Ils auront aussi l\u2019option de personnaliser le panier.<\/li>\n<\/ul>\n<ul class=\"button-list mt-5\">\n<li><a class=\"btn blue-btn\" type=\"button\" data-toggle=\"modal\" data-target=\"#videoModal2\" data-title=\"10 Minute Safe Haven 5 Presentation FR\" data-video=\"https:\/\/player.vimeo.com\/video\/1082343083?h=c3596aa47f\" data-site-link=\"https:\/\/vimeo.com\/1082343083\/c3596aa47f\" data-download=\"https:\/\/player.vimeo.com\/progressive_redirect\/download\/1082343083\/rendition\/720p\/10_minute_safe_haven_5_presentation_fr%20%28720p%29.mp4?loc=external&#038;signature=8774444052510a2d5dad8ef522d59c5a4ec492c2210ef0d405969ac509787b0d&#038;user_id=115820375\">Vid\u00e9o de la d\u00e9mo de 10 minutes<\/a><\/li>\n<li><a class=\"btn blue-btn\" href=\"https:\/\/theresource.norwex.com\/fr_ca\/host-coaching\/\" target=\"_blank\" rel=\"noopener nofollow\">Accompagnement de l&rsquo;h\u00f4tesse (h\u00f4te)<\/a><\/li>\n<li><a class=\"btn blue-btn\" href=\"https:\/\/theresource.norwex.com\/fr_ca\/host-coaching-follow-up\/\" target=\"_blank\" rel=\"noopener nofollow\">Suivi 2-2-2<\/a><\/li>\n<li><a class=\"btn blue-btn\" href=\"https:\/\/cdn.intelligencebank.com\/us\/share\/EPnB\/k7A3p\/GnMag\/original\/Partager%2Bun%2Bpanier%2B%28%2BShare%2Ba%2Bcart%29\" target=\"_blank\" rel=\"noopener nofollow\">Partager un panier \u00e9tape par \u00e9tape &#8211; PDF<\/a><\/li>\n<li><a class=\"btn blue-btn\" type=\"button\" data-toggle=\"modal\" data-target=\"#videoModal2\" data-title=\"French: Share a Cart\" data-video=\"https:\/\/player.vimeo.com\/video\/898140361?h=4c0ee9056b\" data-site-link=\"https:\/\/vimeo.com\/898140361\/4c0ee9056b\" data-download=\"\">Partager un panier Comment faire &#8211; Vid\u00e9o<\/a><\/li>\n<\/ul><\/div>\n<\/p><\/div>\n<div class=\"row mt-3 pt-1 gray-border\">\n<div class=\"col-sm-12\">\n<ul class=\"button-list\">\n<li><a class=\"btn blue-btn\" href=\"https:\/\/cdn.intelligencebank.com\/us\/share\/EPnB\/k7A3p\/AEzrE\/original\/Healthy+Home+Makeover+Flyer+-+FR\" target=\"_blank\" rel=\"noopener nofollow\">Circulaire un foyer sain<\/a><\/li>\n<\/ul>\n<h2>Avant la d\u00e9mo<\/h2>\n<p>Envoy\u00e9 la circulaire Un foyer sain aux invit\u00e9s <span class=\"tip-text\">(lien ci-dessus)<\/span><\/p>\n<p>Cr\u00e9ez un lien \u201cPartager un panier\u201d avec l\u2019Ensemble 5 Havre de s\u00e9curit\u00e9 de votre choix + un Syst\u00e8me vadrouille sup\u00e9rieure <span class=\"tip-text\">(instructions ci-dessus)<\/span><\/p>\n<p>Rassemblez vos produits et accessoires<\/p>\n<ol>\n<li>1 ou 2 ballons.<\/li>\n<li>Poivre fin (quelques cuill\u00e8res \u00e0 soupe).<\/li>\n<li>Farine (quelques cuill\u00e8res \u00e0 soupe).<\/li>\n<li>Ensemble 5 Havre de s\u00e9curit\u00e9 et chaque type de d\u00e9tergents.<\/li>\n<li>Syst\u00e8me vadrouille sup\u00e9rieure.<\/li>\n<li>Grand verre transparent avec de l\u2019eau.<\/li>\n<li>Suggestion d\u2019ingr\u00e9dients pour une d\u00e9mo 2.0 avec du beurre : beurre, baume \u00e0 l\u00e8vres, dentifrice, confiture \u2013 soyez cr\u00e9ative et amusez-vous!<\/li>\n<li>Marqueur permanent et tuile.<\/li>\n<\/ol><\/div>\n<\/p><\/div>\n<div class=\"row gray-border\">\n<div class=\"col-sm-12\">\n<h2>Pendant la d\u00e9mo<\/h2>\n<p>Faites les d\u00e9monstrations indiqu\u00e9es ci-dessous.<\/p>\n<p>L&rsquo;\u00e9v\u00e8nement se focalise plus sur des d\u00e9monstrations convaincantes et moins sur les informations.<\/p>\n<p class=\"heading-text\">D\u00e9monstrations :<\/p>\n<ol>\n<li>D\u00e9mo du ballon avec le poivre.<\/li>\n<li>D\u00e9mo de la Mitaine pour \u00e9pousseter avec le poivre. <\/li>\n<li>D\u00e9mo du Coussin pour \u00e9pousseter avec la farine.<\/li>\n<li>D\u00e9mo du EnviroCloth\u00ae Linge Enviro dans un verre d\u2019eau pour montrer son pouvoir absorbant.<\/li>\n<li>D\u00e9mo 2.0 avec du beurre (avec le Linge Enviro et le Linge \u00e0 fen\u00eatre) \u2013 voir les ingr\u00e9dients ci-dessus.<\/li>\n<li>D\u00e9mo du Coussin pour laver.<\/li>\n<li>D\u00e9mo de la P\u00e2te nettoyante puissante et du Linge Enviro avec le marqueur permanent et la tuile.<\/li>\n<li>Ultra Power Plus\u2122 et D\u00e9tergent liquide \u00e0 lessive pr\u00e9m\u00e9lang\u00e9s dans des pots. Montrez les Bandes de d\u00e9tergent \u00e0 lessive Lavage-\u00e9co se dissolvant en direct pendant la d\u00e9mo.<\/li>\n<\/ol><\/div>\n<\/p><\/div>\n<div class=\"row gray-border\">\n<div class=\"col-sm-12\">\n<h2>Apr\u00e8s la d\u00e9mo<\/h2>\n<p class=\"heading-text\">Conclusion<\/p>\n<p>\ud83c\udf31Avant de terminer cet \u00e9v\u00e8nement, si j\u2019ai dit quoi que ce soit qui a piqu\u00e9 votre int\u00e9r\u00eat sur la partie affaires de Norwex, je serais ravie d\u2019avoir une petite conversation de 10 minutes avec vous. Faites-moi signe au moment de prendre les commandes!<\/p>\n<p>\ud83c\udf31Lorsque j\u2019ai partag\u00e9 Norwex, avez-vous tout de suite pens\u00e9 \u00e0 quelqu\u2019un qui aimerait : <\/p>\n<ol>\n<li>\u00c9conomiser sur des produits m\u00e9nagers s\u00e9curitaires.<\/li>\n<li>D\u00e9teste nettoyer et aimerait se d\u00e9gager plus de temps dans sa journ\u00e9e.<\/li>\n<li>A la passion de retirer les produits chimiques toxiques de sa maison.<\/li>\n<\/ol>\n<p>Si c\u2019est le cas, parlons de partager Norwex avec vos amis et votre famille! Les h\u00f4tesses (h\u00f4tes) Norwex ont l\u2019occasion d\u2019obtenir des cr\u00e9dits <span class=\"tip-text\">(pour des produits gratuits)<\/span>, des articles \u00e0 50 % de rabais et la livraison gratuite.<\/p>\n<p>Merci d\u2019avoir particip\u00e9 \u00e0 l\u2019\u00e9v\u00e8nement de <span class=\"tip-text\">(ins\u00e9rez le nom de l\u2019h\u00f4tesse (h\u00f4te))<\/span>! J\u2019esp\u00e8re que vous avez pass\u00e9 un bon moment et appris beaucoup. Je suis l\u00e0 si vous avez de questions, alors n\u2019h\u00e9sitez pas \u00e0 en poser! <\/p>\n<p>Si vous \u00eates pr\u00eats \u00e0 commander, j\u2019ai ajout\u00e9 tous les articles dont nous avons parl\u00e9 \u00e0 un panier et je peux vous envoyer le lien directement pour passer une commande. <span class=\"tip-text\">(Demandez leur num\u00e9ro de t\u00e9l\u00e9phone aux invit\u00e9s pour leur envoyer le lien \u00ab Partager un panier \u00bb)<\/span>.<\/p>\n<p class=\"tip-text\">Conseils :<\/p>\n<ul class=\"tip-text\">\n<li>R\u00e9f\u00e9rez-vous \u00e0 la circulaire <a href=\"https:\/\/cdn.intelligencebank.com\/us\/share\/EPnB\/k7A3p\/BV8JR\/original\/25523+Norwex+Perks+Flyer_FR\" target=\"_blank\" rel=\"noopener nofollow\">Les avantages Norwex<\/a> pour les d\u00e9tails d\u2019admissibilit\u00e9.<\/li>\n<li>Partagez ce que vos derni\u00e8res h\u00f4tesses (h\u00f4tes) ont obtenu gratuitement ou en rabais. <\/li>\n<li>Envoyez votre lien \u00ab Partager un panier \u00bb par texto \u00e0 tous les invit\u00e9s pour faciliter la prise de commandes. Rappelez-leur qu\u2019ils peuvent commander tout le panier ou le personnaliser!<\/li>\n<li>L\u2019une des meilleures fa\u00e7ons de maintenir le lien avec vos invit\u00e9s est d\u2019avoir un groupe Facebook s\u00e9par\u00e9 (Groupe VIP). Dites aux invit\u00e9s que c\u2019est l\u00e0 que vous partagez les promotions et des infos sur les produits.<\/li>\n<\/ul><\/div>\n<\/p><\/div>\n<div class=\"row gray-border mt-5\">\n<div class=\"col-sm-12\">\n<p class=\"heading-text\">Prise de commande<\/p>\n<p>Personnalisez la prise de commande selon les probl\u00e8mes que chaque invit\u00e9 a partag\u00e9 et les solutions que vous pouvez offrir. Ne mettez personne de c\u00f4t\u00e9, proposez une invitation pour accueillir un \u00e9v\u00e8nement ou se joindre \u00e0 tout le monde.<\/p>\n<p>\u00c0 chaque personne, revoyez la commande et demandez : quelle a \u00e9t\u00e9 votre partie pr\u00e9f\u00e9r\u00e9e de l\u2019\u00e9v\u00e8nement? Je vous ai envoy\u00e9 le lien vers un panier de magasinage pour faciliter la prise de commande, y a-t-il quelque chose que vous aimeriez ajouter?<\/p>\n<p>\ud83c\udf31Pendant que je partageais Norwex, avez-vous pens\u00e9 \u00e0 quelqu\u2019un qui aimerait s\u00fbrement en apprendre plus sur ces produits?<\/p>\n<p>\ud83c\udf31Que diriez-vous de faire ce que (nom de l\u2019h\u00f4tesse (h\u00f4te)) a fait ce soir? Accueillir un \u00e9v\u00e8nement Norwex peut vous aider \u00e0 \u00e9conomiser de l\u2019argent et du temps, tout en r\u00e9duisant les toxines dans votre maison&#8230; <\/p>\n<p>Je tiens aussi des \u00e9v\u00e8nements en ligne (d\u00e9tails)! Je serais ravie de vous aider \u00e0 sensibiliser votre cercle d\u2019amis sur des fa\u00e7ons plus s\u00fbres de nettoyer.<\/p>\n<p>\ud83c\udf31Ai-je un peu piqu\u00e9 votre int\u00e9r\u00eat sur le c\u00f4t\u00e9 affaires de Norwex\u2026 Quelles questions avez-vous?<\/p>\n<p class=\"tip-text\">Conseils :<\/p>\n<ul class=\"tip-text\">\n<li>Obtenez les coordonn\u00e9es des invit\u00e9s pour leur envoyer ce qui suit : le catalogue num\u00e9rique, le lien de commande, la p\u00e9riode de prise de commande, un incitatif sp\u00e9cial comme une promo Cendrillon (commandez avant minuit le soir m\u00eame).<\/li>\n<li>Pendant que vous prenez les commandes des invit\u00e9s, demandez \u00e0 chaque personne d\u2019accueillir son propre \u00e9v\u00e8nement, et si elle a des questions sur la partie affaires de Norwex.<\/li>\n<li>Pour toutes les personnes qui ont des questions sur Norwex, pr\u00e9voyez un moment pour r\u00e9pondre \u00e0 leurs questions. Dites-leur qu\u2019elles obtiennent un rabais de 35 % sur leurs commandes personnelles et 35 % sur tout ce qu\u2019elles vendent. (Ex : vendez 100 $, obtenez 35 $).<\/li>\n<li>Vous voulez plus d\u2019informations sur l\u2019Occasion d\u2019affaires pour vos invit\u00e9s? Voici le <a href=\"https:\/\/docs.google.com\/forms\/d\/e\/1FAIpQLSd4yOl_E66cd5SAJTKUtSVjAM-SBfGMRVK4sMWuEXEbe6wofg\/viewform\" target=\"_blank\" rel=\"noopener nofollow\">lien vers la FAQ<\/a>.<\/li>\n<li>Dites aux personnes qui ont choisi de magasiner en tant client uniquement qu\u2019elles peuvent obtenir des Cr\u00e9dits Norwex* \u00e0 utiliser sur de futurs achats. Elles peuvent ouvrir un compte personnel, partager leur lien personnel et obtenir 10 % en cr\u00e9dit Norwex sur toutes les ventes issues du lien personnel.<\/li>\n<\/ul><\/div>\n<\/p><\/div>\n<div class=\"row mt-5\">\n<div class=\"col-sm-12\">\n<p class=\"heading-text\">Remerciement et derni\u00e8re chance<\/p>\n<p>Dernier rappel que le lien de commande de l\u2019\u00e9v\u00e8nement de <span class=\"tip-text\">(nom de l\u2019h\u00f4tesse (h\u00f4te))<\/span> ferme \u00e0 <span class=\"tip-text\">(ins\u00e9rez l\u2019heure)<\/span>.<\/p>\n<p>\ud83c\udf31 La fa\u00e7on dont Norwex peut s\u2019adapter \u00e0 votre vie vous int\u00e9resse <span class=\"tip-text\">(Conseill\u00e8re (er), r\u00e9servation de votre propre \u00e9v\u00e8nement pour pr\u00e9senter Norwex \u00e0 vos amis et votre famille, ou peut-\u00eatre commander un produit qui r\u00e9soudra un de vos plus gros enjeux de nettoyage)<\/span>? Aujourd\u2019hui est le dernier jour pour nous assurer que <span class=\"tip-text\">(nom de l\u2019h\u00f4tesse (h\u00f4te))<\/span> obtienne des cr\u00e9dits.<\/p>\n<p>Je serais ravie de vous aider! Envoyez-moi un message priv\u00e9 ou un texto si vous avez besoin d\u2019aide. <span class=\"tip-text\">(Ins\u00e9rez votre num\u00e9ro de t\u00e9l\u00e9phone)<\/span>.<\/p>\n<p>Vous voulez commander? <span class=\"tip-text\">(Ins\u00e9rez le lien pour commander ou partagez un panier)<\/span>.<\/p>\n<p>Enfin, je vous invite \u00e0 rejoindre mon groupe VIP Facebook! Je partage des conseils et des astuces sur l\u2019utilisation des produits, et de nombreuses autres astuces! <span class=\"tip-text\">(Ins\u00e9rez le lien du groupe)<\/span>. J\u2019esp\u00e8re vous y retrouver!<\/p>\n<p>Merci encore d\u2019avoir particip\u00e9 \u00e0 cet \u00e9v\u00e8nement! J\u2019ai pris beaucoup de plaisir!<\/p>\n<p><span class=\"tip-text\">(Ins\u00e9rez votre nom de Conseill\u00e8re (er))<\/span><\/p>\n<p class=\"tip-text\">Conseil :<\/p>\n<ul class=\"tip-text\">\n<li>Personnalisez cette prise de contact en fonction de ce que vous avez d\u00e9j\u00e0 partag\u00e9. Ne partagez pas toutes les informations ci-dessus au m\u00eame moment.<\/li>\n<\/ul><\/div>\n<\/p><\/div>\n<\/div>\n","protected":false},"excerpt":{"rendered":"<p>5 Havre de s\u00e9curit\u00e9 D\u00e9mo de 10 minutes Commencer Ce plan est un guide \u2013 personnalisez-le pour qu\u2019il vous corresponde. Les vid\u00e9os et Cartes de partage vous montrent comment pr\u00e9senter un produit. L\u2019ic\u00f4ne \ud83c\udf31 vous indique une semence de r\u00e9servation ou de d\u00e9veloppement d\u2019\u00e9quipe. Elles sont importantes \u00e0 semer tout le long de votre \u00e9v\u00e8nement [&hellip;]<\/p>\n","protected":false},"author":44,"featured_media":0,"parent":0,"menu_order":0,"comment_status":"closed","ping_status":"closed","template":"","meta":{"footnotes":""},"tags":[],"class_list":["post-14560","page","type-page","status-publish","hentry"],"yoast_head":"<!-- This site is optimized with the Yoast SEO plugin v27.3 - https:\/\/yoast.com\/product\/yoast-seo-wordpress\/ -->\n<title>Sh5 Ten Minute Demo - Norwex Resource French CA<\/title>\n<meta name=\"robots\" content=\"index, follow, max-snippet:-1, max-image-preview:large, max-video-preview:-1\" \/>\n<link rel=\"canonical\" href=\"https:\/\/theresource.norwex.com\/fr_ca\/sh5-ten-minute-demo\/\" \/>\n<meta property=\"og:locale\" content=\"fr_CA\" \/>\n<meta property=\"og:type\" content=\"article\" \/>\n<meta property=\"og:title\" content=\"Sh5 Ten Minute Demo - Norwex Resource French CA\" \/>\n<meta property=\"og:description\" content=\"5 Havre de s\u00e9curit\u00e9 D\u00e9mo de 10 minutes Commencer Ce plan est un guide \u2013 personnalisez-le pour qu\u2019il vous corresponde. Les vid\u00e9os et Cartes de partage vous montrent comment pr\u00e9senter un produit. L\u2019ic\u00f4ne \ud83c\udf31 vous indique une semence de r\u00e9servation ou de d\u00e9veloppement d\u2019\u00e9quipe. Elles sont importantes \u00e0 semer tout le long de votre \u00e9v\u00e8nement [&hellip;]\" \/>\n<meta property=\"og:url\" content=\"https:\/\/theresource.norwex.com\/fr_ca\/sh5-ten-minute-demo\/\" \/>\n<meta property=\"og:site_name\" content=\"Norwex Resource French CA\" \/>\n<meta property=\"article:publisher\" content=\"https:\/\/www.facebook.com\/Norwex\/\" \/>\n<meta property=\"article:modified_time\" content=\"2025-07-26T15:07:53+00:00\" \/>\n<meta property=\"og:image\" content=\"https:\/\/theresource.norwex.com\/wp-content\/uploads\/sites\/3\/2025\/06\/party-banner-new.jpg\" \/>\n<meta name=\"twitter:card\" content=\"summary_large_image\" \/>\n<meta name=\"twitter:site\" content=\"@norwex\" \/>\n<meta name=\"twitter:label1\" content=\"Estimation du temps de lecture\" \/>\n\t<meta name=\"twitter:data1\" content=\"7 minutes\" \/>\n<script type=\"application\/ld+json\" class=\"yoast-schema-graph\">{\"@context\":\"https:\\\/\\\/schema.org\",\"@graph\":[{\"@type\":\"WebPage\",\"@id\":\"https:\\\/\\\/theresource.norwex.com\\\/fr_ca\\\/sh5-ten-minute-demo\\\/\",\"url\":\"https:\\\/\\\/theresource.norwex.com\\\/fr_ca\\\/sh5-ten-minute-demo\\\/\",\"name\":\"Sh5 Ten Minute Demo - Norwex Resource French CA\",\"isPartOf\":{\"@id\":\"https:\\\/\\\/theresource.norwex.com\\\/fr_ca\\\/#website\"},\"primaryImageOfPage\":{\"@id\":\"https:\\\/\\\/theresource.norwex.com\\\/fr_ca\\\/sh5-ten-minute-demo\\\/#primaryimage\"},\"image\":{\"@id\":\"https:\\\/\\\/theresource.norwex.com\\\/fr_ca\\\/sh5-ten-minute-demo\\\/#primaryimage\"},\"thumbnailUrl\":\"https:\\\/\\\/theresource.norwex.com\\\/wp-content\\\/uploads\\\/sites\\\/3\\\/2025\\\/06\\\/party-banner-new.jpg\",\"datePublished\":\"2025-05-07T21:28:50+00:00\",\"dateModified\":\"2025-07-26T15:07:53+00:00\",\"breadcrumb\":{\"@id\":\"https:\\\/\\\/theresource.norwex.com\\\/fr_ca\\\/sh5-ten-minute-demo\\\/#breadcrumb\"},\"inLanguage\":\"fr-CA\",\"potentialAction\":[{\"@type\":\"ReadAction\",\"target\":[\"https:\\\/\\\/theresource.norwex.com\\\/fr_ca\\\/sh5-ten-minute-demo\\\/\"]}]},{\"@type\":\"ImageObject\",\"inLanguage\":\"fr-CA\",\"@id\":\"https:\\\/\\\/theresource.norwex.com\\\/fr_ca\\\/sh5-ten-minute-demo\\\/#primaryimage\",\"url\":\"https:\\\/\\\/theresource.norwex.com\\\/wp-content\\\/uploads\\\/sites\\\/3\\\/2025\\\/06\\\/party-banner-new.jpg\",\"contentUrl\":\"https:\\\/\\\/theresource.norwex.com\\\/wp-content\\\/uploads\\\/sites\\\/3\\\/2025\\\/06\\\/party-banner-new.jpg\"},{\"@type\":\"BreadcrumbList\",\"@id\":\"https:\\\/\\\/theresource.norwex.com\\\/fr_ca\\\/sh5-ten-minute-demo\\\/#breadcrumb\",\"itemListElement\":[{\"@type\":\"ListItem\",\"position\":1,\"name\":\"Home\",\"item\":\"https:\\\/\\\/theresource.norwex.com\\\/fr_ca\\\/\"},{\"@type\":\"ListItem\",\"position\":2,\"name\":\"Sh5 Ten Minute Demo\"}]},{\"@type\":\"WebSite\",\"@id\":\"https:\\\/\\\/theresource.norwex.com\\\/fr_ca\\\/#website\",\"url\":\"https:\\\/\\\/theresource.norwex.com\\\/fr_ca\\\/\",\"name\":\"Norwex Resource French CA\",\"description\":\"Just another Norwex Multi Sites site\",\"publisher\":{\"@id\":\"https:\\\/\\\/theresource.norwex.com\\\/fr_ca\\\/#organization\"},\"potentialAction\":[{\"@type\":\"SearchAction\",\"target\":{\"@type\":\"EntryPoint\",\"urlTemplate\":\"https:\\\/\\\/theresource.norwex.com\\\/fr_ca\\\/?s={search_term_string}\"},\"query-input\":{\"@type\":\"PropertyValueSpecification\",\"valueRequired\":true,\"valueName\":\"search_term_string\"}}],\"inLanguage\":\"fr-CA\"},{\"@type\":\"Organization\",\"@id\":\"https:\\\/\\\/theresource.norwex.com\\\/fr_ca\\\/#organization\",\"name\":\"Norwex\",\"url\":\"https:\\\/\\\/theresource.norwex.com\\\/fr_ca\\\/\",\"logo\":{\"@type\":\"ImageObject\",\"inLanguage\":\"fr-CA\",\"@id\":\"https:\\\/\\\/theresource.norwex.com\\\/fr_ca\\\/#\\\/schema\\\/logo\\\/image\\\/\",\"url\":\"https:\\\/\\\/theresourcefr.norwex.com\\\/wp-content\\\/uploads\\\/sites\\\/5\\\/2023\\\/11\\\/Norwex-Resource.jpg\",\"contentUrl\":\"https:\\\/\\\/theresourcefr.norwex.com\\\/wp-content\\\/uploads\\\/sites\\\/5\\\/2023\\\/11\\\/Norwex-Resource.jpg\",\"width\":200,\"height\":200,\"caption\":\"Norwex\"},\"image\":{\"@id\":\"https:\\\/\\\/theresource.norwex.com\\\/fr_ca\\\/#\\\/schema\\\/logo\\\/image\\\/\"},\"sameAs\":[\"https:\\\/\\\/www.facebook.com\\\/Norwex\\\/\",\"https:\\\/\\\/x.com\\\/norwex\",\"http:\\\/\\\/pinterest.com\\\/norwex\\\/\",\"http:\\\/\\\/www.youtube.com\\\/norwex\"]}]}<\/script>\n<!-- \/ Yoast SEO plugin. -->","yoast_head_json":{"title":"Sh5 Ten Minute Demo - Norwex Resource French CA","robots":{"index":"index","follow":"follow","max-snippet":"max-snippet:-1","max-image-preview":"max-image-preview:large","max-video-preview":"max-video-preview:-1"},"canonical":"https:\/\/theresource.norwex.com\/fr_ca\/sh5-ten-minute-demo\/","og_locale":"fr_CA","og_type":"article","og_title":"Sh5 Ten Minute Demo - Norwex Resource French CA","og_description":"5 Havre de s\u00e9curit\u00e9 D\u00e9mo de 10 minutes Commencer Ce plan est un guide \u2013 personnalisez-le pour qu\u2019il vous corresponde. Les vid\u00e9os et Cartes de partage vous montrent comment pr\u00e9senter un produit. L\u2019ic\u00f4ne \ud83c\udf31 vous indique une semence de r\u00e9servation ou de d\u00e9veloppement d\u2019\u00e9quipe. Elles sont importantes \u00e0 semer tout le long de votre \u00e9v\u00e8nement [&hellip;]","og_url":"https:\/\/theresource.norwex.com\/fr_ca\/sh5-ten-minute-demo\/","og_site_name":"Norwex Resource French CA","article_publisher":"https:\/\/www.facebook.com\/Norwex\/","article_modified_time":"2025-07-26T15:07:53+00:00","og_image":[{"url":"https:\/\/theresource.norwex.com\/wp-content\/uploads\/sites\/3\/2025\/06\/party-banner-new.jpg","type":"","width":"","height":""}],"twitter_card":"summary_large_image","twitter_site":"@norwex","twitter_misc":{"Estimation du temps de lecture":"7 minutes"},"schema":{"@context":"https:\/\/schema.org","@graph":[{"@type":"WebPage","@id":"https:\/\/theresource.norwex.com\/fr_ca\/sh5-ten-minute-demo\/","url":"https:\/\/theresource.norwex.com\/fr_ca\/sh5-ten-minute-demo\/","name":"Sh5 Ten Minute Demo - Norwex Resource French CA","isPartOf":{"@id":"https:\/\/theresource.norwex.com\/fr_ca\/#website"},"primaryImageOfPage":{"@id":"https:\/\/theresource.norwex.com\/fr_ca\/sh5-ten-minute-demo\/#primaryimage"},"image":{"@id":"https:\/\/theresource.norwex.com\/fr_ca\/sh5-ten-minute-demo\/#primaryimage"},"thumbnailUrl":"https:\/\/theresource.norwex.com\/wp-content\/uploads\/sites\/3\/2025\/06\/party-banner-new.jpg","datePublished":"2025-05-07T21:28:50+00:00","dateModified":"2025-07-26T15:07:53+00:00","breadcrumb":{"@id":"https:\/\/theresource.norwex.com\/fr_ca\/sh5-ten-minute-demo\/#breadcrumb"},"inLanguage":"fr-CA","potentialAction":[{"@type":"ReadAction","target":["https:\/\/theresource.norwex.com\/fr_ca\/sh5-ten-minute-demo\/"]}]},{"@type":"ImageObject","inLanguage":"fr-CA","@id":"https:\/\/theresource.norwex.com\/fr_ca\/sh5-ten-minute-demo\/#primaryimage","url":"https:\/\/theresource.norwex.com\/wp-content\/uploads\/sites\/3\/2025\/06\/party-banner-new.jpg","contentUrl":"https:\/\/theresource.norwex.com\/wp-content\/uploads\/sites\/3\/2025\/06\/party-banner-new.jpg"},{"@type":"BreadcrumbList","@id":"https:\/\/theresource.norwex.com\/fr_ca\/sh5-ten-minute-demo\/#breadcrumb","itemListElement":[{"@type":"ListItem","position":1,"name":"Home","item":"https:\/\/theresource.norwex.com\/fr_ca\/"},{"@type":"ListItem","position":2,"name":"Sh5 Ten Minute Demo"}]},{"@type":"WebSite","@id":"https:\/\/theresource.norwex.com\/fr_ca\/#website","url":"https:\/\/theresource.norwex.com\/fr_ca\/","name":"Norwex Resource French CA","description":"Just another Norwex Multi Sites site","publisher":{"@id":"https:\/\/theresource.norwex.com\/fr_ca\/#organization"},"potentialAction":[{"@type":"SearchAction","target":{"@type":"EntryPoint","urlTemplate":"https:\/\/theresource.norwex.com\/fr_ca\/?s={search_term_string}"},"query-input":{"@type":"PropertyValueSpecification","valueRequired":true,"valueName":"search_term_string"}}],"inLanguage":"fr-CA"},{"@type":"Organization","@id":"https:\/\/theresource.norwex.com\/fr_ca\/#organization","name":"Norwex","url":"https:\/\/theresource.norwex.com\/fr_ca\/","logo":{"@type":"ImageObject","inLanguage":"fr-CA","@id":"https:\/\/theresource.norwex.com\/fr_ca\/#\/schema\/logo\/image\/","url":"https:\/\/theresourcefr.norwex.com\/wp-content\/uploads\/sites\/5\/2023\/11\/Norwex-Resource.jpg","contentUrl":"https:\/\/theresourcefr.norwex.com\/wp-content\/uploads\/sites\/5\/2023\/11\/Norwex-Resource.jpg","width":200,"height":200,"caption":"Norwex"},"image":{"@id":"https:\/\/theresource.norwex.com\/fr_ca\/#\/schema\/logo\/image\/"},"sameAs":["https:\/\/www.facebook.com\/Norwex\/","https:\/\/x.com\/norwex","http:\/\/pinterest.com\/norwex\/","http:\/\/www.youtube.com\/norwex"]}]}},"_links":{"self":[{"href":"https:\/\/theresource.norwex.com\/fr_ca\/wp-json\/wp\/v2\/pages\/14560","targetHints":{"allow":["GET"]}}],"collection":[{"href":"https:\/\/theresource.norwex.com\/fr_ca\/wp-json\/wp\/v2\/pages"}],"about":[{"href":"https:\/\/theresource.norwex.com\/fr_ca\/wp-json\/wp\/v2\/types\/page"}],"author":[{"embeddable":true,"href":"https:\/\/theresource.norwex.com\/fr_ca\/wp-json\/wp\/v2\/users\/44"}],"replies":[{"embeddable":true,"href":"https:\/\/theresource.norwex.com\/fr_ca\/wp-json\/wp\/v2\/comments?post=14560"}],"version-history":[{"count":0,"href":"https:\/\/theresource.norwex.com\/fr_ca\/wp-json\/wp\/v2\/pages\/14560\/revisions"}],"wp:attachment":[{"href":"https:\/\/theresource.norwex.com\/fr_ca\/wp-json\/wp\/v2\/media?parent=14560"}],"wp:term":[{"taxonomy":"post_tag","embeddable":true,"href":"https:\/\/theresource.norwex.com\/fr_ca\/wp-json\/wp\/v2\/tags?post=14560"}],"curies":[{"name":"wp","href":"https:\/\/api.w.org\/{rel}","templated":true}]}}