{"id":14506,"date":"2025-05-07T11:40:05","date_gmt":"2025-05-07T16:40:05","guid":{"rendered":"https:\/\/theresource.norwex.com\/fr_ca\/?page_id=14506"},"modified":"2025-07-26T10:06:02","modified_gmt":"2025-07-26T15:06:02","slug":"host-coaching","status":"publish","type":"page","link":"https:\/\/theresource.norwex.com\/fr_ca\/host-coaching\/","title":{"rendered":"Host Coaching Template"},"content":{"rendered":"<div class=\"container quick-guide pp-header-new m-auto\">\n<div class=\"row qg-header pp-header m-auto\">\n<div class=\"col-sm-12 m-0 p-0\">\n<img decoding=\"async\" src=\"https:\/\/theresource.norwex.com\/wp-content\/uploads\/sites\/3\/2025\/06\/party-banner-new.jpg\" alt=\"party banner\" width=\"100%\" \/>\n<\/div>\n<\/div>\n<div class=\"row sub-title\">\n<div class=\"col-sm-10 m-auto\">\n<img decoding=\"async\" src=\"https:\/\/theresource.norwex.com\/wp-content\/uploads\/sites\/3\/2024\/06\/norwex-logo-white.png\" class=\"page-logo\" alt=\"norwex\" \/><\/p>\n<h1>Accompagnement de l&rsquo;h\u00f4tesse (h\u00f4te)<\/h1>\n<h2> Mod\u00e8le <\/h2>\n<\/div>\n<\/div>\n<\/div>\n<div class=\"container parties-page mb-4\">\n<div class=\"row mt-5 gray-border\">\n<div class=\"col-sm-12\">\n<p><strong>Prenez plusieurs fois contact avec votre h\u00f4tesse (h\u00f4te) afin de d\u00e9velopper une relation et susciter l\u2019enthousiasme. (Souvenez-vous, elle n\u2019a probablement jamais fait cela auparavant.)<\/strong><\/p>\n<p>Les messages ci-dessous sont destin\u00e9s \u00e0 simplifier les choses pour votre h\u00f4tesse (h\u00f4te), tout en lui offrant d\u2019excellents conseils.<\/p>\n<ul class=\"mb-4 pb-1\">\n<li>Il vous suffit de copier et coller les messages et les images, et de les envoyer \u00e0 vos h\u00f4tesses (h\u00f4tes) confirm\u00e9es. (Personnalisez-les pour que cela vous ressemble!)<\/li>\n<li>Lorsque vous discutez de l\u2019ouverture d\u2019un compte de Conseill\u00e8re (er), assurez-vous de vous adapter en fonction des incitatifs d\u2019inscription disponibles pour le mois.<\/li>\n<\/ul>\n<p><strong>Options additionnelles :<\/strong><\/p>\n<ul>\n<li>Si vous utilisez Canva, <a href=\"https:\/\/www.canva.com\/design\/DAF77mB2wYo\/fSNmPhgQRnIBsko29B_BDg\/view?utm_content=DAF77mB2wYo&#038;utm_campaign=designshare&#038;utm_medium=link&#038;utm_source=publishsharelink&#038;mode=preview\" target=\"_blank\" rel=\"noopener nofollow\">cliquez ici<\/a> pour obtenir le mod\u00e8le de toutes les images ci-dessous. Sinon, copiez et collez les images existantes ci-dessous.<\/li>\n<li>Si vous utilisez Project Broadcast pour g\u00e9n\u00e9rer automatiquement vos textos gr\u00e2ce \u00e0 ce service externe payant, voici le code Project Broadcast : <strong>TJgLGJdmrNg<\/strong><\/li>\n<\/ul><\/div>\n<\/p><\/div>\n<div class=\"row gray-border\">\n<div class=\"col-sm-12\">\n<h2>Message 1<\/h2>\n<div class=\"row\">\n<div class=\"col-sm-12 col-md-7\">\n<p>Bonjour (ins\u00e9rez votre pr\u00e9nom)! Il est temps de commencer \u00e0 se pr\u00e9parer pour votre (inscrivez le type d\u2019\u00e9v\u00e8nement). Chaque jour, je vous enverrai des petites choses \u00e0 faire qui vous prendront moins de 10 minutes! Tout d\u2019abord\u2026 qui inviter!<\/p>\n<p>Utilisez l\u2019image pour vous aider \u00e0 r\u00e9fl\u00e9chir. \u00c9crivez des noms et cr\u00e9ez une liste sur votre t\u00e9l\u00e9phone. Ce sera d\u2019une grande aide lorsque vous enverrez les invitations et ferez des suivis.<\/p>\n<p>Conseil de pro : si une personne vous vient en t\u00eate, ajoutez-la \u00e0 la liste. M\u00eame si vous pensez qu\u2019une personne ne va pas venir ou n\u2019est pas int\u00e9ress\u00e9e, envoyez quand m\u00eame une invitation! J\u2019entends tout le temps \u00ab J\u2019aurais aim\u00e9 conna\u00eetre Norwex plus t\u00f4t! \u00bb de la part de clients qui connaissent des personnes qui ont accueilli des \u00e9v\u00e8nements avant. Faites la diff\u00e9rence dans la vie de quelqu\u2019un!<\/p>\n<p>Merci de r\u00e9pondre afin que je puisse savoir si vous avez re\u00e7u le message.<\/p>\n<\/p><\/div>\n<div class=\"col-sm-12 col-md-5\">\n               <img decoding=\"async\" src=\"https:\/\/theresource.norwex.com\/fr_ca\/wp-content\/uploads\/sites\/5\/2025\/05\/hc-message-1.png\" alt=\"host coaching message 1\" style=\"width: 100%; max-width: 350px; margin: 10px auto; display: block;\" \/>\n            <\/div>\n<\/p><\/div>\n<\/p><\/div>\n<\/p><\/div>\n<div class=\"row gray-border\">\n<div class=\"col-sm-12\">\n<h2>Message 2<\/h2>\n<p>Bonjour (ins\u00e9rez le pr\u00e9nom)! Continuez d\u2019ajouter des noms \u00e0 votre liste d\u2019invit\u00e9s en gardant ceci \u00e0 l\u2019esprit qu\u2019environ 30 % des gens que vous invitez pourront participer. Alors assurez-vous de \u00ab sur-inviter \u00bb! <\/p>\n<p>En tant qu\u2019h\u00f4tesse (h\u00f4te), vous aidez votre famille et vos amis en leur offrant une alternative plus s\u00fbre tout en \u00e9pargnant de l\u2019argent! Je sais que nous pourrions tous profiter d\u2019\u00e9conomiser un peu en ce moment!<\/p>\n<p>N&rsquo;oubliez pas, c\u2019est leur choix d\u2019accepter ou non. Mais c\u2019est un bon moment pour planter les semences du changement pour quelqu\u2019un; elles fleuriront plus tard. C\u2019est aussi une chose merveilleuse! <\/p>\n<\/p><\/div>\n<\/p><\/div>\n<div class=\"row gray-border\">\n<div class=\"col-sm-12\">\n<h2>Message 3<\/h2>\n<div class=\"row\">\n<div class=\"col-sm-12 col-md-7\">\n<p>C\u2019est excitant (ins\u00e9rez le pr\u00e9nom)\u2026 C\u2019est le moment de commencer \u00e0 envoyer les invitations! C\u2019est votre mission d\u2019aujourd\u2019hui et demain!<\/p>\n<p>Envoyer des invitations individuelles aide \u00e0 d\u00e9velopper des relations et une base solide pour la r\u00e9ussite de votre \u00e9v\u00e8nement. Si une personne n\u2019a pas dit \u00ab oui \u00bb pour participer \u00e0 l\u2019\u00e9v\u00e8nement, nous ne l\u2019inclurons pas. Cela aidera \u00e0 nous assurer que tous vos invit\u00e9s s\u2019impliqueront pendant l\u2019\u00e9v\u00e8nement! Envoyer des textos est excellent, mais inviter les gens en face \u00e0 face ou en personne est encore mieux!<\/p>\n<p>R\u00e9pondez \u00e0 ce message par \u00ab invitation \u00bb et je vous enverrai un mod\u00e8le d\u2019invitation pour vous aider \u00e0 vous lancer! <\/p>\n<\/p><\/div>\n<div class=\"col-sm-12 col-md-5\">\n               <img decoding=\"async\" src=\"https:\/\/theresource.norwex.com\/fr_ca\/wp-content\/uploads\/sites\/5\/2025\/05\/hc-message-3.png\" alt=\"host coaching message three\" style=\"width: 100%; max-width: 350px; margin: 10px auto; display: block;\" \/>\n            <\/div>\n<\/p><\/div>\n<\/p><\/div>\n<\/p><\/div>\n<div class=\"row gray-border\">\n<div class=\"col-sm-12\">\n<h2>Message 4<\/h2>\n<div class=\"row\">\n<div class=\"col-sm-12 col-md-7\">\n<p>Avant que l\u2019\u00e9v\u00e8nement ne commence (ins\u00e9rez le pr\u00e9nom), avez-vous pris le temps de r\u00e9fl\u00e9chir \u00e0 la possibilit\u00e9 d\u2019ouvrir un compte de Conseill\u00e8re (er)?<\/p>\n<p>Vous cherchez peut-\u00eatre une autre source de revenus. Vous aimez peut-\u00eatre l\u2019id\u00e9e d\u2019obtenir plus de Norwex \u00e0 35 % de rabais. Peut-\u00eatre cherchez-vous \u00e0 sortir de la routine 9 \u00e0 5 comme ce fut le cas pour moi.<\/p>\n<p>Quelles que soient vos raisons, j\u2019aimerais vous r\u00e9server du temps pour en parler. Vous pouvez me poser des questions, avoir des r\u00e9ponses claires et d\u00e9cider si Norwex vous convient (ou convient \u00e0 quelqu\u2019un que vous connaissez)! Se lancer est rapide et facile, et ne co\u00fbte que 10 $.<\/p>\n<p>Qu\u2019en dites-vous?! <\/p>\n<\/p><\/div>\n<div class=\"col-sm-12 col-md-5\">\n               <img decoding=\"async\" src=\"https:\/\/theresource.norwex.com\/fr_ca\/wp-content\/uploads\/sites\/5\/2025\/05\/hc-message-4.png\" alt=\"host coaching message four\" style=\"width: 100%; max-width: 350px; margin: 10px auto; display: block;\" \/>\n            <\/div>\n<\/p><\/div>\n<\/p><\/div>\n<\/p><\/div>\n<div class=\"row gray-border\">\n<div class=\"col-sm-12\">\n<h2>Message 5<\/h2>\n<div class=\"row\">\n<div class=\"col-sm-12 col-md-7\">\n<p>Bonjour! <\/p>\n<p>Continuez \u00e0 envoyer ces invitations et prenez en note toutes les personnes qui r\u00e9pondent \u00ab oui \u00bb. Je vais cr\u00e9er un groupe (par textos, sur Facebook, sur Messenger \u2013 ajustez selon l\u2019\u00e9v\u00e8nement que vous tiendrez).<\/p>\n<p>Comment se passent les invitations jusqu\u2019\u00e0 maintenant?!<\/p>\n<\/p><\/div>\n<div class=\"col-sm-12 col-md-5\">\n               <img decoding=\"async\" src=\"https:\/\/theresource.norwex.com\/fr_ca\/wp-content\/uploads\/sites\/5\/2025\/05\/hc-message-5.png\" alt=\"host coaching message five\" style=\"width: 100%; max-width: 350px; margin: 10px auto; display: block;\" \/>\n            <\/div>\n<\/p><\/div>\n<\/p><\/div>\n<\/p><\/div>\n<div class=\"row gray-border\">\n<div class=\"col-sm-12\">\n<h2>Message 6<\/h2>\n<p>Allons plus loin pour susciter l\u2019enthousiasme pour votre \u00e9v\u00e8nement sur vos r\u00e9seaux sociaux. Voici quelques id\u00e9es pour commencer, modifiez simplement le texte pour qu\u2019il vous ressemble!<\/p>\n<ol>\n<li>Prenez une photo \u00ab avant et apr\u00e8s \u00bb de quelque chose que vous avez nettoy\u00e9 et publiez-la. \u00ab Je suis \u00e9poustoufl\u00e9e! Je ne savais pas que je pouvais nettoyer avec uniquement de l\u2019eau et un linge! Mon (_____) n\u2019a jamais \u00e9t\u00e9 aussi beau! \u00bb <\/li>\n<li>Publiez une photo de quelque chose de tr\u00e8s poussi\u00e9reux ou sale chez vous et demandez : \u00ab Avez-vous d\u00e9j\u00e0 utilis\u00e9 ou entendu parler de Norwex avant? Quels produits devrais-je essayer?! \u00bb<\/li>\n<\/ol><\/div>\n<\/p><\/div>\n<div class=\"row gray-border\">\n<div class=\"col-sm-12\">\n<h2>Message 7<\/h2>\n<p>C\u2019est le grand jour! Pourriez-vous m&rsquo;envoyer la liste de toutes les personnes ayant r\u00e9pondu \u00ab oui \u00bb \u00e0 votre invitation? (Incluez les prochaines \u00e9tapes selon le type d\u2019\u00e9v\u00e8nement).<\/p>\n<p>N\u2019h\u00e9sitez pas \u00e0 me poser des questions \u2013 je suis l\u00e0 pour m\u2019assurer que cet \u00e9v\u00e8nement est une r\u00e9ussite pour vous!<\/p>\n<\/p><\/div>\n<\/p><\/div>\n<div class=\"row\">\n<div class=\"col-sm-12\">\n<h2>Keep in Touch<\/h2>\n<p class=\"text-center\" style=\"font-size: 20px;\">Assurez-vous de maintenir le contact avec votre h\u00f4tesse (h\u00f4te) pendant et apr\u00e8s votre \u00e9v\u00e8nement. Pour obtenir des conseils sur les suivis, <a href=\"https:\/\/theresource.norwex.com\/fr_ca\/host-coaching-follow-up\/\" target=\"_blank\" rel=\"noopener nofollow\">cliquez ici<\/a>.<\/p>\n<\/p><\/div>\n<\/p><\/div>\n<\/div>\n","protected":false},"excerpt":{"rendered":"<p>Accompagnement de l&rsquo;h\u00f4tesse (h\u00f4te) Mod\u00e8le Prenez plusieurs fois contact avec votre h\u00f4tesse (h\u00f4te) afin de d\u00e9velopper une relation et susciter l\u2019enthousiasme. (Souvenez-vous, elle n\u2019a probablement jamais fait cela auparavant.) Les messages ci-dessous sont destin\u00e9s \u00e0 simplifier les choses pour votre h\u00f4tesse (h\u00f4te), tout en lui offrant d\u2019excellents conseils. Il vous suffit de copier et coller [&hellip;]<\/p>\n","protected":false},"author":44,"featured_media":0,"parent":0,"menu_order":0,"comment_status":"closed","ping_status":"closed","template":"","meta":{"footnotes":""},"tags":[],"class_list":["post-14506","page","type-page","status-publish","hentry"],"yoast_head":"<!-- This site is optimized with the Yoast SEO plugin v27.3 - https:\/\/yoast.com\/product\/yoast-seo-wordpress\/ -->\n<title>Host Coaching Template - Norwex Resource French CA<\/title>\n<meta name=\"robots\" content=\"index, follow, max-snippet:-1, max-image-preview:large, max-video-preview:-1\" \/>\n<link rel=\"canonical\" href=\"https:\/\/theresource.norwex.com\/fr_ca\/host-coaching\/\" \/>\n<meta property=\"og:locale\" content=\"fr_CA\" \/>\n<meta property=\"og:type\" content=\"article\" \/>\n<meta property=\"og:title\" content=\"Host Coaching Template - Norwex Resource French CA\" \/>\n<meta property=\"og:description\" content=\"Accompagnement de l&rsquo;h\u00f4tesse (h\u00f4te) Mod\u00e8le Prenez plusieurs fois contact avec votre h\u00f4tesse (h\u00f4te) afin de d\u00e9velopper une relation et susciter l\u2019enthousiasme. (Souvenez-vous, elle n\u2019a probablement jamais fait cela auparavant.) Les messages ci-dessous sont destin\u00e9s \u00e0 simplifier les choses pour votre h\u00f4tesse (h\u00f4te), tout en lui offrant d\u2019excellents conseils. Il vous suffit de copier et coller [&hellip;]\" \/>\n<meta property=\"og:url\" content=\"https:\/\/theresource.norwex.com\/fr_ca\/host-coaching\/\" \/>\n<meta property=\"og:site_name\" content=\"Norwex Resource French CA\" \/>\n<meta property=\"article:publisher\" content=\"https:\/\/www.facebook.com\/Norwex\/\" \/>\n<meta property=\"article:modified_time\" content=\"2025-07-26T15:06:02+00:00\" \/>\n<meta property=\"og:image\" content=\"https:\/\/theresource.norwex.com\/wp-content\/uploads\/sites\/3\/2025\/06\/party-banner-new.jpg\" \/>\n<meta name=\"twitter:card\" content=\"summary_large_image\" \/>\n<meta name=\"twitter:site\" content=\"@norwex\" \/>\n<meta name=\"twitter:label1\" content=\"Estimation du temps de lecture\" \/>\n\t<meta name=\"twitter:data1\" content=\"6 minutes\" \/>\n<script type=\"application\/ld+json\" class=\"yoast-schema-graph\">{\"@context\":\"https:\\\/\\\/schema.org\",\"@graph\":[{\"@type\":\"WebPage\",\"@id\":\"https:\\\/\\\/theresource.norwex.com\\\/fr_ca\\\/host-coaching\\\/\",\"url\":\"https:\\\/\\\/theresource.norwex.com\\\/fr_ca\\\/host-coaching\\\/\",\"name\":\"Host Coaching Template - Norwex Resource French CA\",\"isPartOf\":{\"@id\":\"https:\\\/\\\/theresource.norwex.com\\\/fr_ca\\\/#website\"},\"primaryImageOfPage\":{\"@id\":\"https:\\\/\\\/theresource.norwex.com\\\/fr_ca\\\/host-coaching\\\/#primaryimage\"},\"image\":{\"@id\":\"https:\\\/\\\/theresource.norwex.com\\\/fr_ca\\\/host-coaching\\\/#primaryimage\"},\"thumbnailUrl\":\"https:\\\/\\\/theresource.norwex.com\\\/wp-content\\\/uploads\\\/sites\\\/3\\\/2025\\\/06\\\/party-banner-new.jpg\",\"datePublished\":\"2025-05-07T16:40:05+00:00\",\"dateModified\":\"2025-07-26T15:06:02+00:00\",\"breadcrumb\":{\"@id\":\"https:\\\/\\\/theresource.norwex.com\\\/fr_ca\\\/host-coaching\\\/#breadcrumb\"},\"inLanguage\":\"fr-CA\",\"potentialAction\":[{\"@type\":\"ReadAction\",\"target\":[\"https:\\\/\\\/theresource.norwex.com\\\/fr_ca\\\/host-coaching\\\/\"]}]},{\"@type\":\"ImageObject\",\"inLanguage\":\"fr-CA\",\"@id\":\"https:\\\/\\\/theresource.norwex.com\\\/fr_ca\\\/host-coaching\\\/#primaryimage\",\"url\":\"https:\\\/\\\/theresource.norwex.com\\\/wp-content\\\/uploads\\\/sites\\\/3\\\/2025\\\/06\\\/party-banner-new.jpg\",\"contentUrl\":\"https:\\\/\\\/theresource.norwex.com\\\/wp-content\\\/uploads\\\/sites\\\/3\\\/2025\\\/06\\\/party-banner-new.jpg\"},{\"@type\":\"BreadcrumbList\",\"@id\":\"https:\\\/\\\/theresource.norwex.com\\\/fr_ca\\\/host-coaching\\\/#breadcrumb\",\"itemListElement\":[{\"@type\":\"ListItem\",\"position\":1,\"name\":\"Home\",\"item\":\"https:\\\/\\\/theresource.norwex.com\\\/fr_ca\\\/\"},{\"@type\":\"ListItem\",\"position\":2,\"name\":\"Host Coaching Template\"}]},{\"@type\":\"WebSite\",\"@id\":\"https:\\\/\\\/theresource.norwex.com\\\/fr_ca\\\/#website\",\"url\":\"https:\\\/\\\/theresource.norwex.com\\\/fr_ca\\\/\",\"name\":\"Norwex Resource French CA\",\"description\":\"Just another Norwex Multi Sites site\",\"publisher\":{\"@id\":\"https:\\\/\\\/theresource.norwex.com\\\/fr_ca\\\/#organization\"},\"potentialAction\":[{\"@type\":\"SearchAction\",\"target\":{\"@type\":\"EntryPoint\",\"urlTemplate\":\"https:\\\/\\\/theresource.norwex.com\\\/fr_ca\\\/?s={search_term_string}\"},\"query-input\":{\"@type\":\"PropertyValueSpecification\",\"valueRequired\":true,\"valueName\":\"search_term_string\"}}],\"inLanguage\":\"fr-CA\"},{\"@type\":\"Organization\",\"@id\":\"https:\\\/\\\/theresource.norwex.com\\\/fr_ca\\\/#organization\",\"name\":\"Norwex\",\"url\":\"https:\\\/\\\/theresource.norwex.com\\\/fr_ca\\\/\",\"logo\":{\"@type\":\"ImageObject\",\"inLanguage\":\"fr-CA\",\"@id\":\"https:\\\/\\\/theresource.norwex.com\\\/fr_ca\\\/#\\\/schema\\\/logo\\\/image\\\/\",\"url\":\"https:\\\/\\\/theresourcefr.norwex.com\\\/wp-content\\\/uploads\\\/sites\\\/5\\\/2023\\\/11\\\/Norwex-Resource.jpg\",\"contentUrl\":\"https:\\\/\\\/theresourcefr.norwex.com\\\/wp-content\\\/uploads\\\/sites\\\/5\\\/2023\\\/11\\\/Norwex-Resource.jpg\",\"width\":200,\"height\":200,\"caption\":\"Norwex\"},\"image\":{\"@id\":\"https:\\\/\\\/theresource.norwex.com\\\/fr_ca\\\/#\\\/schema\\\/logo\\\/image\\\/\"},\"sameAs\":[\"https:\\\/\\\/www.facebook.com\\\/Norwex\\\/\",\"https:\\\/\\\/x.com\\\/norwex\",\"http:\\\/\\\/pinterest.com\\\/norwex\\\/\",\"http:\\\/\\\/www.youtube.com\\\/norwex\"]}]}<\/script>\n<!-- \/ Yoast SEO plugin. -->","yoast_head_json":{"title":"Host Coaching Template - Norwex Resource French CA","robots":{"index":"index","follow":"follow","max-snippet":"max-snippet:-1","max-image-preview":"max-image-preview:large","max-video-preview":"max-video-preview:-1"},"canonical":"https:\/\/theresource.norwex.com\/fr_ca\/host-coaching\/","og_locale":"fr_CA","og_type":"article","og_title":"Host Coaching Template - Norwex Resource French CA","og_description":"Accompagnement de l&rsquo;h\u00f4tesse (h\u00f4te) Mod\u00e8le Prenez plusieurs fois contact avec votre h\u00f4tesse (h\u00f4te) afin de d\u00e9velopper une relation et susciter l\u2019enthousiasme. (Souvenez-vous, elle n\u2019a probablement jamais fait cela auparavant.) Les messages ci-dessous sont destin\u00e9s \u00e0 simplifier les choses pour votre h\u00f4tesse (h\u00f4te), tout en lui offrant d\u2019excellents conseils. Il vous suffit de copier et coller [&hellip;]","og_url":"https:\/\/theresource.norwex.com\/fr_ca\/host-coaching\/","og_site_name":"Norwex Resource French CA","article_publisher":"https:\/\/www.facebook.com\/Norwex\/","article_modified_time":"2025-07-26T15:06:02+00:00","og_image":[{"url":"https:\/\/theresource.norwex.com\/wp-content\/uploads\/sites\/3\/2025\/06\/party-banner-new.jpg","type":"","width":"","height":""}],"twitter_card":"summary_large_image","twitter_site":"@norwex","twitter_misc":{"Estimation du temps de lecture":"6 minutes"},"schema":{"@context":"https:\/\/schema.org","@graph":[{"@type":"WebPage","@id":"https:\/\/theresource.norwex.com\/fr_ca\/host-coaching\/","url":"https:\/\/theresource.norwex.com\/fr_ca\/host-coaching\/","name":"Host Coaching Template - Norwex Resource French CA","isPartOf":{"@id":"https:\/\/theresource.norwex.com\/fr_ca\/#website"},"primaryImageOfPage":{"@id":"https:\/\/theresource.norwex.com\/fr_ca\/host-coaching\/#primaryimage"},"image":{"@id":"https:\/\/theresource.norwex.com\/fr_ca\/host-coaching\/#primaryimage"},"thumbnailUrl":"https:\/\/theresource.norwex.com\/wp-content\/uploads\/sites\/3\/2025\/06\/party-banner-new.jpg","datePublished":"2025-05-07T16:40:05+00:00","dateModified":"2025-07-26T15:06:02+00:00","breadcrumb":{"@id":"https:\/\/theresource.norwex.com\/fr_ca\/host-coaching\/#breadcrumb"},"inLanguage":"fr-CA","potentialAction":[{"@type":"ReadAction","target":["https:\/\/theresource.norwex.com\/fr_ca\/host-coaching\/"]}]},{"@type":"ImageObject","inLanguage":"fr-CA","@id":"https:\/\/theresource.norwex.com\/fr_ca\/host-coaching\/#primaryimage","url":"https:\/\/theresource.norwex.com\/wp-content\/uploads\/sites\/3\/2025\/06\/party-banner-new.jpg","contentUrl":"https:\/\/theresource.norwex.com\/wp-content\/uploads\/sites\/3\/2025\/06\/party-banner-new.jpg"},{"@type":"BreadcrumbList","@id":"https:\/\/theresource.norwex.com\/fr_ca\/host-coaching\/#breadcrumb","itemListElement":[{"@type":"ListItem","position":1,"name":"Home","item":"https:\/\/theresource.norwex.com\/fr_ca\/"},{"@type":"ListItem","position":2,"name":"Host Coaching Template"}]},{"@type":"WebSite","@id":"https:\/\/theresource.norwex.com\/fr_ca\/#website","url":"https:\/\/theresource.norwex.com\/fr_ca\/","name":"Norwex Resource French CA","description":"Just another Norwex Multi Sites site","publisher":{"@id":"https:\/\/theresource.norwex.com\/fr_ca\/#organization"},"potentialAction":[{"@type":"SearchAction","target":{"@type":"EntryPoint","urlTemplate":"https:\/\/theresource.norwex.com\/fr_ca\/?s={search_term_string}"},"query-input":{"@type":"PropertyValueSpecification","valueRequired":true,"valueName":"search_term_string"}}],"inLanguage":"fr-CA"},{"@type":"Organization","@id":"https:\/\/theresource.norwex.com\/fr_ca\/#organization","name":"Norwex","url":"https:\/\/theresource.norwex.com\/fr_ca\/","logo":{"@type":"ImageObject","inLanguage":"fr-CA","@id":"https:\/\/theresource.norwex.com\/fr_ca\/#\/schema\/logo\/image\/","url":"https:\/\/theresourcefr.norwex.com\/wp-content\/uploads\/sites\/5\/2023\/11\/Norwex-Resource.jpg","contentUrl":"https:\/\/theresourcefr.norwex.com\/wp-content\/uploads\/sites\/5\/2023\/11\/Norwex-Resource.jpg","width":200,"height":200,"caption":"Norwex"},"image":{"@id":"https:\/\/theresource.norwex.com\/fr_ca\/#\/schema\/logo\/image\/"},"sameAs":["https:\/\/www.facebook.com\/Norwex\/","https:\/\/x.com\/norwex","http:\/\/pinterest.com\/norwex\/","http:\/\/www.youtube.com\/norwex"]}]}},"_links":{"self":[{"href":"https:\/\/theresource.norwex.com\/fr_ca\/wp-json\/wp\/v2\/pages\/14506","targetHints":{"allow":["GET"]}}],"collection":[{"href":"https:\/\/theresource.norwex.com\/fr_ca\/wp-json\/wp\/v2\/pages"}],"about":[{"href":"https:\/\/theresource.norwex.com\/fr_ca\/wp-json\/wp\/v2\/types\/page"}],"author":[{"embeddable":true,"href":"https:\/\/theresource.norwex.com\/fr_ca\/wp-json\/wp\/v2\/users\/44"}],"replies":[{"embeddable":true,"href":"https:\/\/theresource.norwex.com\/fr_ca\/wp-json\/wp\/v2\/comments?post=14506"}],"version-history":[{"count":0,"href":"https:\/\/theresource.norwex.com\/fr_ca\/wp-json\/wp\/v2\/pages\/14506\/revisions"}],"wp:attachment":[{"href":"https:\/\/theresource.norwex.com\/fr_ca\/wp-json\/wp\/v2\/media?parent=14506"}],"wp:term":[{"taxonomy":"post_tag","embeddable":true,"href":"https:\/\/theresource.norwex.com\/fr_ca\/wp-json\/wp\/v2\/tags?post=14506"}],"curies":[{"name":"wp","href":"https:\/\/api.w.org\/{rel}","templated":true}]}}