{"id":13722,"date":"2024-09-30T13:27:58","date_gmt":"2024-09-30T18:27:58","guid":{"rendered":"https:\/\/theresource.norwex.com\/fr_ca\/?page_id=13722"},"modified":"2026-02-20T13:41:07","modified_gmt":"2026-02-20T19:41:07","slug":"team-building","status":"publish","type":"page","link":"https:\/\/theresource.norwex.com\/fr_ca\/team-building\/","title":{"rendered":"B\u00e2tir votre \u00e9quipe Norwex"},"content":{"rendered":"<div class=\"container team-building m-auto\">\n<div class=\"row tb-header m-auto py-0\">\n<div class=\"col-sm-12 col-md-6 m-0\">\n\t\t\t<img decoding=\"async\" src=\"https:\/\/theresource.norwex.com\/wp-content\/uploads\/sites\/3\/2024\/09\/Team_Building_Mobile_4.jpg\" alt=\"banner image\" class=\"mobile-img\"\/>\n\t\t<\/div>\n<div class=\"col-sm-12 col-md-6 m-0 title-container\">\n<h1 class=\"blue-txt\">B\u00e2tir votre \u00e9quipe Norwex<span style=\"font-size: 75%;\">\u00ae<\/span><\/h1>\n<p class=\"blue-txt\">Les possibilit\u00e9s sont infinies<\/p>\n<\/p><\/div>\n<\/p><\/div>\n<div class=\"row tb-body m-auto reverse-col\">\n<div class=\"col-sm-12 col-md-6 m-0 pl-0\">\n<h2 class=\"blut-txt\">Les avantages de b\u00e2tir une \u00e9quipe<\/h2>\n<p>D\u00e9couvrez comment b\u00e9n\u00e9ficier du d\u00e9veloppement de votre propre \u00e9quipe.<\/p>\n<ul>\n<li><span>En tant que Conseill\u00e8re (er), c\u2019est vous qui invitez, mais ce n\u2019est pas vous qui d\u00e9cidez. <a data-toggle=\"modal\" data-target=\"#videoModal2\" data-title=\"Pourquoi partager l'Occasion d'affaires\" data-video=\"https:\/\/player.vimeo.com\/video\/1008636180?h=95d1f56b8c\" data-site-link=\"https:\/\/www.vimeo.com\/1008636180\/95d1f56b8c\" data-download=\"https:\/\/player.vimeo.com\/progressive_redirect\/download\/1008636180\/rendition\/1080p\/pourquoi_partager_l%27occasion_d%27affaires%20%281080p%29.mp4?loc=external&#038;signature=c525bb431ff8750990914589e0eb453540b1ee7496cc8ce3298f8717ebfa1a8b&#038;user_id=115820375\" class=\"text-link\">Apprenez-en plus<\/a> sur l\u2019Occasion Norwex.<\/span><\/li>\n<li><span>Les <a href=\"https:\/\/cdn.intelligencebank.com\/us\/share\/EPnB\/k7A3p\/EVNXB\/original\/Benefits+and+Rewards+of+Team+Building+-+FR\" class=\"text-link\" target=\"_blank\" rel=\"noopener nofollow\">B\u00e9n\u00e9fices et r\u00e9compenses du D\u00e9veloppement d\u2019\u00e9quipe<\/a> sont des avantages que vous ne voulez pas manquer!<\/span><\/li>\n<li><span>En d\u00e9veloppant votre \u00e9quipe, vous donnez aussi de la valeur aux autres, <a href=\"https:\/\/www.norwex.com\/join?store=ca\" class=\"text-link\" target=\"_blank\" rel=\"noopener nofollow\">familiarisez-vous<\/a> avec les 5 raisons pour lesquelles les gens se joignent \u00e0 Norwex.<\/span><\/li>\n<\/ul>\n<h3>Conseil de pro<\/h3>\n<p class=\"mb-0\">Toujours dans vos 90 premiers jours? Obtenez des <a href=\"https:\/\/cdn.intelligencebank.com\/us\/share\/EPnB\/k7A3p\/0Mqo6\/original\/Bright+Start+Brochure+-+FR\" class=\"text-link\" target=\"_blank\" rel=\"noopener nofollow\">Rabais Norwex<\/a> (pendant votre p\u00e9riode D\u00e9part brillant) gr\u00e2ce au d\u00e9veloppement d\u2019\u00e9quipe.<\/p>\n<\/div>\n<div class=\"col-sm-12 col-md-6 m-0 img-container\">\n\t\t\t<img decoding=\"async\" src=\"https:\/\/theresource.norwex.com\/wp-content\/uploads\/sites\/3\/2024\/09\/Team_Building_Mobile_1.jpg\" alt=\"value of building a team\" class=\"mobile-img\"\/><br \/>\n\t\t\t<img decoding=\"async\" src=\"https:\/\/theresource.norwex.com\/wp-content\/uploads\/sites\/3\/2024\/09\/Pic_1.png\" alt=\"value of building a team\" class=\"desktop-img\"\/>\n\t\t<\/div>\n<\/p><\/div>\n<div class=\"row tb-body m-auto\">\n<div class=\"col-sm-12 col-md-6 m-0 img-container\">\n\t\t\t<img decoding=\"async\" src=\"https:\/\/theresource.norwex.com\/wp-content\/uploads\/sites\/3\/2024\/09\/Team_Building_Mobile_5.jpg\" alt=\"things to keep in mind when team building\" class=\"mobile-img\"\/><br \/>\n\t\t\t<img decoding=\"async\" src=\"https:\/\/theresource.norwex.com\/wp-content\/uploads\/sites\/3\/2024\/09\/Pic_5.png\" alt=\"things to keep in mind when team building\" class=\"desktop-img\"\/>\n\t\t<\/div>\n<div class=\"col-sm-12 col-md-6 m-0 pr-0\">\n<h2 class=\"blut-txt\">Les choses \u00e0 garder en t\u00eate lorsque vous b\u00e2tissez votre \u00e9quipe<\/h2>\n<p>Il y a de nombreuses raisons pour lesquelles les gens se joignent \u00e0 Norwex\u2026 les <a data-toggle=\"modal\" data-target=\"#videoModal2\" data-title=\"Norwex a des opportunit\u00e9s infinies\" data-video=\"https:\/\/player.vimeo.com\/video\/1008641556?h=a995e5051b\" data-site-link=\"https:\/\/www.vimeo.com\/1008641556\/a995e5051b\" data-download=\"https:\/\/player.vimeo.com\/progressive_redirect\/download\/1008641556\/rendition\/1080p\/norwex_a_des_opportunit%C3%A9s_infinies%20%281080p%29.mp4?loc=external&#038;signature=5a65ef1d886ea1c6f9a646f847f2ca1dc87a0719dbe1f912c7ff7784c950a146&#038;user_id=115820375\" class=\"text-link\">possibilit\u00e9s sont infinies<\/a>.<\/p>\n<ul>\n<li><span>Quel est votre \u00ab Pourquoi \u00bb? Pensez \u00e0 la fa\u00e7on dont Norwex peut <a data-toggle=\"modal\" data-target=\"#videoModal2\" data-title=\"Joignez-vous \u00e0 notre communaut\u00e9 Norwex\" data-video=\"https:\/\/player.vimeo.com\/video\/793422220?h=09210d2208\" data-site-link=\"https:\/\/www.vimeo.com\/793422220\/09210d2208\" data-download=\"https:\/\/player.vimeo.com\/progressive_redirect\/download\/793422220\/rendition\/1080p\/joignez-vous_%C3%A0_notre_communaut%C3%A9_norwex%20%281080p%29.mp4?loc=external&#038;signature=e482797697b27c321c3dfd9dd66f7853186dbb6a0931674297e677b583dc8e1e&#038;user_id=115820375\" class=\"text-link\">faire une diff\u00e9rence pour les autres<\/a>.<\/span><\/li>\n<li><span>Une bonne compr\u00e9hension de la <a data-toggle=\"modal\" data-target=\"#videoModal2\" data-title=\"La Mission Norwex avec Beate Hjeltnes\" data-video=\"https:\/\/player.vimeo.com\/video\/1008119629?h=f3229f1136\" data-site-link=\"https:\/\/www.vimeo.com\/1008119629\/f3229f1136\" data-download=\"https:\/\/player.vimeo.com\/progressive_redirect\/download\/1008119629\/rendition\/1080p\/la_mission_norwex_avec_beate_hjeltnes%20%281080p%29.mp4?loc=external&#038;signature=5ab36c6b2fdf652603f73110fc27aca4a87b0ca1b2781a4825de0ad3764bfb74&#038;user_id=115820375\" class=\"text-link\">Mission Norwex<\/a> vous aidera \u00e0 contacter les personnes qui vous aideront \u00e0 porter notre Mission encore plus loin.<\/span><\/li>\n<li><span>En ayant le d\u00e9sir de servir les autres, vous pouvez <a data-toggle=\"modal\" data-target=\"#videoModal2\" data-title=\"Faire une diff\u00e9rence\" data-video=\"https:\/\/player.vimeo.com\/video\/1008640361?h=fba47021c1\" data-site-link=\"https:\/\/www.vimeo.com\/1008640361\/fba47021c1\" data-download=\"https:\/\/player.vimeo.com\/progressive_redirect\/download\/1008640361\/rendition\/1080p\/faire_une_diff%C3%A9rence%20%281080p%29.mp4?loc=external&#038;signature=176e9750c3a417970018310b72f77eceebe932112bd1d9b05ec8dd3a60ab53d1&#038;user_id=115820375\" class=\"text-link\">faire un monde de diff\u00e9rence<\/a> dans la vie de quelqu\u2019un.<\/span><\/li>\n<li><span>Lorsque vous partagez l\u2019Occasion Norwex avec <a data-toggle=\"modal\" data-target=\"#videoModal2\" data-title=\"D\u00e9velopper son \u00e9quipe gr\u00e2ce aux pr\u00e9sentations\" data-video=\"https:\/\/player.vimeo.com\/video\/1008640823?h=bf6b2c7c42\" data-site-link=\"https:\/\/www.vimeo.com\/1008640823\/bf6b2c7c42\" data-download=\"https:\/\/player.vimeo.com\/progressive_redirect\/download\/1008640823\/rendition\/1080p\/d%C3%A9velopper_son_%C3%A9quipe_gr%C3%A2ce_aux_pr%C3%A9sentations%20%281080p%29.mp4?loc=external&#038;signature=edc8c63bf11a50a756db07af0b6c3f02350a1fb715a091b3e845fd375a7252d4&#038;user_id=115820375\" class=\"text-link\">constance<\/a> vous voyez les r\u00e9sultats.<\/span><\/li>\n<\/ul>\n<h3>Conseil de pro<\/h3>\n<p class=\"mb-0\">Vous voulez en apprendre plus des meilleures? Consultez <a data-toggle=\"modal\" data-target=\"#videoModal2\" data-title=\"Le d\u00e9veloppement d'\u00e9quipe par le pourquoi\" data-video=\"https:\/\/player.vimeo.com\/video\/1008966151?h=4d41c3d8e8\" data-site-link=\"https:\/\/www.vimeo.com\/1008966151\/4d41c3d8e8\" data-download=\"https:\/\/player.vimeo.com\/progressive_redirect\/download\/1008966151\/rendition\/720p\/le_d%C3%A9veloppement_d%27%C3%A9quipe_par_le_pourquoi%20%28720p%29.mp4?loc=external&#038;signature=6aa75b1eaaacb774921e4af937a67c50587707fd95100ed3bc9c6b46f7a7b2d5&#038;user_id=115820375\" class=\"text-link\">cette courte vid\u00e9o sur le d\u00e9veloppement d\u2019\u00e9quipe<\/a>.<\/p>\n<\/div><\/div>\n<div class=\"row tb-body m-auto reverse-col\">\n<div class=\"col-sm-12 col-md-6 m-0 pl-0\">\n<h2 class=\"blut-txt\">Les fa\u00e7ons de b\u00e2tir son \u00e9quipe<\/h2>\n<p>Restez simple et constante!<\/p>\n<ul>\n<li><span>Lancez des conversations et suscitez l\u2019int\u00e9r\u00eat en partageant la <a data-toggle=\"modal\" data-target=\"#videoModal2\" data-title=\"The Norwex Opportunity\" data-video=\"https:\/\/player.vimeo.com\/video\/906502661?h=11a3740818\" data-site-link=\"https:\/\/vimeo.com\/906502661\/11a3740818\" data-download=\"https:\/\/player.vimeo.com\/progressive_redirect\/download\/906502661\/rendition\/1080p\/the_norwex_opportunity%20%281080p%29.mp4?loc=external&#038;signature=af050b73c87f7f4007234c6d873177ce59cbc377aff933b19dfe53e6befd5d07&#038;user_id=115820375\" class=\"text-link\">vid\u00e9o sur l\u2019Occasion d\u2019affaires<\/a> (lors des pr\u00e9sentations, par textos, etc.). Assurez-vous de faire un suivi par la suite.<\/span><\/li>\n<li><span>Que vous partagiez en personne ou en ligne, suivez ces <a data-toggle=\"modal\" data-target=\"#videoModal2\" data-title=\"Conseils pour d\u00e9velopper son \u00e9quipe\" data-video=\"https:\/\/player.vimeo.com\/video\/1008640987?h=fc8333e73b\" data-site-link=\"https:\/\/www.vimeo.com\/1008640987\/fc8333e73b\" data-download=\"https:\/\/player.vimeo.com\/progressive_redirect\/download\/1008640987\/rendition\/1080p\/conseils_pour_d%C3%A9velopper_son_%C3%A9quipe%20%281080p%29.mp4?loc=external&#038;signature=5fe08c23989f87f5a291e45847e035c083e42c2d1cf67b14d1702bc7b525ca77&#038;user_id=115820375\" class=\"text-link\">conseils<\/a> et commencez \u00e0 partager Norwex aujourd\u2019hui!<\/span><\/li>\n<li><span>Vous avez d\u00e9j\u00e0 souhait\u00e9 pouvoir choisir avec qui travailler? <a data-toggle=\"modal\" data-target=\"#videoModal2\" data-title=\"Se joindre \u00e0 Norwex avec sa meilleure amie\" data-video=\"https:\/\/player.vimeo.com\/video\/1008639795?h=b0734bedae\" data-site-link=\"https:\/\/www.vimeo.com\/1008639795\/b0734bedae\" data-download=\"https:\/\/player.vimeo.com\/progressive_redirect\/download\/1008639795\/rendition\/1080p\/se_joindre_%C3%A0_norwex_avec_sa_meilleure_amie%20%281080p%29.mp4?loc=external&#038;signature=0372c92c07544d9382467c1dc35f55a11584b845d590000657d1b3545ccc245e&#038;user_id=115820375\" class=\"text-link\">Avec Norwex, c&rsquo;est possible!<\/a><\/span><\/li>\n<li><span>Utilisez les Appels de bienvenue de Debbie pour offrir l\u2019Occasion d\u2019affaires.<\/span><\/li>\n<\/ul>\n<h3>Conseil de pro<\/h3>\n<p class=\"mb-0\">Assurez-vous de planter des <a href=\"https:\/\/cdn.intelligencebank.com\/us\/share\/EPnB\/k7A3p\/A9Rnj\/original\/Team+Building+Seeds+-+FR\" class=\"text-link\" target=\"_blank\" rel=\"noopener nofollow\">Semences de d\u00e9veloppement d\u2019\u00e9quipe<\/a> lors de vos pr\u00e9sentations!<\/p>\n<\/div>\n<div class=\"col-sm-12 col-md-6 m-0 img-container\">\n\t\t\t<img decoding=\"async\" src=\"https:\/\/theresource.norwex.com\/wp-content\/uploads\/sites\/3\/2024\/09\/Team_Building_Mobile_2.jpg\" alt=\"ways to build a team\" class=\"mobile-img\"\/><br \/>\n\t\t\t<img decoding=\"async\" src=\"https:\/\/theresource.norwex.com\/wp-content\/uploads\/sites\/3\/2024\/09\/Pic_3.png\" alt=\"ways to build a team\" class=\"desktop-img\"\/>\n\t\t<\/div>\n<\/p><\/div>\n<div class=\"row tb-body m-auto\">\n<div class=\"col-sm-12 col-md-6 m-0 img-container\">\n\t\t\t<img decoding=\"async\" src=\"https:\/\/theresource.norwex.com\/wp-content\/uploads\/sites\/3\/2024\/09\/Team_Building_Mobile_3.jpg\" alt=\"follow-up support\" class=\"mobile-img\"\/><br \/>\n\t\t\t<img decoding=\"async\" src=\"https:\/\/theresource.norwex.com\/wp-content\/uploads\/sites\/3\/2024\/09\/Pic_4.png\" alt=\"follow-up support\" class=\"desktop-img\"\/><\/p>\n<p class=\"mb-0\">Consultez le <a href=\"https:\/\/cdn.intelligencebank.com\/us\/share\/EPnB\/k7A3p\/RE4Zl\/original\/Success+Builder+-+B%C3%A2tisseur+de+R%C3%A9ussites+-+FR\" class=\"text-link\" target=\"_blank\" rel=\"noopener nofollow\">B\u00e2tisseur de r\u00e9ussites<\/a> pour d\u00e9couvrir les avantages et crit\u00e8res requis pour chaque titre.<\/p>\n<\/p><\/div>\n<div class=\"col-sm-12 col-md-6 m-0 pr-0\">\n<h2 class=\"blut-txt\">Soutien pour les suivis<\/h2>\n<p>Lorsqu\u2019une personne envisage de se joindre, elle peut se demander \u00ab En suis-je capable? \u00bb, \u00ab Est-ce que j\u2019en sais assez? \u00bb et \u00ab Qui va m\u2019aider? \u00bb<\/p>\n<ul>\n<li><span>De nombreuses questions viennent \u00e0 l\u2019esprit des personnes qui envisagent de se joindre. <a data-toggle=\"modal\" data-target=\"#videoModal2\" data-title=\"Les 10 questions principales sur le d\u00e9veloppement d'\u00e9quipe et les r\u00e9ponses\" data-video=\"https:\/\/player.vimeo.com\/video\/1008638117?h=d4cda08370\" data-site-link=\"https:\/\/www.vimeo.com\/1008638117\/d4cda08370\" data-download=\"https:\/\/player.vimeo.com\/progressive_redirect\/download\/1008638117\/rendition\/1080p\/les_10_questions_principales_sur_le_d%C3%A9veloppement_d%27%C3%A9quipe_et_les_r%C3%A9ponses%20%281080p%29.mp4?loc=external&#038;signature=8a16c1de16f8f730ced714d55e7c9a6e6bc76ab4fe5c3a23bc8a87ad29e23a81&#038;user_id=115820375\" class=\"text-link\">Voici comment y r\u00e9pondre!<\/a><\/span><\/li>\n<li><span>Une personne a exprim\u00e9 de l\u2019int\u00e9r\u00eat pour l\u2019Occasion Norwex, que faire maintenant? Demander \u00ab <a data-toggle=\"modal\" data-target=\"#videoModal2\" data-title=\"Demandez pourquoi\" data-video=\"https:\/\/player.vimeo.com\/video\/1008641786?h=2d1e9f7663\" data-site-link=\"https:\/\/www.vimeo.com\/1008641786\/2d1e9f7663\" data-download=\"https:\/\/player.vimeo.com\/progressive_redirect\/download\/1008641786\/rendition\/1080p\/demandez_pourquoi%20%281080p%29.mp4?loc=external&#038;signature=7753f254321228de38a85625e7798c009ea6474fdf9e3bf6f9b46cdc8aed1837&#038;user_id=115820375\" class=\"text-link\">pourquoi<\/a> \u00bb est un excellent d\u00e9but.<\/span><\/li>\n<li><span>Vous avez une nouvelle Conseill\u00e8re potentielle qui est int\u00e9ress\u00e9e\u2026 D\u00e9couvrez pourquoi et partagez l\u2019offre (si vous partagez la vid\u00e9o sur l\u2019Occasion d\u2019affaires, utilisez les conseils suivants pour les suivis, afin de passer \u00e0 l\u2019\u00e9tape suivante).<\/span><\/li>\n<\/ul>\n<h3>Conseil de pro<\/h3>\n<ul class=\"mb-0\">\n<li><span>Si les gens ne souhaitent pas se joindre pour le moment, partagez les avantages \u00e0 <a href=\"https:\/\/cdn.intelligencebank.com\/us\/share\/EPnB\/k7A3p\/BV8JR\/original\/2024+Norwex+Perks+Flyer+-+FR\" class=\"text-link\" target=\"_blank\" rel=\"noopener nofollow\">accueillir un \u00e9v\u00e8nement<\/a>.<\/span><\/li>\n<li><span>Lorsque les gens disent \u00ab oui \u00bb \u00e0 Norwex, aidez-les \u00e0 s\u2019inscrire, partagez le guide \u00ab <a href=\"https:\/\/theresource.norwex.com\/fr_ca\/start-your-norwex-journey\/\" class=\"text-link\" target=\"_blank\" rel=\"noopener\">Commencez votre aventure<\/a> \u00bb et utilisez le guide \u00ab <a href=\"https:\/\/cdn.intelligencebank.com\/us\/share\/EPnB\/k7A3p\/o4AoL\/original\/Onboarding+Using+Start+Your+Business+Flyer+-+FR\" class=\"text-link\" target=\"_blank\" rel=\"noopener nofollow\">Accompagnement des nouveaux membres d&rsquo;\u00e9quipe<\/a> \u00bb.<\/span><\/li>\n<\/ul>\n<\/div><\/div>\n<\/div>\n","protected":false},"excerpt":{"rendered":"<p>B\u00e2tir votre \u00e9quipe Norwex\u00ae Les possibilit\u00e9s sont infinies Les avantages de b\u00e2tir une \u00e9quipe D\u00e9couvrez comment b\u00e9n\u00e9ficier du d\u00e9veloppement de votre propre \u00e9quipe. En tant que Conseill\u00e8re (er), c\u2019est vous qui invitez, mais ce n\u2019est pas vous qui d\u00e9cidez. Apprenez-en plus sur l\u2019Occasion Norwex. Les B\u00e9n\u00e9fices et r\u00e9compenses du D\u00e9veloppement d\u2019\u00e9quipe sont des avantages que [&hellip;]<\/p>\n","protected":false},"author":44,"featured_media":0,"parent":0,"menu_order":0,"comment_status":"closed","ping_status":"closed","template":"","meta":{"footnotes":""},"tags":[],"class_list":["post-13722","page","type-page","status-publish","hentry"],"yoast_head":"<!-- This site is optimized with the Yoast SEO plugin v27.3 - https:\/\/yoast.com\/product\/yoast-seo-wordpress\/ -->\n<title>B\u00e2tir votre \u00e9quipe Norwex - Norwex Resource French CA<\/title>\n<meta name=\"robots\" content=\"index, follow, max-snippet:-1, max-image-preview:large, max-video-preview:-1\" \/>\n<link rel=\"canonical\" href=\"https:\/\/theresource.norwex.com\/fr_ca\/team-building\/\" \/>\n<meta property=\"og:locale\" content=\"fr_CA\" \/>\n<meta property=\"og:type\" content=\"article\" \/>\n<meta property=\"og:title\" content=\"B\u00e2tir votre \u00e9quipe Norwex - Norwex Resource French CA\" \/>\n<meta property=\"og:description\" content=\"B\u00e2tir votre \u00e9quipe Norwex\u00ae Les possibilit\u00e9s sont infinies Les avantages de b\u00e2tir une \u00e9quipe D\u00e9couvrez comment b\u00e9n\u00e9ficier du d\u00e9veloppement de votre propre \u00e9quipe. En tant que Conseill\u00e8re (er), c\u2019est vous qui invitez, mais ce n\u2019est pas vous qui d\u00e9cidez. Apprenez-en plus sur l\u2019Occasion Norwex. Les B\u00e9n\u00e9fices et r\u00e9compenses du D\u00e9veloppement d\u2019\u00e9quipe sont des avantages que [&hellip;]\" \/>\n<meta property=\"og:url\" content=\"https:\/\/theresource.norwex.com\/fr_ca\/team-building\/\" \/>\n<meta property=\"og:site_name\" content=\"Norwex Resource French CA\" \/>\n<meta property=\"article:publisher\" content=\"https:\/\/www.facebook.com\/Norwex\/\" \/>\n<meta property=\"article:modified_time\" content=\"2026-02-20T19:41:07+00:00\" \/>\n<meta property=\"og:image\" content=\"https:\/\/theresource.norwex.com\/wp-content\/uploads\/sites\/3\/2024\/09\/Team_Building_Mobile_4.jpg\" \/>\n<meta name=\"twitter:card\" content=\"summary_large_image\" \/>\n<meta name=\"twitter:site\" content=\"@norwex\" \/>\n<meta name=\"twitter:label1\" content=\"Estimation du temps de lecture\" \/>\n\t<meta name=\"twitter:data1\" content=\"5 minutes\" \/>\n<script type=\"application\/ld+json\" class=\"yoast-schema-graph\">{\"@context\":\"https:\\\/\\\/schema.org\",\"@graph\":[{\"@type\":\"WebPage\",\"@id\":\"https:\\\/\\\/theresource.norwex.com\\\/fr_ca\\\/team-building\\\/\",\"url\":\"https:\\\/\\\/theresource.norwex.com\\\/fr_ca\\\/team-building\\\/\",\"name\":\"B\u00e2tir votre \u00e9quipe Norwex - Norwex Resource French CA\",\"isPartOf\":{\"@id\":\"https:\\\/\\\/theresource.norwex.com\\\/fr_ca\\\/#website\"},\"primaryImageOfPage\":{\"@id\":\"https:\\\/\\\/theresource.norwex.com\\\/fr_ca\\\/team-building\\\/#primaryimage\"},\"image\":{\"@id\":\"https:\\\/\\\/theresource.norwex.com\\\/fr_ca\\\/team-building\\\/#primaryimage\"},\"thumbnailUrl\":\"https:\\\/\\\/theresource.norwex.com\\\/wp-content\\\/uploads\\\/sites\\\/3\\\/2024\\\/09\\\/Team_Building_Mobile_4.jpg\",\"datePublished\":\"2024-09-30T18:27:58+00:00\",\"dateModified\":\"2026-02-20T19:41:07+00:00\",\"breadcrumb\":{\"@id\":\"https:\\\/\\\/theresource.norwex.com\\\/fr_ca\\\/team-building\\\/#breadcrumb\"},\"inLanguage\":\"fr-CA\",\"potentialAction\":[{\"@type\":\"ReadAction\",\"target\":[\"https:\\\/\\\/theresource.norwex.com\\\/fr_ca\\\/team-building\\\/\"]}]},{\"@type\":\"ImageObject\",\"inLanguage\":\"fr-CA\",\"@id\":\"https:\\\/\\\/theresource.norwex.com\\\/fr_ca\\\/team-building\\\/#primaryimage\",\"url\":\"https:\\\/\\\/theresource.norwex.com\\\/wp-content\\\/uploads\\\/sites\\\/3\\\/2024\\\/09\\\/Team_Building_Mobile_4.jpg\",\"contentUrl\":\"https:\\\/\\\/theresource.norwex.com\\\/wp-content\\\/uploads\\\/sites\\\/3\\\/2024\\\/09\\\/Team_Building_Mobile_4.jpg\"},{\"@type\":\"BreadcrumbList\",\"@id\":\"https:\\\/\\\/theresource.norwex.com\\\/fr_ca\\\/team-building\\\/#breadcrumb\",\"itemListElement\":[{\"@type\":\"ListItem\",\"position\":1,\"name\":\"Home\",\"item\":\"https:\\\/\\\/theresource.norwex.com\\\/fr_ca\\\/\"},{\"@type\":\"ListItem\",\"position\":2,\"name\":\"B\u00e2tir votre \u00e9quipe Norwex\"}]},{\"@type\":\"WebSite\",\"@id\":\"https:\\\/\\\/theresource.norwex.com\\\/fr_ca\\\/#website\",\"url\":\"https:\\\/\\\/theresource.norwex.com\\\/fr_ca\\\/\",\"name\":\"Norwex Resource French CA\",\"description\":\"Just another Norwex Multi Sites site\",\"publisher\":{\"@id\":\"https:\\\/\\\/theresource.norwex.com\\\/fr_ca\\\/#organization\"},\"potentialAction\":[{\"@type\":\"SearchAction\",\"target\":{\"@type\":\"EntryPoint\",\"urlTemplate\":\"https:\\\/\\\/theresource.norwex.com\\\/fr_ca\\\/?s={search_term_string}\"},\"query-input\":{\"@type\":\"PropertyValueSpecification\",\"valueRequired\":true,\"valueName\":\"search_term_string\"}}],\"inLanguage\":\"fr-CA\"},{\"@type\":\"Organization\",\"@id\":\"https:\\\/\\\/theresource.norwex.com\\\/fr_ca\\\/#organization\",\"name\":\"Norwex\",\"url\":\"https:\\\/\\\/theresource.norwex.com\\\/fr_ca\\\/\",\"logo\":{\"@type\":\"ImageObject\",\"inLanguage\":\"fr-CA\",\"@id\":\"https:\\\/\\\/theresource.norwex.com\\\/fr_ca\\\/#\\\/schema\\\/logo\\\/image\\\/\",\"url\":\"https:\\\/\\\/theresourcefr.norwex.com\\\/wp-content\\\/uploads\\\/sites\\\/5\\\/2023\\\/11\\\/Norwex-Resource.jpg\",\"contentUrl\":\"https:\\\/\\\/theresourcefr.norwex.com\\\/wp-content\\\/uploads\\\/sites\\\/5\\\/2023\\\/11\\\/Norwex-Resource.jpg\",\"width\":200,\"height\":200,\"caption\":\"Norwex\"},\"image\":{\"@id\":\"https:\\\/\\\/theresource.norwex.com\\\/fr_ca\\\/#\\\/schema\\\/logo\\\/image\\\/\"},\"sameAs\":[\"https:\\\/\\\/www.facebook.com\\\/Norwex\\\/\",\"https:\\\/\\\/x.com\\\/norwex\",\"http:\\\/\\\/pinterest.com\\\/norwex\\\/\",\"http:\\\/\\\/www.youtube.com\\\/norwex\"]}]}<\/script>\n<!-- \/ Yoast SEO plugin. -->","yoast_head_json":{"title":"B\u00e2tir votre \u00e9quipe Norwex - Norwex Resource French CA","robots":{"index":"index","follow":"follow","max-snippet":"max-snippet:-1","max-image-preview":"max-image-preview:large","max-video-preview":"max-video-preview:-1"},"canonical":"https:\/\/theresource.norwex.com\/fr_ca\/team-building\/","og_locale":"fr_CA","og_type":"article","og_title":"B\u00e2tir votre \u00e9quipe Norwex - Norwex Resource French CA","og_description":"B\u00e2tir votre \u00e9quipe Norwex\u00ae Les possibilit\u00e9s sont infinies Les avantages de b\u00e2tir une \u00e9quipe D\u00e9couvrez comment b\u00e9n\u00e9ficier du d\u00e9veloppement de votre propre \u00e9quipe. En tant que Conseill\u00e8re (er), c\u2019est vous qui invitez, mais ce n\u2019est pas vous qui d\u00e9cidez. Apprenez-en plus sur l\u2019Occasion Norwex. Les B\u00e9n\u00e9fices et r\u00e9compenses du D\u00e9veloppement d\u2019\u00e9quipe sont des avantages que [&hellip;]","og_url":"https:\/\/theresource.norwex.com\/fr_ca\/team-building\/","og_site_name":"Norwex Resource French CA","article_publisher":"https:\/\/www.facebook.com\/Norwex\/","article_modified_time":"2026-02-20T19:41:07+00:00","og_image":[{"url":"https:\/\/theresource.norwex.com\/wp-content\/uploads\/sites\/3\/2024\/09\/Team_Building_Mobile_4.jpg","type":"","width":"","height":""}],"twitter_card":"summary_large_image","twitter_site":"@norwex","twitter_misc":{"Estimation du temps de lecture":"5 minutes"},"schema":{"@context":"https:\/\/schema.org","@graph":[{"@type":"WebPage","@id":"https:\/\/theresource.norwex.com\/fr_ca\/team-building\/","url":"https:\/\/theresource.norwex.com\/fr_ca\/team-building\/","name":"B\u00e2tir votre \u00e9quipe Norwex - Norwex Resource French CA","isPartOf":{"@id":"https:\/\/theresource.norwex.com\/fr_ca\/#website"},"primaryImageOfPage":{"@id":"https:\/\/theresource.norwex.com\/fr_ca\/team-building\/#primaryimage"},"image":{"@id":"https:\/\/theresource.norwex.com\/fr_ca\/team-building\/#primaryimage"},"thumbnailUrl":"https:\/\/theresource.norwex.com\/wp-content\/uploads\/sites\/3\/2024\/09\/Team_Building_Mobile_4.jpg","datePublished":"2024-09-30T18:27:58+00:00","dateModified":"2026-02-20T19:41:07+00:00","breadcrumb":{"@id":"https:\/\/theresource.norwex.com\/fr_ca\/team-building\/#breadcrumb"},"inLanguage":"fr-CA","potentialAction":[{"@type":"ReadAction","target":["https:\/\/theresource.norwex.com\/fr_ca\/team-building\/"]}]},{"@type":"ImageObject","inLanguage":"fr-CA","@id":"https:\/\/theresource.norwex.com\/fr_ca\/team-building\/#primaryimage","url":"https:\/\/theresource.norwex.com\/wp-content\/uploads\/sites\/3\/2024\/09\/Team_Building_Mobile_4.jpg","contentUrl":"https:\/\/theresource.norwex.com\/wp-content\/uploads\/sites\/3\/2024\/09\/Team_Building_Mobile_4.jpg"},{"@type":"BreadcrumbList","@id":"https:\/\/theresource.norwex.com\/fr_ca\/team-building\/#breadcrumb","itemListElement":[{"@type":"ListItem","position":1,"name":"Home","item":"https:\/\/theresource.norwex.com\/fr_ca\/"},{"@type":"ListItem","position":2,"name":"B\u00e2tir votre \u00e9quipe Norwex"}]},{"@type":"WebSite","@id":"https:\/\/theresource.norwex.com\/fr_ca\/#website","url":"https:\/\/theresource.norwex.com\/fr_ca\/","name":"Norwex Resource French CA","description":"Just another Norwex Multi Sites site","publisher":{"@id":"https:\/\/theresource.norwex.com\/fr_ca\/#organization"},"potentialAction":[{"@type":"SearchAction","target":{"@type":"EntryPoint","urlTemplate":"https:\/\/theresource.norwex.com\/fr_ca\/?s={search_term_string}"},"query-input":{"@type":"PropertyValueSpecification","valueRequired":true,"valueName":"search_term_string"}}],"inLanguage":"fr-CA"},{"@type":"Organization","@id":"https:\/\/theresource.norwex.com\/fr_ca\/#organization","name":"Norwex","url":"https:\/\/theresource.norwex.com\/fr_ca\/","logo":{"@type":"ImageObject","inLanguage":"fr-CA","@id":"https:\/\/theresource.norwex.com\/fr_ca\/#\/schema\/logo\/image\/","url":"https:\/\/theresourcefr.norwex.com\/wp-content\/uploads\/sites\/5\/2023\/11\/Norwex-Resource.jpg","contentUrl":"https:\/\/theresourcefr.norwex.com\/wp-content\/uploads\/sites\/5\/2023\/11\/Norwex-Resource.jpg","width":200,"height":200,"caption":"Norwex"},"image":{"@id":"https:\/\/theresource.norwex.com\/fr_ca\/#\/schema\/logo\/image\/"},"sameAs":["https:\/\/www.facebook.com\/Norwex\/","https:\/\/x.com\/norwex","http:\/\/pinterest.com\/norwex\/","http:\/\/www.youtube.com\/norwex"]}]}},"_links":{"self":[{"href":"https:\/\/theresource.norwex.com\/fr_ca\/wp-json\/wp\/v2\/pages\/13722","targetHints":{"allow":["GET"]}}],"collection":[{"href":"https:\/\/theresource.norwex.com\/fr_ca\/wp-json\/wp\/v2\/pages"}],"about":[{"href":"https:\/\/theresource.norwex.com\/fr_ca\/wp-json\/wp\/v2\/types\/page"}],"author":[{"embeddable":true,"href":"https:\/\/theresource.norwex.com\/fr_ca\/wp-json\/wp\/v2\/users\/44"}],"replies":[{"embeddable":true,"href":"https:\/\/theresource.norwex.com\/fr_ca\/wp-json\/wp\/v2\/comments?post=13722"}],"version-history":[{"count":1,"href":"https:\/\/theresource.norwex.com\/fr_ca\/wp-json\/wp\/v2\/pages\/13722\/revisions"}],"predecessor-version":[{"id":16045,"href":"https:\/\/theresource.norwex.com\/fr_ca\/wp-json\/wp\/v2\/pages\/13722\/revisions\/16045"}],"wp:attachment":[{"href":"https:\/\/theresource.norwex.com\/fr_ca\/wp-json\/wp\/v2\/media?parent=13722"}],"wp:term":[{"taxonomy":"post_tag","embeddable":true,"href":"https:\/\/theresource.norwex.com\/fr_ca\/wp-json\/wp\/v2\/tags?post=13722"}],"curies":[{"name":"wp","href":"https:\/\/api.w.org\/{rel}","templated":true}]}}