{"id":13660,"date":"2024-09-11T13:24:59","date_gmt":"2024-09-11T18:24:59","guid":{"rendered":"https:\/\/theresource.norwex.com\/fr_ca\/?page_id=13660"},"modified":"2025-10-10T12:08:53","modified_gmt":"2025-10-10T17:08:53","slug":"training","status":"publish","type":"page","link":"https:\/\/theresource.norwex.com\/fr_ca\/training\/","title":{"rendered":"Training"},"content":{"rendered":"<div class=\"container training-page training-fr m-auto\">\n<div class=\"row tp-header m-auto py-0\">\n<div class=\"col-sm-12 col-md-6 m-0\">\n\t\t\t<img decoding=\"async\" src=\"https:\/\/theresource.norwex.com\/wp-content\/uploads\/sites\/3\/2024\/09\/Team_Building_Mobile_4.jpg\" alt=\"banner image\" class=\"mobile-img\"\/>\n\t\t<\/div>\n<div class=\"col-sm-12 col-md-6 m-0 title-container\">\n<h1 class=\"blue-txt\">Norwex<span style=\"font-size: 75%;\">\u00ae<\/span> Formation<\/h1>\n<p class=\"blue-txt\">\n<\/p><\/div>\n<\/p><\/div>\n<div class=\"row tp-body m-auto\">\n<div class=\"col-sm-12 col-md-4 m-0\">\n\t\t\t<a href=\"\/fr_ca\/start-your-norwex-journey\/\" target=\"_blank\" rel=\"noopener noreferrer\" class=\"training-btn tp-navy-btn double-line\">Commencez votre<br \/>aventure Norwex<\/a>\n\t\t<\/div>\n<div class=\"col-sm-12 col-md-4 m-0\">\n\t\t\t<a href=\"\/fr_ca\/product-quick-guide\/ \" target=\"_blank\" rel=\"noopener noreferrer\" class=\"training-btn tp-teal-btn double-line\">Petit guide <br \/>sur produits<\/a>\n\t\t<\/div>\n<div class=\"col-sm-12 col-md-4 m-0\">\n\t\t\t<a href=\"\/fr_ca\/party\/\" target=\"_blank\" rel=\"noopener noreferrer\" class=\"training-btn tp-tan-btn double-line\">Formation et mod\u00e8les <br \/>pour pr\u00e9sentations<\/a>\n\t\t<\/div>\n<div class=\"col-sm-12 col-md-4 m-0\">\n\t\t\t<a href=\"\/fr_ca\/bookings\/\" target=\"_blank\" rel=\"noopener noreferrer\" class=\"training-btn tp-cyan-btn double-line\">Calendrier des<br \/>r\u00e9servations<\/a>\n\t\t<\/div>\n<div class=\"col-sm-12 col-md-4 m-0\">\n\t\t\t<a href=\"\/fr_ca\/grow-your-business\/\" target=\"_blank\" rel=\"noopener noreferrer\" class=\"training-btn tp-gray-btn double-line\">D\u00e9veloppez votre<br \/>entreprise Norwex<\/a>\n\t\t<\/div>\n<div class=\"col-sm-12 col-md-4 m-0\">\n\t\t\t<a href=\"https:\/\/soundcloud.com\/norwex-french-learning\" target=\"_blank\" rel=\"noopener noreferrer\" class=\"training-btn tp-yellow-btn\">Balados<\/a>\n\t\t<\/div>\n<div class=\"col-sm-12 col-md-4 m-0\">\n\t\t\t<a href=\"\/fr_ca\/consultant-back-office-training\/\" target=\"_blank\" rel=\"noopener noreferrer\" class=\"training-btn tp-mauve-btn\">Bureau de Conseill\u00e8re (er)<\/a>\n\t\t<\/div>\n<\/p><\/div>\n<div class=\"row tp-body m-auto\">\n<h2 style=\"text-align: center;\">Formation des leaders et des \u00e9quipes<\/h2>\n<\/p><\/div>\n<div class=\"row tp-body m-auto\">\n<div class=\"col-sm-12 col-md-4 m-0\">\n\t\t\t<a href=\"\/fr_ca\/team-building\/\" target=\"_blank\" rel=\"noopener noreferrer\" class=\"training-btn tp-pink-btn double-line\"> D\u00e9veloppez votre <br \/>\u00e9quipe Norwex<\/a>\n\t\t<\/div>\n<div class=\"col-sm-12 col-md-4 m-0\">\n\t\t\t<a href=\"https:\/\/theresource.norwex.com\/fr_ca\/asset-search\/?searchID=leader&#038;region=FR\" target=\"_blank\" rel=\"noopener noreferrer\" class=\"training-btn tp-lightgray-btn double-line\">D\u00e9veloppement du<br \/>leadership<\/a>\n\t\t<\/div>\n<\/p><\/div>\n<div class=\"row tp-body m-auto\">\n<h2 style=\"text-align: center; margin: 20px 0 -30px !important;\">Liens rapides<\/h2>\n<\/p><\/div>\n<div class=\"row tp-body m-auto py-5 col-sm-12 col-lg-10\">\n<div class=\"col-sm-12 col-md-6 m-0 p-3\">\n\t\t\t<a href=\"https:\/\/my.norwex.com\/\" target=\"_blank\" rel=\"noopener noreferrer\" class=\"text-btn\"><img decoding=\"async\" src=\"https:\/\/theresource.norwex.com\/wp-content\/uploads\/sites\/3\/2024\/10\/ba-icon.png\" alt=\"arrow icon back office\" \/><span>Bureau de Conseill\u00e8re (er)<\/span><\/a>\n\t\t<\/div>\n<div class=\"col-sm-12 col-md-6 m-0 p-3\">\n\t\t\t<a type=\"button\" data-toggle=\"modal\" data-target=\"#kajabiVideo\" class=\"text-btn\"><img decoding=\"async\" src=\"https:\/\/theresource.norwex.com\/wp-content\/uploads\/sites\/3\/2024\/10\/ca-icon.png\" alt=\"app icon consultant app\" \/><span>Application pour Conseill\u00e8re (er)<\/span><\/a>\n\t\t<\/div>\n<\/p><\/div>\n<\/div>\n","protected":false},"excerpt":{"rendered":"<p>Norwex\u00ae Formation Commencez votreaventure Norwex Petit guide sur produits Formation et mod\u00e8les pour pr\u00e9sentations Calendrier desr\u00e9servations D\u00e9veloppez votreentreprise Norwex Balados Bureau de Conseill\u00e8re (er) Formation des leaders et des \u00e9quipes D\u00e9veloppez votre \u00e9quipe Norwex D\u00e9veloppement duleadership Liens rapides Bureau de Conseill\u00e8re (er) Application pour Conseill\u00e8re (er)<\/p>\n","protected":false},"author":13,"featured_media":0,"parent":0,"menu_order":0,"comment_status":"closed","ping_status":"closed","template":"","meta":{"footnotes":""},"tags":[],"class_list":["post-13660","page","type-page","status-publish","hentry"],"yoast_head":"<!-- This site is optimized with the Yoast SEO plugin v27.3 - https:\/\/yoast.com\/product\/yoast-seo-wordpress\/ -->\n<title>Training - Norwex Resource French CA<\/title>\n<meta name=\"robots\" content=\"index, follow, max-snippet:-1, max-image-preview:large, max-video-preview:-1\" \/>\n<link rel=\"canonical\" href=\"https:\/\/theresource.norwex.com\/fr_ca\/training\/\" \/>\n<meta property=\"og:locale\" content=\"fr_CA\" \/>\n<meta property=\"og:type\" content=\"article\" \/>\n<meta property=\"og:title\" content=\"Training - Norwex Resource French CA\" \/>\n<meta property=\"og:description\" content=\"Norwex\u00ae Formation Commencez votreaventure Norwex Petit guide sur produits Formation et mod\u00e8les pour pr\u00e9sentations Calendrier desr\u00e9servations D\u00e9veloppez votreentreprise Norwex Balados Bureau de Conseill\u00e8re (er) Formation des leaders et des \u00e9quipes D\u00e9veloppez votre \u00e9quipe Norwex D\u00e9veloppement duleadership Liens rapides Bureau de Conseill\u00e8re (er) Application pour Conseill\u00e8re (er)\" \/>\n<meta property=\"og:url\" content=\"https:\/\/theresource.norwex.com\/fr_ca\/training\/\" \/>\n<meta property=\"og:site_name\" content=\"Norwex Resource French CA\" \/>\n<meta property=\"article:publisher\" content=\"https:\/\/www.facebook.com\/Norwex\/\" \/>\n<meta property=\"article:modified_time\" content=\"2025-10-10T17:08:53+00:00\" \/>\n<meta property=\"og:image\" content=\"https:\/\/theresource.norwex.com\/wp-content\/uploads\/sites\/3\/2024\/09\/Team_Building_Mobile_4.jpg\" \/>\n<meta name=\"twitter:card\" content=\"summary_large_image\" \/>\n<meta name=\"twitter:site\" content=\"@norwex\" \/>\n<meta name=\"twitter:label1\" content=\"Estimation du temps de lecture\" \/>\n\t<meta name=\"twitter:data1\" content=\"1 minute\" \/>\n<script type=\"application\/ld+json\" class=\"yoast-schema-graph\">{\"@context\":\"https:\\\/\\\/schema.org\",\"@graph\":[{\"@type\":\"WebPage\",\"@id\":\"https:\\\/\\\/theresource.norwex.com\\\/fr_ca\\\/training\\\/\",\"url\":\"https:\\\/\\\/theresource.norwex.com\\\/fr_ca\\\/training\\\/\",\"name\":\"Training - Norwex Resource French CA\",\"isPartOf\":{\"@id\":\"https:\\\/\\\/theresource.norwex.com\\\/fr_ca\\\/#website\"},\"primaryImageOfPage\":{\"@id\":\"https:\\\/\\\/theresource.norwex.com\\\/fr_ca\\\/training\\\/#primaryimage\"},\"image\":{\"@id\":\"https:\\\/\\\/theresource.norwex.com\\\/fr_ca\\\/training\\\/#primaryimage\"},\"thumbnailUrl\":\"https:\\\/\\\/theresource.norwex.com\\\/wp-content\\\/uploads\\\/sites\\\/3\\\/2024\\\/09\\\/Team_Building_Mobile_4.jpg\",\"datePublished\":\"2024-09-11T18:24:59+00:00\",\"dateModified\":\"2025-10-10T17:08:53+00:00\",\"breadcrumb\":{\"@id\":\"https:\\\/\\\/theresource.norwex.com\\\/fr_ca\\\/training\\\/#breadcrumb\"},\"inLanguage\":\"fr-CA\",\"potentialAction\":[{\"@type\":\"ReadAction\",\"target\":[\"https:\\\/\\\/theresource.norwex.com\\\/fr_ca\\\/training\\\/\"]}]},{\"@type\":\"ImageObject\",\"inLanguage\":\"fr-CA\",\"@id\":\"https:\\\/\\\/theresource.norwex.com\\\/fr_ca\\\/training\\\/#primaryimage\",\"url\":\"https:\\\/\\\/theresource.norwex.com\\\/wp-content\\\/uploads\\\/sites\\\/3\\\/2024\\\/09\\\/Team_Building_Mobile_4.jpg\",\"contentUrl\":\"https:\\\/\\\/theresource.norwex.com\\\/wp-content\\\/uploads\\\/sites\\\/3\\\/2024\\\/09\\\/Team_Building_Mobile_4.jpg\"},{\"@type\":\"BreadcrumbList\",\"@id\":\"https:\\\/\\\/theresource.norwex.com\\\/fr_ca\\\/training\\\/#breadcrumb\",\"itemListElement\":[{\"@type\":\"ListItem\",\"position\":1,\"name\":\"Home\",\"item\":\"https:\\\/\\\/theresource.norwex.com\\\/fr_ca\\\/\"},{\"@type\":\"ListItem\",\"position\":2,\"name\":\"Training\"}]},{\"@type\":\"WebSite\",\"@id\":\"https:\\\/\\\/theresource.norwex.com\\\/fr_ca\\\/#website\",\"url\":\"https:\\\/\\\/theresource.norwex.com\\\/fr_ca\\\/\",\"name\":\"Norwex Resource French CA\",\"description\":\"Just another Norwex Multi Sites site\",\"publisher\":{\"@id\":\"https:\\\/\\\/theresource.norwex.com\\\/fr_ca\\\/#organization\"},\"potentialAction\":[{\"@type\":\"SearchAction\",\"target\":{\"@type\":\"EntryPoint\",\"urlTemplate\":\"https:\\\/\\\/theresource.norwex.com\\\/fr_ca\\\/?s={search_term_string}\"},\"query-input\":{\"@type\":\"PropertyValueSpecification\",\"valueRequired\":true,\"valueName\":\"search_term_string\"}}],\"inLanguage\":\"fr-CA\"},{\"@type\":\"Organization\",\"@id\":\"https:\\\/\\\/theresource.norwex.com\\\/fr_ca\\\/#organization\",\"name\":\"Norwex\",\"url\":\"https:\\\/\\\/theresource.norwex.com\\\/fr_ca\\\/\",\"logo\":{\"@type\":\"ImageObject\",\"inLanguage\":\"fr-CA\",\"@id\":\"https:\\\/\\\/theresource.norwex.com\\\/fr_ca\\\/#\\\/schema\\\/logo\\\/image\\\/\",\"url\":\"https:\\\/\\\/theresourcefr.norwex.com\\\/wp-content\\\/uploads\\\/sites\\\/5\\\/2023\\\/11\\\/Norwex-Resource.jpg\",\"contentUrl\":\"https:\\\/\\\/theresourcefr.norwex.com\\\/wp-content\\\/uploads\\\/sites\\\/5\\\/2023\\\/11\\\/Norwex-Resource.jpg\",\"width\":200,\"height\":200,\"caption\":\"Norwex\"},\"image\":{\"@id\":\"https:\\\/\\\/theresource.norwex.com\\\/fr_ca\\\/#\\\/schema\\\/logo\\\/image\\\/\"},\"sameAs\":[\"https:\\\/\\\/www.facebook.com\\\/Norwex\\\/\",\"https:\\\/\\\/x.com\\\/norwex\",\"http:\\\/\\\/pinterest.com\\\/norwex\\\/\",\"http:\\\/\\\/www.youtube.com\\\/norwex\"]}]}<\/script>\n<!-- \/ Yoast SEO plugin. -->","yoast_head_json":{"title":"Training - Norwex Resource French CA","robots":{"index":"index","follow":"follow","max-snippet":"max-snippet:-1","max-image-preview":"max-image-preview:large","max-video-preview":"max-video-preview:-1"},"canonical":"https:\/\/theresource.norwex.com\/fr_ca\/training\/","og_locale":"fr_CA","og_type":"article","og_title":"Training - Norwex Resource French CA","og_description":"Norwex\u00ae Formation Commencez votreaventure Norwex Petit guide sur produits Formation et mod\u00e8les pour pr\u00e9sentations Calendrier desr\u00e9servations D\u00e9veloppez votreentreprise Norwex Balados Bureau de Conseill\u00e8re (er) Formation des leaders et des \u00e9quipes D\u00e9veloppez votre \u00e9quipe Norwex D\u00e9veloppement duleadership Liens rapides Bureau de Conseill\u00e8re (er) Application pour Conseill\u00e8re (er)","og_url":"https:\/\/theresource.norwex.com\/fr_ca\/training\/","og_site_name":"Norwex Resource French CA","article_publisher":"https:\/\/www.facebook.com\/Norwex\/","article_modified_time":"2025-10-10T17:08:53+00:00","og_image":[{"url":"https:\/\/theresource.norwex.com\/wp-content\/uploads\/sites\/3\/2024\/09\/Team_Building_Mobile_4.jpg","type":"","width":"","height":""}],"twitter_card":"summary_large_image","twitter_site":"@norwex","twitter_misc":{"Estimation du temps de lecture":"1 minute"},"schema":{"@context":"https:\/\/schema.org","@graph":[{"@type":"WebPage","@id":"https:\/\/theresource.norwex.com\/fr_ca\/training\/","url":"https:\/\/theresource.norwex.com\/fr_ca\/training\/","name":"Training - Norwex Resource French CA","isPartOf":{"@id":"https:\/\/theresource.norwex.com\/fr_ca\/#website"},"primaryImageOfPage":{"@id":"https:\/\/theresource.norwex.com\/fr_ca\/training\/#primaryimage"},"image":{"@id":"https:\/\/theresource.norwex.com\/fr_ca\/training\/#primaryimage"},"thumbnailUrl":"https:\/\/theresource.norwex.com\/wp-content\/uploads\/sites\/3\/2024\/09\/Team_Building_Mobile_4.jpg","datePublished":"2024-09-11T18:24:59+00:00","dateModified":"2025-10-10T17:08:53+00:00","breadcrumb":{"@id":"https:\/\/theresource.norwex.com\/fr_ca\/training\/#breadcrumb"},"inLanguage":"fr-CA","potentialAction":[{"@type":"ReadAction","target":["https:\/\/theresource.norwex.com\/fr_ca\/training\/"]}]},{"@type":"ImageObject","inLanguage":"fr-CA","@id":"https:\/\/theresource.norwex.com\/fr_ca\/training\/#primaryimage","url":"https:\/\/theresource.norwex.com\/wp-content\/uploads\/sites\/3\/2024\/09\/Team_Building_Mobile_4.jpg","contentUrl":"https:\/\/theresource.norwex.com\/wp-content\/uploads\/sites\/3\/2024\/09\/Team_Building_Mobile_4.jpg"},{"@type":"BreadcrumbList","@id":"https:\/\/theresource.norwex.com\/fr_ca\/training\/#breadcrumb","itemListElement":[{"@type":"ListItem","position":1,"name":"Home","item":"https:\/\/theresource.norwex.com\/fr_ca\/"},{"@type":"ListItem","position":2,"name":"Training"}]},{"@type":"WebSite","@id":"https:\/\/theresource.norwex.com\/fr_ca\/#website","url":"https:\/\/theresource.norwex.com\/fr_ca\/","name":"Norwex Resource French CA","description":"Just another Norwex Multi Sites site","publisher":{"@id":"https:\/\/theresource.norwex.com\/fr_ca\/#organization"},"potentialAction":[{"@type":"SearchAction","target":{"@type":"EntryPoint","urlTemplate":"https:\/\/theresource.norwex.com\/fr_ca\/?s={search_term_string}"},"query-input":{"@type":"PropertyValueSpecification","valueRequired":true,"valueName":"search_term_string"}}],"inLanguage":"fr-CA"},{"@type":"Organization","@id":"https:\/\/theresource.norwex.com\/fr_ca\/#organization","name":"Norwex","url":"https:\/\/theresource.norwex.com\/fr_ca\/","logo":{"@type":"ImageObject","inLanguage":"fr-CA","@id":"https:\/\/theresource.norwex.com\/fr_ca\/#\/schema\/logo\/image\/","url":"https:\/\/theresourcefr.norwex.com\/wp-content\/uploads\/sites\/5\/2023\/11\/Norwex-Resource.jpg","contentUrl":"https:\/\/theresourcefr.norwex.com\/wp-content\/uploads\/sites\/5\/2023\/11\/Norwex-Resource.jpg","width":200,"height":200,"caption":"Norwex"},"image":{"@id":"https:\/\/theresource.norwex.com\/fr_ca\/#\/schema\/logo\/image\/"},"sameAs":["https:\/\/www.facebook.com\/Norwex\/","https:\/\/x.com\/norwex","http:\/\/pinterest.com\/norwex\/","http:\/\/www.youtube.com\/norwex"]}]}},"_links":{"self":[{"href":"https:\/\/theresource.norwex.com\/fr_ca\/wp-json\/wp\/v2\/pages\/13660","targetHints":{"allow":["GET"]}}],"collection":[{"href":"https:\/\/theresource.norwex.com\/fr_ca\/wp-json\/wp\/v2\/pages"}],"about":[{"href":"https:\/\/theresource.norwex.com\/fr_ca\/wp-json\/wp\/v2\/types\/page"}],"author":[{"embeddable":true,"href":"https:\/\/theresource.norwex.com\/fr_ca\/wp-json\/wp\/v2\/users\/13"}],"replies":[{"embeddable":true,"href":"https:\/\/theresource.norwex.com\/fr_ca\/wp-json\/wp\/v2\/comments?post=13660"}],"version-history":[{"count":0,"href":"https:\/\/theresource.norwex.com\/fr_ca\/wp-json\/wp\/v2\/pages\/13660\/revisions"}],"wp:attachment":[{"href":"https:\/\/theresource.norwex.com\/fr_ca\/wp-json\/wp\/v2\/media?parent=13660"}],"wp:term":[{"taxonomy":"post_tag","embeddable":true,"href":"https:\/\/theresource.norwex.com\/fr_ca\/wp-json\/wp\/v2\/tags?post=13660"}],"curies":[{"name":"wp","href":"https:\/\/api.w.org\/{rel}","templated":true}]}}