{"id":11696,"date":"2023-11-03T13:23:14","date_gmt":"2023-11-03T18:23:14","guid":{"rendered":"https:\/\/theresourcefr.norwex.com\/?page_id=11696"},"modified":"2026-04-08T10:04:33","modified_gmt":"2026-04-08T15:04:33","slug":"national-conference","status":"publish","type":"page","link":"https:\/\/theresource.norwex.com\/fr_ca\/national-conference\/","title":{"rendered":"Norwex Conference"},"content":{"rendered":"<div class=\"container national-conference nc-fr nc-header m-auto p-0\">\n<div class=\"row countdown-container m-0\">\n<div class=\"col-sm-12 col-md-10 m-0 m-auto px-3 pb-3\">\n<h2 class=\"white-txt\">Compte \u00e0 rebours de l\u2019\u00e9v\u00e9nement<\/h2>\n<div id=\"countdown-clock\" class=\"text-center\"><\/div>\n<\/p><\/div>\n<\/p><\/div>\n<div class=\"row m-0 p-0 header-banner\">\n<div class=\"col-sm-12 p-0 hb-container\">\n      <button class=\"img-container\"><img decoding=\"async\" src=\"https:\/\/theresource.norwex.com\/wp-content\/uploads\/sites\/3\/2026\/02\/nc2026-lg-thumb-play.jpg\" alt=\"national conference\" style=\"width: 100%;\" \/><\/button><\/p>\n<div class=\"embed-responsive embed-responsive-16by9 nc-video hide\">\n        <iframe class=\"embed-responsive-item\" src=\"https:\/\/player.vimeo.com\/video\/1160328405?api=1&#038;autoplay=1&#038;muted=0\"><\/iframe>\n      <\/div>\n<\/p><\/div>\n<\/p><\/div>\n<\/div>\n<div class=\"container national-conference nc-fr nav-container mb-5\">\n<div class=\"row m-auto py-0\">\n<div class=\"col-sm-12 m-0 p-0\">\n<ul class=\"text-center m-0 p-0 portfolio-carousel\">\n<li class=\"main active\">Accueil<\/li>\n<li class=\"details\">D\u00e9tails<\/li>\n<li class=\"schedule\">Programme<\/li>\n<li class=\"no-change\"><a href=\"https:\/\/cdn.intelligencebank.com\/us\/share\/EPnB\/MMqXr\/kgJP1\/original\/28120_NC2026+Flyer_FR\" target=\"_blank\" rel=\"noopener nofollow\">Circulaire d&rsquo;\u00e9v\u00e9nement<\/a><\/li>\n<li class=\"no-change\"><a href=\"\/fr_ca\/nominations\/\" target=\"_self\" rel=\"noopener nofollow\">Prix<\/a><\/li>\n<li class=\"no-change\"><a href=\"https:\/\/cvent.me\/qK2zgl\" target=\"_blank\" rel=\"noopener nofollow\">Inscrivez-vous<\/a><\/li>\n<\/ul><\/div>\n<\/p><\/div>\n<\/div>\n<div class=\"container national-conference nc-fr nc-pages main-page m-auto\">\n<div class=\"row col-12 m-auto p-0\">\n<div class=\"col-12 pt-2\">\n<h3 class=\"largeheader text-center mb-0\">Vous voulez surpasser vos r\u00eaves?<\/h3>\n<\/p><\/div>\n<div class=\"col-sm-12 col-md-4 p-3 pb-2 info-links\">\n      <img loading=\"lazy\" decoding=\"async\" src=\"https:\/\/theresource.norwex.com\/wp-content\/uploads\/sites\/3\/2024\/03\/img_1_Must_Know-1.jpg\" alt=\"details\" width=\"1498\" height=\"882\" class=\"alignnone size-full wp-image-25075\" \/><\/p>\n<h3 class=\"mediumheader text-center mb-1\" style=\"font-size: 28px;\">Renseignements importants<\/h3>\n<p class=\"text-center dark-gray-txt2 p-3\">Voulez-vous aller au-del\u00e0 de vos r\u00eaves? Rejoignez-nous \u00e0 la Conf\u00e9rence Norwex 2026 du 6 au 9 ao\u00fbt 2026!<\/p>\n<p class=\"cta-btn see-details\">Voir les d\u00e9tails<\/p>\n<\/p><\/div>\n<div class=\"col-sm-12 col-md-4 p-3 pb-2 info-links\">\n      <img loading=\"lazy\" decoding=\"async\" src=\"https:\/\/theresource.norwex.com\/wp-content\/uploads\/sites\/3\/2024\/03\/img_schedule-1.jpg\" alt=\"schedule\" width=\"1498\" height=\"882\" class=\"alignnone size-full wp-image-25074\" \/><\/p>\n<h3 class=\"mediumheader text-center mb-1\" style=\"font-size: 28px;\">Programme<\/h3>\n<p class=\"text-center dark-gray-txt2 p-3\">Favorisez la croissance de votre entreprise gr\u00e2ce \u00e0 des formations sur les produits, des s\u00e9ances d&rsquo;information, des ateliers et bien plus encore!  La Conf\u00e9rence Norwex 2026 a beaucoup \u00e0 offrir!<\/p>\n<p class=\"cta-btn see-schedule\">Voir le programme<\/p>\n<\/p><\/div>\n<div class=\"col-sm-12 col-md-4 p-3 pb-2 info-links\">\n      <img decoding=\"async\" src=\"https:\/\/theresource.norwex.com\/wp-content\/uploads\/sites\/3\/2024\/03\/img_registry-1.jpg\" alt=\"early bird registry\" class=\"alignnone size-full wp-image-25076\" \/><\/p>\n<h3 class=\"mediumheader text-center mb-1\" style=\"font-size: 28px;\">Inscriptions<\/h3>\n<p class=\"text-center dark-gray-txt2 p-3\">Agissez vite et r\u00e9servez votre place avant qu\u2019aucune ne soit disponible. Achetez vos billets maintenant pour profiter de notre prix l\u00e8ve-t\u00f4t pour un temps limit\u00e9!<\/p>\n<p>      <a href=\"https:\/\/cvent.me\/qK2zgl\" target=\"_blank\" rel=\"noopener nofollow\" class=\"cta-btn\">S\u2019inscrire d\u00e8s maintenant<\/a>\n    <\/div>\n<\/p><\/div>\n<div class=\"row col-3 p-0 pt-5 mt-5 mb-4 ml-auto mr-auto\" style=\"border-top: 3px solid #d9d9d9; margin-top: 84px !important;\"><\/div>\n<div class=\"row m-0 p-0\">\n<div class=\"col-12\">\n<h3 class=\"largeheader text-center\">Rassemblez-vous. C\u00e9l\u00e9brez. Envolez-vous.<\/h3>\n<p class=\"text-center dark-gray-txt2\">Vivez l\u2019enthousiasme et la camaraderie cr\u00e9\u00e9s par notre rassemblement!<\/p>\n<\/p><\/div>\n<\/p><\/div>\n<div class=\"row col-sm-12 col-md-10 pb-4 ml-auto mr-auto\" style=\"-webkit-align-items: center; align-items: center;\">\n<div class=\"col-sm-12 col-md-6 hotel-img p-3\">\n      <img decoding=\"async\" src=\"https:\/\/theresource.norwex.com\/wp-content\/uploads\/sites\/3\/2026\/01\/westin-harbour-castle.jpg\" alt=\"hotel information\" class=\"alignnone size-full wp-image-18381\" \/>\n    <\/div>\n<div class=\"col-sm-12 col-md-6 hotel-info py-3 px-5\">\n<h3 class=\"mediumheader\">Renseignements sur l\u2019h\u00f4tel<\/h3>\n<p class=\"dark-gray-txt2\">The Westin Harbour Castle<br \/>1 Harbour Square<br \/>Toronto, ON M5J 1A6, Canada <\/p>\n<p class=\"m-0\"><a href=\"https:\/\/cvent.me\/qK2zgl\" class=\"cta-btn\" target=\"_blank\" rel=\"nofollow noopener\" style=\"margin: 2rem 0 0;\">S\u2019inscrire d\u00e8s maintenant<\/a><\/p>\n<\/div><\/div>\n<\/div>\n<div class=\"container national-conference nc-fr nc-pages details-page m-auto hide\">\n<div class=\"row m-0 p-0\">\n<div class=\"col-12\">\n<h3 class=\"largeheader text-center\">Inscritpion \u00e0 la Conf\u00e9rence Norwex 2026<\/h3>\n<p style=\"text-align: center;\"><strong>Du 6 au 9 ao\u00fbt 2026<br \/>PLUS D\u2019INFORMATIONS \u00c0 VENIR BIENT\u00d4T!<\/strong><\/p>\n<\/p><\/div>\n<p>La Conf\u00e9rence Norwex 2026 a pour but de rassembler la communaut\u00e9 Norwex. Les leaders et les conseill\u00e8res (ers) \u00e0 tous les stades de croissance s\u2019unissent pour se donner les moyens de d\u00e9velopper leurs entreprises Norwex et d\u2019aider les gens \u00e0 vivre une vie plus propre, plus s\u00fbre et meilleure.<\/p>\n<p>Il n\u2019y a rien de tel que de faire partie de l\u2019enthousiasme et de la camaraderie de la famille Norwex lorsque nous sommes tous et toutes ensemble!<\/p>\n<h3 class=\"mediumheader\">Prix :<\/h3>\n<p>Inscription r\u00e9guli\u00e8re : 229 $<br \/>Nouvelles Conseill\u00e8res (ers) (jointes depuis le 1er ao\u00fbt 2025) : 99 $<br \/>Pour les personnes ayant particip\u00e9 \u00e0 la Conf\u00e9rence du Leadership 2026 : 169 $<\/p>\n<p>*Voici ce qui vous attend lors de votre participation \u00e0 la Conf\u00e9rence Norwex 2026 :<\/p>\n<ul>\n<li>Toutes les sessions du vendredi, du samedi et du dimanche, y comprises :\n<ul>\n<li>T\u00e9moignages des leaders<\/li>\n<li>Formation aux nouveaux produits<\/li>\n<li>Panels<\/li>\n<li>Ateliers exclusifs \u2013 En savoir plus sur la fa\u00e7on de partager avec succ\u00e8s les incroyables produits Norwex et l\u2019occasion d\u2019affaires.<\/li>\n<\/ul>\n<\/li>\n<li>De nouveaux produits gratuits et recevez des cadeaux gratuits pour tout le monde (encore plus si vous \u00eates Leader ex\u00e9cutive principale des ventes ou d\u2019un niveau sup\u00e9rieur!)<\/li>\n<li>Possibilit\u00e9 de commander de nouveaux produits<\/li>\n<li>Un sac d\u2019inscription exclusif avec le programme de l\u2019\u00e9v\u00e9nement<\/li>\n<li>Norwex NOW &#8211; Soyez les premiers \u00e0 obtenir les derniers v\u00eatements et outils professionnels de marque Norwex.<\/li>\n<li>D\u00eener du samedi<\/li>\n<li>Tirages de prix suppl\u00e9mentaires pour les participants :\n<ul>\n<li>Nouveau produit<\/li>\n<li>Articles portant le logo Norwex<\/li>\n<\/ul>\n<\/li>\n<li>1 000 miles pour un nouveau voyage incitatif<\/li>\n<li>Se r\u00e9unir ensemble pour des c\u00e2lins et du r\u00e9seautage \u2013 il n\u2019y a rien de tel que de nouer de nouvelles relations et de retrouver d\u2019ancien(ne)s ami(e)s.<\/li>\n<li>3 000 Miles de voyage pour le nouveau voyage incitatif!<\/li>\n<\/ul>\n<p>Afin de recevoir 3 000 Miles de voyage pour la participation \u00e0 la conf\u00e9rence \u2013 Toutes les Conseill\u00e8res (ers) doivent participer en personne, s\u2019enregistrer et venir chercher en personne leur ensemble d\u2019inscription \u00e0 la Conf\u00e9rence, sur le site, au bureau d\u2019accueil. Si une Conseill\u00e8re (er) annule son inscription \u00e0 la Conf\u00e9rence et ne participe pas en personne; les 3 000 Miles de voyage de la Conf\u00e9rence ne seront pas appliqu\u00e9s pour le voyage.<\/p>\n<p style=\"width: 100%; display: block;\">*Sous r\u00e9serve de modifications et de substitutions.<\/p>\n<h3 class=\"mediumheader\">H\u00f4tel :<\/h3>\n<p>The Westin Harbour Castle<br \/>1 Harbour Square, Toronto, ON M5J 1A6, Canada<\/p>\n<\/p>\n<ul>\n<li>Tarifs des chambres :\n<ul>\n<li>Simple \/ Double : 309 $ + taxes<\/li>\n<li>Triple : 329 $ + taxes<\/li>\n<li>Quadruple : 349 $ + taxes<\/li>\n<p>          <!--\n\n<ul>\n            \n\n<li>Les taxes peuvent changer \u2013 actuellement TVP 7 %\/TPS 5 % et taxe sur l\u2019h\u00e9bergement urbain 5 %.<\/li>\n\n \n          <\/ul>\n\n-->\n        <\/ul>\n<\/li>\n<li>*Vous devez r\u00e9server votre chambre d\u2019h\u00f4tel sur le site de l\u2019h\u00f4tel. Vous ne pourrez PAS r\u00e9server votre chambre d\u2019h\u00f4tel en communiquant directement avec l\u2019h\u00f4tel.<\/li>\n<li>Les informations sur votre r\u00e9servation seront fournies dans votre courriel de confirmation<\/li>\n<li>Date limite de r\u00e9servation d\u2019h\u00f4tel en ligne : 13 juillet 2026<\/li>\n<\/ul>\n<h3 class=\"mediumheader\">A\u00e9roport :<\/h3>\n<p>A\u00e9roport International Pearson de Toronto<\/p>\n<p style=\"width: 100%;\"><a href=\"https:\/\/cvent.me\/qK2zgl\" class=\"cta-btn\" target=\"_blank\" rel=\"noopener\" style=\"margin: 1rem 0;\">Inscrivez-vous maintenant!<\/a><\/p>\n<p style=\"width: 100%\">Questions sur l\u2019inscription? <a href=\"mailto:conferenceca@norwex.com\" class=\"text-link\">conferenceca@norwex.com<\/a>.<\/p>\n<\/p><\/div>\n<\/div>\n<div class=\"container national-conference nc-fr nc-pages schedule-page m-auto hide\">\n<div class=\"row m-0 p-0\">\n<div class=\"col-12\">\n<h3 class=\"text-center largeheader\">Le calendrier en un coup d\u2019\u0153il<\/h3>\n<p style='text-align: center;'><strong>PLUS D\u2019INFORMATIONS \u00c0 VENIR BIENT\u00d4T!<\/strong><\/p>\n<p><strong>Jeudi 6 ao\u00fbt 2026<\/strong><br \/>\n      10 h 00 Journ\u00e9e des hauts dirigeants<\/p>\n<p><strong>Vendredi 7 ao\u00fbt 2026<\/strong><br \/>\n      Formation toute la journ\u00e9e<\/p>\n<p><strong>Samedi 8 ao\u00fbt 2026<\/strong><br \/>\n      Formation toute la journ\u00e9e<\/p>\n<p><strong>Dimanche 9 ao\u00fbt 2026<\/strong><br \/>\n      Service religieux facultatif<br \/>\n      Formation d&rsquo;une demi-journ\u00e9e, se terminant \u00e0 mid<\/p>\n<p><strong>L&rsquo;horaire et les horaires sont sujets \u00e0 changement.<\/strong><\/p>\n<p><strong>**Politique d\u2019annulation et de remboursement<\/strong><\/p>\n<ul>\n<li>Des frais non remboursables de 25 % sont factur\u00e9s pour les annulations effectu\u00e9es avant le 7 juin<\/li>\n<li>Des frais non remboursables de 50 % sont factur\u00e9s pour les annulations effectu\u00e9es entre le 8 juin et le 1<sup>er<\/sup> juillet<\/li>\n<li>Pas de remboursement pour les annulations apr\u00e8s le 2 juillet 2026<\/li>\n<\/ul>\n<h3>Dates importantes pour la reconnaissance :<\/h3>\n<p>Les candidates doivent \u00eatre promus au rang de Leader ex\u00e9cutive principale des ventes ou \u00e0 un rang sup\u00e9rieur avant midi, HC, le <strong>1<sup>er<\/sup> juin 2026<\/strong> pour \u00eatre incluses dans le programme des \u00e9v\u00e9nements de la Conf\u00e9rence Norwex 2026. Les titres de carri\u00e8re des leaders Norwex actuels au <strong>1<sup>er<\/sup> juillet 2026<\/strong>, seront inclus dans le programme de l\u2019\u00e9v\u00e9nement.<\/p>\n<ul>\n<li>Les participants doivent assister en personne \u00e0 la Conf\u00e9rence Norwex 2026 avant le <strong>1<sup>er<\/sup> juillet 2026<\/strong>, \u00e0 23 h 59, HC, afin d\u2019\u00eatre admissibles aux prix de reconnaissance suivants des 10 meilleurs participants sur sc\u00e8ne :<\/li>\n<li>Les 10 meilleurs projets de d\u00e9veloppement du leadership personnel*<\/li>\n<li>Les 10 meilleurs leaders de groupe*<\/li>\n<li>Les 10 meilleurs b\u00e2tisseurs d\u2019\u00e9quipe \u2013 conseill\u00e8re (er) au leader des ventes et leaders ex\u00e9cutives des ventes et plus* <\/li>\n<li>Les 10 meilleurs vendeurs \u2013 Conseill\u00e8re (er) au leader des ventes et au leader ex\u00e9cutif des ventes et plus*<\/li>\n<li>Atteindre l\u2019esprit de g\u00e9n\u00e9rosit\u00e9<\/li>\n<li>R\u00e9alisateur de l\u2019esprit de mission<\/li>\n<\/ul>\n<p><i>*Les participant(e)s doivent s\u2019inscrire en personne avant 23 h 59, HNC, le 1<sup>er<\/sup> juillet, afin d\u2019\u00eatre reconnu(e)s et de recevoir toutes les marques de reconnaissance, y compris les documents \u00e0 distribuer, les cadeaux, les prix, les prix des 10 meilleurs vendeurs, les prix pour les nouveaux niveaux de carri\u00e8re et les \u00e9pinglettes d\u2019anniversaire. <\/i><\/p>\n<p>La reconnaissance suppl\u00e9mentaire comprendra* :<br \/>\n      5, 10, 15 et 20 ans d\u2019anniversaire<br \/>\n      Vamos Vallarta Puerto Vallarta R\u00e9alisateurs<br \/>\n      Pr\u00e9sentateurs <br \/>\n      Les laur\u00e9ats des prix de la Norwex Foundation <\/p>\n<p>*Certains prix peuvent \u00eatre remis en dehors de la sc\u00e8ne lors de la Conf\u00e9rence Norwex 2026 \u2013 tous les laur\u00e9ats doivent \u00eatre pr\u00e9sents pour recevoir l\u2019un ou l\u2019autre des prix.  Aucun prix ne sera envoy\u00e9 aux conseill\u00e8res (ers) qui n\u2019assistent pas \u00e0 la conf\u00e9rence en personne.<\/p>\n<p>      <a href=\"https:\/\/cvent.me\/qK2zgl\" class=\"cta-btn\" target=\"_blank\" rel=\"noopener\" style=\"margin: 1.5rem auto;\">Inscrivez-vous maintenant!<\/a>\n    <\/div>\n<\/p><\/div>\n<\/div>\n","protected":false},"excerpt":{"rendered":"<p>Compte \u00e0 rebours de l\u2019\u00e9v\u00e9nement Accueil D\u00e9tails Programme Circulaire d&rsquo;\u00e9v\u00e9nement Prix Inscrivez-vous Vous voulez surpasser vos r\u00eaves? Renseignements importants Voulez-vous aller au-del\u00e0 de vos r\u00eaves? Rejoignez-nous \u00e0 la Conf\u00e9rence Norwex 2026 du 6 au 9 ao\u00fbt 2026! Voir les d\u00e9tails Programme Favorisez la croissance de votre entreprise gr\u00e2ce \u00e0 des formations sur les produits, des [&hellip;]<\/p>\n","protected":false},"author":44,"featured_media":0,"parent":0,"menu_order":0,"comment_status":"closed","ping_status":"closed","template":"","meta":{"footnotes":""},"tags":[],"class_list":["post-11696","page","type-page","status-publish","hentry"],"yoast_head":"<!-- This site is optimized with the Yoast SEO plugin v26.8 - https:\/\/yoast.com\/product\/yoast-seo-wordpress\/ -->\n<title>Norwex Conference - Norwex Resource French CA<\/title>\n<meta name=\"robots\" content=\"index, follow, max-snippet:-1, max-image-preview:large, max-video-preview:-1\" \/>\n<link rel=\"canonical\" href=\"https:\/\/theresource.norwex.com\/fr_ca\/national-conference\/\" \/>\n<meta property=\"og:locale\" content=\"fr_CA\" \/>\n<meta property=\"og:type\" content=\"article\" \/>\n<meta property=\"og:title\" content=\"Norwex Conference - Norwex Resource French CA\" \/>\n<meta property=\"og:description\" content=\"Compte \u00e0 rebours de l\u2019\u00e9v\u00e9nement Accueil D\u00e9tails Programme Circulaire d&rsquo;\u00e9v\u00e9nement Prix Inscrivez-vous Vous voulez surpasser vos r\u00eaves? Renseignements importants Voulez-vous aller au-del\u00e0 de vos r\u00eaves? Rejoignez-nous \u00e0 la Conf\u00e9rence Norwex 2026 du 6 au 9 ao\u00fbt 2026! Voir les d\u00e9tails Programme Favorisez la croissance de votre entreprise gr\u00e2ce \u00e0 des formations sur les produits, des [&hellip;]\" \/>\n<meta property=\"og:url\" content=\"https:\/\/theresource.norwex.com\/fr_ca\/national-conference\/\" \/>\n<meta property=\"og:site_name\" content=\"Norwex Resource French CA\" \/>\n<meta property=\"article:publisher\" content=\"https:\/\/www.facebook.com\/Norwex\/\" \/>\n<meta property=\"article:modified_time\" content=\"2026-04-08T15:04:33+00:00\" \/>\n<meta property=\"og:image\" content=\"https:\/\/theresource.norwex.com\/wp-content\/uploads\/sites\/3\/2026\/02\/nc2026-lg-thumb-play.jpg\" \/>\n<meta name=\"twitter:card\" content=\"summary_large_image\" \/>\n<meta name=\"twitter:site\" content=\"@norwex\" \/>\n<meta name=\"twitter:label1\" content=\"Estimation du temps de lecture\" \/>\n\t<meta name=\"twitter:data1\" content=\"7 minutes\" \/>\n<script type=\"application\/ld+json\" class=\"yoast-schema-graph\">{\"@context\":\"https:\/\/schema.org\",\"@graph\":[{\"@type\":\"WebPage\",\"@id\":\"https:\/\/theresource.norwex.com\/fr_ca\/national-conference\/\",\"url\":\"https:\/\/theresource.norwex.com\/fr_ca\/national-conference\/\",\"name\":\"Norwex Conference - Norwex Resource French CA\",\"isPartOf\":{\"@id\":\"https:\/\/theresource.norwex.com\/fr_ca\/#website\"},\"primaryImageOfPage\":{\"@id\":\"https:\/\/theresource.norwex.com\/fr_ca\/national-conference\/#primaryimage\"},\"image\":{\"@id\":\"https:\/\/theresource.norwex.com\/fr_ca\/national-conference\/#primaryimage\"},\"thumbnailUrl\":\"https:\/\/theresource.norwex.com\/wp-content\/uploads\/sites\/3\/2026\/02\/nc2026-lg-thumb-play.jpg\",\"datePublished\":\"2023-11-03T18:23:14+00:00\",\"dateModified\":\"2026-04-08T15:04:33+00:00\",\"breadcrumb\":{\"@id\":\"https:\/\/theresource.norwex.com\/fr_ca\/national-conference\/#breadcrumb\"},\"inLanguage\":\"fr-CA\",\"potentialAction\":[{\"@type\":\"ReadAction\",\"target\":[\"https:\/\/theresource.norwex.com\/fr_ca\/national-conference\/\"]}]},{\"@type\":\"ImageObject\",\"inLanguage\":\"fr-CA\",\"@id\":\"https:\/\/theresource.norwex.com\/fr_ca\/national-conference\/#primaryimage\",\"url\":\"https:\/\/theresource.norwex.com\/wp-content\/uploads\/sites\/3\/2026\/02\/nc2026-lg-thumb-play.jpg\",\"contentUrl\":\"https:\/\/theresource.norwex.com\/wp-content\/uploads\/sites\/3\/2026\/02\/nc2026-lg-thumb-play.jpg\"},{\"@type\":\"BreadcrumbList\",\"@id\":\"https:\/\/theresource.norwex.com\/fr_ca\/national-conference\/#breadcrumb\",\"itemListElement\":[{\"@type\":\"ListItem\",\"position\":1,\"name\":\"Home\",\"item\":\"https:\/\/theresource.norwex.com\/fr_ca\/\"},{\"@type\":\"ListItem\",\"position\":2,\"name\":\"Norwex Conference\"}]},{\"@type\":\"WebSite\",\"@id\":\"https:\/\/theresource.norwex.com\/fr_ca\/#website\",\"url\":\"https:\/\/theresource.norwex.com\/fr_ca\/\",\"name\":\"Norwex Resource French CA\",\"description\":\"Just another Norwex Multi Sites site\",\"publisher\":{\"@id\":\"https:\/\/theresource.norwex.com\/fr_ca\/#organization\"},\"potentialAction\":[{\"@type\":\"SearchAction\",\"target\":{\"@type\":\"EntryPoint\",\"urlTemplate\":\"https:\/\/theresource.norwex.com\/fr_ca\/?s={search_term_string}\"},\"query-input\":{\"@type\":\"PropertyValueSpecification\",\"valueRequired\":true,\"valueName\":\"search_term_string\"}}],\"inLanguage\":\"fr-CA\"},{\"@type\":\"Organization\",\"@id\":\"https:\/\/theresource.norwex.com\/fr_ca\/#organization\",\"name\":\"Norwex\",\"url\":\"https:\/\/theresource.norwex.com\/fr_ca\/\",\"logo\":{\"@type\":\"ImageObject\",\"inLanguage\":\"fr-CA\",\"@id\":\"https:\/\/theresource.norwex.com\/fr_ca\/#\/schema\/logo\/image\/\",\"url\":\"https:\/\/theresourcefr.norwex.com\/wp-content\/uploads\/sites\/5\/2023\/11\/Norwex-Resource.jpg\",\"contentUrl\":\"https:\/\/theresourcefr.norwex.com\/wp-content\/uploads\/sites\/5\/2023\/11\/Norwex-Resource.jpg\",\"width\":200,\"height\":200,\"caption\":\"Norwex\"},\"image\":{\"@id\":\"https:\/\/theresource.norwex.com\/fr_ca\/#\/schema\/logo\/image\/\"},\"sameAs\":[\"https:\/\/www.facebook.com\/Norwex\/\",\"https:\/\/x.com\/norwex\",\"http:\/\/pinterest.com\/norwex\/\",\"http:\/\/www.youtube.com\/norwex\"]}]}<\/script>\n<!-- \/ Yoast SEO plugin. -->","yoast_head_json":{"title":"Norwex Conference - Norwex Resource French CA","robots":{"index":"index","follow":"follow","max-snippet":"max-snippet:-1","max-image-preview":"max-image-preview:large","max-video-preview":"max-video-preview:-1"},"canonical":"https:\/\/theresource.norwex.com\/fr_ca\/national-conference\/","og_locale":"fr_CA","og_type":"article","og_title":"Norwex Conference - Norwex Resource French CA","og_description":"Compte \u00e0 rebours de l\u2019\u00e9v\u00e9nement Accueil D\u00e9tails Programme Circulaire d&rsquo;\u00e9v\u00e9nement Prix Inscrivez-vous Vous voulez surpasser vos r\u00eaves? Renseignements importants Voulez-vous aller au-del\u00e0 de vos r\u00eaves? Rejoignez-nous \u00e0 la Conf\u00e9rence Norwex 2026 du 6 au 9 ao\u00fbt 2026! Voir les d\u00e9tails Programme Favorisez la croissance de votre entreprise gr\u00e2ce \u00e0 des formations sur les produits, des [&hellip;]","og_url":"https:\/\/theresource.norwex.com\/fr_ca\/national-conference\/","og_site_name":"Norwex Resource French CA","article_publisher":"https:\/\/www.facebook.com\/Norwex\/","article_modified_time":"2026-04-08T15:04:33+00:00","og_image":[{"url":"https:\/\/theresource.norwex.com\/wp-content\/uploads\/sites\/3\/2026\/02\/nc2026-lg-thumb-play.jpg","type":"","width":"","height":""}],"twitter_card":"summary_large_image","twitter_site":"@norwex","twitter_misc":{"Estimation du temps de lecture":"7 minutes"},"schema":{"@context":"https:\/\/schema.org","@graph":[{"@type":"WebPage","@id":"https:\/\/theresource.norwex.com\/fr_ca\/national-conference\/","url":"https:\/\/theresource.norwex.com\/fr_ca\/national-conference\/","name":"Norwex Conference - Norwex Resource French CA","isPartOf":{"@id":"https:\/\/theresource.norwex.com\/fr_ca\/#website"},"primaryImageOfPage":{"@id":"https:\/\/theresource.norwex.com\/fr_ca\/national-conference\/#primaryimage"},"image":{"@id":"https:\/\/theresource.norwex.com\/fr_ca\/national-conference\/#primaryimage"},"thumbnailUrl":"https:\/\/theresource.norwex.com\/wp-content\/uploads\/sites\/3\/2026\/02\/nc2026-lg-thumb-play.jpg","datePublished":"2023-11-03T18:23:14+00:00","dateModified":"2026-04-08T15:04:33+00:00","breadcrumb":{"@id":"https:\/\/theresource.norwex.com\/fr_ca\/national-conference\/#breadcrumb"},"inLanguage":"fr-CA","potentialAction":[{"@type":"ReadAction","target":["https:\/\/theresource.norwex.com\/fr_ca\/national-conference\/"]}]},{"@type":"ImageObject","inLanguage":"fr-CA","@id":"https:\/\/theresource.norwex.com\/fr_ca\/national-conference\/#primaryimage","url":"https:\/\/theresource.norwex.com\/wp-content\/uploads\/sites\/3\/2026\/02\/nc2026-lg-thumb-play.jpg","contentUrl":"https:\/\/theresource.norwex.com\/wp-content\/uploads\/sites\/3\/2026\/02\/nc2026-lg-thumb-play.jpg"},{"@type":"BreadcrumbList","@id":"https:\/\/theresource.norwex.com\/fr_ca\/national-conference\/#breadcrumb","itemListElement":[{"@type":"ListItem","position":1,"name":"Home","item":"https:\/\/theresource.norwex.com\/fr_ca\/"},{"@type":"ListItem","position":2,"name":"Norwex Conference"}]},{"@type":"WebSite","@id":"https:\/\/theresource.norwex.com\/fr_ca\/#website","url":"https:\/\/theresource.norwex.com\/fr_ca\/","name":"Norwex Resource French CA","description":"Just another Norwex Multi Sites site","publisher":{"@id":"https:\/\/theresource.norwex.com\/fr_ca\/#organization"},"potentialAction":[{"@type":"SearchAction","target":{"@type":"EntryPoint","urlTemplate":"https:\/\/theresource.norwex.com\/fr_ca\/?s={search_term_string}"},"query-input":{"@type":"PropertyValueSpecification","valueRequired":true,"valueName":"search_term_string"}}],"inLanguage":"fr-CA"},{"@type":"Organization","@id":"https:\/\/theresource.norwex.com\/fr_ca\/#organization","name":"Norwex","url":"https:\/\/theresource.norwex.com\/fr_ca\/","logo":{"@type":"ImageObject","inLanguage":"fr-CA","@id":"https:\/\/theresource.norwex.com\/fr_ca\/#\/schema\/logo\/image\/","url":"https:\/\/theresourcefr.norwex.com\/wp-content\/uploads\/sites\/5\/2023\/11\/Norwex-Resource.jpg","contentUrl":"https:\/\/theresourcefr.norwex.com\/wp-content\/uploads\/sites\/5\/2023\/11\/Norwex-Resource.jpg","width":200,"height":200,"caption":"Norwex"},"image":{"@id":"https:\/\/theresource.norwex.com\/fr_ca\/#\/schema\/logo\/image\/"},"sameAs":["https:\/\/www.facebook.com\/Norwex\/","https:\/\/x.com\/norwex","http:\/\/pinterest.com\/norwex\/","http:\/\/www.youtube.com\/norwex"]}]}},"_links":{"self":[{"href":"https:\/\/theresource.norwex.com\/fr_ca\/wp-json\/wp\/v2\/pages\/11696","targetHints":{"allow":["GET"]}}],"collection":[{"href":"https:\/\/theresource.norwex.com\/fr_ca\/wp-json\/wp\/v2\/pages"}],"about":[{"href":"https:\/\/theresource.norwex.com\/fr_ca\/wp-json\/wp\/v2\/types\/page"}],"author":[{"embeddable":true,"href":"https:\/\/theresource.norwex.com\/fr_ca\/wp-json\/wp\/v2\/users\/44"}],"replies":[{"embeddable":true,"href":"https:\/\/theresource.norwex.com\/fr_ca\/wp-json\/wp\/v2\/comments?post=11696"}],"version-history":[{"count":5,"href":"https:\/\/theresource.norwex.com\/fr_ca\/wp-json\/wp\/v2\/pages\/11696\/revisions"}],"predecessor-version":[{"id":16461,"href":"https:\/\/theresource.norwex.com\/fr_ca\/wp-json\/wp\/v2\/pages\/11696\/revisions\/16461"}],"wp:attachment":[{"href":"https:\/\/theresource.norwex.com\/fr_ca\/wp-json\/wp\/v2\/media?parent=11696"}],"wp:term":[{"taxonomy":"post_tag","embeddable":true,"href":"https:\/\/theresource.norwex.com\/fr_ca\/wp-json\/wp\/v2\/tags?post=11696"}],"curies":[{"name":"wp","href":"https:\/\/api.w.org\/{rel}","templated":true}]}}