{"id":11695,"date":"2023-11-03T13:22:48","date_gmt":"2023-11-03T18:22:48","guid":{"rendered":"https:\/\/theresourcefr.norwex.com\/?page_id=11695"},"modified":"2024-05-07T12:06:10","modified_gmt":"2024-05-07T17:06:10","slug":"na-black-jacket-meeting","status":"publish","type":"page","link":"https:\/\/theresource.norwex.com\/fr_ca\/na-black-jacket-meeting\/","title":{"rendered":"North America Black Jacket Meeting"},"content":{"rendered":"<style>.hero hero--short, .hero--spruce-bg {display:none;} .container.nabjm-container li {margin-bottom: .25rem;} h1:after {display: none;} .mobile-img {display: block;} .desktop-img {display: none;} @media screen and (min-width: 768px) {.schedule-col-1 {border-right: 1px solid #cfc8c1; padding-right: 2rem; padding-left: 0;} .schedule-col-2 {padding-left: 2rem; padding-right: 0} .mobile-img {display: none;} .desktop-img {display: block;}}<\/style>\n<div class=\"header pt-0\" style=\"background: none;\">\n<div class=\"container this-month m-auto\">\n<div class=\"row mb-5\" style=\"background: #4c5f7f;\">\n<div class=\"col-sm-12 px-3 py-5\">\n\t\t\t\t<img decoding=\"async\" src=\"https:\/\/theresource.norwex.com\/wp-content\/uploads\/sites\/3\/2024\/04\/norwex-logo-light.png\" alt=\"leaders summit\" class=\"alignnone size-full pt-5\" style=\"width: 100%; max-width: 300px; margin: 0 auto 2rem;\" \/><\/p>\n<h1 class=\"whitetxt mb-1 pb-0\" style=\"color: #fff; font-size: 38px; text-align: center; border: none\">R\u00e9union des Vestons noirs de l\u2019Am\u00e9rique du Nord<\/h1>\n<p class=\"whitetxt pb-5\" style=\"color: #fff; font-size: 22px; text-align: center;\">23 Octobre &#8211; 25 Octobre<\/p>\n<\/p><\/div>\n<\/p><\/div>\n<\/p><\/div>\n<\/div>\n<div class=\"container nabjm-container this-month mt-0 pb-5\">\n<div class=\"row p-1\">\n<div class=\"col-sm-12 col-md-6 px-0\">\n<p class=\"mb-4 mobile-img\"><a href=\"https:\/\/www.eventbrite.com\/e\/2024-north-america-black-jacket-meeting-tickets-891777519567\" class=\"more-btn\" target=\"_blank\" rel=\"noopener\" style=\"max-width: 240px; margin: 0 auto;\">Inscrivez-vous aujourd\u2019hui!  <\/a><\/p>\n<h2 class=\"navy-txt mb-2\" style=\"font-size:28px; width: 100%; display: block; text-align: center;\"><strong>Aper\u00e7u du programme*<\/strong><\/h2>\n<p class=\"navy-txt mb-5\" style=\"width: 100%; display: block; text-align: center;\"><i>Tous les horaires sont en Heure du Centre.<\/i><\/p>\n<\/p><\/div>\n<div class=\"col-sm-12 col-md-6 px-0\">\n<p class=\"mb-0 desktop-img\"><a href=\"https:\/\/www.eventbrite.com\/e\/2024-north-america-black-jacket-meeting-tickets-891777519567\" class=\"more-btn\" target=\"_blank\" rel=\"noopener\" style=\"max-width: 240px; margin: 0 auto;\">Inscrivez-vous aujourd\u2019hui!  <\/a><\/p>\n<\/p><\/div>\n<\/p><\/div>\n<div class=\"row p-1\">\n<div class=\"col-sm-12 col-md-6 schedule-col-1\">\n<p class=\"mb-2\"><strong>Mardi 22 octobre :<\/strong><\/p>\n<ul style=\"padding: 0 0 5px 20px;\">\n<li>Apr\u00e8s-midi : Les Vice-pr\u00e9sidentes principales leaders des ventes argent et Vice-pr\u00e9sidentes principales leaders des ventes \u00c9meraude arrivent avant 16 h 00, HC.<\/li>\n<li>18 h 00 : Souper des VPPA et VPP\u00c9<\/li>\n<\/ul>\n<p class=\"mb-2\"><strong>Mercredi 23 octobre :<\/strong><\/p>\n<ul style=\"padding: 0 0 5px 20px;\">\n<li>08 h 00 \u00e0 09 h 00 : D\u00e9jeuner <\/li>\n<li>09 h 00 \u00e0 12 h 00 : R\u00e9union des VPPA et VPP\u00c9 <\/li>\n<li>Les Vice-pr\u00e9sidentes principales leaders des ventes arrivent avant 11 h 00, HC. <\/li>\n<li>12 h 00 \u00e0 13 h 00 : Rassemblement des VPPA, VPP\u00c9 et VPP et d\u00eener <\/li>\n<li>13 h 00 \u00e0 17 h 00 : R\u00e9union des VPPA, VPP\u00c9 et VPP<\/li>\n<li>Les Vice-pr\u00e9sidentes ex\u00e9cutives leaders des ventes arrivent avant 16 h 00, HC <\/li>\n<li>18 h 00 \u00e0 20 h 00 : R\u00e9ception d\u2019accueil pour les Vestons noirs <\/li>\n<\/ul>\n<p class=\"mb-2\"><strong>Jeudi 24 octobre :<\/strong><\/p>\n<ul style=\"padding: 0 0 5px 20px;\">\n<li>08 h 00 \u00e0 09 h 00 : Petit-d\u00e9jeuner<\/li>\n<li>09 h 00 \u00e0 12 h 00 : R\u00e9union des Vestons noirs <\/li>\n<li>12 h 00 \u00e0 13 h 00 : D\u00eener <\/li>\n<li>13 h 00 \u00e0 17 h 00 : R\u00e9union des Vestons noirs <\/li>\n<li>18 h 00 \u00e0 20 h 00 : Soir\u00e9e \u00e9v\u00e8nement <\/li>\n<\/ul>\n<p class=\"mb-2\"><strong>Vendredi 25 octobre :<\/strong><\/p>\n<ul style=\"padding: 0 0 5px 20px;\">\n<li>08 h 00 \u00e0 09 h 00 : D\u00e9jeuner<\/li>\n<li>09 h 00 \u00e0 12 h 00 : R\u00e9union des Vestons noirs <\/li>\n<li>12 h 00 \u00e0 13 h 00 : D\u00eener<\/li>\n<li>Tous les vols des Vestons noirs partent apr\u00e8s 14 h 30, HC. <\/li>\n<\/ul>\n<p class=\"mt-3\" style=\"width: 100%; display: block; text-align: center; font-size: 14px;\"><i>*Le programme et les horaires sont sujets \u00e0 modification <\/i><\/p>\n<\/p><\/div>\n<div class=\"col-sm-12 col-md-6 schedule-col-2\">\n<p class=\"mb-2\"><strong>Emplacement :<\/strong><\/p>\n<p class=\"mb-4\" style=\"font-size: 16px;\">Hilton Dallas\/Park Cities<br \/>\n\t\t\t5954 Luther Lane Dallas, TX 75225<\/p>\n<p>\t\t\t<img decoding=\"async\" src=\"https:\/\/theresource.norwex.com\/wp-content\/uploads\/sites\/3\/2024\/04\/hilton-dallas-park-cities.jpeg\" alt=\"leaders summit\" class=\"alignnone size-full\" style=\"width: 100%; margin: 0 auto 2rem;\" \/>\n\t\t<\/div>\n<\/p><\/div>\n<\/div>\n","protected":false},"excerpt":{"rendered":"<p>R\u00e9union des Vestons noirs de l\u2019Am\u00e9rique du Nord 23 Octobre &#8211; 25 Octobre Inscrivez-vous aujourd\u2019hui! Aper\u00e7u du programme* Tous les horaires sont en Heure du Centre. Inscrivez-vous aujourd\u2019hui! Mardi 22 octobre : Apr\u00e8s-midi : Les Vice-pr\u00e9sidentes principales leaders des ventes argent et Vice-pr\u00e9sidentes principales leaders des ventes \u00c9meraude arrivent avant 16 h 00, HC. 18 [&hellip;]<\/p>\n","protected":false},"author":44,"featured_media":0,"parent":0,"menu_order":0,"comment_status":"closed","ping_status":"closed","template":"","meta":{"footnotes":""},"tags":[],"class_list":["post-11695","page","type-page","status-publish","hentry"],"yoast_head":"<!-- This site is optimized with the Yoast SEO plugin v27.3 - https:\/\/yoast.com\/product\/yoast-seo-wordpress\/ -->\n<title>North America Black Jacket Meeting - Norwex Resource French CA<\/title>\n<meta name=\"robots\" content=\"index, follow, max-snippet:-1, max-image-preview:large, max-video-preview:-1\" \/>\n<link rel=\"canonical\" href=\"https:\/\/theresource.norwex.com\/fr_ca\/na-black-jacket-meeting\/\" \/>\n<meta property=\"og:locale\" content=\"fr_CA\" \/>\n<meta property=\"og:type\" content=\"article\" \/>\n<meta property=\"og:title\" content=\"North America Black Jacket Meeting - Norwex Resource French CA\" \/>\n<meta property=\"og:description\" content=\"R\u00e9union des Vestons noirs de l\u2019Am\u00e9rique du Nord 23 Octobre &#8211; 25 Octobre Inscrivez-vous aujourd\u2019hui! Aper\u00e7u du programme* Tous les horaires sont en Heure du Centre. Inscrivez-vous aujourd\u2019hui! Mardi 22 octobre : Apr\u00e8s-midi : Les Vice-pr\u00e9sidentes principales leaders des ventes argent et Vice-pr\u00e9sidentes principales leaders des ventes \u00c9meraude arrivent avant 16 h 00, HC. 18 [&hellip;]\" \/>\n<meta property=\"og:url\" content=\"https:\/\/theresource.norwex.com\/fr_ca\/na-black-jacket-meeting\/\" \/>\n<meta property=\"og:site_name\" content=\"Norwex Resource French CA\" \/>\n<meta property=\"article:publisher\" content=\"https:\/\/www.facebook.com\/Norwex\/\" \/>\n<meta property=\"article:modified_time\" content=\"2024-05-07T17:06:10+00:00\" \/>\n<meta property=\"og:image\" content=\"https:\/\/theresource.norwex.com\/wp-content\/uploads\/sites\/3\/2024\/04\/norwex-logo-light.png\" \/>\n<meta name=\"twitter:card\" content=\"summary_large_image\" \/>\n<meta name=\"twitter:site\" content=\"@norwex\" \/>\n<meta name=\"twitter:label1\" content=\"Estimation du temps de lecture\" \/>\n\t<meta name=\"twitter:data1\" content=\"2 minutes\" \/>\n<script type=\"application\/ld+json\" class=\"yoast-schema-graph\">{\"@context\":\"https:\\\/\\\/schema.org\",\"@graph\":[{\"@type\":\"WebPage\",\"@id\":\"https:\\\/\\\/theresource.norwex.com\\\/fr_ca\\\/na-black-jacket-meeting\\\/\",\"url\":\"https:\\\/\\\/theresource.norwex.com\\\/fr_ca\\\/na-black-jacket-meeting\\\/\",\"name\":\"North America Black Jacket Meeting - Norwex Resource French CA\",\"isPartOf\":{\"@id\":\"https:\\\/\\\/theresource.norwex.com\\\/fr_ca\\\/#website\"},\"primaryImageOfPage\":{\"@id\":\"https:\\\/\\\/theresource.norwex.com\\\/fr_ca\\\/na-black-jacket-meeting\\\/#primaryimage\"},\"image\":{\"@id\":\"https:\\\/\\\/theresource.norwex.com\\\/fr_ca\\\/na-black-jacket-meeting\\\/#primaryimage\"},\"thumbnailUrl\":\"https:\\\/\\\/theresource.norwex.com\\\/wp-content\\\/uploads\\\/sites\\\/3\\\/2024\\\/04\\\/norwex-logo-light.png\",\"datePublished\":\"2023-11-03T18:22:48+00:00\",\"dateModified\":\"2024-05-07T17:06:10+00:00\",\"breadcrumb\":{\"@id\":\"https:\\\/\\\/theresource.norwex.com\\\/fr_ca\\\/na-black-jacket-meeting\\\/#breadcrumb\"},\"inLanguage\":\"fr-CA\",\"potentialAction\":[{\"@type\":\"ReadAction\",\"target\":[\"https:\\\/\\\/theresource.norwex.com\\\/fr_ca\\\/na-black-jacket-meeting\\\/\"]}]},{\"@type\":\"ImageObject\",\"inLanguage\":\"fr-CA\",\"@id\":\"https:\\\/\\\/theresource.norwex.com\\\/fr_ca\\\/na-black-jacket-meeting\\\/#primaryimage\",\"url\":\"https:\\\/\\\/theresource.norwex.com\\\/wp-content\\\/uploads\\\/sites\\\/3\\\/2024\\\/04\\\/norwex-logo-light.png\",\"contentUrl\":\"https:\\\/\\\/theresource.norwex.com\\\/wp-content\\\/uploads\\\/sites\\\/3\\\/2024\\\/04\\\/norwex-logo-light.png\"},{\"@type\":\"BreadcrumbList\",\"@id\":\"https:\\\/\\\/theresource.norwex.com\\\/fr_ca\\\/na-black-jacket-meeting\\\/#breadcrumb\",\"itemListElement\":[{\"@type\":\"ListItem\",\"position\":1,\"name\":\"Home\",\"item\":\"https:\\\/\\\/theresource.norwex.com\\\/fr_ca\\\/\"},{\"@type\":\"ListItem\",\"position\":2,\"name\":\"North America Black Jacket Meeting\"}]},{\"@type\":\"WebSite\",\"@id\":\"https:\\\/\\\/theresource.norwex.com\\\/fr_ca\\\/#website\",\"url\":\"https:\\\/\\\/theresource.norwex.com\\\/fr_ca\\\/\",\"name\":\"Norwex Resource French CA\",\"description\":\"Just another Norwex Multi Sites site\",\"publisher\":{\"@id\":\"https:\\\/\\\/theresource.norwex.com\\\/fr_ca\\\/#organization\"},\"potentialAction\":[{\"@type\":\"SearchAction\",\"target\":{\"@type\":\"EntryPoint\",\"urlTemplate\":\"https:\\\/\\\/theresource.norwex.com\\\/fr_ca\\\/?s={search_term_string}\"},\"query-input\":{\"@type\":\"PropertyValueSpecification\",\"valueRequired\":true,\"valueName\":\"search_term_string\"}}],\"inLanguage\":\"fr-CA\"},{\"@type\":\"Organization\",\"@id\":\"https:\\\/\\\/theresource.norwex.com\\\/fr_ca\\\/#organization\",\"name\":\"Norwex\",\"url\":\"https:\\\/\\\/theresource.norwex.com\\\/fr_ca\\\/\",\"logo\":{\"@type\":\"ImageObject\",\"inLanguage\":\"fr-CA\",\"@id\":\"https:\\\/\\\/theresource.norwex.com\\\/fr_ca\\\/#\\\/schema\\\/logo\\\/image\\\/\",\"url\":\"https:\\\/\\\/theresourcefr.norwex.com\\\/wp-content\\\/uploads\\\/sites\\\/5\\\/2023\\\/11\\\/Norwex-Resource.jpg\",\"contentUrl\":\"https:\\\/\\\/theresourcefr.norwex.com\\\/wp-content\\\/uploads\\\/sites\\\/5\\\/2023\\\/11\\\/Norwex-Resource.jpg\",\"width\":200,\"height\":200,\"caption\":\"Norwex\"},\"image\":{\"@id\":\"https:\\\/\\\/theresource.norwex.com\\\/fr_ca\\\/#\\\/schema\\\/logo\\\/image\\\/\"},\"sameAs\":[\"https:\\\/\\\/www.facebook.com\\\/Norwex\\\/\",\"https:\\\/\\\/x.com\\\/norwex\",\"http:\\\/\\\/pinterest.com\\\/norwex\\\/\",\"http:\\\/\\\/www.youtube.com\\\/norwex\"]}]}<\/script>\n<!-- \/ Yoast SEO plugin. -->","yoast_head_json":{"title":"North America Black Jacket Meeting - Norwex Resource French CA","robots":{"index":"index","follow":"follow","max-snippet":"max-snippet:-1","max-image-preview":"max-image-preview:large","max-video-preview":"max-video-preview:-1"},"canonical":"https:\/\/theresource.norwex.com\/fr_ca\/na-black-jacket-meeting\/","og_locale":"fr_CA","og_type":"article","og_title":"North America Black Jacket Meeting - Norwex Resource French CA","og_description":"R\u00e9union des Vestons noirs de l\u2019Am\u00e9rique du Nord 23 Octobre &#8211; 25 Octobre Inscrivez-vous aujourd\u2019hui! Aper\u00e7u du programme* Tous les horaires sont en Heure du Centre. Inscrivez-vous aujourd\u2019hui! Mardi 22 octobre : Apr\u00e8s-midi : Les Vice-pr\u00e9sidentes principales leaders des ventes argent et Vice-pr\u00e9sidentes principales leaders des ventes \u00c9meraude arrivent avant 16 h 00, HC. 18 [&hellip;]","og_url":"https:\/\/theresource.norwex.com\/fr_ca\/na-black-jacket-meeting\/","og_site_name":"Norwex Resource French CA","article_publisher":"https:\/\/www.facebook.com\/Norwex\/","article_modified_time":"2024-05-07T17:06:10+00:00","og_image":[{"url":"https:\/\/theresource.norwex.com\/wp-content\/uploads\/sites\/3\/2024\/04\/norwex-logo-light.png","type":"","width":"","height":""}],"twitter_card":"summary_large_image","twitter_site":"@norwex","twitter_misc":{"Estimation du temps de lecture":"2 minutes"},"schema":{"@context":"https:\/\/schema.org","@graph":[{"@type":"WebPage","@id":"https:\/\/theresource.norwex.com\/fr_ca\/na-black-jacket-meeting\/","url":"https:\/\/theresource.norwex.com\/fr_ca\/na-black-jacket-meeting\/","name":"North America Black Jacket Meeting - Norwex Resource French CA","isPartOf":{"@id":"https:\/\/theresource.norwex.com\/fr_ca\/#website"},"primaryImageOfPage":{"@id":"https:\/\/theresource.norwex.com\/fr_ca\/na-black-jacket-meeting\/#primaryimage"},"image":{"@id":"https:\/\/theresource.norwex.com\/fr_ca\/na-black-jacket-meeting\/#primaryimage"},"thumbnailUrl":"https:\/\/theresource.norwex.com\/wp-content\/uploads\/sites\/3\/2024\/04\/norwex-logo-light.png","datePublished":"2023-11-03T18:22:48+00:00","dateModified":"2024-05-07T17:06:10+00:00","breadcrumb":{"@id":"https:\/\/theresource.norwex.com\/fr_ca\/na-black-jacket-meeting\/#breadcrumb"},"inLanguage":"fr-CA","potentialAction":[{"@type":"ReadAction","target":["https:\/\/theresource.norwex.com\/fr_ca\/na-black-jacket-meeting\/"]}]},{"@type":"ImageObject","inLanguage":"fr-CA","@id":"https:\/\/theresource.norwex.com\/fr_ca\/na-black-jacket-meeting\/#primaryimage","url":"https:\/\/theresource.norwex.com\/wp-content\/uploads\/sites\/3\/2024\/04\/norwex-logo-light.png","contentUrl":"https:\/\/theresource.norwex.com\/wp-content\/uploads\/sites\/3\/2024\/04\/norwex-logo-light.png"},{"@type":"BreadcrumbList","@id":"https:\/\/theresource.norwex.com\/fr_ca\/na-black-jacket-meeting\/#breadcrumb","itemListElement":[{"@type":"ListItem","position":1,"name":"Home","item":"https:\/\/theresource.norwex.com\/fr_ca\/"},{"@type":"ListItem","position":2,"name":"North America Black Jacket Meeting"}]},{"@type":"WebSite","@id":"https:\/\/theresource.norwex.com\/fr_ca\/#website","url":"https:\/\/theresource.norwex.com\/fr_ca\/","name":"Norwex Resource French CA","description":"Just another Norwex Multi Sites site","publisher":{"@id":"https:\/\/theresource.norwex.com\/fr_ca\/#organization"},"potentialAction":[{"@type":"SearchAction","target":{"@type":"EntryPoint","urlTemplate":"https:\/\/theresource.norwex.com\/fr_ca\/?s={search_term_string}"},"query-input":{"@type":"PropertyValueSpecification","valueRequired":true,"valueName":"search_term_string"}}],"inLanguage":"fr-CA"},{"@type":"Organization","@id":"https:\/\/theresource.norwex.com\/fr_ca\/#organization","name":"Norwex","url":"https:\/\/theresource.norwex.com\/fr_ca\/","logo":{"@type":"ImageObject","inLanguage":"fr-CA","@id":"https:\/\/theresource.norwex.com\/fr_ca\/#\/schema\/logo\/image\/","url":"https:\/\/theresourcefr.norwex.com\/wp-content\/uploads\/sites\/5\/2023\/11\/Norwex-Resource.jpg","contentUrl":"https:\/\/theresourcefr.norwex.com\/wp-content\/uploads\/sites\/5\/2023\/11\/Norwex-Resource.jpg","width":200,"height":200,"caption":"Norwex"},"image":{"@id":"https:\/\/theresource.norwex.com\/fr_ca\/#\/schema\/logo\/image\/"},"sameAs":["https:\/\/www.facebook.com\/Norwex\/","https:\/\/x.com\/norwex","http:\/\/pinterest.com\/norwex\/","http:\/\/www.youtube.com\/norwex"]}]}},"_links":{"self":[{"href":"https:\/\/theresource.norwex.com\/fr_ca\/wp-json\/wp\/v2\/pages\/11695","targetHints":{"allow":["GET"]}}],"collection":[{"href":"https:\/\/theresource.norwex.com\/fr_ca\/wp-json\/wp\/v2\/pages"}],"about":[{"href":"https:\/\/theresource.norwex.com\/fr_ca\/wp-json\/wp\/v2\/types\/page"}],"author":[{"embeddable":true,"href":"https:\/\/theresource.norwex.com\/fr_ca\/wp-json\/wp\/v2\/users\/44"}],"replies":[{"embeddable":true,"href":"https:\/\/theresource.norwex.com\/fr_ca\/wp-json\/wp\/v2\/comments?post=11695"}],"version-history":[{"count":0,"href":"https:\/\/theresource.norwex.com\/fr_ca\/wp-json\/wp\/v2\/pages\/11695\/revisions"}],"wp:attachment":[{"href":"https:\/\/theresource.norwex.com\/fr_ca\/wp-json\/wp\/v2\/media?parent=11695"}],"wp:term":[{"taxonomy":"post_tag","embeddable":true,"href":"https:\/\/theresource.norwex.com\/fr_ca\/wp-json\/wp\/v2\/tags?post=11695"}],"curies":[{"name":"wp","href":"https:\/\/api.w.org\/{rel}","templated":true}]}}