{"id":11694,"date":"2023-11-03T13:22:59","date_gmt":"2023-11-03T18:22:59","guid":{"rendered":"https:\/\/theresourcefr.norwex.com\/?page_id=11694"},"modified":"2026-04-14T15:29:50","modified_gmt":"2026-04-14T20:29:50","slug":"vp-leaders-summit","status":"publish","type":"page","link":"https:\/\/theresource.norwex.com\/fr_ca\/vp-leaders-summit\/","title":{"rendered":"Sommet des Leaders"},"content":{"rendered":"<style>.hero hero--short, .hero--spruce-bg {display:none;} .container.nabjm-container li {margin-bottom: .25rem; font-size: 18px;} h1:after {display: none;} .mobile-img {display: block;} .desktop-img {display: none;} @media screen and (min-width: 768px) {.schedule-col-1 {border-right: 1px solid #cfc8c1; padding-right: 2rem; padding-left: 0;} .schedule-col-2 {padding-left: 2rem; padding-right: 0} .mobile-img {display: none;} .desktop-img {display: block;}}<\/style>\n<div class=\"header pt-0\" style=\"background: none;\">\n<div class=\"container this-month m-auto\">\n<div class=\"row mb-5\" style=\"background: #4c5f7f;\">\n<div class=\"col-sm-12 px-3 py-5\">\n        <img decoding=\"async\" src=\"https:\/\/theresource.norwex.com\/wp-content\/uploads\/sites\/3\/2024\/04\/norwex-logo-light.png\" alt=\"SL-ESL Meeting\" class=\"alignnone size-full pt-5\" style=\"width: 100%; max-width: 300px; margin: 0 auto 2rem;\" \/><\/p>\n<h1 class=\"whitetxt mb-1 pb-0\" style=\"color: #fff; font-size: 38px; text-align: center; border: none\">Sommet des leaders<\/h1>\n<p class=\"whitetxt pb-5\" style=\"color: #fff; font-size: 22px; text-align: center;\">DU 6 AU 9 MAI 2026<\/p>\n<\/p><\/div>\n<\/p><\/div>\n<\/p><\/div>\n<\/div>\n<div class=\"container nabjm-container this-month mt-0 pb-5\">\n<div class=\"row p-1\">\n<div class=\"col-sm-12 col-md-6 px-0\">\n<p class=\"mb-4 mobile-img\"><a href=\"https:\/\/cvent.me\/yEdyXD\" class=\"more-btn\" target=\"_blank\" rel=\"noopener\" style=\"max-width: 250px; margin: 0 auto;\">Inscrivez-vous maintenant<\/a><\/p>\n<h2 class=\"navy-txt mb-2\" style=\"font-size:28px; width: 100%; display: block; text-align: center;\"><strong>Aper\u00e7u du programme*<\/strong><\/h2>\n<p>      <!--\n\n<p class=\"navy-txt mb-5\" style=\"width: 100%; display: block; text-align: center;\"><i>All times below are CT.<\/i><\/p>\n\n-->\n    <\/div>\n<div class=\"col-sm-12 col-md-6 px-0\">\n<p class=\"mb-0 desktop-img\"><a href=\"https:\/\/cvent.me\/yEdyXD\" class=\"more-btn\" target=\"_blank\" rel=\"noopener\" style=\"max-width: 250px; margin: 0 auto;\">Inscrivez-vous maintenant<\/a><\/p>\n<\/p><\/div>\n<\/p><\/div>\n<div class=\"row p-1\">\n<div class=\"col-sm-12 col-md-6 schedule-col-1\">\n<p class=\"mb-2\"><strong>Mercredi 6 mai 2026<\/strong><\/p>\n<ul style=\"padding: 0 0 5px 20px;\">\n<li>Arriv\u00e9e avant 16 h 00 \u00e0 l\u2019a\u00e9roport international de Calgary<\/li>\n<li>R\u00e9ception de bienvenue <\/li>\n<\/ul>\n<p class=\"mb-2\"><strong>Jeudi 7 mai 2026<\/strong><\/p>\n<ul style=\"padding: 0 0 5px 20px;\">\n<li>Journ\u00e9e de formation<\/li>\n<li>Souper libre<\/li>\n<\/ul>\n<p class=\"mb-2\"><strong>Vendredi 8 mai 2026<\/strong><\/p>\n<ul style=\"padding: 0 0 5px 20px;\">\n<li>Journ\u00e9e de formation<\/li>\n<li>Souper en groupe<\/li>\n<\/ul>\n<p class=\"mb-2\"><strong>Samedi 9 mai 2026<\/strong><\/p>\n<ul style=\"padding: 0 0 5px 20px;\">\n<li>D\u00e9parts en groupe (d\u00e9part \u00e0 n\u2019importe quelle heure)<\/li>\n<\/ul>\n<p class=\"mb-2\">Norwex prendra en charge financi\u00e8rement tous les documents de formation et les repas, \u00e0 l\u2019exception du souper de jeudi, Les Leaders sont responsables de leurs vols, transports au sol et chambres d\u2019h\u00f4tel. Avancez au titre de Leader ex\u00e9cutive principale des ventes avant le 1er mai 2026 pour pouvoir participer.<\/p>\n<\/p><\/div>\n<div class=\"col-sm-12 col-md-6 schedule-col-2\">\n<p class=\"mb-2\"><b>Informations sur l\u2019h\u00f4tel :<\/b><\/p>\n<p class=\"mb-2\">Hotel Clique Calgary<br \/>24 Aero Crescent Northeast<br \/>Calgary, AB T2E 7Y5<\/p>\n<p class=\"mb-2\"><b>Tarif des chambres :<\/b> $109 CAD\/night + tax<\/p>\n<p class=\"mb-2\"><b>Date limite :<\/b> April 15, 2026<\/p>\n<p style=\"font-size: 14px;\"><i> *Les informations sur votre r\u00e9servation seront fournies dans votre courriel de confirmation<\/i><\/p>\n<p>      <img decoding=\"async\" src=\"https:\/\/theresource.norwex.com\/wp-content\/uploads\/sites\/3\/2026\/01\/clique-hotel-calgary.jpg\" alt=\"leaders summit\" class=\"alignnone size-full\" style=\"width: 100%; margin: 0 auto 2rem;\" \/>\n    <\/div>\n<\/p><\/div>\n<\/div>\n","protected":false},"excerpt":{"rendered":"<p>Sommet des leaders DU 6 AU 9 MAI 2026 Inscrivez-vous maintenant Aper\u00e7u du programme* Inscrivez-vous maintenant Mercredi 6 mai 2026 Arriv\u00e9e avant 16 h 00 \u00e0 l\u2019a\u00e9roport international de Calgary R\u00e9ception de bienvenue Jeudi 7 mai 2026 Journ\u00e9e de formation Souper libre Vendredi 8 mai 2026 Journ\u00e9e de formation Souper en groupe Samedi 9 mai [&hellip;]<\/p>\n","protected":false},"author":44,"featured_media":0,"parent":0,"menu_order":0,"comment_status":"closed","ping_status":"closed","template":"","meta":{"footnotes":""},"tags":[],"class_list":["post-11694","page","type-page","status-publish","hentry"],"yoast_head":"<!-- This site is optimized with the Yoast SEO plugin v27.3 - https:\/\/yoast.com\/product\/yoast-seo-wordpress\/ -->\n<title>Sommet des Leaders - Norwex Resource French CA<\/title>\n<meta name=\"robots\" content=\"index, follow, max-snippet:-1, max-image-preview:large, max-video-preview:-1\" \/>\n<link rel=\"canonical\" href=\"https:\/\/theresource.norwex.com\/fr_ca\/vp-leaders-summit\/\" \/>\n<meta property=\"og:locale\" content=\"fr_CA\" \/>\n<meta property=\"og:type\" content=\"article\" \/>\n<meta property=\"og:title\" content=\"Sommet des Leaders - Norwex Resource French CA\" \/>\n<meta property=\"og:description\" content=\"Sommet des leaders DU 6 AU 9 MAI 2026 Inscrivez-vous maintenant Aper\u00e7u du programme* Inscrivez-vous maintenant Mercredi 6 mai 2026 Arriv\u00e9e avant 16 h 00 \u00e0 l\u2019a\u00e9roport international de Calgary R\u00e9ception de bienvenue Jeudi 7 mai 2026 Journ\u00e9e de formation Souper libre Vendredi 8 mai 2026 Journ\u00e9e de formation Souper en groupe Samedi 9 mai [&hellip;]\" \/>\n<meta property=\"og:url\" content=\"https:\/\/theresource.norwex.com\/fr_ca\/vp-leaders-summit\/\" \/>\n<meta property=\"og:site_name\" content=\"Norwex Resource French CA\" \/>\n<meta property=\"article:publisher\" content=\"https:\/\/www.facebook.com\/Norwex\/\" \/>\n<meta property=\"article:modified_time\" content=\"2026-04-14T20:29:50+00:00\" \/>\n<meta property=\"og:image\" content=\"https:\/\/theresource.norwex.com\/wp-content\/uploads\/sites\/3\/2024\/04\/norwex-logo-light.png\" \/>\n<meta name=\"twitter:card\" content=\"summary_large_image\" \/>\n<meta name=\"twitter:site\" content=\"@norwex\" \/>\n<meta name=\"twitter:label1\" content=\"Estimation du temps de lecture\" \/>\n\t<meta name=\"twitter:data1\" content=\"2 minutes\" \/>\n<script type=\"application\/ld+json\" class=\"yoast-schema-graph\">{\"@context\":\"https:\\\/\\\/schema.org\",\"@graph\":[{\"@type\":\"WebPage\",\"@id\":\"https:\\\/\\\/theresource.norwex.com\\\/fr_ca\\\/vp-leaders-summit\\\/\",\"url\":\"https:\\\/\\\/theresource.norwex.com\\\/fr_ca\\\/vp-leaders-summit\\\/\",\"name\":\"Sommet des Leaders - Norwex Resource French CA\",\"isPartOf\":{\"@id\":\"https:\\\/\\\/theresource.norwex.com\\\/fr_ca\\\/#website\"},\"primaryImageOfPage\":{\"@id\":\"https:\\\/\\\/theresource.norwex.com\\\/fr_ca\\\/vp-leaders-summit\\\/#primaryimage\"},\"image\":{\"@id\":\"https:\\\/\\\/theresource.norwex.com\\\/fr_ca\\\/vp-leaders-summit\\\/#primaryimage\"},\"thumbnailUrl\":\"https:\\\/\\\/theresource.norwex.com\\\/wp-content\\\/uploads\\\/sites\\\/3\\\/2024\\\/04\\\/norwex-logo-light.png\",\"datePublished\":\"2023-11-03T18:22:59+00:00\",\"dateModified\":\"2026-04-14T20:29:50+00:00\",\"breadcrumb\":{\"@id\":\"https:\\\/\\\/theresource.norwex.com\\\/fr_ca\\\/vp-leaders-summit\\\/#breadcrumb\"},\"inLanguage\":\"fr-CA\",\"potentialAction\":[{\"@type\":\"ReadAction\",\"target\":[\"https:\\\/\\\/theresource.norwex.com\\\/fr_ca\\\/vp-leaders-summit\\\/\"]}]},{\"@type\":\"ImageObject\",\"inLanguage\":\"fr-CA\",\"@id\":\"https:\\\/\\\/theresource.norwex.com\\\/fr_ca\\\/vp-leaders-summit\\\/#primaryimage\",\"url\":\"https:\\\/\\\/theresource.norwex.com\\\/wp-content\\\/uploads\\\/sites\\\/3\\\/2024\\\/04\\\/norwex-logo-light.png\",\"contentUrl\":\"https:\\\/\\\/theresource.norwex.com\\\/wp-content\\\/uploads\\\/sites\\\/3\\\/2024\\\/04\\\/norwex-logo-light.png\"},{\"@type\":\"BreadcrumbList\",\"@id\":\"https:\\\/\\\/theresource.norwex.com\\\/fr_ca\\\/vp-leaders-summit\\\/#breadcrumb\",\"itemListElement\":[{\"@type\":\"ListItem\",\"position\":1,\"name\":\"Home\",\"item\":\"https:\\\/\\\/theresource.norwex.com\\\/fr_ca\\\/\"},{\"@type\":\"ListItem\",\"position\":2,\"name\":\"Sommet des Leaders\"}]},{\"@type\":\"WebSite\",\"@id\":\"https:\\\/\\\/theresource.norwex.com\\\/fr_ca\\\/#website\",\"url\":\"https:\\\/\\\/theresource.norwex.com\\\/fr_ca\\\/\",\"name\":\"Norwex Resource French CA\",\"description\":\"Just another Norwex Multi Sites site\",\"publisher\":{\"@id\":\"https:\\\/\\\/theresource.norwex.com\\\/fr_ca\\\/#organization\"},\"potentialAction\":[{\"@type\":\"SearchAction\",\"target\":{\"@type\":\"EntryPoint\",\"urlTemplate\":\"https:\\\/\\\/theresource.norwex.com\\\/fr_ca\\\/?s={search_term_string}\"},\"query-input\":{\"@type\":\"PropertyValueSpecification\",\"valueRequired\":true,\"valueName\":\"search_term_string\"}}],\"inLanguage\":\"fr-CA\"},{\"@type\":\"Organization\",\"@id\":\"https:\\\/\\\/theresource.norwex.com\\\/fr_ca\\\/#organization\",\"name\":\"Norwex\",\"url\":\"https:\\\/\\\/theresource.norwex.com\\\/fr_ca\\\/\",\"logo\":{\"@type\":\"ImageObject\",\"inLanguage\":\"fr-CA\",\"@id\":\"https:\\\/\\\/theresource.norwex.com\\\/fr_ca\\\/#\\\/schema\\\/logo\\\/image\\\/\",\"url\":\"https:\\\/\\\/theresourcefr.norwex.com\\\/wp-content\\\/uploads\\\/sites\\\/5\\\/2023\\\/11\\\/Norwex-Resource.jpg\",\"contentUrl\":\"https:\\\/\\\/theresourcefr.norwex.com\\\/wp-content\\\/uploads\\\/sites\\\/5\\\/2023\\\/11\\\/Norwex-Resource.jpg\",\"width\":200,\"height\":200,\"caption\":\"Norwex\"},\"image\":{\"@id\":\"https:\\\/\\\/theresource.norwex.com\\\/fr_ca\\\/#\\\/schema\\\/logo\\\/image\\\/\"},\"sameAs\":[\"https:\\\/\\\/www.facebook.com\\\/Norwex\\\/\",\"https:\\\/\\\/x.com\\\/norwex\",\"http:\\\/\\\/pinterest.com\\\/norwex\\\/\",\"http:\\\/\\\/www.youtube.com\\\/norwex\"]}]}<\/script>\n<!-- \/ Yoast SEO plugin. -->","yoast_head_json":{"title":"Sommet des Leaders - Norwex Resource French CA","robots":{"index":"index","follow":"follow","max-snippet":"max-snippet:-1","max-image-preview":"max-image-preview:large","max-video-preview":"max-video-preview:-1"},"canonical":"https:\/\/theresource.norwex.com\/fr_ca\/vp-leaders-summit\/","og_locale":"fr_CA","og_type":"article","og_title":"Sommet des Leaders - Norwex Resource French CA","og_description":"Sommet des leaders DU 6 AU 9 MAI 2026 Inscrivez-vous maintenant Aper\u00e7u du programme* Inscrivez-vous maintenant Mercredi 6 mai 2026 Arriv\u00e9e avant 16 h 00 \u00e0 l\u2019a\u00e9roport international de Calgary R\u00e9ception de bienvenue Jeudi 7 mai 2026 Journ\u00e9e de formation Souper libre Vendredi 8 mai 2026 Journ\u00e9e de formation Souper en groupe Samedi 9 mai [&hellip;]","og_url":"https:\/\/theresource.norwex.com\/fr_ca\/vp-leaders-summit\/","og_site_name":"Norwex Resource French CA","article_publisher":"https:\/\/www.facebook.com\/Norwex\/","article_modified_time":"2026-04-14T20:29:50+00:00","og_image":[{"url":"https:\/\/theresource.norwex.com\/wp-content\/uploads\/sites\/3\/2024\/04\/norwex-logo-light.png","type":"","width":"","height":""}],"twitter_card":"summary_large_image","twitter_site":"@norwex","twitter_misc":{"Estimation du temps de lecture":"2 minutes"},"schema":{"@context":"https:\/\/schema.org","@graph":[{"@type":"WebPage","@id":"https:\/\/theresource.norwex.com\/fr_ca\/vp-leaders-summit\/","url":"https:\/\/theresource.norwex.com\/fr_ca\/vp-leaders-summit\/","name":"Sommet des Leaders - Norwex Resource French CA","isPartOf":{"@id":"https:\/\/theresource.norwex.com\/fr_ca\/#website"},"primaryImageOfPage":{"@id":"https:\/\/theresource.norwex.com\/fr_ca\/vp-leaders-summit\/#primaryimage"},"image":{"@id":"https:\/\/theresource.norwex.com\/fr_ca\/vp-leaders-summit\/#primaryimage"},"thumbnailUrl":"https:\/\/theresource.norwex.com\/wp-content\/uploads\/sites\/3\/2024\/04\/norwex-logo-light.png","datePublished":"2023-11-03T18:22:59+00:00","dateModified":"2026-04-14T20:29:50+00:00","breadcrumb":{"@id":"https:\/\/theresource.norwex.com\/fr_ca\/vp-leaders-summit\/#breadcrumb"},"inLanguage":"fr-CA","potentialAction":[{"@type":"ReadAction","target":["https:\/\/theresource.norwex.com\/fr_ca\/vp-leaders-summit\/"]}]},{"@type":"ImageObject","inLanguage":"fr-CA","@id":"https:\/\/theresource.norwex.com\/fr_ca\/vp-leaders-summit\/#primaryimage","url":"https:\/\/theresource.norwex.com\/wp-content\/uploads\/sites\/3\/2024\/04\/norwex-logo-light.png","contentUrl":"https:\/\/theresource.norwex.com\/wp-content\/uploads\/sites\/3\/2024\/04\/norwex-logo-light.png"},{"@type":"BreadcrumbList","@id":"https:\/\/theresource.norwex.com\/fr_ca\/vp-leaders-summit\/#breadcrumb","itemListElement":[{"@type":"ListItem","position":1,"name":"Home","item":"https:\/\/theresource.norwex.com\/fr_ca\/"},{"@type":"ListItem","position":2,"name":"Sommet des Leaders"}]},{"@type":"WebSite","@id":"https:\/\/theresource.norwex.com\/fr_ca\/#website","url":"https:\/\/theresource.norwex.com\/fr_ca\/","name":"Norwex Resource French CA","description":"Just another Norwex Multi Sites site","publisher":{"@id":"https:\/\/theresource.norwex.com\/fr_ca\/#organization"},"potentialAction":[{"@type":"SearchAction","target":{"@type":"EntryPoint","urlTemplate":"https:\/\/theresource.norwex.com\/fr_ca\/?s={search_term_string}"},"query-input":{"@type":"PropertyValueSpecification","valueRequired":true,"valueName":"search_term_string"}}],"inLanguage":"fr-CA"},{"@type":"Organization","@id":"https:\/\/theresource.norwex.com\/fr_ca\/#organization","name":"Norwex","url":"https:\/\/theresource.norwex.com\/fr_ca\/","logo":{"@type":"ImageObject","inLanguage":"fr-CA","@id":"https:\/\/theresource.norwex.com\/fr_ca\/#\/schema\/logo\/image\/","url":"https:\/\/theresourcefr.norwex.com\/wp-content\/uploads\/sites\/5\/2023\/11\/Norwex-Resource.jpg","contentUrl":"https:\/\/theresourcefr.norwex.com\/wp-content\/uploads\/sites\/5\/2023\/11\/Norwex-Resource.jpg","width":200,"height":200,"caption":"Norwex"},"image":{"@id":"https:\/\/theresource.norwex.com\/fr_ca\/#\/schema\/logo\/image\/"},"sameAs":["https:\/\/www.facebook.com\/Norwex\/","https:\/\/x.com\/norwex","http:\/\/pinterest.com\/norwex\/","http:\/\/www.youtube.com\/norwex"]}]}},"_links":{"self":[{"href":"https:\/\/theresource.norwex.com\/fr_ca\/wp-json\/wp\/v2\/pages\/11694","targetHints":{"allow":["GET"]}}],"collection":[{"href":"https:\/\/theresource.norwex.com\/fr_ca\/wp-json\/wp\/v2\/pages"}],"about":[{"href":"https:\/\/theresource.norwex.com\/fr_ca\/wp-json\/wp\/v2\/types\/page"}],"author":[{"embeddable":true,"href":"https:\/\/theresource.norwex.com\/fr_ca\/wp-json\/wp\/v2\/users\/44"}],"replies":[{"embeddable":true,"href":"https:\/\/theresource.norwex.com\/fr_ca\/wp-json\/wp\/v2\/comments?post=11694"}],"version-history":[{"count":3,"href":"https:\/\/theresource.norwex.com\/fr_ca\/wp-json\/wp\/v2\/pages\/11694\/revisions"}],"predecessor-version":[{"id":16493,"href":"https:\/\/theresource.norwex.com\/fr_ca\/wp-json\/wp\/v2\/pages\/11694\/revisions\/16493"}],"wp:attachment":[{"href":"https:\/\/theresource.norwex.com\/fr_ca\/wp-json\/wp\/v2\/media?parent=11694"}],"wp:term":[{"taxonomy":"post_tag","embeddable":true,"href":"https:\/\/theresource.norwex.com\/fr_ca\/wp-json\/wp\/v2\/tags?post=11694"}],"curies":[{"name":"wp","href":"https:\/\/api.w.org\/{rel}","templated":true}]}}