{"id":681,"date":"2019-08-08T19:47:25","date_gmt":"2019-08-08T19:47:25","guid":{"rendered":"https:\/\/theresourcees.norwex.com\/?page_id=681"},"modified":"2026-02-20T13:40:54","modified_gmt":"2026-02-20T19:40:54","slug":"team-building","status":"publish","type":"page","link":"https:\/\/theresource.norwex.com\/es_us\/team-building\/","title":{"rendered":"Desarrollo de Equipo"},"content":{"rendered":"<div class=\"container team-building m-auto\">\n<div class=\"row tb-header m-auto py-0\">\n<div class=\"col-sm-12 col-md-6 m-0\">\n\t\t\t<img decoding=\"async\" src=\"https:\/\/theresource.norwex.com\/wp-content\/uploads\/sites\/3\/2024\/09\/Team_Building_Mobile_4.jpg\" alt=\"banner image\" class=\"mobile-img\"\/>\n\t\t<\/div>\n<div class=\"col-sm-12 col-md-6 m-0 title-container\">\n<h1 class=\"blue-txt\">Desarrolla Tu<br \/>Equipo Norwex<span style=\"font-size: 75%;\">\u00ae<\/span><\/h1>\n<p class=\"blue-txt\">Las posibilidades<br \/>son ilimitadas<\/p>\n<\/p><\/div>\n<\/p><\/div>\n<div class=\"row tb-body m-auto reverse-col\">\n<div class=\"col-sm-12 col-md-6 m-0 pl-0\">\n<h2 class=\"blut-txt\">El valor de desarrollar un Equipo<\/h2>\n<p>Ent\u00e9rate c\u00f3mo puedes beneficiarte de desarrollar tu propio Equipo.<\/p>\n<ul>\n<li><span>Como Consultora Norwex, t\u00fa eres qui\u00e9n invita no qui\u00e9n decide. <a data-toggle=\"modal\" data-target=\"#videoModal2\" data-title=\"Why Share the Opportunity\" data-video=\"https:\/\/player.vimeo.com\/video\/755719884?h=836f0fc822\" data-site-link=\"https:\/\/www.vimeo.com\/755719884\/836f0fc822\" data-download=\"https:\/\/player.vimeo.com\/progressive_redirect\/download\/755719884\/rendition\/1080p\/why_share_the_opportunity%20%281080p%29.mp4?loc=external&#038;signature=103b8e98bc300df4719ec52cddadf735f8beb101156c72cac987cf3808dd54e1&#038;user_id=115820375\" class=\"text-link\">\u00c9nterate<\/a> de m\u00e1s acerca de la Oportunidad Norwex.<\/span><\/li>\n<li><span>\u00a1No querr\u00e1s perderta <a href=\"https:\/\/cdn.intelligencebank.com\/us\/share\/EPnB\/k7A3p\/j1jDo\/original\/Benefits+and+Rewards+of+Team+Building+-+SPN\" class=\"text-link\" target=\"_blank\" rel=\"noopener nofollow\">los Beneficios y recompensas por Desarrollo de Equipo!<\/a><\/span><\/li>\n<li><span>Al Desarrollar un Equipo tambi\u00e9n les proporcionas valor a los dem\u00e1s. <a href=\"https:\/\/www.norwex.com\/join\" class=\"text-link\" target=\"_blank\" rel=\"noopener nofollow\">Familiar\u00edzate<\/a> con las cinco razones por las que las personas se unen a Norwex.<\/span><\/li>\n<\/ul>\n<h3>Consejo<\/h3>\n<p class=\"mb-0\">\u00bfTodav\u00eda est\u00e1s dentro de tus primeros 90 d\u00edas? Gana <a href=\"https:\/\/cdn.intelligencebank.com\/us\/share\/EPnB\/k7A3p\/bXwE1\/original\/Bright+Start+Brochure+-+SPN\" class=\"text-link\" target=\"_blank\" rel=\"noopener nofollow\">Descuentos Norwex<\/a>(durante tu per\u00edodo del Brillante Comienzo) por Desarrollo de Equipo.<\/p>\n<\/div>\n<div class=\"col-sm-12 col-md-6 m-0 img-container\">\n\t\t\t<img decoding=\"async\" src=\"https:\/\/theresource.norwex.com\/wp-content\/uploads\/sites\/3\/2024\/09\/Team_Building_Mobile_1.jpg\" alt=\"value of building a team\" class=\"mobile-img\"\/><br \/>\n\t\t\t<img decoding=\"async\" src=\"https:\/\/theresource.norwex.com\/wp-content\/uploads\/sites\/3\/2024\/09\/Pic_1.png\" alt=\"value of building a team\" class=\"desktop-img\"\/>\n\t\t<\/div>\n<\/p><\/div>\n<div class=\"row tb-body m-auto\">\n<div class=\"col-sm-12 col-md-6 m-0 img-container\">\n\t\t\t<img decoding=\"async\" src=\"https:\/\/theresource.norwex.com\/wp-content\/uploads\/sites\/3\/2024\/09\/Team_Building_Mobile_5.jpg\" alt=\"things to keep in mind when team building\" class=\"mobile-img\"\/><br \/>\n\t\t\t<img decoding=\"async\" src=\"https:\/\/theresource.norwex.com\/wp-content\/uploads\/sites\/3\/2024\/09\/Pic_5.png\" alt=\"things to keep in mind when team building\" class=\"desktop-img\"\/>\n\t\t<\/div>\n<div class=\"col-sm-12 col-md-6 m-0 pr-0\">\n<h2 class=\"blut-txt\">Lo que debes de tomar en cuenta cuando Desarrollas tu Equipo<\/h2>\n<p>Hay muchas razones por las que las personas se unen a Norwex&#8230;las <a data-toggle=\"modal\" data-target=\"#videoModal2\" data-title=\"Norwex has Endless Opportunities\" data-video=\"https:\/\/player.vimeo.com\/video\/754467718?h=f05dc6c20b\" data-site-link=\"https:\/\/www.vimeo.com\/754467718\/f05dc6c20b\" data-download=\"https:\/\/player.vimeo.com\/progressive_redirect\/download\/754467718\/rendition\/1080p\/norwex_has_endless_opportunities%20%281080p%29.mp4?loc=external&#038;signature=93de544b31949c704fab77dac3eb72059d332848d1a021d88e93c19730e0bbc3&#038;user_id=115820375\" class=\"text-link\">oportunidades son ilimitadas<\/a>.<\/p>\n<ul>\n<li><span>\u00bfCu\u00e1l es tu porqu\u00e9? Piensa acerca de c\u00f3mo Norwex puede <a data-toggle=\"modal\" data-target=\"#videoModal2\" data-title=\"Join Our Norwex Community\" data-video=\"https:\/\/player.vimeo.com\/video\/793015184?h=9f01b336cf\" data-site-link=\"https:\/\/www.vimeo.com\/793015184\/9f01b336cf\" data-download=\"https:\/\/player.vimeo.com\/progressive_redirect\/download\/793015184\/rendition\/1080p\/join_our_norwex_community%20%281080p%29.mp4?loc=external&#038;signature=d804c57cbad0db62b21e8f87804dd8fbb50ff6acb6e024d50ab3d4533da87ae2&#038;user_id=115820375\" class=\"text-link\">impactar a otros<\/a>.<\/span><\/li>\n<li><span>Una s\u00f3lida comprensi\u00f3m de la <a data-toggle=\"modal\" data-target=\"#videoModal2\" data-title=\"The Norwex Missino with Beate Hjeltnes\" data-video=\"https:\/\/player.vimeo.com\/video\/834098606?h=df0fed177a\" data-site-link=\"https:\/\/www.vimeo.com\/834098606\/df0fed177a\" data-download=\"https:\/\/player.vimeo.com\/progressive_redirect\/download\/834098606\/rendition\/1080p\/the_norwex_mission_with_beate_hjeltnes%20%281080p%29.mp4?loc=external&#038;signature=260cfe3511eb545f3cbcec287b4a81c04ab6e48a49f5735065c798aa8dc86688&#038;user_id=115820375\" class=\"text-link\">Misi\u00f3n de Norwex<\/a> te ayudar\u00e1 a llegar a quienes ayudar\u00e1n a llevar nuestra misi\u00f3n a\u00fan m\u00e1s lejos.<\/span><\/li>\n<li><span>Al tener el deseo de servir a otros, puedes hacer un <a data-toggle=\"modal\" data-target=\"#videoModal2\" data-title=\"Make a World of Difference\" data-video=\"https:\/\/player.vimeo.com\/video\/983397197?h=aaeb5e2e49\" data-site-link=\"https:\/\/www.vimeo.com\/983397197\/aaeb5e2e49\" data-download=\"https:\/\/player.vimeo.com\/progressive_redirect\/download\/983397197\/rendition\/1080p\/video_2024-07-08,_9_59_40%E2%80%AFam%20%281080p%29.mp4?loc=external&#038;signature=b910fde24aa304c83b2fa7216a73b685e6f6ff7625c3ebc052a98884addf02ec&#038;user_id=115820375\" class=\"text-link\">mundo de diferencia<\/a> en la vida de alguien.<\/span><\/li>\n<li><span>Es importante compartir <a data-toggle=\"modal\" data-target=\"#videoModal2\" data-title=\"Megan Skiles Team Building with Parties\" data-video=\"https:\/\/player.vimeo.com\/video\/983397197?h=aaeb5e2e49\" data-site-link=\"https:\/\/www.vimeo.com\/983397197\/aaeb5e2e49\" data-download=\"https:\/\/player.vimeo.com\/progressive_redirect\/download\/983397197\/rendition\/1080p\/video_2024-07-08,_9_59_40%E2%80%AFam%20%281080p%29.mp4?loc=external&#038;signature=b910fde24aa304c83b2fa7216a73b685e6f6ff7625c3ebc052a98884addf02ec&#038;user_id=115820375\" class=\"text-link\">constantemente<\/a>.<\/span><\/li>\n<\/ul>\n<h3>Consejo<\/h3>\n<p class=\"mb-0\">\u00bfQuieres aprender de las mejores? Refi\u00e9rete a este <a data-toggle=\"modal\" data-target=\"#videoModal2\" data-title=\"Team Building Lange\" data-video=\"https:\/\/player.vimeo.com\/video\/1000944000?h=579bfb48db\" data-site-link=\"https:\/\/www.vimeo.com\/1000944000\/579bfb48db\" data-download=\"https:\/\/player.vimeo.com\/progressive_redirect\/download\/1000944000\/rendition\/720p\/team_building_lange%20%28720p%29.mp4?loc=external&#038;signature=5120430c1a93c5b6a8c4fc4efc3913ebea66da429f8a8fca7e70f8ab77e80fbf&#038;user_id=115820375\" class=\"text-link\">video clip<\/a> sobre Desarrollo de Equipo. \u00bfQuieres un entrenamiento completo? <a data-toggle=\"modal\" data-target=\"#videoModal2\" data-title=\"Team Building\" data-video=\"https:\/\/player.vimeo.com\/video\/850214581?h=32acdd68be\" data-site-link=\"https:\/\/www.vimeo.com\/850214581\/32acdd68be\" data-download=\"https:\/\/player.vimeo.com\/progressive_redirect\/download\/850214581\/rendition\/720p\/team_building%20%28720p%29.mp4?loc=external&#038;signature=183d19f9afe163d6a72657dd6100ce25964870736a1836ce4314d638d02ce265&#038;user_id=115820375\" class=\"text-link\">Refi\u00e9rete<\/a> al taller de trabajo completo.<\/p>\n<\/div><\/div>\n<div class=\"row tb-body m-auto reverse-col\">\n<div class=\"col-sm-12 col-md-6 m-0 pl-0\">\n<h2 class=\"blut-txt\">Formas de desarrollar un Equipo<\/h2>\n<p>\u00a1Mantenlo simple y s\u00e9 constante!<\/p>\n<ul>\n<li><span>Empieza conversaciones y despierta inter\u00e9s compartiendo el <a data-toggle=\"modal\" data-target=\"#videoModal2\" data-title=\"The Norwex Opportunity\" data-video=\"https:\/\/player.vimeo.com\/video\/893511640?h=0278d6a05e\" data-site-link=\"https:\/\/www.vimeo.com\/893511640\/0278d6a05e\" data-download=\"https:\/\/player.vimeo.com\/progressive_redirect\/download\/893511640\/rendition\/1080p\/the_norwex_opportunity%20%281080p%29.mp4?loc=external&#038;signature=612f8beec1fea9363daa4f9769952095018cbf47dc91ca43f76d9c259ba0bfda&#038;user_id=115820375\" class=\"text-link\">video de la oportunidad<\/a> (en Demostraciones, v\u00eda mensaje de texto, etc.) Aseg\u00farate de hacer seguimiento despu\u00e9s de compartirlo.<\/span><\/li>\n<li><span>Ya sea que compartas la oportunidad en persona o en l\u00ednea \u00a1sigue <a data-toggle=\"modal\" data-target=\"#videoModal2\" data-title=\"Missy Carson\u2019s team building\" data-video=\"https:\/\/player.vimeo.com\/video\/994192770?h=2ea8e65cd0\" data-site-link=\"https:\/\/www.vimeo.com\/994192770\/2ea8e65cd0\" data-download=\"https:\/\/player.vimeo.com\/progressive_redirect\/download\/994192770\/rendition\/1080p\/missy_carson%E2%80%99s_team_building%20%281080p%29.mp4?loc=external&#038;signature=6e86fca415a4b08927d4c8f3847943c9879eed1275fdc83f995f23cd447d593f&#038;user_id=115820375\" class=\"text-link\">estos consejos<\/a> y empieza a compartir Norwex hoy mismo!<\/span><\/li>\n<li><span>\u00bfAlguna vez has querido poder elegir con qui\u00e9n trabajar? <a data-toggle=\"modal\" data-target=\"#videoModal2\" data-title=\"Best Friends Join Norwex Together\" data-video=\"https:\/\/player.vimeo.com\/video\/750100585?h=a727696431\" data-site-link=\"https:\/\/www.vimeo.com\/750100585\/a727696431\" data-download=\"https:\/\/player.vimeo.com\/progressive_redirect\/download\/750100585\/rendition\/1080p\/best_friends_join_norwex_together%20%281080p%29.mp4?loc=external&#038;signature=81b363ccc3ce59558bbc4e99f14d13390ad091ce30e9da373d408df7a80a516f&#038;user_id=115820375\" class=\"text-link\">\u00a1En Norwex, t\u00fa puedes hacerlo!<\/a><\/span><\/li>\n<li><span>Utiliza <a href=\"https:\/\/zoom.us\/webinar\/register\/WN_vZxePCrjRcOZpa_mZDBThw#\/registration\" class=\"text-link\" target=\"_blank\" rel=\"noopener nofollow\">la llamada de Bienvenida<\/a> para ofrecer la oportunidad.<\/span><\/li>\n<\/ul>\n<h3>Consejo<\/h3>\n<p class=\"mb-0\">\u00a1Aseg\u00farate de diseminar <a href=\"https:\/\/cdn.intelligencebank.com\/us\/share\/EPnB\/k7A3p\/MMWe9\/original\/Team+Building+Seeds+-+US+CDN\" class=\"text-link\" target=\"_blank\" rel=\"noopener nofollow\">semillas de Desarrollo de Equipo<\/a> en tus Demostraciones!<\/p>\n<\/div>\n<div class=\"col-sm-12 col-md-6 m-0 img-container\">\n\t\t\t<img decoding=\"async\" src=\"https:\/\/theresource.norwex.com\/wp-content\/uploads\/sites\/3\/2024\/09\/Team_Building_Mobile_2.jpg\" alt=\"ways to build a team\" class=\"mobile-img\"\/><br \/>\n\t\t\t<img decoding=\"async\" src=\"https:\/\/theresource.norwex.com\/wp-content\/uploads\/sites\/3\/2024\/09\/Pic_3.png\" alt=\"ways to build a team\" class=\"desktop-img\"\/>\n\t\t<\/div>\n<\/p><\/div>\n<div class=\"row tb-body m-auto\">\n<div class=\"col-sm-12 col-md-6 m-0 img-container\">\n\t\t\t<img decoding=\"async\" src=\"https:\/\/theresource.norwex.com\/wp-content\/uploads\/sites\/3\/2024\/09\/Team_Building_Mobile_3.jpg\" alt=\"follow-up support\" class=\"mobile-img\"\/><br \/>\n\t\t\t<img decoding=\"async\" src=\"https:\/\/theresource.norwex.com\/wp-content\/uploads\/sites\/3\/2024\/09\/Pic_4.png\" alt=\"follow-up support\" class=\"desktop-img\"\/><\/p>\n<p class=\"mb-0\">Refi\u00e9rete a la <a href=\"https:\/\/cdn.intelligencebank.com\/us\/share\/EPnB\/18pE3\/gvOZp\/original\/Success+Builder++-+SPN\" class=\"text-link\" target=\"_blank\" rel=\"noopener nofollow\">Gu\u00eda del \u00c9xito<\/a>  para la informaci\u00f3n sobre los beneficios y requisitos en cada nivel.\n\t\t<\/div>\n<div class=\"col-sm-12 col-md-6 m-0 pr-0\">\n<h2 class=\"blut-txt\">Seguimiento de apoyo<\/h2>\n<p>Cuando alguien est\u00e1 pensando en unirse a Norwex, puede estar pensando \u201c\u00bfPuedo hacerlo?\u201d, \u201c\u00bfTengo suficientes conocimientos?\u201d y \u201c\u00bfQui\u00e9n me ayudar\u00e1?\u201d<\/p>\n<ul>\n<li><span>Hay varias preguntas que normalmente se hace cualquiera que est\u00e9 considerando unirse. <a data-toggle=\"modal\" data-target=\"#videoModal2\" data-title=\"Top 10 questions (&#038; answers) in 10 minutes\" data-video=\"https:\/\/player.vimeo.com\/video\/914642057?h=aefa83fdea\" data-site-link=\"https:\/\/www.vimeo.com\/914642057\/aefa83fdea\" data-download=\"https:\/\/player.vimeo.com\/progressive_redirect\/download\/914642057\/rendition\/1080p\/top_10_questions_%28&#038;_answers%29_in_10_minutes%20%281080p%29.mp4?loc=external&#038;signature=dbbc548aa855a4ba972302072da77a012390fb97c3d86bffa7959b96087a175d&#038;user_id=115820375\" class=\"text-link\">\u00a1As\u00ed es c\u00f3mo<\/a> puedes responder a sus preguntas!<\/span><\/li>\n<li><span>Alguien ha expresado inter\u00e9s en la Oportunidad Norwex \u00bfy ahora qu\u00e9? Preguntar <a data-toggle=\"modal\" data-target=\"#videoModal2\" data-title=\"Recruiting to Transform your Business\" data-video=\"https:\/\/player.vimeo.com\/video\/994162307?h=f9347db09b\" data-site-link=\"https:\/\/www.vimeo.com\/994162307\/f9347db09b\" data-download=\"https:\/\/player.vimeo.com\/progressive_redirect\/download\/994162307\/rendition\/1080p\/recruiting_to_transform_your_business%20%281080p%29.mp4?loc=external&#038;signature=d7d5b17da160130b9cf888392afdf20c1c928a812a5cebfeed6a01a15a3d8670&#038;user_id=115820375\" class=\"text-link\">&#8220;porqu\u00e9&#8221;<\/a> es una buena forma de empezar.<\/span><\/li>\n<li><span>Si tienes un contacto qu\u00e9 est\u00e9 interesado, ent\u00e9rate cu\u00e1l es su porqu\u00e9 y comp\u00e1rtele la oportunidad. (Si le compartiste el video de la oportunidad, utiliza <a href=\"https:\/\/sites.google.com\/view\/host-coachingfollow-up\/follow-up\" class=\"text-link\" target=\"_blank\" rel=\"noopener nofollow\">los consejos de seguimiento<\/a> para continuar al siguiente paso.)<\/span><\/li>\n<\/ul>\n<h3>Consejo<\/h3>\n<ul class=\"mb-0\">\n<li><span>Si a\u00fan no est\u00e1n interesadas en unirse, comparte los beneficios de <a href=\"https:\/\/cdn.intelligencebank.com\/us\/share\/EPnB\/k7A3p\/7MPA0\/original\/2024+Norwex+Perks+Flyer+-+SPN\" class=\"text-link\" target=\"_blank\" rel=\"noopener nofollow\">ser Anfitriona<\/a><\/span><\/li>\n<li><span>Cuando digan que \u201cs\u00ed\u201d a Norwex, ay\u00fadales a ingresar, comparte <a href=\"https:\/\/theresource.norwex.com\/es_us\/start-your-norwex-journey\/\" class=\"text-link\" target=\"_blank\" rel=\"noopener\">Empieza Tu Trayectoria Norwex<\/a> y usa la <a href=\"https:\/\/cdn.intelligencebank.com\/us\/share\/EPnB\/k7A3p\/4qO2B\/original\/Onboarding+Using+Start+Your+Business+Flyer+-+US+CDN\" class=\"text-link\" target=\"_blank\" rel=\"noopener nofollow\">Gu\u00eda Buen Comienzo<\/a><\/span><\/li>\n<\/ul>\n<\/div><\/div>\n<\/div>\n","protected":false},"excerpt":{"rendered":"<p>Desarrolla TuEquipo Norwex\u00ae Las posibilidadesson ilimitadas El valor de desarrollar un Equipo Ent\u00e9rate c\u00f3mo puedes beneficiarte de desarrollar tu propio Equipo. Como Consultora Norwex, t\u00fa eres qui\u00e9n invita no qui\u00e9n decide. \u00c9nterate de m\u00e1s acerca de la Oportunidad Norwex. \u00a1No querr\u00e1s perderta los Beneficios y recompensas por Desarrollo de Equipo! Al Desarrollar un Equipo tambi\u00e9n [&hellip;]<\/p>\n","protected":false},"author":2,"featured_media":0,"parent":0,"menu_order":0,"comment_status":"closed","ping_status":"closed","template":"","meta":{"footnotes":""},"tags":[],"class_list":["post-681","page","type-page","status-publish","hentry"],"yoast_head":"<!-- This site is optimized with the Yoast SEO plugin v27.3 - https:\/\/yoast.com\/product\/yoast-seo-wordpress\/ -->\n<title>Desarrollo de Equipo - Norwex Resource Espa\u00f1ol<\/title>\n<meta name=\"robots\" content=\"index, follow, max-snippet:-1, max-image-preview:large, max-video-preview:-1\" \/>\n<link rel=\"canonical\" href=\"https:\/\/theresource.norwex.com\/es_us\/team-building\/\" \/>\n<meta property=\"og:locale\" content=\"es_MX\" \/>\n<meta property=\"og:type\" content=\"article\" \/>\n<meta property=\"og:title\" content=\"Desarrollo de Equipo - Norwex Resource Espa\u00f1ol\" \/>\n<meta property=\"og:description\" content=\"Desarrolla TuEquipo Norwex\u00ae Las posibilidadesson ilimitadas El valor de desarrollar un Equipo Ent\u00e9rate c\u00f3mo puedes beneficiarte de desarrollar tu propio Equipo. Como Consultora Norwex, t\u00fa eres qui\u00e9n invita no qui\u00e9n decide. \u00c9nterate de m\u00e1s acerca de la Oportunidad Norwex. \u00a1No querr\u00e1s perderta los Beneficios y recompensas por Desarrollo de Equipo! Al Desarrollar un Equipo tambi\u00e9n [&hellip;]\" \/>\n<meta property=\"og:url\" content=\"https:\/\/theresource.norwex.com\/es_us\/team-building\/\" \/>\n<meta property=\"og:site_name\" content=\"Norwex Resource Espa\u00f1ol\" \/>\n<meta property=\"article:publisher\" content=\"https:\/\/www.facebook.com\/Norwex\/\" \/>\n<meta property=\"article:modified_time\" content=\"2026-02-20T19:40:54+00:00\" \/>\n<meta property=\"og:image\" content=\"https:\/\/theresource.norwex.com\/wp-content\/uploads\/sites\/3\/2024\/09\/Team_Building_Mobile_4.jpg\" \/>\n<meta name=\"twitter:card\" content=\"summary_large_image\" \/>\n<meta name=\"twitter:site\" content=\"@norwex\" \/>\n<meta name=\"twitter:label1\" content=\"Tiempo de lectura\" \/>\n\t<meta name=\"twitter:data1\" content=\"4 minutos\" \/>\n<script type=\"application\/ld+json\" class=\"yoast-schema-graph\">{\"@context\":\"https:\\\/\\\/schema.org\",\"@graph\":[{\"@type\":\"WebPage\",\"@id\":\"https:\\\/\\\/theresource.norwex.com\\\/es_us\\\/team-building\\\/\",\"url\":\"https:\\\/\\\/theresource.norwex.com\\\/es_us\\\/team-building\\\/\",\"name\":\"Desarrollo de Equipo - Norwex Resource Espa\u00f1ol\",\"isPartOf\":{\"@id\":\"https:\\\/\\\/theresource.norwex.com\\\/es_us\\\/#website\"},\"primaryImageOfPage\":{\"@id\":\"https:\\\/\\\/theresource.norwex.com\\\/es_us\\\/team-building\\\/#primaryimage\"},\"image\":{\"@id\":\"https:\\\/\\\/theresource.norwex.com\\\/es_us\\\/team-building\\\/#primaryimage\"},\"thumbnailUrl\":\"https:\\\/\\\/theresource.norwex.com\\\/wp-content\\\/uploads\\\/sites\\\/3\\\/2024\\\/09\\\/Team_Building_Mobile_4.jpg\",\"datePublished\":\"2019-08-08T19:47:25+00:00\",\"dateModified\":\"2026-02-20T19:40:54+00:00\",\"breadcrumb\":{\"@id\":\"https:\\\/\\\/theresource.norwex.com\\\/es_us\\\/team-building\\\/#breadcrumb\"},\"inLanguage\":\"es\",\"potentialAction\":[{\"@type\":\"ReadAction\",\"target\":[\"https:\\\/\\\/theresource.norwex.com\\\/es_us\\\/team-building\\\/\"]}]},{\"@type\":\"ImageObject\",\"inLanguage\":\"es\",\"@id\":\"https:\\\/\\\/theresource.norwex.com\\\/es_us\\\/team-building\\\/#primaryimage\",\"url\":\"https:\\\/\\\/theresource.norwex.com\\\/wp-content\\\/uploads\\\/sites\\\/3\\\/2024\\\/09\\\/Team_Building_Mobile_4.jpg\",\"contentUrl\":\"https:\\\/\\\/theresource.norwex.com\\\/wp-content\\\/uploads\\\/sites\\\/3\\\/2024\\\/09\\\/Team_Building_Mobile_4.jpg\"},{\"@type\":\"BreadcrumbList\",\"@id\":\"https:\\\/\\\/theresource.norwex.com\\\/es_us\\\/team-building\\\/#breadcrumb\",\"itemListElement\":[{\"@type\":\"ListItem\",\"position\":1,\"name\":\"Home\",\"item\":\"https:\\\/\\\/theresource.norwex.com\\\/es_us\\\/\"},{\"@type\":\"ListItem\",\"position\":2,\"name\":\"Desarrollo de Equipo\"}]},{\"@type\":\"WebSite\",\"@id\":\"https:\\\/\\\/theresource.norwex.com\\\/es_us\\\/#website\",\"url\":\"https:\\\/\\\/theresource.norwex.com\\\/es_us\\\/\",\"name\":\"Norwex Resource Espa\u00f1ol\",\"description\":\"Just another Norwex Multi Sites site\",\"publisher\":{\"@id\":\"https:\\\/\\\/theresource.norwex.com\\\/es_us\\\/#organization\"},\"potentialAction\":[{\"@type\":\"SearchAction\",\"target\":{\"@type\":\"EntryPoint\",\"urlTemplate\":\"https:\\\/\\\/theresource.norwex.com\\\/es_us\\\/?s={search_term_string}\"},\"query-input\":{\"@type\":\"PropertyValueSpecification\",\"valueRequired\":true,\"valueName\":\"search_term_string\"}}],\"inLanguage\":\"es\"},{\"@type\":\"Organization\",\"@id\":\"https:\\\/\\\/theresource.norwex.com\\\/es_us\\\/#organization\",\"name\":\"Norwex\",\"url\":\"https:\\\/\\\/theresource.norwex.com\\\/es_us\\\/\",\"logo\":{\"@type\":\"ImageObject\",\"inLanguage\":\"es\",\"@id\":\"https:\\\/\\\/theresource.norwex.com\\\/es_us\\\/#\\\/schema\\\/logo\\\/image\\\/\",\"url\":\"https:\\\/\\\/theresourcees.norwex.com\\\/wp-content\\\/uploads\\\/sites\\\/6\\\/2023\\\/11\\\/Norwex-Resource.jpg\",\"contentUrl\":\"https:\\\/\\\/theresourcees.norwex.com\\\/wp-content\\\/uploads\\\/sites\\\/6\\\/2023\\\/11\\\/Norwex-Resource.jpg\",\"width\":200,\"height\":200,\"caption\":\"Norwex\"},\"image\":{\"@id\":\"https:\\\/\\\/theresource.norwex.com\\\/es_us\\\/#\\\/schema\\\/logo\\\/image\\\/\"},\"sameAs\":[\"https:\\\/\\\/www.facebook.com\\\/Norwex\\\/\",\"https:\\\/\\\/x.com\\\/norwex\",\"http:\\\/\\\/pinterest.com\\\/norwex\\\/\",\"http:\\\/\\\/www.youtube.com\\\/norwex\"]}]}<\/script>\n<!-- \/ Yoast SEO plugin. -->","yoast_head_json":{"title":"Desarrollo de Equipo - Norwex Resource Espa\u00f1ol","robots":{"index":"index","follow":"follow","max-snippet":"max-snippet:-1","max-image-preview":"max-image-preview:large","max-video-preview":"max-video-preview:-1"},"canonical":"https:\/\/theresource.norwex.com\/es_us\/team-building\/","og_locale":"es_MX","og_type":"article","og_title":"Desarrollo de Equipo - Norwex Resource Espa\u00f1ol","og_description":"Desarrolla TuEquipo Norwex\u00ae Las posibilidadesson ilimitadas El valor de desarrollar un Equipo Ent\u00e9rate c\u00f3mo puedes beneficiarte de desarrollar tu propio Equipo. Como Consultora Norwex, t\u00fa eres qui\u00e9n invita no qui\u00e9n decide. \u00c9nterate de m\u00e1s acerca de la Oportunidad Norwex. \u00a1No querr\u00e1s perderta los Beneficios y recompensas por Desarrollo de Equipo! Al Desarrollar un Equipo tambi\u00e9n [&hellip;]","og_url":"https:\/\/theresource.norwex.com\/es_us\/team-building\/","og_site_name":"Norwex Resource Espa\u00f1ol","article_publisher":"https:\/\/www.facebook.com\/Norwex\/","article_modified_time":"2026-02-20T19:40:54+00:00","og_image":[{"url":"https:\/\/theresource.norwex.com\/wp-content\/uploads\/sites\/3\/2024\/09\/Team_Building_Mobile_4.jpg","type":"","width":"","height":""}],"twitter_card":"summary_large_image","twitter_site":"@norwex","twitter_misc":{"Tiempo de lectura":"4 minutos"},"schema":{"@context":"https:\/\/schema.org","@graph":[{"@type":"WebPage","@id":"https:\/\/theresource.norwex.com\/es_us\/team-building\/","url":"https:\/\/theresource.norwex.com\/es_us\/team-building\/","name":"Desarrollo de Equipo - Norwex Resource Espa\u00f1ol","isPartOf":{"@id":"https:\/\/theresource.norwex.com\/es_us\/#website"},"primaryImageOfPage":{"@id":"https:\/\/theresource.norwex.com\/es_us\/team-building\/#primaryimage"},"image":{"@id":"https:\/\/theresource.norwex.com\/es_us\/team-building\/#primaryimage"},"thumbnailUrl":"https:\/\/theresource.norwex.com\/wp-content\/uploads\/sites\/3\/2024\/09\/Team_Building_Mobile_4.jpg","datePublished":"2019-08-08T19:47:25+00:00","dateModified":"2026-02-20T19:40:54+00:00","breadcrumb":{"@id":"https:\/\/theresource.norwex.com\/es_us\/team-building\/#breadcrumb"},"inLanguage":"es","potentialAction":[{"@type":"ReadAction","target":["https:\/\/theresource.norwex.com\/es_us\/team-building\/"]}]},{"@type":"ImageObject","inLanguage":"es","@id":"https:\/\/theresource.norwex.com\/es_us\/team-building\/#primaryimage","url":"https:\/\/theresource.norwex.com\/wp-content\/uploads\/sites\/3\/2024\/09\/Team_Building_Mobile_4.jpg","contentUrl":"https:\/\/theresource.norwex.com\/wp-content\/uploads\/sites\/3\/2024\/09\/Team_Building_Mobile_4.jpg"},{"@type":"BreadcrumbList","@id":"https:\/\/theresource.norwex.com\/es_us\/team-building\/#breadcrumb","itemListElement":[{"@type":"ListItem","position":1,"name":"Home","item":"https:\/\/theresource.norwex.com\/es_us\/"},{"@type":"ListItem","position":2,"name":"Desarrollo de Equipo"}]},{"@type":"WebSite","@id":"https:\/\/theresource.norwex.com\/es_us\/#website","url":"https:\/\/theresource.norwex.com\/es_us\/","name":"Norwex Resource Espa\u00f1ol","description":"Just another Norwex Multi Sites site","publisher":{"@id":"https:\/\/theresource.norwex.com\/es_us\/#organization"},"potentialAction":[{"@type":"SearchAction","target":{"@type":"EntryPoint","urlTemplate":"https:\/\/theresource.norwex.com\/es_us\/?s={search_term_string}"},"query-input":{"@type":"PropertyValueSpecification","valueRequired":true,"valueName":"search_term_string"}}],"inLanguage":"es"},{"@type":"Organization","@id":"https:\/\/theresource.norwex.com\/es_us\/#organization","name":"Norwex","url":"https:\/\/theresource.norwex.com\/es_us\/","logo":{"@type":"ImageObject","inLanguage":"es","@id":"https:\/\/theresource.norwex.com\/es_us\/#\/schema\/logo\/image\/","url":"https:\/\/theresourcees.norwex.com\/wp-content\/uploads\/sites\/6\/2023\/11\/Norwex-Resource.jpg","contentUrl":"https:\/\/theresourcees.norwex.com\/wp-content\/uploads\/sites\/6\/2023\/11\/Norwex-Resource.jpg","width":200,"height":200,"caption":"Norwex"},"image":{"@id":"https:\/\/theresource.norwex.com\/es_us\/#\/schema\/logo\/image\/"},"sameAs":["https:\/\/www.facebook.com\/Norwex\/","https:\/\/x.com\/norwex","http:\/\/pinterest.com\/norwex\/","http:\/\/www.youtube.com\/norwex"]}]}},"_links":{"self":[{"href":"https:\/\/theresource.norwex.com\/es_us\/wp-json\/wp\/v2\/pages\/681","targetHints":{"allow":["GET"]}}],"collection":[{"href":"https:\/\/theresource.norwex.com\/es_us\/wp-json\/wp\/v2\/pages"}],"about":[{"href":"https:\/\/theresource.norwex.com\/es_us\/wp-json\/wp\/v2\/types\/page"}],"author":[{"embeddable":true,"href":"https:\/\/theresource.norwex.com\/es_us\/wp-json\/wp\/v2\/users\/2"}],"replies":[{"embeddable":true,"href":"https:\/\/theresource.norwex.com\/es_us\/wp-json\/wp\/v2\/comments?post=681"}],"version-history":[{"count":1,"href":"https:\/\/theresource.norwex.com\/es_us\/wp-json\/wp\/v2\/pages\/681\/revisions"}],"predecessor-version":[{"id":15364,"href":"https:\/\/theresource.norwex.com\/es_us\/wp-json\/wp\/v2\/pages\/681\/revisions\/15364"}],"wp:attachment":[{"href":"https:\/\/theresource.norwex.com\/es_us\/wp-json\/wp\/v2\/media?parent=681"}],"wp:term":[{"taxonomy":"post_tag","embeddable":true,"href":"https:\/\/theresource.norwex.com\/es_us\/wp-json\/wp\/v2\/tags?post=681"}],"curies":[{"name":"wp","href":"https:\/\/api.w.org\/{rel}","templated":true}]}}