{"id":645,"date":"2019-08-08T19:39:49","date_gmt":"2019-08-08T19:39:49","guid":{"rendered":"https:\/\/theresourcees.norwex.com\/?page_id=645"},"modified":"2025-08-26T13:23:04","modified_gmt":"2025-08-26T18:23:04","slug":"host-coaching","status":"publish","type":"page","link":"https:\/\/theresource.norwex.com\/es_us\/host-coaching\/","title":{"rendered":"Asesorando a la Anfitriona"},"content":{"rendered":"<div class=\"container quick-guide pp-header-new m-auto\">\n<div class=\"row qg-header pp-header m-auto\">\n<div class=\"col-sm-12 m-0 p-0\">\n<img decoding=\"async\" src=\"https:\/\/theresource.norwex.com\/wp-content\/uploads\/sites\/3\/2025\/06\/party-banner-new.jpg\" alt=\"party banner\" width=\"100%\" \/>\n<\/div>\n<\/div>\n<div class=\"row sub-title\">\n<div class=\"col-sm-10 m-auto\">\n<img decoding=\"async\" src=\"https:\/\/theresource.norwex.com\/wp-content\/uploads\/sites\/3\/2024\/06\/norwex-logo-white.png\" class=\"page-logo\" alt=\"norwex\" \/><\/p>\n<h1>Asesorando a la Anfitriona<\/h1>\n<h2>Plantilla<\/h2>\n<\/div>\n<\/div>\n<\/div>\n<div class=\"container parties-page mb-4 \">\n<div class=\"row mt-5 gray-border\">\n<div class=\"col-sm-12\">\n<p class=\"text-center\" style=\"font-size: 20px;\">Con\u00e9ctate con tu Anfitriona varias veces para fomentar una buena relaci\u00f3n y crear emoci\u00f3n. <i>(Recuerda, probablemente ella nunca ha hecho esto antes.)<\/i><\/p>\n<p>El mensaje a continuaci\u00f3n es para mantener todo muy sencillo para tu Anfitriona mientras le das \u00fatiles consejos.<\/p>\n<ul class=\"mb-4 pb-1\">\n<li>Simplemente copia y pega los mensajes y las gr\u00e1ficas, y env\u00edaselas a la Anfitriona que ya te ha confirmado. (\u00a1Solo personal\u00edzalos con tu estilo!)<\/li>\n<li>Cuando hables acerca de abrir una Cuenta de Consultora, aseg\u00farate de adaptar cualquiera de los incentivos para unirse del mes.<\/li>\n<li>Si utilizas el programa Project Broadcast para enviar autom\u00e1ticamente tus mensajes de texto a trav\u00e9s de este servicio de pago de terceros este el C\u00f3digo para espa\u00f1ol para el Project Broadcast: <strong>CTdfTbchRtk<\/strong><\/li>\n<\/ul>\n<p><strong>Opciones Adicionales:<\/strong><\/p>\n<ul>\n<li>Si usas Canva, <a href=\"https:\/\/www.canva.com\/design\/DAF77lndQGg\/jbn8kgM-FcZ0-r-qLsjmvA\/edit\" target=\"_blank\" rel=\"noopener nofollow\">haz clic aqu\u00ed<\/a> for the template to all graphics below. If you do not, simply copy and paste existing images below.<\/li>\n<\/ul><\/div>\n<\/p><\/div>\n<div class=\"row gray-border\">\n<div class=\"col-sm-12\">\n<h2>Mensaje 1<\/h2>\n<div class=\"row\">\n<div class=\"col-sm-12 col-md-7\">\n<p>\u00a1Saludos <span class=\"tip-text\">(insertar el nombre)<\/span>! Es tiempo de empezar a prepararte para tu <span class=\"tip-text\">(anotar el tipo de evento)<\/span>. Todos los d\u00edas te enviar\u00e9 algo que hacer que te llevar\u00e1 solo 10 minutos. Lo primero&#8230;\u00a1a qui\u00e9n invitar!<\/p>\n<p>Usa esta imagen para ayudarte a pensar a qui\u00e9n conoces. Escribe sus nombres o crea una lista en tu celular. Te ser\u00e1 de gran ayuda cuando env\u00edes invitaciones y para hacer el seguimiento.<\/p>\n<p>Consejo: Si alguien te viene a la mente, agr\u00e9galo en tu lista. No dejes de invitar a alguien solo porque pienses que no asistir\u00e1n o que no estar\u00edan interesados. Frecuentemente escucho: &#8220;\u00a1Me hubiera gustado haber sabido acerca de Norwex hace tiempo!&#8221; de Clientes que conocen a alguien que ya hab\u00eda sido Anfitriona antes. \u00a1Se la diferencia en la vida de alguien!<\/p>\n<p>Por favor responde para que yo sepa que no tienes dudas sobre esto.<\/p>\n<\/p><\/div>\n<div class=\"col-sm-12 col-md-5\">\n               <img decoding=\"async\" src=\"https:\/\/theresource.norwex.com\/es_us\/wp-content\/uploads\/sites\/6\/2025\/05\/hc-post-1.png\" alt=\"host coaching message 1\" style=\"width: 100%; max-width: 350px; margin: 10px auto; display: block;\" \/>\n            <\/div>\n<\/p><\/div>\n<\/p><\/div>\n<\/p><\/div>\n<div class=\"row gray-border\">\n<div class=\"col-sm-12\">\n<h2>Mensaje 2<\/h2>\n<p>\u00a1Saludos <span class=\"tip-text\">(insertar el nombre)<\/span>! Contin\u00faa agregando personas a tu lista de invitados teniendo en cuenta que\u2026 alrededor del 30% de las personas que invites podr\u00e1n asistir, as\u00ed que aseg\u00farate de invitar de m\u00e1s. <\/p>\n<p>\u00a1C\u00f3mo Anfitriona les est\u00e1s brindado servicio a tus amigos y familiares ofreci\u00e9ndoles una alternativa segura, mientras ahorran dinero! \u00a1S\u00e9 qu\u00e9 todos podr\u00edamos aprovechar los ahorros hoy mismo! <\/p>\n<p>Est\u00e1 en ellos elegir cuando aceptar. Por ahora es tu oportunidad para plantar las semllas para que alguien haga un cambio y florecer despu\u00e9s. \u00a1Esto tambi\u00e9n es algo maravilloso! <\/p>\n<\/p><\/div>\n<\/p><\/div>\n<div class=\"row gray-border\">\n<div class=\"col-sm-12\">\n<h2>Mensaje 3<\/h2>\n<div class=\"row\">\n<div class=\"col-sm-12 col-md-7\">\n<p>Emoci\u00f3nate <span class=\"tip-text\">(inserta el nombre)<\/span>\u2026 \u00a1es momento de empezar a enviar invitaciones! \u00a1Esto es lo que tienes hacer hoy y ma\u00f1ana!<\/p>\n<p>Enviar invitaciones individuales ayuda a fomentar una relaci\u00f3n personal y una base s\u00f3lida para el \u00e9xito de tu evento. Si alguien no ha dicho que &#8220;s\u00ed&#8221; para ser parte de tu evento, no querr\u00e1s incluirle. \u00a1Esto te ayudar\u00e1 a asegurar que todos tus invitados estar\u00e1n comprometidos durante todo el evento! Una invitaci\u00f3n por mensaje de texto est\u00e1 bien \u00a1pero invitar a alguien en persona, es a\u00fan mejor! <\/p>\n<p>\u00a1Responde a este mensaje con &#8220;invitar&#8221; y te enviar\u00e9 una ejemplo de una invitaci\u00f3n para ayudarte a comenzar!  <\/p>\n<\/p><\/div>\n<div class=\"col-sm-12 col-md-5\">\n               <img decoding=\"async\" src=\"https:\/\/theresource.norwex.com\/es_us\/wp-content\/uploads\/sites\/6\/2025\/05\/hc-post-3.png\" alt=\"host coaching message three\" style=\"width: 100%; max-width: 350px; margin: 10px auto; display: block;\" \/>\n            <\/div>\n<\/p><\/div>\n<\/p><\/div>\n<\/p><\/div>\n<div class=\"row gray-border\">\n<div class=\"col-sm-12\">\n<h2>Mensaje 4<\/h2>\n<div class=\"row\">\n<div class=\"col-sm-12 col-md-7\">\n<p>Antes de que empiece el evento \u00bf<span class=\"tip-text\">(insertar el nombre)<\/span>, has pensado en abrir una cuenta de Consultora?<\/p>\n<p>Tal vez andas en busa de otro ingreso. Quiz\u00e1s te gusta la ideal de obtener m\u00e1s productos Norwex con un 35% menos. O a lo mejor andas en busca de liberarte de un horario de trabajo de 9-5, como yo lo estuve.<\/p>\n<p>Cualquiera que sean tus razones, me encantar\u00eda reservar un tiempo solo para ti. Puedes hacerme preguntas y recibir respuestas directas y decidir si Norwex realmente es la mejor opci\u00f3n para ti. (o para alguien que t\u00fa conozcas). Empezar es r\u00e1pido y f\u00e1cil y s\u00f3lo te cuesta $10.<\/p>\n<p>\u00bfQu\u00e9 piensas sobre esto?<\/p>\n<\/p><\/div>\n<div class=\"col-sm-12 col-md-5\">\n               <img decoding=\"async\" src=\"https:\/\/theresource.norwex.com\/es_us\/wp-content\/uploads\/sites\/6\/2025\/05\/hc-post-4.png\" alt=\"host coaching message three\" style=\"width: 100%; max-width: 350px; margin: 10px auto; display: block;\" \/>\n            <\/div>\n<\/p><\/div>\n<\/p><\/div>\n<\/p><\/div>\n<div class=\"row gray-border\">\n<div class=\"col-sm-12\">\n<h2>Mensaje 5<\/h2>\n<div class=\"row\">\n<div class=\"col-sm-12 col-md-7\">\n<p>\u00a1Saludos!<\/p>\n<p>Sigue enviando esas invitaciones y haz seguimiento a quien dijo &#8220;qu\u00e9 s\u00ed.&#8221; Crear\u00e9 un grupo <span class=\"tip-text\">(mensaje de texto, Facebook, Messenger, ad\u00e1ptalo a como est\u00e1s realizando el evento)<\/span>.<\/p>\n<p>\u00bfC\u00f3mo vas con las invitaciones? <\/p>\n<\/p><\/div>\n<div class=\"col-sm-12 col-md-5\">\n               <img decoding=\"async\" src=\"https:\/\/theresource.norwex.com\/es_us\/wp-content\/uploads\/sites\/6\/2025\/05\/hc-post-5.png\" alt=\"host coaching message five\" style=\"width: 100%; max-width: 350px; margin: 10px auto; display: block;\" \/>\n            <\/div>\n<\/p><\/div>\n<\/p><\/div>\n<\/p><\/div>\n<div class=\"row gray-border\">\n<div class=\"col-sm-12\">\n<h2>Mensaje 6<\/h2>\n<p>Vayamos un paso m\u00e1s adelante para generar entusiasmo por tu evento en tus redes sociales. Estas son algunas ideas para empezar \u00a1simplemente personal\u00edzalas para que tengan tu propio estilo!<\/p>\n<ol>\n<li>Toma una fotograf\u00eda de antes y despu\u00e9s de algo que hayas limpiado y publ\u00edcalo. \u201cEstoy que no lo puedo creer, no ten\u00eda idea que solo pod\u00eda limpiar con agua y un pa\u00f1o! &#8220;Mi <span class=\"tip-text\">(agregar donde limpiaste)<\/span> nunca se ha visto tan bien!\u201d<\/li>\n<li>Publica una foto de algo en tu casa que tenga polvo o est\u00e9 sucio y pregunta  \u201c\u00bfAlguna vez has usado o escuchado sobre Norwex? \u00bfQu\u00e9 productos debo probar?&#8221;<\/li>\n<\/ol><\/div>\n<\/p><\/div>\n<div class=\"row gray-border\">\n<div class=\"col-sm-12\">\n<h2>Mensaje 7<\/h2>\n<p>\u00a1Hoy es el gran d\u00eda! \u00bfPuedes enviarme la lista de todas las personas que han dicho que &#8220;s\u00ed&#8221; asistir\u00e1n? <span class=\"tip-text\">(Incluye los siguientes pasos de acuerdo al tipo de evento)<\/span><\/p>\n<p>D\u00e9jame saber si tienes alguna pregunta \u2013 \u00a1Estoy aqu\u00ed para ayudarte a garantizar el \u00e9xito de tu evento!<\/p>\n<\/p><\/div>\n<\/p><\/div>\n<div class=\"row\">\n<div class=\"col-sm-12\">\n<h2>Mantente en Contacto<\/h2>\n<p class=\"text-center\" style=\"font-size: 20px;\">Aseg\u00farate de mantenerte en contacto con tu Anfitriona durante y despu\u00e9s de tu evento. Para Consejos de Seguimiento, <a href=\"https:\/\/cdn.intelligencebank.com\/us\/share\/EPnB\/18pE3\/VYgzD\/original\/Follow+Up+-+After+the+Party+-+SPN\" target=\"_blank\" rel=\"noopener nofollow\">clic aqu\u00ed<\/a>.<\/p>\n<\/p><\/div>\n<\/p><\/div>\n<\/div>\n","protected":false},"excerpt":{"rendered":"<p>Asesorando a la Anfitriona Plantilla Con\u00e9ctate con tu Anfitriona varias veces para fomentar una buena relaci\u00f3n y crear emoci\u00f3n. (Recuerda, probablemente ella nunca ha hecho esto antes.) El mensaje a continuaci\u00f3n es para mantener todo muy sencillo para tu Anfitriona mientras le das \u00fatiles consejos. Simplemente copia y pega los mensajes y las gr\u00e1ficas, y [&hellip;]<\/p>\n","protected":false},"author":2,"featured_media":0,"parent":0,"menu_order":0,"comment_status":"closed","ping_status":"closed","template":"","meta":{"footnotes":""},"tags":[],"class_list":["post-645","page","type-page","status-publish","hentry"],"yoast_head":"<!-- This site is optimized with the Yoast SEO plugin v27.3 - https:\/\/yoast.com\/product\/yoast-seo-wordpress\/ -->\n<title>Asesorando a la Anfitriona - Norwex Resource Espa\u00f1ol<\/title>\n<meta name=\"robots\" content=\"index, follow, max-snippet:-1, max-image-preview:large, max-video-preview:-1\" \/>\n<link rel=\"canonical\" href=\"https:\/\/theresource.norwex.com\/es_us\/host-coaching\/\" \/>\n<meta property=\"og:locale\" content=\"es_MX\" \/>\n<meta property=\"og:type\" content=\"article\" \/>\n<meta property=\"og:title\" content=\"Asesorando a la Anfitriona - Norwex Resource Espa\u00f1ol\" \/>\n<meta property=\"og:description\" content=\"Asesorando a la Anfitriona Plantilla Con\u00e9ctate con tu Anfitriona varias veces para fomentar una buena relaci\u00f3n y crear emoci\u00f3n. (Recuerda, probablemente ella nunca ha hecho esto antes.) El mensaje a continuaci\u00f3n es para mantener todo muy sencillo para tu Anfitriona mientras le das \u00fatiles consejos. Simplemente copia y pega los mensajes y las gr\u00e1ficas, y [&hellip;]\" \/>\n<meta property=\"og:url\" content=\"https:\/\/theresource.norwex.com\/es_us\/host-coaching\/\" \/>\n<meta property=\"og:site_name\" content=\"Norwex Resource Espa\u00f1ol\" \/>\n<meta property=\"article:publisher\" content=\"https:\/\/www.facebook.com\/Norwex\/\" \/>\n<meta property=\"article:modified_time\" content=\"2025-08-26T18:23:04+00:00\" \/>\n<meta property=\"og:image\" content=\"https:\/\/theresource.norwex.com\/wp-content\/uploads\/sites\/3\/2025\/06\/party-banner-new.jpg\" \/>\n<meta name=\"twitter:card\" content=\"summary_large_image\" \/>\n<meta name=\"twitter:site\" content=\"@norwex\" \/>\n<meta name=\"twitter:label1\" content=\"Tiempo de lectura\" \/>\n\t<meta name=\"twitter:data1\" content=\"5 minutos\" \/>\n<script type=\"application\/ld+json\" class=\"yoast-schema-graph\">{\"@context\":\"https:\\\/\\\/schema.org\",\"@graph\":[{\"@type\":\"WebPage\",\"@id\":\"https:\\\/\\\/theresource.norwex.com\\\/es_us\\\/host-coaching\\\/\",\"url\":\"https:\\\/\\\/theresource.norwex.com\\\/es_us\\\/host-coaching\\\/\",\"name\":\"Asesorando a la Anfitriona - Norwex Resource Espa\u00f1ol\",\"isPartOf\":{\"@id\":\"https:\\\/\\\/theresource.norwex.com\\\/es_us\\\/#website\"},\"primaryImageOfPage\":{\"@id\":\"https:\\\/\\\/theresource.norwex.com\\\/es_us\\\/host-coaching\\\/#primaryimage\"},\"image\":{\"@id\":\"https:\\\/\\\/theresource.norwex.com\\\/es_us\\\/host-coaching\\\/#primaryimage\"},\"thumbnailUrl\":\"https:\\\/\\\/theresource.norwex.com\\\/wp-content\\\/uploads\\\/sites\\\/3\\\/2025\\\/06\\\/party-banner-new.jpg\",\"datePublished\":\"2019-08-08T19:39:49+00:00\",\"dateModified\":\"2025-08-26T18:23:04+00:00\",\"breadcrumb\":{\"@id\":\"https:\\\/\\\/theresource.norwex.com\\\/es_us\\\/host-coaching\\\/#breadcrumb\"},\"inLanguage\":\"es\",\"potentialAction\":[{\"@type\":\"ReadAction\",\"target\":[\"https:\\\/\\\/theresource.norwex.com\\\/es_us\\\/host-coaching\\\/\"]}]},{\"@type\":\"ImageObject\",\"inLanguage\":\"es\",\"@id\":\"https:\\\/\\\/theresource.norwex.com\\\/es_us\\\/host-coaching\\\/#primaryimage\",\"url\":\"https:\\\/\\\/theresource.norwex.com\\\/wp-content\\\/uploads\\\/sites\\\/3\\\/2025\\\/06\\\/party-banner-new.jpg\",\"contentUrl\":\"https:\\\/\\\/theresource.norwex.com\\\/wp-content\\\/uploads\\\/sites\\\/3\\\/2025\\\/06\\\/party-banner-new.jpg\"},{\"@type\":\"BreadcrumbList\",\"@id\":\"https:\\\/\\\/theresource.norwex.com\\\/es_us\\\/host-coaching\\\/#breadcrumb\",\"itemListElement\":[{\"@type\":\"ListItem\",\"position\":1,\"name\":\"Home\",\"item\":\"https:\\\/\\\/theresource.norwex.com\\\/es_us\\\/\"},{\"@type\":\"ListItem\",\"position\":2,\"name\":\"Asesorando a la Anfitriona\"}]},{\"@type\":\"WebSite\",\"@id\":\"https:\\\/\\\/theresource.norwex.com\\\/es_us\\\/#website\",\"url\":\"https:\\\/\\\/theresource.norwex.com\\\/es_us\\\/\",\"name\":\"Norwex Resource Espa\u00f1ol\",\"description\":\"Just another Norwex Multi Sites site\",\"publisher\":{\"@id\":\"https:\\\/\\\/theresource.norwex.com\\\/es_us\\\/#organization\"},\"potentialAction\":[{\"@type\":\"SearchAction\",\"target\":{\"@type\":\"EntryPoint\",\"urlTemplate\":\"https:\\\/\\\/theresource.norwex.com\\\/es_us\\\/?s={search_term_string}\"},\"query-input\":{\"@type\":\"PropertyValueSpecification\",\"valueRequired\":true,\"valueName\":\"search_term_string\"}}],\"inLanguage\":\"es\"},{\"@type\":\"Organization\",\"@id\":\"https:\\\/\\\/theresource.norwex.com\\\/es_us\\\/#organization\",\"name\":\"Norwex\",\"url\":\"https:\\\/\\\/theresource.norwex.com\\\/es_us\\\/\",\"logo\":{\"@type\":\"ImageObject\",\"inLanguage\":\"es\",\"@id\":\"https:\\\/\\\/theresource.norwex.com\\\/es_us\\\/#\\\/schema\\\/logo\\\/image\\\/\",\"url\":\"https:\\\/\\\/theresourcees.norwex.com\\\/wp-content\\\/uploads\\\/sites\\\/6\\\/2023\\\/11\\\/Norwex-Resource.jpg\",\"contentUrl\":\"https:\\\/\\\/theresourcees.norwex.com\\\/wp-content\\\/uploads\\\/sites\\\/6\\\/2023\\\/11\\\/Norwex-Resource.jpg\",\"width\":200,\"height\":200,\"caption\":\"Norwex\"},\"image\":{\"@id\":\"https:\\\/\\\/theresource.norwex.com\\\/es_us\\\/#\\\/schema\\\/logo\\\/image\\\/\"},\"sameAs\":[\"https:\\\/\\\/www.facebook.com\\\/Norwex\\\/\",\"https:\\\/\\\/x.com\\\/norwex\",\"http:\\\/\\\/pinterest.com\\\/norwex\\\/\",\"http:\\\/\\\/www.youtube.com\\\/norwex\"]}]}<\/script>\n<!-- \/ Yoast SEO plugin. -->","yoast_head_json":{"title":"Asesorando a la Anfitriona - Norwex Resource Espa\u00f1ol","robots":{"index":"index","follow":"follow","max-snippet":"max-snippet:-1","max-image-preview":"max-image-preview:large","max-video-preview":"max-video-preview:-1"},"canonical":"https:\/\/theresource.norwex.com\/es_us\/host-coaching\/","og_locale":"es_MX","og_type":"article","og_title":"Asesorando a la Anfitriona - Norwex Resource Espa\u00f1ol","og_description":"Asesorando a la Anfitriona Plantilla Con\u00e9ctate con tu Anfitriona varias veces para fomentar una buena relaci\u00f3n y crear emoci\u00f3n. (Recuerda, probablemente ella nunca ha hecho esto antes.) El mensaje a continuaci\u00f3n es para mantener todo muy sencillo para tu Anfitriona mientras le das \u00fatiles consejos. Simplemente copia y pega los mensajes y las gr\u00e1ficas, y [&hellip;]","og_url":"https:\/\/theresource.norwex.com\/es_us\/host-coaching\/","og_site_name":"Norwex Resource Espa\u00f1ol","article_publisher":"https:\/\/www.facebook.com\/Norwex\/","article_modified_time":"2025-08-26T18:23:04+00:00","og_image":[{"url":"https:\/\/theresource.norwex.com\/wp-content\/uploads\/sites\/3\/2025\/06\/party-banner-new.jpg","type":"","width":"","height":""}],"twitter_card":"summary_large_image","twitter_site":"@norwex","twitter_misc":{"Tiempo de lectura":"5 minutos"},"schema":{"@context":"https:\/\/schema.org","@graph":[{"@type":"WebPage","@id":"https:\/\/theresource.norwex.com\/es_us\/host-coaching\/","url":"https:\/\/theresource.norwex.com\/es_us\/host-coaching\/","name":"Asesorando a la Anfitriona - Norwex Resource Espa\u00f1ol","isPartOf":{"@id":"https:\/\/theresource.norwex.com\/es_us\/#website"},"primaryImageOfPage":{"@id":"https:\/\/theresource.norwex.com\/es_us\/host-coaching\/#primaryimage"},"image":{"@id":"https:\/\/theresource.norwex.com\/es_us\/host-coaching\/#primaryimage"},"thumbnailUrl":"https:\/\/theresource.norwex.com\/wp-content\/uploads\/sites\/3\/2025\/06\/party-banner-new.jpg","datePublished":"2019-08-08T19:39:49+00:00","dateModified":"2025-08-26T18:23:04+00:00","breadcrumb":{"@id":"https:\/\/theresource.norwex.com\/es_us\/host-coaching\/#breadcrumb"},"inLanguage":"es","potentialAction":[{"@type":"ReadAction","target":["https:\/\/theresource.norwex.com\/es_us\/host-coaching\/"]}]},{"@type":"ImageObject","inLanguage":"es","@id":"https:\/\/theresource.norwex.com\/es_us\/host-coaching\/#primaryimage","url":"https:\/\/theresource.norwex.com\/wp-content\/uploads\/sites\/3\/2025\/06\/party-banner-new.jpg","contentUrl":"https:\/\/theresource.norwex.com\/wp-content\/uploads\/sites\/3\/2025\/06\/party-banner-new.jpg"},{"@type":"BreadcrumbList","@id":"https:\/\/theresource.norwex.com\/es_us\/host-coaching\/#breadcrumb","itemListElement":[{"@type":"ListItem","position":1,"name":"Home","item":"https:\/\/theresource.norwex.com\/es_us\/"},{"@type":"ListItem","position":2,"name":"Asesorando a la Anfitriona"}]},{"@type":"WebSite","@id":"https:\/\/theresource.norwex.com\/es_us\/#website","url":"https:\/\/theresource.norwex.com\/es_us\/","name":"Norwex Resource Espa\u00f1ol","description":"Just another Norwex Multi Sites site","publisher":{"@id":"https:\/\/theresource.norwex.com\/es_us\/#organization"},"potentialAction":[{"@type":"SearchAction","target":{"@type":"EntryPoint","urlTemplate":"https:\/\/theresource.norwex.com\/es_us\/?s={search_term_string}"},"query-input":{"@type":"PropertyValueSpecification","valueRequired":true,"valueName":"search_term_string"}}],"inLanguage":"es"},{"@type":"Organization","@id":"https:\/\/theresource.norwex.com\/es_us\/#organization","name":"Norwex","url":"https:\/\/theresource.norwex.com\/es_us\/","logo":{"@type":"ImageObject","inLanguage":"es","@id":"https:\/\/theresource.norwex.com\/es_us\/#\/schema\/logo\/image\/","url":"https:\/\/theresourcees.norwex.com\/wp-content\/uploads\/sites\/6\/2023\/11\/Norwex-Resource.jpg","contentUrl":"https:\/\/theresourcees.norwex.com\/wp-content\/uploads\/sites\/6\/2023\/11\/Norwex-Resource.jpg","width":200,"height":200,"caption":"Norwex"},"image":{"@id":"https:\/\/theresource.norwex.com\/es_us\/#\/schema\/logo\/image\/"},"sameAs":["https:\/\/www.facebook.com\/Norwex\/","https:\/\/x.com\/norwex","http:\/\/pinterest.com\/norwex\/","http:\/\/www.youtube.com\/norwex"]}]}},"_links":{"self":[{"href":"https:\/\/theresource.norwex.com\/es_us\/wp-json\/wp\/v2\/pages\/645","targetHints":{"allow":["GET"]}}],"collection":[{"href":"https:\/\/theresource.norwex.com\/es_us\/wp-json\/wp\/v2\/pages"}],"about":[{"href":"https:\/\/theresource.norwex.com\/es_us\/wp-json\/wp\/v2\/types\/page"}],"author":[{"embeddable":true,"href":"https:\/\/theresource.norwex.com\/es_us\/wp-json\/wp\/v2\/users\/2"}],"replies":[{"embeddable":true,"href":"https:\/\/theresource.norwex.com\/es_us\/wp-json\/wp\/v2\/comments?post=645"}],"version-history":[{"count":0,"href":"https:\/\/theresource.norwex.com\/es_us\/wp-json\/wp\/v2\/pages\/645\/revisions"}],"wp:attachment":[{"href":"https:\/\/theresource.norwex.com\/es_us\/wp-json\/wp\/v2\/media?parent=645"}],"wp:term":[{"taxonomy":"post_tag","embeddable":true,"href":"https:\/\/theresource.norwex.com\/es_us\/wp-json\/wp\/v2\/tags?post=645"}],"curies":[{"name":"wp","href":"https:\/\/api.w.org\/{rel}","templated":true}]}}