{"id":633,"date":"2019-08-08T19:36:52","date_gmt":"2019-08-08T19:36:52","guid":{"rendered":"https:\/\/theresourcees.norwex.com\/?page_id=633"},"modified":"2022-08-05T09:31:09","modified_gmt":"2022-08-05T14:31:09","slug":"book","status":"publish","type":"page","link":"https:\/\/theresource.norwex.com\/es_us\/book\/","title":{"rendered":"Consejos Para Reservaciones"},"content":{"rendered":"\r\n<div class=\"container mt-3 mb-4\">\r\n  <div class=\"row\">\r\n   <div class=\"col-md-12 mt-3\">\r\n    <h2>30 D\u00edas de Reservaciones<\/h2>\r\n    <p>Llena tu calendario de Demostraciones con estos consejos, ideas y entrenamiento incluido en esta p\u00e1gina. Empieza con el Calendario 30 D\u00edas de Reservaciones; haz clic en la imagen a continuaci\u00f3n para abrir el documento en tama\u00f1o completo que incluye enlaces para entrenamiento y apoyo para cada uno de los consejos de reservaci\u00f3n.<\/p>\r\n   <\/div>\r\n  <\/div>\r\n<\/div>\r\n\r\n<div class=\"container mt-3 mb-4\">\r\n  <div class=\"row\">\r\n   <div class=\"col-md-8 col-sm-12\">\r\n     <a href=\"\/wp-content\/assets\/pdfs\/22295_Booking_Bingo_SPN.pdf\" target=\"_blank\" rel=\"noopener noreferrer\"><img decoding=\"async\" src=\"\/wp-content\/assets\/pdfs\/22295_Booking_Bingo_SPN.jpg\" class=\"aligncenter\" style=\"width:77%;\"><\/a>\r\n   <\/div>\r\n\r\n   <div class=\"col-md-4 col-sm-12 mt-sm-0 mt-3\">\r\n    <ul class=\"list-group\">\r\n     <li class=\"list-group-item bg-secondary text-white\"><p class=\"font-weight-bold mb-0\">Resource Links:<\/p><\/li>\r\n\r\n     <li class=\"list-group-item p-1\"><a href=\"https:\/\/youtu.be\/HedsHuHDz28&#038;hl=fr&#038;hl=es&#038;cc_lang_pref=es&#038;cc=1\" id=\"Maximizing the Referral Link\" target=\"_blank\" rel=\"noopener noreferrer\"><img decoding=\"async\" class=\"wp-image-3600 img-thumbnail float-left mr-2\" src=\"\/wp-content\/uploads\/sites\/3\/2021\/06\/referral-link.jpg\" alt=\"Maximizing the Referral Link\" width=\"75\" \/>\r\n<p class=\"plist\"><span class=\"h5\" id=\"Maximizing the Referral Link\">Maximizar el enlace de referencia<\/span><\/p><\/a>\r\n     <\/li>\r\n\r\n     <li class=\"list-group-item p-1\"><a href=\"\/wp-content\/assets\/pdfs\/Who_Do_You_Know_SPN.pdf\" id=\"Who Do You Know?\" target=\"_blank\" rel=\"noopener noreferrer\"><img decoding=\"async\" class=\"wp-image-3600 img-thumbnail float-left mr-2\" src=\"\/wp-content\/uploads\/sites\/3\/2020\/06\/what-know-thumb.jpg\" alt=\"Who Do You Know?\" width=\"75\" \/>\r\n<p class=\"plist\"><span class=\"h5\" id=\"Who Do You Know\">\u00bfA QUI\u00c9N CONOCES?<\/span> <i class=\"fa fa-download float-right\" aria-hidden=\"true\"><\/i><\/p><\/a>\r\n     <\/li>\r\n\r\n     <li class=\"list-group-item p-1\"><a href=\"\/wp-content\/assets\/pdfs\/19738_FRANKI_SPN.pdf\" id=\"FRANKI List\" target=\"_blank\" rel=\"noopener noreferrer\"><img decoding=\"async\" class=\"wp-image-3600 img-thumbnail float-left mr-2\" src=\"\/wp-content\/uploads\/sites\/3\/2019\/07\/FRANKI_List-Thumb.jpg\" alt=\"F.R.A.N.K.I. LIST\" width=\"75\" \/>\r\n<p class=\"plist\"><span class=\"h5\" id=\"Frank List\">LISTA FACIL<\/span> <i class=\"fa fa-download float-right\" aria-hidden=\"true\"><\/i><\/p><\/a>\r\n     <\/li>\r\n\r\n     <li class=\"list-group-item p-1\"><a href=\"\/wp-content\/assets\/pdfs\/Power_Hour_Express_SPN.pdf\" id=\"Power Hour Express\" target=\"_blank\" rel=\"noopener noreferrer\"><img decoding=\"async\" class=\"wp-image-3600 img-thumbnail float-left mr-2\" src=\"\/wp-content\/uploads\/sites\/3\/2020\/06\/power-hour-thumb.jpg\" alt=\"Power Hour Express\" width=\"75\" \/>\r\n<p class=\"plist\"><span class=\"h5\" id=\"Power Hour Express\">Una Hora Poderosa y R\u00e1pida<\/span> <i class=\"fa fa-download float-right\" aria-hidden=\"true\"><\/i><\/p><\/a>\r\n     <\/li>\r\n\r\n     <li class=\"list-group-item p-1\"><a href=\"\/wp-content\/assets\/pdfs\/How_To_Booking_Blitz_SPN.pdf\" id=\"How To Booking Blitz\" target=\"_blank\" rel=\"noopener noreferrer\"><img decoding=\"async\" class=\"wp-image-3600 img-thumbnail float-left mr-2\" src=\"\/wp-content\/uploads\/sites\/3\/2020\/06\/booking-blitz-thumb.jpg\" alt=\"Power Hour Express\" width=\"75\" \/>\r\n<p class=\"plist\"><span class=\"h5\" id=\"How To Booking Blitz\">C\u00f3mo Realizar un Maraton de Reservaciones<\/span> <i class=\"fa fa-download float-right\" aria-hidden=\"true\"><\/i><\/p><\/a>\r\n     <\/li>\r\n\r\n     <li class=\"list-group-item p-1\"><a href=\"\/wp-content\/assets\/pdfs\/Mystery_Host_Party_Checklist_SPN.pdf\" id=\"Mystery Checklist\" target=\"_blank\" rel=\"noopener noreferrer\"><img decoding=\"async\" class=\"wp-image-3600 img-thumbnail float-left mr-2\" src=\"\/wp-content\/uploads\/sites\/3\/2020\/06\/mystery-checklist-thumb.jpg\" alt=\"Mystery Checklist\" width=\"75\" \/>\r\n<p class=\"plist\"><span class=\"h5\" id=\"Mystery Checklist\">Lista de Verificaci\u00f3n Anfitriona Secreta<\/span> <i class=\"fa fa-download float-right\" aria-hidden=\"true\"><\/i><\/p><\/a>\r\n     <\/li>\r\n\r\n     <li class=\"list-group-item p-1\"><a href=\"\/wp-content\/assets\/pdfs\/21008_Overcoming_Objections_Booking_SPN.pdf\" id=\"Overcoming Booking Objections\" target=\"_blank\" rel=\"noopener noreferrer\"><img decoding=\"async\" class=\"wp-image-3600 img-thumbnail float-left mr-2\" src=\"\/wp-content\/assets\/pdfs\/thumbs\/booking-thumb.jpg\" alt=\"Overcoming Booking Objections\" width=\"75\" \/>\r\n<p class=\"plist\"><span class=\"h5\" id=\"Overcoming Booking Objections\">Las Preocupaciones M\u00e1s Comunes acerca de Reservar una Demostraci\u00f3n Norwex<\/span> <i class=\"fa fa-download float-right\" aria-hidden=\"true\"><\/i><\/p><\/a>\r\n     <\/li>\r\n\r\n     <li class=\"list-group-item p-1\"><a href=\"\/wp-content\/assets\/pdfs\/lead_your_own_team_booking_blitz.pptx\" id=\"Lead Your Own Booking Blitz Webinar PPTX\" target=\"_blank\" rel=\"noopener noreferrer\"><img decoding=\"async\" src=\"\/wp-content\/uploads\/sites\/3\/2019\/05\/leader_your_own_booking_blitz-Thumb-1024x576.jpg\" alt=\"Lead Your Own Booking Blitz Webinar\" class=\"wp-image-2029 img-thumbnail float-left mr-2\" width=\"75\"\/>\r\n      <p class=\"plist\">\r\n      <span class=\"h5\">Lead Your Own Booking Blitz Webinar<\/span>\r\n      <i class=\"fa fa-download float-right\" aria-hidden=\"true\"><\/i><\/p><\/a>\r\n     <\/li>\r\n\r\n     <li class=\"list-group-item p-1\"><a href=\"\/wp-content\/assets\/pdfs\/lead_your_own_team_booking_blitz.pdf\" id=\"Lead Your Own Booking Blitz Webinar PDF\" target=\"_blank\" rel=\"noopener noreferrer\"><img decoding=\"async\" src=\"\/wp-content\/uploads\/sites\/3\/2019\/05\/leader_your_own_booking_blitz-Thumb-1024x576.jpg\" alt=\"Lead Your Own Booking Blitz Webinar\" class=\"wp-image-2029 img-thumbnail float-left mr-2\" width=\"75\"\/>\r\n      <p class=\"plist\">\r\n      <span class=\"h5\">Lead Your Own Booking Blitz Webinar &#8211; PDF<\/span>\r\n      <i class=\"fa fa-download float-right\" aria-hidden=\"true\"><\/i><\/p><\/a>\r\n     <\/li>\r\n    <\/ul>\r\n   <\/div>\r\n  <\/div>\r\n<\/div>\r\n\r\n<div class=\"container mt-3 mb-4\">\r\n  <div class=\"row\">\r\n   <div class=\"col-md-12 mt-3\">\r\n     <div class=\"epyt-gallery\" data-currpage=\"1\" id=\"epyt_gallery_44829\"><div class=\"epyt-video-wrapper\"><iframe loading=\"lazy\"  id=\"_ytid_63281\"  width=\"480\" height=\"270\"  data-origwidth=\"480\" data-origheight=\"270\" src=\"https:\/\/www.youtube.com\/embed\/kwAY4pJvdCM?enablejsapi=1&autoplay=0&cc_load_policy=0&cc_lang_pref=&iv_load_policy=1&loop=0&rel=1&fs=1&playsinline=0&autohide=2&theme=dark&color=red&controls=1&disablekb=0&\" class=\"__youtube_prefs__  no-lazyload\" title=\"YouTube player\"  data-epytgalleryid=\"epyt_gallery_44829\"  allow=\"fullscreen; accelerometer; autoplay; clipboard-write; encrypted-media; gyroscope; picture-in-picture; web-share\" referrerpolicy=\"strict-origin-when-cross-origin\" allowfullscreen data-no-lazy=\"1\" data-skipgform_ajax_framebjll=\"\"><\/iframe><\/div><div class=\"epyt-gallery-list\"><div class=\"epyt-pagination \"><div tabindex=\"0\" role=\"button\" class=\"epyt-pagebutton epyt-prev  hide \" data-playlistid=\"PLkCHRu35Q4TLbv-uGhCnzVcbbtb9-fTzu\" data-pagesize=\"3\" data-pagetoken=\"\" data-epcolumns=\"3\" data-showtitle=\"1\" data-showpaging=\"1\" data-autonext=\"0\" data-thumbplay=\"1\"><div class=\"epyt-arrow\">&laquo;<\/div> <div>Prev<\/div><\/div><div class=\"epyt-pagenumbers \"><div class=\"epyt-current\">1<\/div><div class=\"epyt-pageseparator\"> \/ <\/div><div class=\"epyt-totalpages\">3<\/div><\/div><div tabindex=\"0\" role=\"button\" class=\"epyt-pagebutton epyt-next\" data-playlistid=\"PLkCHRu35Q4TLbv-uGhCnzVcbbtb9-fTzu\" data-pagesize=\"3\" data-pagetoken=\"EAAaHlBUOkNBTWlFRVF3UVRCRlJqa3pSRU5GTlRjME1rSQ\" data-epcolumns=\"3\" data-showtitle=\"1\" data-showpaging=\"1\" data-autonext=\"0\" data-thumbplay=\"1\"><div>Next<\/div> <div class=\"epyt-arrow\">&raquo;<\/div><\/div><div class=\"epyt-loader\"><img loading=\"lazy\" decoding=\"async\" alt=\"loading\" width=\"16\" height=\"11\" src=\"https:\/\/theresource.norwex.com\/es_us\/wp-content\/plugins\/youtube-embed-plus\/images\/gallery-page-loader.gif\"><\/div><\/div><div class=\"epyt-gallery-allthumbs  epyt-cols-3 \"><div tabindex=\"0\" role=\"button\" data-videoid=\"kwAY4pJvdCM\" class=\"epyt-gallery-thumb\"><div class=\"epyt-gallery-img-box\"><div class=\"epyt-gallery-img\" style=\"background-image: url(https:\/\/i.ytimg.com\/vi\/kwAY4pJvdCM\/hqdefault.jpg)\"><div class=\"epyt-gallery-playhover\"><img loading=\"lazy\" decoding=\"async\" alt=\"play\" class=\"epyt-play-img\" width=\"30\" height=\"23\" src=\"https:\/\/theresource.norwex.com\/es_us\/wp-content\/plugins\/youtube-embed-plus\/images\/playhover.png\" data-no-lazy=\"1\" data-skipgform_ajax_framebjll=\"\" \/><div class=\"epyt-gallery-playcrutch\"><\/div><\/div><\/div><\/div><div class=\"epyt-gallery-title\">Norwex Booking Tips: The 3 Question Close<\/div><\/div><div tabindex=\"0\" role=\"button\" data-videoid=\"BWLq8-YAnUs\" class=\"epyt-gallery-thumb\"><div class=\"epyt-gallery-img-box\"><div class=\"epyt-gallery-img\" style=\"background-image: url(https:\/\/i.ytimg.com\/vi\/BWLq8-YAnUs\/hqdefault.jpg)\"><div class=\"epyt-gallery-playhover\"><img loading=\"lazy\" decoding=\"async\" alt=\"play\" class=\"epyt-play-img\" width=\"30\" height=\"23\" src=\"https:\/\/theresource.norwex.com\/es_us\/wp-content\/plugins\/youtube-embed-plus\/images\/playhover.png\" data-no-lazy=\"1\" data-skipgform_ajax_framebjll=\"\" \/><div class=\"epyt-gallery-playcrutch\"><\/div><\/div><\/div><\/div><div class=\"epyt-gallery-title\">Norwex Booking Tips: Host Your Own Norwex Event<\/div><\/div><div tabindex=\"0\" role=\"button\" data-videoid=\"8iXhOnOPg-4\" class=\"epyt-gallery-thumb\"><div class=\"epyt-gallery-img-box\"><div class=\"epyt-gallery-img\" style=\"background-image: url(https:\/\/i.ytimg.com\/vi\/8iXhOnOPg-4\/hqdefault.jpg)\"><div class=\"epyt-gallery-playhover\"><img loading=\"lazy\" decoding=\"async\" alt=\"play\" class=\"epyt-play-img\" width=\"30\" height=\"23\" src=\"https:\/\/theresource.norwex.com\/es_us\/wp-content\/plugins\/youtube-embed-plus\/images\/playhover.png\" data-no-lazy=\"1\" data-skipgform_ajax_framebjll=\"\" \/><div class=\"epyt-gallery-playcrutch\"><\/div><\/div><\/div><\/div><div class=\"epyt-gallery-title\">Norwex Booking Tips<\/div><\/div><div class=\"epyt-gallery-rowbreak\"><\/div><div class=\"epyt-gallery-clear\"><\/div><\/div><div class=\"epyt-pagination \"><div tabindex=\"0\" role=\"button\" class=\"epyt-pagebutton epyt-prev  hide \" data-playlistid=\"PLkCHRu35Q4TLbv-uGhCnzVcbbtb9-fTzu\" data-pagesize=\"3\" data-pagetoken=\"\" data-epcolumns=\"3\" data-showtitle=\"1\" data-showpaging=\"1\" data-autonext=\"0\" data-thumbplay=\"1\"><div class=\"epyt-arrow\">&laquo;<\/div> <div>Prev<\/div><\/div><div class=\"epyt-pagenumbers \"><div class=\"epyt-current\">1<\/div><div class=\"epyt-pageseparator\"> \/ <\/div><div class=\"epyt-totalpages\">3<\/div><\/div><div tabindex=\"0\" role=\"button\" class=\"epyt-pagebutton epyt-next\" data-playlistid=\"PLkCHRu35Q4TLbv-uGhCnzVcbbtb9-fTzu\" data-pagesize=\"3\" data-pagetoken=\"EAAaHlBUOkNBTWlFRVF3UVRCRlJqa3pSRU5GTlRjME1rSQ\" data-epcolumns=\"3\" data-showtitle=\"1\" data-showpaging=\"1\" data-autonext=\"0\" data-thumbplay=\"1\"><div>Next<\/div> <div class=\"epyt-arrow\">&raquo;<\/div><\/div><div class=\"epyt-loader\"><img loading=\"lazy\" decoding=\"async\" alt=\"loading\" width=\"16\" height=\"11\" src=\"https:\/\/theresource.norwex.com\/es_us\/wp-content\/plugins\/youtube-embed-plus\/images\/gallery-page-loader.gif\"><\/div><\/div><\/div><\/div>\r\n   <\/div>\r\n  <\/div>\r\n<\/div>","protected":false},"excerpt":{"rendered":"<p>30 D\u00edas de Reservaciones Llena tu calendario de Demostraciones con estos consejos, ideas y entrenamiento incluido en esta p\u00e1gina. Empieza con el Calendario 30 D\u00edas de Reservaciones; haz clic en la imagen a continuaci\u00f3n para abrir el documento en tama\u00f1o completo que incluye enlaces para entrenamiento y apoyo para cada uno de los consejos de [&hellip;]<\/p>\n","protected":false},"author":2,"featured_media":0,"parent":0,"menu_order":0,"comment_status":"closed","ping_status":"closed","template":"","meta":{"footnotes":""},"tags":[],"class_list":["post-633","page","type-page","status-publish","hentry"],"yoast_head":"<!-- This site is optimized with the Yoast SEO plugin v27.3 - https:\/\/yoast.com\/product\/yoast-seo-wordpress\/ -->\n<title>Consejos Para Reservaciones - Norwex Resource Espa\u00f1ol<\/title>\n<meta name=\"robots\" content=\"index, follow, max-snippet:-1, max-image-preview:large, max-video-preview:-1\" \/>\n<link rel=\"canonical\" href=\"https:\/\/theresource.norwex.com\/es_us\/book\/\" \/>\n<meta property=\"og:locale\" content=\"es_MX\" \/>\n<meta property=\"og:type\" content=\"article\" \/>\n<meta property=\"og:title\" content=\"Consejos Para Reservaciones - Norwex Resource Espa\u00f1ol\" \/>\n<meta property=\"og:description\" content=\"30 D\u00edas de Reservaciones Llena tu calendario de Demostraciones con estos consejos, ideas y entrenamiento incluido en esta p\u00e1gina. Empieza con el Calendario 30 D\u00edas de Reservaciones; haz clic en la imagen a continuaci\u00f3n para abrir el documento en tama\u00f1o completo que incluye enlaces para entrenamiento y apoyo para cada uno de los consejos de [&hellip;]\" \/>\n<meta property=\"og:url\" content=\"https:\/\/theresource.norwex.com\/es_us\/book\/\" \/>\n<meta property=\"og:site_name\" content=\"Norwex Resource Espa\u00f1ol\" \/>\n<meta property=\"article:publisher\" content=\"https:\/\/www.facebook.com\/Norwex\/\" \/>\n<meta property=\"article:modified_time\" content=\"2022-08-05T14:31:09+00:00\" \/>\n<meta property=\"og:image\" content=\"https:\/\/theresource.norwex.com\/es_us\/wp-content\/uploads\/sites\/6\/2023\/11\/Norwex-Resource.jpg\" \/>\n\t<meta property=\"og:image:width\" content=\"200\" \/>\n\t<meta property=\"og:image:height\" content=\"200\" \/>\n\t<meta property=\"og:image:type\" content=\"image\/jpeg\" \/>\n<meta name=\"twitter:card\" content=\"summary_large_image\" \/>\n<meta name=\"twitter:site\" content=\"@norwex\" \/>\n<meta name=\"twitter:label1\" content=\"Tiempo de lectura\" \/>\n\t<meta name=\"twitter:data1\" content=\"1 minuto\" \/>\n<script type=\"application\/ld+json\" class=\"yoast-schema-graph\">{\"@context\":\"https:\\\/\\\/schema.org\",\"@graph\":[{\"@type\":\"WebPage\",\"@id\":\"https:\\\/\\\/theresource.norwex.com\\\/es_us\\\/book\\\/\",\"url\":\"https:\\\/\\\/theresource.norwex.com\\\/es_us\\\/book\\\/\",\"name\":\"Consejos Para Reservaciones - Norwex Resource Espa\u00f1ol\",\"isPartOf\":{\"@id\":\"https:\\\/\\\/theresource.norwex.com\\\/es_us\\\/#website\"},\"datePublished\":\"2019-08-08T19:36:52+00:00\",\"dateModified\":\"2022-08-05T14:31:09+00:00\",\"breadcrumb\":{\"@id\":\"https:\\\/\\\/theresource.norwex.com\\\/es_us\\\/book\\\/#breadcrumb\"},\"inLanguage\":\"es\",\"potentialAction\":[{\"@type\":\"ReadAction\",\"target\":[\"https:\\\/\\\/theresource.norwex.com\\\/es_us\\\/book\\\/\"]}]},{\"@type\":\"BreadcrumbList\",\"@id\":\"https:\\\/\\\/theresource.norwex.com\\\/es_us\\\/book\\\/#breadcrumb\",\"itemListElement\":[{\"@type\":\"ListItem\",\"position\":1,\"name\":\"Home\",\"item\":\"https:\\\/\\\/theresource.norwex.com\\\/es_us\\\/\"},{\"@type\":\"ListItem\",\"position\":2,\"name\":\"Consejos Para Reservaciones\"}]},{\"@type\":\"WebSite\",\"@id\":\"https:\\\/\\\/theresource.norwex.com\\\/es_us\\\/#website\",\"url\":\"https:\\\/\\\/theresource.norwex.com\\\/es_us\\\/\",\"name\":\"Norwex Resource Espa\u00f1ol\",\"description\":\"Just another Norwex Multi Sites site\",\"publisher\":{\"@id\":\"https:\\\/\\\/theresource.norwex.com\\\/es_us\\\/#organization\"},\"potentialAction\":[{\"@type\":\"SearchAction\",\"target\":{\"@type\":\"EntryPoint\",\"urlTemplate\":\"https:\\\/\\\/theresource.norwex.com\\\/es_us\\\/?s={search_term_string}\"},\"query-input\":{\"@type\":\"PropertyValueSpecification\",\"valueRequired\":true,\"valueName\":\"search_term_string\"}}],\"inLanguage\":\"es\"},{\"@type\":\"Organization\",\"@id\":\"https:\\\/\\\/theresource.norwex.com\\\/es_us\\\/#organization\",\"name\":\"Norwex\",\"url\":\"https:\\\/\\\/theresource.norwex.com\\\/es_us\\\/\",\"logo\":{\"@type\":\"ImageObject\",\"inLanguage\":\"es\",\"@id\":\"https:\\\/\\\/theresource.norwex.com\\\/es_us\\\/#\\\/schema\\\/logo\\\/image\\\/\",\"url\":\"https:\\\/\\\/theresourcees.norwex.com\\\/wp-content\\\/uploads\\\/sites\\\/6\\\/2023\\\/11\\\/Norwex-Resource.jpg\",\"contentUrl\":\"https:\\\/\\\/theresourcees.norwex.com\\\/wp-content\\\/uploads\\\/sites\\\/6\\\/2023\\\/11\\\/Norwex-Resource.jpg\",\"width\":200,\"height\":200,\"caption\":\"Norwex\"},\"image\":{\"@id\":\"https:\\\/\\\/theresource.norwex.com\\\/es_us\\\/#\\\/schema\\\/logo\\\/image\\\/\"},\"sameAs\":[\"https:\\\/\\\/www.facebook.com\\\/Norwex\\\/\",\"https:\\\/\\\/x.com\\\/norwex\",\"http:\\\/\\\/pinterest.com\\\/norwex\\\/\",\"http:\\\/\\\/www.youtube.com\\\/norwex\"]}]}<\/script>\n<!-- \/ Yoast SEO plugin. -->","yoast_head_json":{"title":"Consejos Para Reservaciones - Norwex Resource Espa\u00f1ol","robots":{"index":"index","follow":"follow","max-snippet":"max-snippet:-1","max-image-preview":"max-image-preview:large","max-video-preview":"max-video-preview:-1"},"canonical":"https:\/\/theresource.norwex.com\/es_us\/book\/","og_locale":"es_MX","og_type":"article","og_title":"Consejos Para Reservaciones - Norwex Resource Espa\u00f1ol","og_description":"30 D\u00edas de Reservaciones Llena tu calendario de Demostraciones con estos consejos, ideas y entrenamiento incluido en esta p\u00e1gina. Empieza con el Calendario 30 D\u00edas de Reservaciones; haz clic en la imagen a continuaci\u00f3n para abrir el documento en tama\u00f1o completo que incluye enlaces para entrenamiento y apoyo para cada uno de los consejos de [&hellip;]","og_url":"https:\/\/theresource.norwex.com\/es_us\/book\/","og_site_name":"Norwex Resource Espa\u00f1ol","article_publisher":"https:\/\/www.facebook.com\/Norwex\/","article_modified_time":"2022-08-05T14:31:09+00:00","og_image":[{"width":200,"height":200,"url":"https:\/\/theresource.norwex.com\/es_us\/wp-content\/uploads\/sites\/6\/2023\/11\/Norwex-Resource.jpg","type":"image\/jpeg"}],"twitter_card":"summary_large_image","twitter_site":"@norwex","twitter_misc":{"Tiempo de lectura":"1 minuto"},"schema":{"@context":"https:\/\/schema.org","@graph":[{"@type":"WebPage","@id":"https:\/\/theresource.norwex.com\/es_us\/book\/","url":"https:\/\/theresource.norwex.com\/es_us\/book\/","name":"Consejos Para Reservaciones - Norwex Resource Espa\u00f1ol","isPartOf":{"@id":"https:\/\/theresource.norwex.com\/es_us\/#website"},"datePublished":"2019-08-08T19:36:52+00:00","dateModified":"2022-08-05T14:31:09+00:00","breadcrumb":{"@id":"https:\/\/theresource.norwex.com\/es_us\/book\/#breadcrumb"},"inLanguage":"es","potentialAction":[{"@type":"ReadAction","target":["https:\/\/theresource.norwex.com\/es_us\/book\/"]}]},{"@type":"BreadcrumbList","@id":"https:\/\/theresource.norwex.com\/es_us\/book\/#breadcrumb","itemListElement":[{"@type":"ListItem","position":1,"name":"Home","item":"https:\/\/theresource.norwex.com\/es_us\/"},{"@type":"ListItem","position":2,"name":"Consejos Para Reservaciones"}]},{"@type":"WebSite","@id":"https:\/\/theresource.norwex.com\/es_us\/#website","url":"https:\/\/theresource.norwex.com\/es_us\/","name":"Norwex Resource Espa\u00f1ol","description":"Just another Norwex Multi Sites site","publisher":{"@id":"https:\/\/theresource.norwex.com\/es_us\/#organization"},"potentialAction":[{"@type":"SearchAction","target":{"@type":"EntryPoint","urlTemplate":"https:\/\/theresource.norwex.com\/es_us\/?s={search_term_string}"},"query-input":{"@type":"PropertyValueSpecification","valueRequired":true,"valueName":"search_term_string"}}],"inLanguage":"es"},{"@type":"Organization","@id":"https:\/\/theresource.norwex.com\/es_us\/#organization","name":"Norwex","url":"https:\/\/theresource.norwex.com\/es_us\/","logo":{"@type":"ImageObject","inLanguage":"es","@id":"https:\/\/theresource.norwex.com\/es_us\/#\/schema\/logo\/image\/","url":"https:\/\/theresourcees.norwex.com\/wp-content\/uploads\/sites\/6\/2023\/11\/Norwex-Resource.jpg","contentUrl":"https:\/\/theresourcees.norwex.com\/wp-content\/uploads\/sites\/6\/2023\/11\/Norwex-Resource.jpg","width":200,"height":200,"caption":"Norwex"},"image":{"@id":"https:\/\/theresource.norwex.com\/es_us\/#\/schema\/logo\/image\/"},"sameAs":["https:\/\/www.facebook.com\/Norwex\/","https:\/\/x.com\/norwex","http:\/\/pinterest.com\/norwex\/","http:\/\/www.youtube.com\/norwex"]}]}},"_links":{"self":[{"href":"https:\/\/theresource.norwex.com\/es_us\/wp-json\/wp\/v2\/pages\/633","targetHints":{"allow":["GET"]}}],"collection":[{"href":"https:\/\/theresource.norwex.com\/es_us\/wp-json\/wp\/v2\/pages"}],"about":[{"href":"https:\/\/theresource.norwex.com\/es_us\/wp-json\/wp\/v2\/types\/page"}],"author":[{"embeddable":true,"href":"https:\/\/theresource.norwex.com\/es_us\/wp-json\/wp\/v2\/users\/2"}],"replies":[{"embeddable":true,"href":"https:\/\/theresource.norwex.com\/es_us\/wp-json\/wp\/v2\/comments?post=633"}],"version-history":[{"count":0,"href":"https:\/\/theresource.norwex.com\/es_us\/wp-json\/wp\/v2\/pages\/633\/revisions"}],"wp:attachment":[{"href":"https:\/\/theresource.norwex.com\/es_us\/wp-json\/wp\/v2\/media?parent=633"}],"wp:term":[{"taxonomy":"post_tag","embeddable":true,"href":"https:\/\/theresource.norwex.com\/es_us\/wp-json\/wp\/v2\/tags?post=633"}],"curies":[{"name":"wp","href":"https:\/\/api.w.org\/{rel}","templated":true}]}}