{"id":15676,"date":"2026-04-02T08:49:47","date_gmt":"2026-04-02T13:49:47","guid":{"rendered":"https:\/\/theresource.norwex.com\/es_us\/?page_id=15676"},"modified":"2026-04-07T07:15:20","modified_gmt":"2026-04-07T12:15:20","slug":"nominations","status":"publish","type":"page","link":"https:\/\/theresource.norwex.com\/es_us\/nominations\/","title":{"rendered":"Nominations"},"content":{"rendered":"<div class=\"container quick-guide party-page-new m-auto pb-5\">\n<div class=\"parties-page pb-5\">\n<div class=\"row qg-header m-auto p-0\" style=\"align-items: center; background: none;\">\n<img decoding=\"async\" src=\"https:\/\/theresource.norwex.com\/wp-content\/uploads\/sites\/3\/2026\/04\/nominations-banner.jpg\" alt=\"nominations banner\" width=\"100%\" \/>\n<\/div>\n<div class=\"row m-auto\">\n<div class=\"col-sm-12\">\n<h1 class=\"blue-txt text-center\" style=\"font-size: 34px; margin: 35px 0 20px;\">ENV\u00cdA TUS NOMINACIONES<\/h1>\n<h4 class=\"blue-txt text-center\" style=\"font-weight: 400; margin-bottom: 30px;\">Celebra a quien impulsa el cambio<\/h4>\n<p class=\"blue-txt text-center pt-0\" style=\"max-width: 100%;\">La Conferencia es el lugar donde nos reunimos para celebrar a las integrantes de la comunidad Norwex que mantienen nuestra misi\u00f3n en movimiento. Comp\u00e1rtenos a qui\u00e9n te gustar\u00eda ver recibir este a\u00f1o nuestro Premio al Esp\u00edritu de Generosidad y nuestro Premio al Esp\u00edritu de la Misi\u00f3n, y nomina a las organizaciones de beneficencia que te encantar\u00eda ver reconocidas por Norwex Fundation for a Brighter Future.<\/p>\n<p class=\"blue-txt text-center pt-0\" style=\"max-width: 100%;\">Piensa en aquellos que contribuyen a generar un impacto significativo enviando tus nominaciones hoy mismo.<\/p>\n<\/div>\n<\/div>\n<div class=\"row m-auto\">\n<div class=\"col-sm-12 col-md-4\">\n<p class=\"m-0 p-0\"><a href=\"\/es_us\/spirit-generosity\/\" target=\"_blank\" rel=\"noopener nofollow\"><img decoding=\"async\" src=\"https:\/\/theresource.norwex.com\/wp-content\/uploads\/sites\/3\/2026\/04\/sog-en.jpg\" alt=\"spirit of generosity\" width=\"100%\" \/><\/a><\/p>\n<p class=\"text-center pt-0\" style=\"min-height: 97px;\">Honra a una Consultora que encarna la Misi\u00f3n Norwex.<\/p>\n<p class=\"m-0 p-0\"><a href=\"\/es_us\/spirit-generosity\/\" target=\"_blank\" rel=\"noopener nofollow\" class=\"btn blue-btn\" style=\"max-width: 200px;\">\u00a1Nomine ahora!<\/a><\/p>\n<\/div>\n<div class=\"col-sm-12 col-md-4\">\n<p class=\"m-0 p-0\"><a href=\"\/es_us\/spirit-mission\/\" target=\"_blank\" rel=\"noopener nofollow\"><img decoding=\"async\" src=\"https:\/\/theresource.norwex.com\/wp-content\/uploads\/sites\/3\/2026\/04\/som-en.jpg\" alt=\"spirit of mission\" width=\"100%\" \/><\/a><\/p>\n<p class=\"text-center pt-0\" style=\"min-height: 97px;\">Reconoce a un Consultor que inspira y apoya a los dem\u00e1s.<\/p>\n<p class=\"m-0 p-0\"><a href=\"\/es_us\/spirit-mission\/\" target=\"_blank\" rel=\"noopener nofollow\" class=\"btn blue-btn\" style=\"max-width: 200px;\">\u00a1Nomine ahora!<\/a><\/p>\n<\/div>\n<div class=\"col-sm-12 col-md-4\">\n<p class=\"m-0 p-0\"><a href=\"https:\/\/norwexfoundation.org\/CharitableNomination\/US\/\" target=\"_blank\" rel=\"noopener nofollow\"><img decoding=\"async\" src=\"https:\/\/theresource.norwex.com\/wp-content\/uploads\/sites\/3\/2026\/04\/char.jpg\" alt=\"norwex foundation\" width=\"100%\" \/><\/a><\/p>\n<p class=\"text-center pt-0\" style=\"min-height: 97px;\">Reconoce a una organizaci\u00f3n ben\u00e9fica \u2014nominada por un consultor\u2014 que crea futuros m\u00e1s brillantes para las comunidades locales a las que sirve.<\/p>\n<p class=\"m-0 p-0\"><a href=\"https:\/\/norwexfoundation.org\/CharitableNomination\/US\/\" target=\"_blank\" rel=\"noopener nofollow\" class=\"btn blue-btn\" style=\"max-width: 200px;\">\u00a1Nomine ahora!<\/a><\/p>\n<\/div>\n<\/div>\n<\/div>\n<\/div>\n","protected":false},"excerpt":{"rendered":"<p>ENV\u00cdA TUS NOMINACIONES Celebra a quien impulsa el cambio La Conferencia es el lugar donde nos reunimos para celebrar a las integrantes de la comunidad Norwex que mantienen nuestra misi\u00f3n en movimiento. Comp\u00e1rtenos a qui\u00e9n te gustar\u00eda ver recibir este a\u00f1o nuestro Premio al Esp\u00edritu de Generosidad y nuestro Premio al Esp\u00edritu de la Misi\u00f3n, [&hellip;]<\/p>\n","protected":false},"author":44,"featured_media":0,"parent":0,"menu_order":0,"comment_status":"closed","ping_status":"closed","template":"","meta":{"footnotes":""},"tags":[],"class_list":["post-15676","page","type-page","status-publish","hentry"],"yoast_head":"<!-- This site is optimized with the Yoast SEO plugin v27.3 - https:\/\/yoast.com\/product\/yoast-seo-wordpress\/ -->\n<title>Nominations - Norwex Resource Espa\u00f1ol<\/title>\n<meta name=\"robots\" content=\"index, follow, max-snippet:-1, max-image-preview:large, max-video-preview:-1\" \/>\n<link rel=\"canonical\" href=\"https:\/\/theresource.norwex.com\/es_us\/nominations\/\" \/>\n<meta property=\"og:locale\" content=\"es_MX\" \/>\n<meta property=\"og:type\" content=\"article\" \/>\n<meta property=\"og:title\" content=\"Nominations - Norwex Resource Espa\u00f1ol\" \/>\n<meta property=\"og:description\" content=\"ENV\u00cdA TUS NOMINACIONES Celebra a quien impulsa el cambio La Conferencia es el lugar donde nos reunimos para celebrar a las integrantes de la comunidad Norwex que mantienen nuestra misi\u00f3n en movimiento. Comp\u00e1rtenos a qui\u00e9n te gustar\u00eda ver recibir este a\u00f1o nuestro Premio al Esp\u00edritu de Generosidad y nuestro Premio al Esp\u00edritu de la Misi\u00f3n, [&hellip;]\" \/>\n<meta property=\"og:url\" content=\"https:\/\/theresource.norwex.com\/es_us\/nominations\/\" \/>\n<meta property=\"og:site_name\" content=\"Norwex Resource Espa\u00f1ol\" \/>\n<meta property=\"article:publisher\" content=\"https:\/\/www.facebook.com\/Norwex\/\" \/>\n<meta property=\"article:modified_time\" content=\"2026-04-07T12:15:20+00:00\" \/>\n<meta property=\"og:image\" content=\"https:\/\/theresource.norwex.com\/wp-content\/uploads\/sites\/3\/2026\/04\/nominations-banner.jpg\" \/>\n<meta name=\"twitter:card\" content=\"summary_large_image\" \/>\n<meta name=\"twitter:site\" content=\"@norwex\" \/>\n<meta name=\"twitter:label1\" content=\"Tiempo de lectura\" \/>\n\t<meta name=\"twitter:data1\" content=\"2 minutos\" \/>\n<script type=\"application\/ld+json\" class=\"yoast-schema-graph\">{\"@context\":\"https:\\\/\\\/schema.org\",\"@graph\":[{\"@type\":\"WebPage\",\"@id\":\"https:\\\/\\\/theresource.norwex.com\\\/es_us\\\/nominations\\\/\",\"url\":\"https:\\\/\\\/theresource.norwex.com\\\/es_us\\\/nominations\\\/\",\"name\":\"Nominations - Norwex Resource Espa\u00f1ol\",\"isPartOf\":{\"@id\":\"https:\\\/\\\/theresource.norwex.com\\\/es_us\\\/#website\"},\"primaryImageOfPage\":{\"@id\":\"https:\\\/\\\/theresource.norwex.com\\\/es_us\\\/nominations\\\/#primaryimage\"},\"image\":{\"@id\":\"https:\\\/\\\/theresource.norwex.com\\\/es_us\\\/nominations\\\/#primaryimage\"},\"thumbnailUrl\":\"https:\\\/\\\/theresource.norwex.com\\\/wp-content\\\/uploads\\\/sites\\\/3\\\/2026\\\/04\\\/nominations-banner.jpg\",\"datePublished\":\"2026-04-02T13:49:47+00:00\",\"dateModified\":\"2026-04-07T12:15:20+00:00\",\"breadcrumb\":{\"@id\":\"https:\\\/\\\/theresource.norwex.com\\\/es_us\\\/nominations\\\/#breadcrumb\"},\"inLanguage\":\"es\",\"potentialAction\":[{\"@type\":\"ReadAction\",\"target\":[\"https:\\\/\\\/theresource.norwex.com\\\/es_us\\\/nominations\\\/\"]}]},{\"@type\":\"ImageObject\",\"inLanguage\":\"es\",\"@id\":\"https:\\\/\\\/theresource.norwex.com\\\/es_us\\\/nominations\\\/#primaryimage\",\"url\":\"https:\\\/\\\/theresource.norwex.com\\\/wp-content\\\/uploads\\\/sites\\\/3\\\/2026\\\/04\\\/nominations-banner.jpg\",\"contentUrl\":\"https:\\\/\\\/theresource.norwex.com\\\/wp-content\\\/uploads\\\/sites\\\/3\\\/2026\\\/04\\\/nominations-banner.jpg\"},{\"@type\":\"BreadcrumbList\",\"@id\":\"https:\\\/\\\/theresource.norwex.com\\\/es_us\\\/nominations\\\/#breadcrumb\",\"itemListElement\":[{\"@type\":\"ListItem\",\"position\":1,\"name\":\"Home\",\"item\":\"https:\\\/\\\/theresource.norwex.com\\\/es_us\\\/\"},{\"@type\":\"ListItem\",\"position\":2,\"name\":\"Nominations\"}]},{\"@type\":\"WebSite\",\"@id\":\"https:\\\/\\\/theresource.norwex.com\\\/es_us\\\/#website\",\"url\":\"https:\\\/\\\/theresource.norwex.com\\\/es_us\\\/\",\"name\":\"Norwex Resource Espa\u00f1ol\",\"description\":\"Just another Norwex Multi Sites site\",\"publisher\":{\"@id\":\"https:\\\/\\\/theresource.norwex.com\\\/es_us\\\/#organization\"},\"potentialAction\":[{\"@type\":\"SearchAction\",\"target\":{\"@type\":\"EntryPoint\",\"urlTemplate\":\"https:\\\/\\\/theresource.norwex.com\\\/es_us\\\/?s={search_term_string}\"},\"query-input\":{\"@type\":\"PropertyValueSpecification\",\"valueRequired\":true,\"valueName\":\"search_term_string\"}}],\"inLanguage\":\"es\"},{\"@type\":\"Organization\",\"@id\":\"https:\\\/\\\/theresource.norwex.com\\\/es_us\\\/#organization\",\"name\":\"Norwex\",\"url\":\"https:\\\/\\\/theresource.norwex.com\\\/es_us\\\/\",\"logo\":{\"@type\":\"ImageObject\",\"inLanguage\":\"es\",\"@id\":\"https:\\\/\\\/theresource.norwex.com\\\/es_us\\\/#\\\/schema\\\/logo\\\/image\\\/\",\"url\":\"https:\\\/\\\/theresourcees.norwex.com\\\/wp-content\\\/uploads\\\/sites\\\/6\\\/2023\\\/11\\\/Norwex-Resource.jpg\",\"contentUrl\":\"https:\\\/\\\/theresourcees.norwex.com\\\/wp-content\\\/uploads\\\/sites\\\/6\\\/2023\\\/11\\\/Norwex-Resource.jpg\",\"width\":200,\"height\":200,\"caption\":\"Norwex\"},\"image\":{\"@id\":\"https:\\\/\\\/theresource.norwex.com\\\/es_us\\\/#\\\/schema\\\/logo\\\/image\\\/\"},\"sameAs\":[\"https:\\\/\\\/www.facebook.com\\\/Norwex\\\/\",\"https:\\\/\\\/x.com\\\/norwex\",\"http:\\\/\\\/pinterest.com\\\/norwex\\\/\",\"http:\\\/\\\/www.youtube.com\\\/norwex\"]}]}<\/script>\n<!-- \/ Yoast SEO plugin. -->","yoast_head_json":{"title":"Nominations - Norwex Resource Espa\u00f1ol","robots":{"index":"index","follow":"follow","max-snippet":"max-snippet:-1","max-image-preview":"max-image-preview:large","max-video-preview":"max-video-preview:-1"},"canonical":"https:\/\/theresource.norwex.com\/es_us\/nominations\/","og_locale":"es_MX","og_type":"article","og_title":"Nominations - Norwex Resource Espa\u00f1ol","og_description":"ENV\u00cdA TUS NOMINACIONES Celebra a quien impulsa el cambio La Conferencia es el lugar donde nos reunimos para celebrar a las integrantes de la comunidad Norwex que mantienen nuestra misi\u00f3n en movimiento. Comp\u00e1rtenos a qui\u00e9n te gustar\u00eda ver recibir este a\u00f1o nuestro Premio al Esp\u00edritu de Generosidad y nuestro Premio al Esp\u00edritu de la Misi\u00f3n, [&hellip;]","og_url":"https:\/\/theresource.norwex.com\/es_us\/nominations\/","og_site_name":"Norwex Resource Espa\u00f1ol","article_publisher":"https:\/\/www.facebook.com\/Norwex\/","article_modified_time":"2026-04-07T12:15:20+00:00","og_image":[{"url":"https:\/\/theresource.norwex.com\/wp-content\/uploads\/sites\/3\/2026\/04\/nominations-banner.jpg","type":"","width":"","height":""}],"twitter_card":"summary_large_image","twitter_site":"@norwex","twitter_misc":{"Tiempo de lectura":"2 minutos"},"schema":{"@context":"https:\/\/schema.org","@graph":[{"@type":"WebPage","@id":"https:\/\/theresource.norwex.com\/es_us\/nominations\/","url":"https:\/\/theresource.norwex.com\/es_us\/nominations\/","name":"Nominations - Norwex Resource Espa\u00f1ol","isPartOf":{"@id":"https:\/\/theresource.norwex.com\/es_us\/#website"},"primaryImageOfPage":{"@id":"https:\/\/theresource.norwex.com\/es_us\/nominations\/#primaryimage"},"image":{"@id":"https:\/\/theresource.norwex.com\/es_us\/nominations\/#primaryimage"},"thumbnailUrl":"https:\/\/theresource.norwex.com\/wp-content\/uploads\/sites\/3\/2026\/04\/nominations-banner.jpg","datePublished":"2026-04-02T13:49:47+00:00","dateModified":"2026-04-07T12:15:20+00:00","breadcrumb":{"@id":"https:\/\/theresource.norwex.com\/es_us\/nominations\/#breadcrumb"},"inLanguage":"es","potentialAction":[{"@type":"ReadAction","target":["https:\/\/theresource.norwex.com\/es_us\/nominations\/"]}]},{"@type":"ImageObject","inLanguage":"es","@id":"https:\/\/theresource.norwex.com\/es_us\/nominations\/#primaryimage","url":"https:\/\/theresource.norwex.com\/wp-content\/uploads\/sites\/3\/2026\/04\/nominations-banner.jpg","contentUrl":"https:\/\/theresource.norwex.com\/wp-content\/uploads\/sites\/3\/2026\/04\/nominations-banner.jpg"},{"@type":"BreadcrumbList","@id":"https:\/\/theresource.norwex.com\/es_us\/nominations\/#breadcrumb","itemListElement":[{"@type":"ListItem","position":1,"name":"Home","item":"https:\/\/theresource.norwex.com\/es_us\/"},{"@type":"ListItem","position":2,"name":"Nominations"}]},{"@type":"WebSite","@id":"https:\/\/theresource.norwex.com\/es_us\/#website","url":"https:\/\/theresource.norwex.com\/es_us\/","name":"Norwex Resource Espa\u00f1ol","description":"Just another Norwex Multi Sites site","publisher":{"@id":"https:\/\/theresource.norwex.com\/es_us\/#organization"},"potentialAction":[{"@type":"SearchAction","target":{"@type":"EntryPoint","urlTemplate":"https:\/\/theresource.norwex.com\/es_us\/?s={search_term_string}"},"query-input":{"@type":"PropertyValueSpecification","valueRequired":true,"valueName":"search_term_string"}}],"inLanguage":"es"},{"@type":"Organization","@id":"https:\/\/theresource.norwex.com\/es_us\/#organization","name":"Norwex","url":"https:\/\/theresource.norwex.com\/es_us\/","logo":{"@type":"ImageObject","inLanguage":"es","@id":"https:\/\/theresource.norwex.com\/es_us\/#\/schema\/logo\/image\/","url":"https:\/\/theresourcees.norwex.com\/wp-content\/uploads\/sites\/6\/2023\/11\/Norwex-Resource.jpg","contentUrl":"https:\/\/theresourcees.norwex.com\/wp-content\/uploads\/sites\/6\/2023\/11\/Norwex-Resource.jpg","width":200,"height":200,"caption":"Norwex"},"image":{"@id":"https:\/\/theresource.norwex.com\/es_us\/#\/schema\/logo\/image\/"},"sameAs":["https:\/\/www.facebook.com\/Norwex\/","https:\/\/x.com\/norwex","http:\/\/pinterest.com\/norwex\/","http:\/\/www.youtube.com\/norwex"]}]}},"_links":{"self":[{"href":"https:\/\/theresource.norwex.com\/es_us\/wp-json\/wp\/v2\/pages\/15676","targetHints":{"allow":["GET"]}}],"collection":[{"href":"https:\/\/theresource.norwex.com\/es_us\/wp-json\/wp\/v2\/pages"}],"about":[{"href":"https:\/\/theresource.norwex.com\/es_us\/wp-json\/wp\/v2\/types\/page"}],"author":[{"embeddable":true,"href":"https:\/\/theresource.norwex.com\/es_us\/wp-json\/wp\/v2\/users\/44"}],"replies":[{"embeddable":true,"href":"https:\/\/theresource.norwex.com\/es_us\/wp-json\/wp\/v2\/comments?post=15676"}],"version-history":[{"count":5,"href":"https:\/\/theresource.norwex.com\/es_us\/wp-json\/wp\/v2\/pages\/15676\/revisions"}],"predecessor-version":[{"id":15683,"href":"https:\/\/theresource.norwex.com\/es_us\/wp-json\/wp\/v2\/pages\/15676\/revisions\/15683"}],"wp:attachment":[{"href":"https:\/\/theresource.norwex.com\/es_us\/wp-json\/wp\/v2\/media?parent=15676"}],"wp:term":[{"taxonomy":"post_tag","embeddable":true,"href":"https:\/\/theresource.norwex.com\/es_us\/wp-json\/wp\/v2\/tags?post=15676"}],"curies":[{"name":"wp","href":"https:\/\/api.w.org\/{rel}","templated":true}]}}