{"id":15501,"date":"2026-03-06T14:09:33","date_gmt":"2026-03-06T20:09:33","guid":{"rendered":"https:\/\/theresource.norwex.com\/es_us\/?page_id=15501"},"modified":"2026-03-19T12:34:09","modified_gmt":"2026-03-19T17:34:09","slug":"spirit-generosity","status":"publish","type":"page","link":"https:\/\/theresource.norwex.com\/es_us\/spirit-generosity\/","title":{"rendered":"Spirit of Generosity"},"content":{"rendered":"<div class=\"header pt-0\" style=\"background: none;\">\n<div class=\"container this-month m-auto\">\n<div class=\"row mb-5\" style=\"background: #4c5f7f;\">\n<div class=\"col-sm-12 px-3 py-5\">\n<img decoding=\"async\" src=\"https:\/\/theresource.norwex.com\/wp-content\/uploads\/sites\/3\/2024\/04\/norwex-logo-light.png\" alt=\"SL-ESL Meeting\" class=\"alignnone size-full pt-1\" style=\"width: 100%; max-width: 250px; margin: 0 auto 5px;\" \/><\/p>\n<h1 class=\"whitetxt mb-1 pb-0\" style=\"color: #fff; font-size: 45px; text-align: center; border: none\">Esp\u00edritu de Generosidad<\/h1>\n<p class=\"whitetxt pt-3 mb-1\" style=\"color: #fff; font-size: 22px; text-align: center;\">FORMULARIO DE NOMINACI\u00d3N<br \/><span style=\"font-size: 75%\">Fecha L\u00edmite Para Enviarlo &#8211; 1 de Mayo de 2026<\/span><\/p>\n<\/div>\n<\/div>\n<\/div>\n<\/div>\n<div class=\"container party-page-new this-month spirit-of mt-0 pb-5\">\n<div class=\"row px-3 parties-page\">\n<div class=\"col-sm-12 col-md-12 px-0\">\n<a type=\"button\"  target=\"_blank\" rel=\"noopener nofollow\" class=\"btn blue-btn mt-0 mb-5\" href=\"https:\/\/theresource.norwex.com\/spirit-generosity\/\">English<\/a><\/p>\n<h3>Criterio y Pautas:<\/h3>\n<ul>\n<li>Todos los formularios deben recibirse A M\u00c1S TARDAR al mediod\u00eda, CT, el 1 de mayo de 2026.<\/li>\n<li>Para ser nominada, una Consultora debe mostrar constantemente un Esp\u00edritu de Generosidad apoyando a todas las Consultoras de Norwex sin esperar ning\u00fan beneficio personal.<\/li>\n<li>One award winner will be selected from the United States of America.<\/li>\n<li>Las Consultoras nominadas deben estar fuera de tu upline \/ downline.<\/li>\n<li>Las receptoras del reconocimiento ser\u00e1n seleccionadas de entre todas las nominaciones recibidas por el Comit\u00e9 Ejecutivo de la Oficina Central.<\/li>\n<li>El candidato debe estar registrado y haber asistido en persona a la Conferencia Nacional.<\/li>\n<\/ul>\n<\/div>\n<div class=\"col-sm-12 p-4 mt-4\" style=\"background: #f2f4f6;\">\n<p><strong>Adem\u00e1s del reconocimiento de sus compa\u00f1eras Consultoras, la ganadora del Esp\u00edritu de la Misi\u00f3n recibir\u00e1:<\/strong><\/p>\n<ul>\n<li>Un bello premio y certificado.<\/li>\n<li>Una donaci\u00f3n por $2,000 en su nombre a tu organizaci\u00f3n de caridad favorita.<\/li>\n<li>Una placa conmemorativa de sus logros en la Oficina Central.<\/li>\n<\/ul>\n<\/div>\n<p class=\"m-0\"><a aria-controls=\"form1\" aria-expanded=\"false\" class=\"heading btn-collapse mt-5\" data-toggle=\"collapse\" href=\"#form1\" id=\"form1Header\" role=\"button\" style=\"color: #ffffff; text-align: center; background: #4c5f80;\"><strong>Lista para Nominar<\/strong><\/span><\/a><\/p>\n<div class=\"collapse grayborder asset-list main-list p-5\" id=\"form1\">\n<p>Favor de completar todos los campos del formulario. Antes de enviarlo, debes estar de acuerdo con los t\u00e9rminos a continuaci\u00f3n.<br \/><span style=\"color: red; font-size: 75%;\">* CAMPOS REQUERIDOS.<\/span><\/p>\n<div class=\"wpforms-container wpforms-container-full spirit-of-forms\" id=\"wpforms-15520\"><form id=\"wpforms-form-15520\" class=\"wpforms-validate wpforms-form wpforms-ajax-form\" data-formid=\"15520\" method=\"post\" enctype=\"multipart\/form-data\" action=\"\/es_us\/wp-json\/wp\/v2\/pages\/15501\" data-token=\"1d27f6ff672e5b2eccfa7c291de2f26e\" data-token-time=\"1775411933\"><noscript class=\"wpforms-error-noscript\">Por favor, activa JavaScript en tu navegador para completar este formulario.<\/noscript><div class=\"wpforms-field-container\"><div id=\"wpforms-15520-field_1-container\" class=\"wpforms-field wpforms-field-divider\" data-field-id=\"1\"><h3 id=\"wpforms-15520-field_1\">Enviado por:<\/h3><\/div><div id=\"wpforms-15520-field_2-container\" class=\"wpforms-field wpforms-field-layout\" data-field-id=\"2\"><div class=\"wpforms-field-layout-rows wpforms-field-large\"><div class=\"wpforms-layout-row\"><div class=\"wpforms-layout-column wpforms-layout-column-67\"><div id=\"wpforms-15520-field_3-container\" class=\"wpforms-field wpforms-field-name\" data-field-id=\"3\"><label class=\"wpforms-field-label\" for=\"wpforms-15520-field_3\">Tu Nombre:  <span class=\"wpforms-required-label\">*<\/span><\/label><input type=\"text\" id=\"wpforms-15520-field_3\" class=\"wpforms-field-medium wpforms-field-required\" name=\"wpforms[fields][3]\" required><\/div><\/div><div class=\"wpforms-layout-column wpforms-layout-column-33\"><div id=\"wpforms-15520-field_4-container\" class=\"wpforms-field wpforms-field-text\" data-field-id=\"4\"><label class=\"wpforms-field-label\" for=\"wpforms-15520-field_4\">T\u00fa N\u00famero de Consultora: <span class=\"wpforms-required-label\">*<\/span><\/label><input type=\"text\" id=\"wpforms-15520-field_4\" class=\"wpforms-field-medium wpforms-field-required\" name=\"wpforms[fields][4]\" required><\/div><\/div><\/div><\/div><\/div><div id=\"wpforms-15520-field_5-container\" class=\"wpforms-field wpforms-field-layout\" data-field-id=\"5\"><div class=\"wpforms-field-layout-rows wpforms-field-large\"><div class=\"wpforms-layout-row\"><div class=\"wpforms-layout-column wpforms-layout-column-50\"><div id=\"wpforms-15520-field_6-container\" class=\"wpforms-field wpforms-field-phone\" data-field-id=\"6\"><label class=\"wpforms-field-label\" for=\"wpforms-15520-field_6\">Tel\u00e9fono: <span class=\"wpforms-required-label\">*<\/span><\/label><input type=\"tel\" id=\"wpforms-15520-field_6\" class=\"wpforms-field-medium wpforms-field-required wpforms-masked-input\" data-inputmask=\"&#039;mask&#039;: &#039;(999) 999-9999&#039;\" data-rule-us-phone-field=\"true\" data-inputmask-inputmode=\"tel\" name=\"wpforms[fields][6]\" aria-label=\"Tel\u00e9fono:\" required><\/div><\/div><div class=\"wpforms-layout-column wpforms-layout-column-50\"><div id=\"wpforms-15520-field_7-container\" class=\"wpforms-field wpforms-field-email\" data-field-id=\"7\"><label class=\"wpforms-field-label\" for=\"wpforms-15520-field_7\">Correo Electr\u00f3nico: <span class=\"wpforms-required-label\">*<\/span><\/label><input type=\"email\" id=\"wpforms-15520-field_7\" class=\"wpforms-field-medium wpforms-field-required\" name=\"wpforms[fields][7]\" spellcheck=\"false\" required><\/div><\/div><\/div><\/div><\/div><div id=\"wpforms-15520-field_8-container\" class=\"wpforms-field wpforms-field-divider\" data-field-id=\"8\"><h3 id=\"wpforms-15520-field_8\">Nominaci\u00f3n propuesta para:<\/h3><\/div>\t\t<div id=\"wpforms-15520-field_15-container\"\n\t\t\tclass=\"wpforms-field wpforms-field-text\"\n\t\t\tdata-field-type=\"text\"\n\t\t\tdata-field-id=\"15\"\n\t\t\t>\n\t\t\t<label class=\"wpforms-field-label\" for=\"wpforms-15520-field_15\" >deber\u00eda Correo Tel\u00e9fono<\/label>\n\t\t\t<input type=\"text\" id=\"wpforms-15520-field_15\" class=\"wpforms-field-medium\" name=\"wpforms[fields][15]\" >\n\t\t<\/div>\n\t\t<div id=\"wpforms-15520-field_9-container\" class=\"wpforms-field wpforms-field-name\" data-field-id=\"9\"><label class=\"wpforms-field-label\" for=\"wpforms-15520-field_9\">Nombre de la Consultora: <span class=\"wpforms-required-label\">*<\/span><\/label><input type=\"text\" id=\"wpforms-15520-field_9\" class=\"wpforms-field-medium wpforms-field-required\" name=\"wpforms[fields][9]\" required><\/div><div id=\"wpforms-15520-field_10-container\" class=\"wpforms-field wpforms-field-layout\" data-field-id=\"10\"><div class=\"wpforms-field-layout-rows wpforms-field-large\"><div class=\"wpforms-layout-row\"><div class=\"wpforms-layout-column wpforms-layout-column-33\"><div id=\"wpforms-15520-field_11-container\" class=\"wpforms-field wpforms-field-phone\" data-field-id=\"11\"><label class=\"wpforms-field-label\" for=\"wpforms-15520-field_11\">Tel\u00e9fono de la Consultora:<\/label><input type=\"tel\" id=\"wpforms-15520-field_11\" class=\"wpforms-field-medium wpforms-masked-input\" data-inputmask=\"&#039;mask&#039;: &#039;(999) 999-9999&#039;\" data-rule-us-phone-field=\"true\" data-inputmask-inputmode=\"tel\" name=\"wpforms[fields][11]\" aria-label=\"Tel\u00e9fono de la Consultora:\" ><\/div><\/div><div class=\"wpforms-layout-column wpforms-layout-column-33\"><div id=\"wpforms-15520-field_12-container\" class=\"wpforms-field wpforms-field-email\" data-field-id=\"12\"><label class=\"wpforms-field-label\" for=\"wpforms-15520-field_12\">Correo electr\u00f3nico de la Consultora:<\/label><input type=\"email\" id=\"wpforms-15520-field_12\" class=\"wpforms-field-medium\" name=\"wpforms[fields][12]\" spellcheck=\"false\" ><\/div><\/div><div class=\"wpforms-layout-column wpforms-layout-column-33\"><div id=\"wpforms-15520-field_13-container\" class=\"wpforms-field wpforms-field-text\" data-field-id=\"13\"><label class=\"wpforms-field-label\" for=\"wpforms-15520-field_13\">Estado:<\/label><input type=\"text\" id=\"wpforms-15520-field_13\" class=\"wpforms-field-medium\" name=\"wpforms[fields][13]\" ><\/div><\/div><\/div><\/div><\/div><div id=\"wpforms-15520-field_14-container\" class=\"wpforms-field wpforms-field-textarea\" data-field-id=\"14\"><label class=\"wpforms-field-label\" for=\"wpforms-15520-field_14\">Incluye una breve descripci\u00f3n en la siguiente p\u00e1gina de por qu\u00e9 piensas que esta persona deber\u00eda ser seleccionada para recibir el Premio al Esp\u00edritu de Generosidad 2026. (m\u00e1ximo de 500 palabras): <span class=\"wpforms-required-label\">*<\/span><\/label><textarea id=\"wpforms-15520-field_14\" class=\"wpforms-field-medium wpforms-field-required\" name=\"wpforms[fields][14]\" required><\/textarea><\/div><script>\n\t\t\t\t( function() {\n\t\t\t\t\tconst style = document.createElement( 'style' );\n\t\t\t\t\tstyle.appendChild( document.createTextNode( '#wpforms-15520-field_15-container { position: absolute !important; overflow: hidden !important; display: inline !important; height: 1px !important; width: 1px !important; z-index: -1000 !important; padding: 0 !important; } #wpforms-15520-field_15-container input { visibility: hidden; } #wpforms-conversational-form-page #wpforms-15520-field_15-container label { counter-increment: none; }' ) );\n\t\t\t\t\tdocument.head.appendChild( style );\n\t\t\t\t\tdocument.currentScript?.remove();\n\t\t\t\t} )();\n\t\t\t<\/script><\/div><!-- .wpforms-field-container --><div class=\"wpforms-submit-container\" ><input type=\"hidden\" name=\"wpforms[id]\" value=\"15520\"><input type=\"hidden\" name=\"page_title\" value=\"\"><input type=\"hidden\" name=\"page_url\" value=\"https:\/\/theresource.norwex.com\/es_us\/wp-json\/wp\/v2\/pages\/15501\"><input type=\"hidden\" name=\"url_referer\" value=\"\"><button type=\"submit\" name=\"wpforms[submit]\" id=\"wpforms-submit-15520\" class=\"wpforms-submit\" data-alt-text=\"Env\u00edo...\" data-submit-text=\"Enviar\" aria-live=\"assertive\" value=\"wpforms-submit\">Enviar<\/button><img loading=\"lazy\" decoding=\"async\" src=\"https:\/\/theresource.norwex.com\/es_us\/wp-content\/plugins\/wpforms\/assets\/images\/submit-spin.svg\" class=\"wpforms-submit-spinner\" style=\"display: none;\" width=\"26\" height=\"26\" alt=\"Cargando\"><\/div><\/form><\/div>  <!-- .wpforms-container --><\/div>\n<\/div>\n<\/div>\n","protected":false},"excerpt":{"rendered":"<p>Esp\u00edritu de Generosidad FORMULARIO DE NOMINACI\u00d3NFecha L\u00edmite Para Enviarlo &#8211; 1 de Mayo de 2026 English Criterio y Pautas: Todos los formularios deben recibirse A M\u00c1S TARDAR al mediod\u00eda, CT, el 1 de mayo de 2026. Para ser nominada, una Consultora debe mostrar constantemente un Esp\u00edritu de Generosidad apoyando a todas las Consultoras de Norwex [&hellip;]<\/p>\n","protected":false},"author":44,"featured_media":0,"parent":0,"menu_order":0,"comment_status":"closed","ping_status":"closed","template":"","meta":{"footnotes":""},"tags":[],"class_list":["post-15501","page","type-page","status-publish","hentry"],"yoast_head":"<!-- This site is optimized with the Yoast SEO plugin v26.8 - https:\/\/yoast.com\/product\/yoast-seo-wordpress\/ -->\n<title>Spirit of Generosity - Norwex Resource Espa\u00f1ol<\/title>\n<meta name=\"robots\" content=\"index, follow, max-snippet:-1, max-image-preview:large, max-video-preview:-1\" \/>\n<link rel=\"canonical\" href=\"https:\/\/theresource.norwex.com\/es_us\/spirit-generosity\/\" \/>\n<meta property=\"og:locale\" content=\"es_MX\" \/>\n<meta property=\"og:type\" content=\"article\" \/>\n<meta property=\"og:title\" content=\"Spirit of Generosity - Norwex Resource Espa\u00f1ol\" \/>\n<meta property=\"og:description\" content=\"Esp\u00edritu de Generosidad FORMULARIO DE NOMINACI\u00d3NFecha L\u00edmite Para Enviarlo &#8211; 1 de Mayo de 2026 English Criterio y Pautas: Todos los formularios deben recibirse A M\u00c1S TARDAR al mediod\u00eda, CT, el 1 de mayo de 2026. Para ser nominada, una Consultora debe mostrar constantemente un Esp\u00edritu de Generosidad apoyando a todas las Consultoras de Norwex [&hellip;]\" \/>\n<meta property=\"og:url\" content=\"https:\/\/theresource.norwex.com\/es_us\/spirit-generosity\/\" \/>\n<meta property=\"og:site_name\" content=\"Norwex Resource Espa\u00f1ol\" \/>\n<meta property=\"article:publisher\" content=\"https:\/\/www.facebook.com\/Norwex\/\" \/>\n<meta property=\"article:modified_time\" content=\"2026-03-19T17:34:09+00:00\" \/>\n<meta property=\"og:image\" content=\"https:\/\/theresource.norwex.com\/wp-content\/uploads\/sites\/3\/2024\/04\/norwex-logo-light.png\" \/>\n<meta name=\"twitter:card\" content=\"summary_large_image\" \/>\n<meta name=\"twitter:site\" content=\"@norwex\" \/>\n<meta name=\"twitter:label1\" content=\"Tiempo de lectura\" \/>\n\t<meta name=\"twitter:data1\" content=\"2 minutos\" \/>\n<script type=\"application\/ld+json\" class=\"yoast-schema-graph\">{\"@context\":\"https:\/\/schema.org\",\"@graph\":[{\"@type\":\"WebPage\",\"@id\":\"https:\/\/theresource.norwex.com\/es_us\/spirit-generosity\/\",\"url\":\"https:\/\/theresource.norwex.com\/es_us\/spirit-generosity\/\",\"name\":\"Spirit of Generosity - Norwex Resource Espa\u00f1ol\",\"isPartOf\":{\"@id\":\"https:\/\/theresource.norwex.com\/es_us\/#website\"},\"primaryImageOfPage\":{\"@id\":\"https:\/\/theresource.norwex.com\/es_us\/spirit-generosity\/#primaryimage\"},\"image\":{\"@id\":\"https:\/\/theresource.norwex.com\/es_us\/spirit-generosity\/#primaryimage\"},\"thumbnailUrl\":\"https:\/\/theresource.norwex.com\/wp-content\/uploads\/sites\/3\/2024\/04\/norwex-logo-light.png\",\"datePublished\":\"2026-03-06T20:09:33+00:00\",\"dateModified\":\"2026-03-19T17:34:09+00:00\",\"breadcrumb\":{\"@id\":\"https:\/\/theresource.norwex.com\/es_us\/spirit-generosity\/#breadcrumb\"},\"inLanguage\":\"es\",\"potentialAction\":[{\"@type\":\"ReadAction\",\"target\":[\"https:\/\/theresource.norwex.com\/es_us\/spirit-generosity\/\"]}]},{\"@type\":\"ImageObject\",\"inLanguage\":\"es\",\"@id\":\"https:\/\/theresource.norwex.com\/es_us\/spirit-generosity\/#primaryimage\",\"url\":\"https:\/\/theresource.norwex.com\/wp-content\/uploads\/sites\/3\/2024\/04\/norwex-logo-light.png\",\"contentUrl\":\"https:\/\/theresource.norwex.com\/wp-content\/uploads\/sites\/3\/2024\/04\/norwex-logo-light.png\"},{\"@type\":\"BreadcrumbList\",\"@id\":\"https:\/\/theresource.norwex.com\/es_us\/spirit-generosity\/#breadcrumb\",\"itemListElement\":[{\"@type\":\"ListItem\",\"position\":1,\"name\":\"Home\",\"item\":\"https:\/\/theresource.norwex.com\/es_us\/\"},{\"@type\":\"ListItem\",\"position\":2,\"name\":\"Spirit of Generosity\"}]},{\"@type\":\"WebSite\",\"@id\":\"https:\/\/theresource.norwex.com\/es_us\/#website\",\"url\":\"https:\/\/theresource.norwex.com\/es_us\/\",\"name\":\"Norwex Resource Espa\u00f1ol\",\"description\":\"Just another Norwex Multi Sites site\",\"publisher\":{\"@id\":\"https:\/\/theresource.norwex.com\/es_us\/#organization\"},\"potentialAction\":[{\"@type\":\"SearchAction\",\"target\":{\"@type\":\"EntryPoint\",\"urlTemplate\":\"https:\/\/theresource.norwex.com\/es_us\/?s={search_term_string}\"},\"query-input\":{\"@type\":\"PropertyValueSpecification\",\"valueRequired\":true,\"valueName\":\"search_term_string\"}}],\"inLanguage\":\"es\"},{\"@type\":\"Organization\",\"@id\":\"https:\/\/theresource.norwex.com\/es_us\/#organization\",\"name\":\"Norwex\",\"url\":\"https:\/\/theresource.norwex.com\/es_us\/\",\"logo\":{\"@type\":\"ImageObject\",\"inLanguage\":\"es\",\"@id\":\"https:\/\/theresource.norwex.com\/es_us\/#\/schema\/logo\/image\/\",\"url\":\"https:\/\/theresourcees.norwex.com\/wp-content\/uploads\/sites\/6\/2023\/11\/Norwex-Resource.jpg\",\"contentUrl\":\"https:\/\/theresourcees.norwex.com\/wp-content\/uploads\/sites\/6\/2023\/11\/Norwex-Resource.jpg\",\"width\":200,\"height\":200,\"caption\":\"Norwex\"},\"image\":{\"@id\":\"https:\/\/theresource.norwex.com\/es_us\/#\/schema\/logo\/image\/\"},\"sameAs\":[\"https:\/\/www.facebook.com\/Norwex\/\",\"https:\/\/x.com\/norwex\",\"http:\/\/pinterest.com\/norwex\/\",\"http:\/\/www.youtube.com\/norwex\"]}]}<\/script>\n<!-- \/ Yoast SEO plugin. -->","yoast_head_json":{"title":"Spirit of Generosity - Norwex Resource Espa\u00f1ol","robots":{"index":"index","follow":"follow","max-snippet":"max-snippet:-1","max-image-preview":"max-image-preview:large","max-video-preview":"max-video-preview:-1"},"canonical":"https:\/\/theresource.norwex.com\/es_us\/spirit-generosity\/","og_locale":"es_MX","og_type":"article","og_title":"Spirit of Generosity - Norwex Resource Espa\u00f1ol","og_description":"Esp\u00edritu de Generosidad FORMULARIO DE NOMINACI\u00d3NFecha L\u00edmite Para Enviarlo &#8211; 1 de Mayo de 2026 English Criterio y Pautas: Todos los formularios deben recibirse A M\u00c1S TARDAR al mediod\u00eda, CT, el 1 de mayo de 2026. Para ser nominada, una Consultora debe mostrar constantemente un Esp\u00edritu de Generosidad apoyando a todas las Consultoras de Norwex [&hellip;]","og_url":"https:\/\/theresource.norwex.com\/es_us\/spirit-generosity\/","og_site_name":"Norwex Resource Espa\u00f1ol","article_publisher":"https:\/\/www.facebook.com\/Norwex\/","article_modified_time":"2026-03-19T17:34:09+00:00","og_image":[{"url":"https:\/\/theresource.norwex.com\/wp-content\/uploads\/sites\/3\/2024\/04\/norwex-logo-light.png","type":"","width":"","height":""}],"twitter_card":"summary_large_image","twitter_site":"@norwex","twitter_misc":{"Tiempo de lectura":"2 minutos"},"schema":{"@context":"https:\/\/schema.org","@graph":[{"@type":"WebPage","@id":"https:\/\/theresource.norwex.com\/es_us\/spirit-generosity\/","url":"https:\/\/theresource.norwex.com\/es_us\/spirit-generosity\/","name":"Spirit of Generosity - Norwex Resource Espa\u00f1ol","isPartOf":{"@id":"https:\/\/theresource.norwex.com\/es_us\/#website"},"primaryImageOfPage":{"@id":"https:\/\/theresource.norwex.com\/es_us\/spirit-generosity\/#primaryimage"},"image":{"@id":"https:\/\/theresource.norwex.com\/es_us\/spirit-generosity\/#primaryimage"},"thumbnailUrl":"https:\/\/theresource.norwex.com\/wp-content\/uploads\/sites\/3\/2024\/04\/norwex-logo-light.png","datePublished":"2026-03-06T20:09:33+00:00","dateModified":"2026-03-19T17:34:09+00:00","breadcrumb":{"@id":"https:\/\/theresource.norwex.com\/es_us\/spirit-generosity\/#breadcrumb"},"inLanguage":"es","potentialAction":[{"@type":"ReadAction","target":["https:\/\/theresource.norwex.com\/es_us\/spirit-generosity\/"]}]},{"@type":"ImageObject","inLanguage":"es","@id":"https:\/\/theresource.norwex.com\/es_us\/spirit-generosity\/#primaryimage","url":"https:\/\/theresource.norwex.com\/wp-content\/uploads\/sites\/3\/2024\/04\/norwex-logo-light.png","contentUrl":"https:\/\/theresource.norwex.com\/wp-content\/uploads\/sites\/3\/2024\/04\/norwex-logo-light.png"},{"@type":"BreadcrumbList","@id":"https:\/\/theresource.norwex.com\/es_us\/spirit-generosity\/#breadcrumb","itemListElement":[{"@type":"ListItem","position":1,"name":"Home","item":"https:\/\/theresource.norwex.com\/es_us\/"},{"@type":"ListItem","position":2,"name":"Spirit of Generosity"}]},{"@type":"WebSite","@id":"https:\/\/theresource.norwex.com\/es_us\/#website","url":"https:\/\/theresource.norwex.com\/es_us\/","name":"Norwex Resource Espa\u00f1ol","description":"Just another Norwex Multi Sites site","publisher":{"@id":"https:\/\/theresource.norwex.com\/es_us\/#organization"},"potentialAction":[{"@type":"SearchAction","target":{"@type":"EntryPoint","urlTemplate":"https:\/\/theresource.norwex.com\/es_us\/?s={search_term_string}"},"query-input":{"@type":"PropertyValueSpecification","valueRequired":true,"valueName":"search_term_string"}}],"inLanguage":"es"},{"@type":"Organization","@id":"https:\/\/theresource.norwex.com\/es_us\/#organization","name":"Norwex","url":"https:\/\/theresource.norwex.com\/es_us\/","logo":{"@type":"ImageObject","inLanguage":"es","@id":"https:\/\/theresource.norwex.com\/es_us\/#\/schema\/logo\/image\/","url":"https:\/\/theresourcees.norwex.com\/wp-content\/uploads\/sites\/6\/2023\/11\/Norwex-Resource.jpg","contentUrl":"https:\/\/theresourcees.norwex.com\/wp-content\/uploads\/sites\/6\/2023\/11\/Norwex-Resource.jpg","width":200,"height":200,"caption":"Norwex"},"image":{"@id":"https:\/\/theresource.norwex.com\/es_us\/#\/schema\/logo\/image\/"},"sameAs":["https:\/\/www.facebook.com\/Norwex\/","https:\/\/x.com\/norwex","http:\/\/pinterest.com\/norwex\/","http:\/\/www.youtube.com\/norwex"]}]}},"_links":{"self":[{"href":"https:\/\/theresource.norwex.com\/es_us\/wp-json\/wp\/v2\/pages\/15501","targetHints":{"allow":["GET"]}}],"collection":[{"href":"https:\/\/theresource.norwex.com\/es_us\/wp-json\/wp\/v2\/pages"}],"about":[{"href":"https:\/\/theresource.norwex.com\/es_us\/wp-json\/wp\/v2\/types\/page"}],"author":[{"embeddable":true,"href":"https:\/\/theresource.norwex.com\/es_us\/wp-json\/wp\/v2\/users\/44"}],"replies":[{"embeddable":true,"href":"https:\/\/theresource.norwex.com\/es_us\/wp-json\/wp\/v2\/comments?post=15501"}],"version-history":[{"count":5,"href":"https:\/\/theresource.norwex.com\/es_us\/wp-json\/wp\/v2\/pages\/15501\/revisions"}],"predecessor-version":[{"id":15593,"href":"https:\/\/theresource.norwex.com\/es_us\/wp-json\/wp\/v2\/pages\/15501\/revisions\/15593"}],"wp:attachment":[{"href":"https:\/\/theresource.norwex.com\/es_us\/wp-json\/wp\/v2\/media?parent=15501"}],"wp:term":[{"taxonomy":"post_tag","embeddable":true,"href":"https:\/\/theresource.norwex.com\/es_us\/wp-json\/wp\/v2\/tags?post=15501"}],"curies":[{"name":"wp","href":"https:\/\/api.w.org\/{rel}","templated":true}]}}