{"id":15500,"date":"2026-03-06T14:09:42","date_gmt":"2026-03-06T20:09:42","guid":{"rendered":"https:\/\/theresource.norwex.com\/es_us\/?page_id=15500"},"modified":"2026-03-19T12:33:13","modified_gmt":"2026-03-19T17:33:13","slug":"spirit-mission","status":"publish","type":"page","link":"https:\/\/theresource.norwex.com\/es_us\/spirit-mission\/","title":{"rendered":"Spirit of Mission"},"content":{"rendered":"<div class=\"header pt-0\" style=\"background: none;\">\n<div class=\"container this-month m-auto\">\n<div class=\"row mb-5\" style=\"background: #4c5f7f;\">\n<div class=\"col-sm-12 px-3 py-5\">\n<img decoding=\"async\" src=\"https:\/\/theresource.norwex.com\/wp-content\/uploads\/sites\/3\/2024\/04\/norwex-logo-light.png\" alt=\"SL-ESL Meeting\" class=\"alignnone size-full pt-1\" style=\"width: 100%; max-width: 250px; margin: 0 auto 5px;\" \/><\/p>\n<h1 class=\"whitetxt mb-1 pb-0\" style=\"color: #fff; font-size: 45px; text-align: center; border: none\">Esp\u00edritu de la Misi\u00f3n<\/h1>\n<p class=\"whitetxt pt-3 mb-1\" style=\"color: #fff; font-size: 22px; text-align: center;\">FORMULARIO DE NOMINACI\u00d3N<br \/><span style=\"font-size: 75%\">Fecha L\u00edmite Para Enviarlo &#8211; 1 de Mayo de 2026<\/span><\/p>\n<\/div>\n<\/div>\n<\/div>\n<\/div>\n<div class=\"container party-page-new this-month spirit-of mt-0 pb-5\">\n<div class=\"row px-3 parties-page\">\n<div class=\"col-sm-12 col-md-12 px-0\">\n<a type=\"button\"  target=\"_blank\" rel=\"noopener nofollow\" class=\"btn blue-btn mt-0 mb-5\" href=\"https:\/\/theresource.norwex.com\/spirit-mission\/\">English<\/a><\/p>\n<h3>Criterios y Directrices:<\/h3>\n<ul>\n<li>Todos los formularios de nominaci\u00f3n deben recibirse A M\u00c1S TARDAR al mediod\u00eda, CT, el 1 de mayo de 2026.<\/li>\n<li>Este premio reconocer\u00e1 a una Consultora que simboliza nuestra misi\u00f3n de reducir radicalmente el uso de qu\u00edmicos nocivos y que haya educado sobre la importancia de nuestra misi\u00f3n de una manera inspiradora.<\/li>\n<li>Se seleccionar\u00e1 una ganadora de cada pa\u00eds.<\/li>\n<li>Para ser nominada, una Consultora debe mostrar constantemente un Esp\u00edritu de la Misi\u00f3n. Este premio se otorgar\u00e1 anualmente a una Consultora en cada pa\u00eds.<\/li>\n<li>Las receptoras del premio ser\u00e1n seleccionadas entre todas las nominaciones recibidas por el Comit\u00e9 de Revisi\u00f3n Ejecutiva de la Oficina Central.<\/li>\n<li>El candidato debe estar registrado y haber asistido en persona a la Conferencia Nacional.<\/li>\n<\/ul>\n<\/div>\n<div class=\"col-sm-12 p-4 mt-4\" style=\"background: #f2f4f6;\">\n<p><strong>Adem\u00e1s del reconocimiento de sus compa\u00f1eras Consultoras, la ganadora del Esp\u00edritu de la Misi\u00f3n recibir\u00e1:<\/strong><\/p>\n<ul>\n<li>Un bello premio y certificado con el tema de la Misi\u00f3n.<\/li>\n<li>Una donaci\u00f3n por $2,000 en su nombre a tu organizaci\u00f3n de caridad favorita.<\/li>\n<li>Integrante honorario del Consejo Asesor de Productos y Marketing (MPAC, siglas en ingl\u00e9s), por un a\u00f1o.<\/li>\n<li>Reconocimiento como un Embajador de la Misi\u00f3n, lo cual incluye:\n<ul>\n<li>Invitaci\u00f3n para ser un invitado en podcast <i>On the Mission with Amy Cadora<\/i>.<\/li>\n<li>Todos los productos de Oto\u00f1o 2026 GRATIS.<\/li>\n<li>Una placa conmemorativa de sus logros en la Oficina Central.<\/li>\n<\/ul>\n<\/li>\n<\/ul>\n<\/div>\n<p class=\"m-0\"><a aria-controls=\"form1\" aria-expanded=\"false\" class=\"heading btn-collapse mt-5\" data-toggle=\"collapse\" href=\"#form1\" id=\"form1Header\" role=\"button\" style=\"color: #ffffff; text-align: center; background: #4c5f80;\"><strong>Clic Aqu\u00ed para Nominar<\/strong><\/span><\/a><\/p>\n<div class=\"collapse grayborder asset-list main-list p-5\" id=\"form1\">\n<p>Favor de completar el siguiente formulario. Antes de enviarlo, debes estar de acuerdo con los t\u00e9rminos a continuaci\u00f3n.<br \/><span style=\"color: red; font-size: 75%;\">* CAMPOS REQUERIDOS.<\/span><\/p>\n<div class=\"wpforms-container wpforms-container-full spirit-of-forms\" id=\"wpforms-15530\"><form id=\"wpforms-form-15530\" class=\"wpforms-validate wpforms-form wpforms-ajax-form\" data-formid=\"15530\" method=\"post\" enctype=\"multipart\/form-data\" action=\"\/es_us\/wp-json\/wp\/v2\/pages\/15500\" data-token=\"b53c041d71c35358da01bd21a3f33753\" data-token-time=\"1775411933\"><noscript class=\"wpforms-error-noscript\">Por favor, activa JavaScript en tu navegador para completar este formulario.<\/noscript><div class=\"wpforms-field-container\">\t\t<div id=\"wpforms-15530-field_14-container\"\n\t\t\tclass=\"wpforms-field wpforms-field-text\"\n\t\t\tdata-field-type=\"text\"\n\t\t\tdata-field-id=\"14\"\n\t\t\t>\n\t\t\t<label class=\"wpforms-field-label\" for=\"wpforms-15530-field_14\" >el electr\u00f3nico Correo<\/label>\n\t\t\t<input type=\"text\" id=\"wpforms-15530-field_14\" class=\"wpforms-field-medium\" name=\"wpforms[fields][14]\" >\n\t\t<\/div>\n\t\t<div id=\"wpforms-15530-field_7-container\" class=\"wpforms-field wpforms-field-divider\" data-field-id=\"7\"><h3 id=\"wpforms-15530-field_7\">Enviado por:<\/h3><\/div><div id=\"wpforms-15530-field_1-container\" class=\"wpforms-field wpforms-field-layout\" data-field-id=\"1\"><div class=\"wpforms-field-layout-rows wpforms-field-large\"><div class=\"wpforms-layout-row\"><div class=\"wpforms-layout-column wpforms-layout-column-67\"><div id=\"wpforms-15530-field_2-container\" class=\"wpforms-field wpforms-field-name\" data-field-id=\"2\"><label class=\"wpforms-field-label\" for=\"wpforms-15530-field_2\">Tu Nombre: <span class=\"wpforms-required-label\">*<\/span><\/label><input type=\"text\" id=\"wpforms-15530-field_2\" class=\"wpforms-field-medium wpforms-field-required\" name=\"wpforms[fields][2]\" required><\/div><\/div><div class=\"wpforms-layout-column wpforms-layout-column-33\"><div id=\"wpforms-15530-field_3-container\" class=\"wpforms-field wpforms-field-text\" data-field-id=\"3\"><label class=\"wpforms-field-label\" for=\"wpforms-15530-field_3\">N\u00famero de Consultora <span class=\"wpforms-required-label\">*<\/span><\/label><input type=\"text\" id=\"wpforms-15530-field_3\" class=\"wpforms-field-medium wpforms-field-required\" name=\"wpforms[fields][3]\" required><\/div><\/div><\/div><\/div><\/div><div id=\"wpforms-15530-field_4-container\" class=\"wpforms-field wpforms-field-layout\" data-field-id=\"4\"><div class=\"wpforms-field-layout-rows wpforms-field-large\"><div class=\"wpforms-layout-row\"><div class=\"wpforms-layout-column wpforms-layout-column-50\"><div id=\"wpforms-15530-field_5-container\" class=\"wpforms-field wpforms-field-phone\" data-field-id=\"5\"><label class=\"wpforms-field-label\" for=\"wpforms-15530-field_5\">Tel\u00e9fono: <span class=\"wpforms-required-label\">*<\/span><\/label><input type=\"tel\" id=\"wpforms-15530-field_5\" class=\"wpforms-field-medium wpforms-field-required wpforms-smart-phone-field\" data-rule-smart-phone-field=\"true\" name=\"wpforms[fields][5]\" aria-label=\"Tel\u00e9fono:\" required><\/div><\/div><div class=\"wpforms-layout-column wpforms-layout-column-50\"><div id=\"wpforms-15530-field_6-container\" class=\"wpforms-field wpforms-field-email\" data-field-id=\"6\"><label class=\"wpforms-field-label\" for=\"wpforms-15530-field_6\">Correo Electr\u00f3nico: <span class=\"wpforms-required-label\">*<\/span><\/label><input type=\"email\" id=\"wpforms-15530-field_6\" class=\"wpforms-field-medium wpforms-field-required\" name=\"wpforms[fields][6]\" spellcheck=\"false\" required><\/div><\/div><\/div><\/div><\/div><div id=\"wpforms-15530-field_8-container\" class=\"wpforms-field wpforms-field-divider\" data-field-id=\"8\"><h3 id=\"wpforms-15530-field_8\">Nominada:<\/h3><\/div><div id=\"wpforms-15530-field_9-container\" class=\"wpforms-field wpforms-field-name\" data-field-id=\"9\"><label class=\"wpforms-field-label\" for=\"wpforms-15530-field_9\">Nombre de la Consultora: <span class=\"wpforms-required-label\">*<\/span><\/label><input type=\"text\" id=\"wpforms-15530-field_9\" class=\"wpforms-field-medium wpforms-field-required\" name=\"wpforms[fields][9]\" required><\/div><div id=\"wpforms-15530-field_15-container\" class=\"wpforms-field wpforms-field-layout\" data-field-id=\"15\"><div class=\"wpforms-field-layout-rows wpforms-field-large\"><div class=\"wpforms-layout-row\"><div class=\"wpforms-layout-column wpforms-layout-column-33\"><div id=\"wpforms-15530-field_10-container\" class=\"wpforms-field wpforms-field-phone\" data-field-id=\"10\"><label class=\"wpforms-field-label\" for=\"wpforms-15530-field_10\">Tel\u00e9fono de la Consultora:<\/label><input type=\"tel\" id=\"wpforms-15530-field_10\" class=\"wpforms-field-medium wpforms-masked-input\" data-inputmask=\"&#039;mask&#039;: &#039;(999) 999-9999&#039;\" data-rule-us-phone-field=\"true\" data-inputmask-inputmode=\"tel\" name=\"wpforms[fields][10]\" aria-label=\"Tel\u00e9fono de la Consultora:\" ><\/div><\/div><div class=\"wpforms-layout-column wpforms-layout-column-33\"><div id=\"wpforms-15530-field_11-container\" class=\"wpforms-field wpforms-field-email\" data-field-id=\"11\"><label class=\"wpforms-field-label\" for=\"wpforms-15530-field_11\"> Correo electr\u00f3nico de la Consultora: <span class=\"wpforms-required-label\">*<\/span><\/label><input type=\"email\" id=\"wpforms-15530-field_11\" class=\"wpforms-field-medium wpforms-field-required\" name=\"wpforms[fields][11]\" spellcheck=\"false\" required><\/div><\/div><div class=\"wpforms-layout-column wpforms-layout-column-33\"><div id=\"wpforms-15530-field_12-container\" class=\"wpforms-field wpforms-field-text\" data-field-id=\"12\"><label class=\"wpforms-field-label\" for=\"wpforms-15530-field_12\">Estado:<\/label><input type=\"text\" id=\"wpforms-15530-field_12\" class=\"wpforms-field-medium\" name=\"wpforms[fields][12]\" ><\/div><\/div><\/div><\/div><\/div><div id=\"wpforms-15530-field_16-container\" class=\"wpforms-field wpforms-field-html\" data-field-id=\"16\"><div id=\"wpforms-15530-field_16\"><p><strong>Para ser nominado, la Consultora debe mostrar constantemente el Esp\u00edritu de la Misi\u00f3n. Este es un premio que se otorgar\u00e1 anualmente a una Consultora en cada pa\u00eds. Es para reconocer a una Consultora que mejor simboliza nuestra misi\u00f3n de reducir radicalmente los productos qu\u00edmicos nocivos y ha inspirado a las personas a cambiar su estilo de vida a trav\u00e9s de la misi\u00f3n, y\/o tambi\u00e9n ha educado sobre la importancia de nuestra misi\u00f3n de una manera inspiradora.<\/strong><\/p><\/div><\/div><div id=\"wpforms-15530-field_13-container\" class=\"wpforms-field wpforms-field-textarea\" data-field-id=\"13\"><label class=\"wpforms-field-label\" for=\"wpforms-15530-field_13\">Incluir una breve descripci\u00f3n y porque crees que esta persona deber\u00eda ser seleccionada para recibir el Premio Esp\u00edritu de la Misi\u00f3n 2026. (500 palabras m\u00e1ximo por favor):* <span class=\"wpforms-required-label\">*<\/span><\/label><textarea id=\"wpforms-15530-field_13\" class=\"wpforms-field-medium wpforms-field-required\" name=\"wpforms[fields][13]\" required><\/textarea><\/div><script>\n\t\t\t\t( function() {\n\t\t\t\t\tconst style = document.createElement( 'style' );\n\t\t\t\t\tstyle.appendChild( document.createTextNode( '#wpforms-15530-field_14-container { position: absolute !important; overflow: hidden !important; display: inline !important; height: 1px !important; width: 1px !important; z-index: -1000 !important; padding: 0 !important; } #wpforms-15530-field_14-container input { visibility: hidden; } #wpforms-conversational-form-page #wpforms-15530-field_14-container label { counter-increment: none; }' ) );\n\t\t\t\t\tdocument.head.appendChild( style );\n\t\t\t\t\tdocument.currentScript?.remove();\n\t\t\t\t} )();\n\t\t\t<\/script><\/div><!-- .wpforms-field-container --><div class=\"wpforms-submit-container\" ><input type=\"hidden\" name=\"wpforms[id]\" value=\"15530\"><input type=\"hidden\" name=\"page_title\" value=\"\"><input type=\"hidden\" name=\"page_url\" value=\"https:\/\/theresource.norwex.com\/es_us\/wp-json\/wp\/v2\/pages\/15500\"><input type=\"hidden\" name=\"url_referer\" value=\"\"><button type=\"submit\" name=\"wpforms[submit]\" id=\"wpforms-submit-15530\" class=\"wpforms-submit\" data-alt-text=\"Env\u00edo...\" data-submit-text=\"Enviar\" aria-live=\"assertive\" value=\"wpforms-submit\">Enviar<\/button><img loading=\"lazy\" decoding=\"async\" src=\"https:\/\/theresource.norwex.com\/es_us\/wp-content\/plugins\/wpforms\/assets\/images\/submit-spin.svg\" class=\"wpforms-submit-spinner\" style=\"display: none;\" width=\"26\" height=\"26\" alt=\"Cargando\"><\/div><\/form><\/div>  <!-- .wpforms-container --><\/div>\n<\/div>\n<\/div>\n","protected":false},"excerpt":{"rendered":"<p>Esp\u00edritu de la Misi\u00f3n FORMULARIO DE NOMINACI\u00d3NFecha L\u00edmite Para Enviarlo &#8211; 1 de Mayo de 2026 English Criterios y Directrices: Todos los formularios de nominaci\u00f3n deben recibirse A M\u00c1S TARDAR al mediod\u00eda, CT, el 1 de mayo de 2026. Este premio reconocer\u00e1 a una Consultora que simboliza nuestra misi\u00f3n de reducir radicalmente el uso de [&hellip;]<\/p>\n","protected":false},"author":44,"featured_media":0,"parent":0,"menu_order":0,"comment_status":"closed","ping_status":"closed","template":"","meta":{"footnotes":""},"tags":[],"class_list":["post-15500","page","type-page","status-publish","hentry"],"yoast_head":"<!-- This site is optimized with the Yoast SEO plugin v26.8 - https:\/\/yoast.com\/product\/yoast-seo-wordpress\/ -->\n<title>Spirit of Mission - Norwex Resource Espa\u00f1ol<\/title>\n<meta name=\"robots\" content=\"index, follow, max-snippet:-1, max-image-preview:large, max-video-preview:-1\" \/>\n<link rel=\"canonical\" href=\"https:\/\/theresource.norwex.com\/es_us\/spirit-mission\/\" \/>\n<meta property=\"og:locale\" content=\"es_MX\" \/>\n<meta property=\"og:type\" content=\"article\" \/>\n<meta property=\"og:title\" content=\"Spirit of Mission - Norwex Resource Espa\u00f1ol\" \/>\n<meta property=\"og:description\" content=\"Esp\u00edritu de la Misi\u00f3n FORMULARIO DE NOMINACI\u00d3NFecha L\u00edmite Para Enviarlo &#8211; 1 de Mayo de 2026 English Criterios y Directrices: Todos los formularios de nominaci\u00f3n deben recibirse A M\u00c1S TARDAR al mediod\u00eda, CT, el 1 de mayo de 2026. Este premio reconocer\u00e1 a una Consultora que simboliza nuestra misi\u00f3n de reducir radicalmente el uso de [&hellip;]\" \/>\n<meta property=\"og:url\" content=\"https:\/\/theresource.norwex.com\/es_us\/spirit-mission\/\" \/>\n<meta property=\"og:site_name\" content=\"Norwex Resource Espa\u00f1ol\" \/>\n<meta property=\"article:publisher\" content=\"https:\/\/www.facebook.com\/Norwex\/\" \/>\n<meta property=\"article:modified_time\" content=\"2026-03-19T17:33:13+00:00\" \/>\n<meta property=\"og:image\" content=\"https:\/\/theresource.norwex.com\/wp-content\/uploads\/sites\/3\/2024\/04\/norwex-logo-light.png\" \/>\n<meta name=\"twitter:card\" content=\"summary_large_image\" \/>\n<meta name=\"twitter:site\" content=\"@norwex\" \/>\n<meta name=\"twitter:label1\" content=\"Tiempo de lectura\" \/>\n\t<meta name=\"twitter:data1\" content=\"2 minutos\" \/>\n<script type=\"application\/ld+json\" class=\"yoast-schema-graph\">{\"@context\":\"https:\/\/schema.org\",\"@graph\":[{\"@type\":\"WebPage\",\"@id\":\"https:\/\/theresource.norwex.com\/es_us\/spirit-mission\/\",\"url\":\"https:\/\/theresource.norwex.com\/es_us\/spirit-mission\/\",\"name\":\"Spirit of Mission - Norwex Resource Espa\u00f1ol\",\"isPartOf\":{\"@id\":\"https:\/\/theresource.norwex.com\/es_us\/#website\"},\"primaryImageOfPage\":{\"@id\":\"https:\/\/theresource.norwex.com\/es_us\/spirit-mission\/#primaryimage\"},\"image\":{\"@id\":\"https:\/\/theresource.norwex.com\/es_us\/spirit-mission\/#primaryimage\"},\"thumbnailUrl\":\"https:\/\/theresource.norwex.com\/wp-content\/uploads\/sites\/3\/2024\/04\/norwex-logo-light.png\",\"datePublished\":\"2026-03-06T20:09:42+00:00\",\"dateModified\":\"2026-03-19T17:33:13+00:00\",\"breadcrumb\":{\"@id\":\"https:\/\/theresource.norwex.com\/es_us\/spirit-mission\/#breadcrumb\"},\"inLanguage\":\"es\",\"potentialAction\":[{\"@type\":\"ReadAction\",\"target\":[\"https:\/\/theresource.norwex.com\/es_us\/spirit-mission\/\"]}]},{\"@type\":\"ImageObject\",\"inLanguage\":\"es\",\"@id\":\"https:\/\/theresource.norwex.com\/es_us\/spirit-mission\/#primaryimage\",\"url\":\"https:\/\/theresource.norwex.com\/wp-content\/uploads\/sites\/3\/2024\/04\/norwex-logo-light.png\",\"contentUrl\":\"https:\/\/theresource.norwex.com\/wp-content\/uploads\/sites\/3\/2024\/04\/norwex-logo-light.png\"},{\"@type\":\"BreadcrumbList\",\"@id\":\"https:\/\/theresource.norwex.com\/es_us\/spirit-mission\/#breadcrumb\",\"itemListElement\":[{\"@type\":\"ListItem\",\"position\":1,\"name\":\"Home\",\"item\":\"https:\/\/theresource.norwex.com\/es_us\/\"},{\"@type\":\"ListItem\",\"position\":2,\"name\":\"Spirit of Mission\"}]},{\"@type\":\"WebSite\",\"@id\":\"https:\/\/theresource.norwex.com\/es_us\/#website\",\"url\":\"https:\/\/theresource.norwex.com\/es_us\/\",\"name\":\"Norwex Resource Espa\u00f1ol\",\"description\":\"Just another Norwex Multi Sites site\",\"publisher\":{\"@id\":\"https:\/\/theresource.norwex.com\/es_us\/#organization\"},\"potentialAction\":[{\"@type\":\"SearchAction\",\"target\":{\"@type\":\"EntryPoint\",\"urlTemplate\":\"https:\/\/theresource.norwex.com\/es_us\/?s={search_term_string}\"},\"query-input\":{\"@type\":\"PropertyValueSpecification\",\"valueRequired\":true,\"valueName\":\"search_term_string\"}}],\"inLanguage\":\"es\"},{\"@type\":\"Organization\",\"@id\":\"https:\/\/theresource.norwex.com\/es_us\/#organization\",\"name\":\"Norwex\",\"url\":\"https:\/\/theresource.norwex.com\/es_us\/\",\"logo\":{\"@type\":\"ImageObject\",\"inLanguage\":\"es\",\"@id\":\"https:\/\/theresource.norwex.com\/es_us\/#\/schema\/logo\/image\/\",\"url\":\"https:\/\/theresourcees.norwex.com\/wp-content\/uploads\/sites\/6\/2023\/11\/Norwex-Resource.jpg\",\"contentUrl\":\"https:\/\/theresourcees.norwex.com\/wp-content\/uploads\/sites\/6\/2023\/11\/Norwex-Resource.jpg\",\"width\":200,\"height\":200,\"caption\":\"Norwex\"},\"image\":{\"@id\":\"https:\/\/theresource.norwex.com\/es_us\/#\/schema\/logo\/image\/\"},\"sameAs\":[\"https:\/\/www.facebook.com\/Norwex\/\",\"https:\/\/x.com\/norwex\",\"http:\/\/pinterest.com\/norwex\/\",\"http:\/\/www.youtube.com\/norwex\"]}]}<\/script>\n<!-- \/ Yoast SEO plugin. -->","yoast_head_json":{"title":"Spirit of Mission - Norwex Resource Espa\u00f1ol","robots":{"index":"index","follow":"follow","max-snippet":"max-snippet:-1","max-image-preview":"max-image-preview:large","max-video-preview":"max-video-preview:-1"},"canonical":"https:\/\/theresource.norwex.com\/es_us\/spirit-mission\/","og_locale":"es_MX","og_type":"article","og_title":"Spirit of Mission - Norwex Resource Espa\u00f1ol","og_description":"Esp\u00edritu de la Misi\u00f3n FORMULARIO DE NOMINACI\u00d3NFecha L\u00edmite Para Enviarlo &#8211; 1 de Mayo de 2026 English Criterios y Directrices: Todos los formularios de nominaci\u00f3n deben recibirse A M\u00c1S TARDAR al mediod\u00eda, CT, el 1 de mayo de 2026. Este premio reconocer\u00e1 a una Consultora que simboliza nuestra misi\u00f3n de reducir radicalmente el uso de [&hellip;]","og_url":"https:\/\/theresource.norwex.com\/es_us\/spirit-mission\/","og_site_name":"Norwex Resource Espa\u00f1ol","article_publisher":"https:\/\/www.facebook.com\/Norwex\/","article_modified_time":"2026-03-19T17:33:13+00:00","og_image":[{"url":"https:\/\/theresource.norwex.com\/wp-content\/uploads\/sites\/3\/2024\/04\/norwex-logo-light.png","type":"","width":"","height":""}],"twitter_card":"summary_large_image","twitter_site":"@norwex","twitter_misc":{"Tiempo de lectura":"2 minutos"},"schema":{"@context":"https:\/\/schema.org","@graph":[{"@type":"WebPage","@id":"https:\/\/theresource.norwex.com\/es_us\/spirit-mission\/","url":"https:\/\/theresource.norwex.com\/es_us\/spirit-mission\/","name":"Spirit of Mission - Norwex Resource Espa\u00f1ol","isPartOf":{"@id":"https:\/\/theresource.norwex.com\/es_us\/#website"},"primaryImageOfPage":{"@id":"https:\/\/theresource.norwex.com\/es_us\/spirit-mission\/#primaryimage"},"image":{"@id":"https:\/\/theresource.norwex.com\/es_us\/spirit-mission\/#primaryimage"},"thumbnailUrl":"https:\/\/theresource.norwex.com\/wp-content\/uploads\/sites\/3\/2024\/04\/norwex-logo-light.png","datePublished":"2026-03-06T20:09:42+00:00","dateModified":"2026-03-19T17:33:13+00:00","breadcrumb":{"@id":"https:\/\/theresource.norwex.com\/es_us\/spirit-mission\/#breadcrumb"},"inLanguage":"es","potentialAction":[{"@type":"ReadAction","target":["https:\/\/theresource.norwex.com\/es_us\/spirit-mission\/"]}]},{"@type":"ImageObject","inLanguage":"es","@id":"https:\/\/theresource.norwex.com\/es_us\/spirit-mission\/#primaryimage","url":"https:\/\/theresource.norwex.com\/wp-content\/uploads\/sites\/3\/2024\/04\/norwex-logo-light.png","contentUrl":"https:\/\/theresource.norwex.com\/wp-content\/uploads\/sites\/3\/2024\/04\/norwex-logo-light.png"},{"@type":"BreadcrumbList","@id":"https:\/\/theresource.norwex.com\/es_us\/spirit-mission\/#breadcrumb","itemListElement":[{"@type":"ListItem","position":1,"name":"Home","item":"https:\/\/theresource.norwex.com\/es_us\/"},{"@type":"ListItem","position":2,"name":"Spirit of Mission"}]},{"@type":"WebSite","@id":"https:\/\/theresource.norwex.com\/es_us\/#website","url":"https:\/\/theresource.norwex.com\/es_us\/","name":"Norwex Resource Espa\u00f1ol","description":"Just another Norwex Multi Sites site","publisher":{"@id":"https:\/\/theresource.norwex.com\/es_us\/#organization"},"potentialAction":[{"@type":"SearchAction","target":{"@type":"EntryPoint","urlTemplate":"https:\/\/theresource.norwex.com\/es_us\/?s={search_term_string}"},"query-input":{"@type":"PropertyValueSpecification","valueRequired":true,"valueName":"search_term_string"}}],"inLanguage":"es"},{"@type":"Organization","@id":"https:\/\/theresource.norwex.com\/es_us\/#organization","name":"Norwex","url":"https:\/\/theresource.norwex.com\/es_us\/","logo":{"@type":"ImageObject","inLanguage":"es","@id":"https:\/\/theresource.norwex.com\/es_us\/#\/schema\/logo\/image\/","url":"https:\/\/theresourcees.norwex.com\/wp-content\/uploads\/sites\/6\/2023\/11\/Norwex-Resource.jpg","contentUrl":"https:\/\/theresourcees.norwex.com\/wp-content\/uploads\/sites\/6\/2023\/11\/Norwex-Resource.jpg","width":200,"height":200,"caption":"Norwex"},"image":{"@id":"https:\/\/theresource.norwex.com\/es_us\/#\/schema\/logo\/image\/"},"sameAs":["https:\/\/www.facebook.com\/Norwex\/","https:\/\/x.com\/norwex","http:\/\/pinterest.com\/norwex\/","http:\/\/www.youtube.com\/norwex"]}]}},"_links":{"self":[{"href":"https:\/\/theresource.norwex.com\/es_us\/wp-json\/wp\/v2\/pages\/15500","targetHints":{"allow":["GET"]}}],"collection":[{"href":"https:\/\/theresource.norwex.com\/es_us\/wp-json\/wp\/v2\/pages"}],"about":[{"href":"https:\/\/theresource.norwex.com\/es_us\/wp-json\/wp\/v2\/types\/page"}],"author":[{"embeddable":true,"href":"https:\/\/theresource.norwex.com\/es_us\/wp-json\/wp\/v2\/users\/44"}],"replies":[{"embeddable":true,"href":"https:\/\/theresource.norwex.com\/es_us\/wp-json\/wp\/v2\/comments?post=15500"}],"version-history":[{"count":5,"href":"https:\/\/theresource.norwex.com\/es_us\/wp-json\/wp\/v2\/pages\/15500\/revisions"}],"predecessor-version":[{"id":15592,"href":"https:\/\/theresource.norwex.com\/es_us\/wp-json\/wp\/v2\/pages\/15500\/revisions\/15592"}],"wp:attachment":[{"href":"https:\/\/theresource.norwex.com\/es_us\/wp-json\/wp\/v2\/media?parent=15500"}],"wp:term":[{"taxonomy":"post_tag","embeddable":true,"href":"https:\/\/theresource.norwex.com\/es_us\/wp-json\/wp\/v2\/tags?post=15500"}],"curies":[{"name":"wp","href":"https:\/\/api.w.org\/{rel}","templated":true}]}}