{"id":14007,"date":"2025-05-14T15:50:45","date_gmt":"2025-05-14T20:50:45","guid":{"rendered":"https:\/\/theresource.norwex.com\/es_us\/?page_id=14007"},"modified":"2025-07-26T10:26:36","modified_gmt":"2025-07-26T15:26:36","slug":"skin-care-in-person","status":"publish","type":"page","link":"https:\/\/theresource.norwex.com\/es_us\/skin-care-in-person\/","title":{"rendered":"Skin Care In Person"},"content":{"rendered":"<div class=\"container quick-guide pp-header-new m-auto\">\n<div class=\"row qg-header pp-header m-auto\">\n<div class=\"col-sm-12 m-0 p-0\">\n<img decoding=\"async\" src=\"https:\/\/theresource.norwex.com\/wp-content\/uploads\/sites\/3\/2025\/06\/party-banner-new.jpg\" alt=\"party banner\" width=\"100%\" \/>\n<\/div>\n<\/div>\n<div class=\"row sub-title\">\n<div class=\"col-sm-10 m-auto\">\n<img decoding=\"async\" src=\"https:\/\/theresource.norwex.com\/wp-content\/uploads\/sites\/3\/2024\/06\/norwex-logo-white.png\" class=\"page-logo\" alt=\"norwex\" \/><\/p>\n<h1>Cuidado del Cutis<\/h1>\n<h2>En Persona<\/h2>\n<\/div>\n<\/div>\n<\/div>\n<div class=\"container parties-page mb-4\">\n<div class=\"row gray-border\">\n<div class=\"col-sm-12\">\n<h2 class=\"mt-0\">Lo Primero es lo Primero<\/h2>\n<ul>\n<li>La demostraci\u00f3m a continuaci\u00f3n te dar\u00e1 un ejemplo de en qu\u00e9 orden debes compartir los productos + beneficios claves para compartir. \u00a1Puedes hacerlo c\u00f3mo sea mejor para ti!<\/li>\n<li>A\u00fan en persona, es una buena idea &#8220;Compartir un Carrito&#8221; con todos los art\u00edculos que compartes durante el evento (por mensaje de texto o redes sociales)<\/li>\n<li><strong>Opcional:<\/strong> Motiva a la interacci\u00f3n haciendo rifas por participar y p\u00eddele a las invitadas que respondan preguntas, mant\u00e9n un seguimiento de los premios. Ofrece participaci\u00f3n en la rifa adicional si reservan una Demostraci\u00f3n o piden informaci\u00f3n acerca de una cuenta de Consultora. <\/li>\n<li><i>**Aseg\u00farate de revisar el inventario de productos y ajustar la informaci\u00f3n si algunos art\u00edculos est\u00e1n agotados cuando hagas tu evento.**<\/i><\/li>\n<\/ul>\n<ul class=\"button-list\">\n<li><\/li>\n<li><a class=\"btn blue-btn\" href=\"https:\/\/theresource.norwex.com\/es_us\/host-coaching\/\" target=\"_blank\" rel=\"noopener nofollow\">Plantilla Asesorando a la Anfitriona<\/a><\/li>\n<li><a class=\"btn blue-btn\" href=\"https:\/\/theresource.norwex.com\/es_us\/host-coaching-follow-up\/\" target=\"_blank\" rel=\"noopener nofollow\">Plantilla Seguimiento<\/a><\/li>\n<\/ul><\/div>\n<\/p><\/div>\n<div class=\"row gray-border\">\n<div class=\"col-sm-12\">\n<h2>Haz clic en el enlace para la demostraci\u00f3n del cuidado del cutis en vivo con JoHannah Brown, Vicepresidenta Ejecutiva L\u00edder de Ventas<br \/><a type=\"button\" data-toggle=\"modal\" data-target=\"#videoModal2\" data-title=\"Skin Care Demo v2\" data-video=\"https:\/\/player.vimeo.com\/video\/855423654?h=30eb52fdac\" data-site-link=\"https:\/\/vimeo.com\/855423654\/30eb52fdac\" data-download=\"https:\/\/player.vimeo.com\/progressive_redirect\/download\/855423654\/rendition\/1080p\/skin_care_demo_v2%20%281080p%29.mp4?loc=external&#038;signature=6cd29c2323d1666f444b014488252039444ed94cb28ce5e95f51091f39985579&#038;user_id=115820375\">Clic Aqu\u00ed<\/a><\/h2>\n<p>         <img decoding=\"async\" src=\"https:\/\/theresource.norwex.com\/wp-content\/uploads\/sites\/3\/2025\/05\/sc-day-1-post-1.jpg\" alt=\"norwex skin care\" style=\"width: 100%; max-width: 350px; margin: 10px auto; display: block;\" \/>\n      <\/div>\n<\/p><\/div>\n<\/div>\n","protected":false},"excerpt":{"rendered":"<p>Cuidado del Cutis En Persona Lo Primero es lo Primero La demostraci\u00f3m a continuaci\u00f3n te dar\u00e1 un ejemplo de en qu\u00e9 orden debes compartir los productos + beneficios claves para compartir. \u00a1Puedes hacerlo c\u00f3mo sea mejor para ti! A\u00fan en persona, es una buena idea &#8220;Compartir un Carrito&#8221; con todos los art\u00edculos que compartes durante [&hellip;]<\/p>\n","protected":false},"author":44,"featured_media":0,"parent":0,"menu_order":0,"comment_status":"closed","ping_status":"closed","template":"","meta":{"footnotes":""},"tags":[],"class_list":["post-14007","page","type-page","status-publish","hentry"],"yoast_head":"<!-- This site is optimized with the Yoast SEO plugin v27.3 - https:\/\/yoast.com\/product\/yoast-seo-wordpress\/ -->\n<title>Skin Care In Person - Norwex Resource Espa\u00f1ol<\/title>\n<meta name=\"robots\" content=\"index, follow, max-snippet:-1, max-image-preview:large, max-video-preview:-1\" \/>\n<link rel=\"canonical\" href=\"https:\/\/theresource.norwex.com\/es_us\/skin-care-in-person\/\" \/>\n<meta property=\"og:locale\" content=\"es_MX\" \/>\n<meta property=\"og:type\" content=\"article\" \/>\n<meta property=\"og:title\" content=\"Skin Care In Person - Norwex Resource Espa\u00f1ol\" \/>\n<meta property=\"og:description\" content=\"Cuidado del Cutis En Persona Lo Primero es lo Primero La demostraci\u00f3m a continuaci\u00f3n te dar\u00e1 un ejemplo de en qu\u00e9 orden debes compartir los productos + beneficios claves para compartir. \u00a1Puedes hacerlo c\u00f3mo sea mejor para ti! A\u00fan en persona, es una buena idea &#8220;Compartir un Carrito&#8221; con todos los art\u00edculos que compartes durante [&hellip;]\" \/>\n<meta property=\"og:url\" content=\"https:\/\/theresource.norwex.com\/es_us\/skin-care-in-person\/\" \/>\n<meta property=\"og:site_name\" content=\"Norwex Resource Espa\u00f1ol\" \/>\n<meta property=\"article:publisher\" content=\"https:\/\/www.facebook.com\/Norwex\/\" \/>\n<meta property=\"article:modified_time\" content=\"2025-07-26T15:26:36+00:00\" \/>\n<meta property=\"og:image\" content=\"https:\/\/theresource.norwex.com\/wp-content\/uploads\/sites\/3\/2025\/06\/party-banner-new.jpg\" \/>\n<meta name=\"twitter:card\" content=\"summary_large_image\" \/>\n<meta name=\"twitter:site\" content=\"@norwex\" \/>\n<meta name=\"twitter:label1\" content=\"Tiempo de lectura\" \/>\n\t<meta name=\"twitter:data1\" content=\"2 minutos\" \/>\n<script type=\"application\/ld+json\" class=\"yoast-schema-graph\">{\"@context\":\"https:\\\/\\\/schema.org\",\"@graph\":[{\"@type\":\"WebPage\",\"@id\":\"https:\\\/\\\/theresource.norwex.com\\\/es_us\\\/skin-care-in-person\\\/\",\"url\":\"https:\\\/\\\/theresource.norwex.com\\\/es_us\\\/skin-care-in-person\\\/\",\"name\":\"Skin Care In Person - Norwex Resource Espa\u00f1ol\",\"isPartOf\":{\"@id\":\"https:\\\/\\\/theresource.norwex.com\\\/es_us\\\/#website\"},\"primaryImageOfPage\":{\"@id\":\"https:\\\/\\\/theresource.norwex.com\\\/es_us\\\/skin-care-in-person\\\/#primaryimage\"},\"image\":{\"@id\":\"https:\\\/\\\/theresource.norwex.com\\\/es_us\\\/skin-care-in-person\\\/#primaryimage\"},\"thumbnailUrl\":\"https:\\\/\\\/theresource.norwex.com\\\/wp-content\\\/uploads\\\/sites\\\/3\\\/2025\\\/06\\\/party-banner-new.jpg\",\"datePublished\":\"2025-05-14T20:50:45+00:00\",\"dateModified\":\"2025-07-26T15:26:36+00:00\",\"breadcrumb\":{\"@id\":\"https:\\\/\\\/theresource.norwex.com\\\/es_us\\\/skin-care-in-person\\\/#breadcrumb\"},\"inLanguage\":\"es\",\"potentialAction\":[{\"@type\":\"ReadAction\",\"target\":[\"https:\\\/\\\/theresource.norwex.com\\\/es_us\\\/skin-care-in-person\\\/\"]}]},{\"@type\":\"ImageObject\",\"inLanguage\":\"es\",\"@id\":\"https:\\\/\\\/theresource.norwex.com\\\/es_us\\\/skin-care-in-person\\\/#primaryimage\",\"url\":\"https:\\\/\\\/theresource.norwex.com\\\/wp-content\\\/uploads\\\/sites\\\/3\\\/2025\\\/06\\\/party-banner-new.jpg\",\"contentUrl\":\"https:\\\/\\\/theresource.norwex.com\\\/wp-content\\\/uploads\\\/sites\\\/3\\\/2025\\\/06\\\/party-banner-new.jpg\"},{\"@type\":\"BreadcrumbList\",\"@id\":\"https:\\\/\\\/theresource.norwex.com\\\/es_us\\\/skin-care-in-person\\\/#breadcrumb\",\"itemListElement\":[{\"@type\":\"ListItem\",\"position\":1,\"name\":\"Home\",\"item\":\"https:\\\/\\\/theresource.norwex.com\\\/es_us\\\/\"},{\"@type\":\"ListItem\",\"position\":2,\"name\":\"Skin Care In Person\"}]},{\"@type\":\"WebSite\",\"@id\":\"https:\\\/\\\/theresource.norwex.com\\\/es_us\\\/#website\",\"url\":\"https:\\\/\\\/theresource.norwex.com\\\/es_us\\\/\",\"name\":\"Norwex Resource Espa\u00f1ol\",\"description\":\"Just another Norwex Multi Sites site\",\"publisher\":{\"@id\":\"https:\\\/\\\/theresource.norwex.com\\\/es_us\\\/#organization\"},\"potentialAction\":[{\"@type\":\"SearchAction\",\"target\":{\"@type\":\"EntryPoint\",\"urlTemplate\":\"https:\\\/\\\/theresource.norwex.com\\\/es_us\\\/?s={search_term_string}\"},\"query-input\":{\"@type\":\"PropertyValueSpecification\",\"valueRequired\":true,\"valueName\":\"search_term_string\"}}],\"inLanguage\":\"es\"},{\"@type\":\"Organization\",\"@id\":\"https:\\\/\\\/theresource.norwex.com\\\/es_us\\\/#organization\",\"name\":\"Norwex\",\"url\":\"https:\\\/\\\/theresource.norwex.com\\\/es_us\\\/\",\"logo\":{\"@type\":\"ImageObject\",\"inLanguage\":\"es\",\"@id\":\"https:\\\/\\\/theresource.norwex.com\\\/es_us\\\/#\\\/schema\\\/logo\\\/image\\\/\",\"url\":\"https:\\\/\\\/theresourcees.norwex.com\\\/wp-content\\\/uploads\\\/sites\\\/6\\\/2023\\\/11\\\/Norwex-Resource.jpg\",\"contentUrl\":\"https:\\\/\\\/theresourcees.norwex.com\\\/wp-content\\\/uploads\\\/sites\\\/6\\\/2023\\\/11\\\/Norwex-Resource.jpg\",\"width\":200,\"height\":200,\"caption\":\"Norwex\"},\"image\":{\"@id\":\"https:\\\/\\\/theresource.norwex.com\\\/es_us\\\/#\\\/schema\\\/logo\\\/image\\\/\"},\"sameAs\":[\"https:\\\/\\\/www.facebook.com\\\/Norwex\\\/\",\"https:\\\/\\\/x.com\\\/norwex\",\"http:\\\/\\\/pinterest.com\\\/norwex\\\/\",\"http:\\\/\\\/www.youtube.com\\\/norwex\"]}]}<\/script>\n<!-- \/ Yoast SEO plugin. -->","yoast_head_json":{"title":"Skin Care In Person - Norwex Resource Espa\u00f1ol","robots":{"index":"index","follow":"follow","max-snippet":"max-snippet:-1","max-image-preview":"max-image-preview:large","max-video-preview":"max-video-preview:-1"},"canonical":"https:\/\/theresource.norwex.com\/es_us\/skin-care-in-person\/","og_locale":"es_MX","og_type":"article","og_title":"Skin Care In Person - Norwex Resource Espa\u00f1ol","og_description":"Cuidado del Cutis En Persona Lo Primero es lo Primero La demostraci\u00f3m a continuaci\u00f3n te dar\u00e1 un ejemplo de en qu\u00e9 orden debes compartir los productos + beneficios claves para compartir. \u00a1Puedes hacerlo c\u00f3mo sea mejor para ti! A\u00fan en persona, es una buena idea &#8220;Compartir un Carrito&#8221; con todos los art\u00edculos que compartes durante [&hellip;]","og_url":"https:\/\/theresource.norwex.com\/es_us\/skin-care-in-person\/","og_site_name":"Norwex Resource Espa\u00f1ol","article_publisher":"https:\/\/www.facebook.com\/Norwex\/","article_modified_time":"2025-07-26T15:26:36+00:00","og_image":[{"url":"https:\/\/theresource.norwex.com\/wp-content\/uploads\/sites\/3\/2025\/06\/party-banner-new.jpg","type":"","width":"","height":""}],"twitter_card":"summary_large_image","twitter_site":"@norwex","twitter_misc":{"Tiempo de lectura":"2 minutos"},"schema":{"@context":"https:\/\/schema.org","@graph":[{"@type":"WebPage","@id":"https:\/\/theresource.norwex.com\/es_us\/skin-care-in-person\/","url":"https:\/\/theresource.norwex.com\/es_us\/skin-care-in-person\/","name":"Skin Care In Person - Norwex Resource Espa\u00f1ol","isPartOf":{"@id":"https:\/\/theresource.norwex.com\/es_us\/#website"},"primaryImageOfPage":{"@id":"https:\/\/theresource.norwex.com\/es_us\/skin-care-in-person\/#primaryimage"},"image":{"@id":"https:\/\/theresource.norwex.com\/es_us\/skin-care-in-person\/#primaryimage"},"thumbnailUrl":"https:\/\/theresource.norwex.com\/wp-content\/uploads\/sites\/3\/2025\/06\/party-banner-new.jpg","datePublished":"2025-05-14T20:50:45+00:00","dateModified":"2025-07-26T15:26:36+00:00","breadcrumb":{"@id":"https:\/\/theresource.norwex.com\/es_us\/skin-care-in-person\/#breadcrumb"},"inLanguage":"es","potentialAction":[{"@type":"ReadAction","target":["https:\/\/theresource.norwex.com\/es_us\/skin-care-in-person\/"]}]},{"@type":"ImageObject","inLanguage":"es","@id":"https:\/\/theresource.norwex.com\/es_us\/skin-care-in-person\/#primaryimage","url":"https:\/\/theresource.norwex.com\/wp-content\/uploads\/sites\/3\/2025\/06\/party-banner-new.jpg","contentUrl":"https:\/\/theresource.norwex.com\/wp-content\/uploads\/sites\/3\/2025\/06\/party-banner-new.jpg"},{"@type":"BreadcrumbList","@id":"https:\/\/theresource.norwex.com\/es_us\/skin-care-in-person\/#breadcrumb","itemListElement":[{"@type":"ListItem","position":1,"name":"Home","item":"https:\/\/theresource.norwex.com\/es_us\/"},{"@type":"ListItem","position":2,"name":"Skin Care In Person"}]},{"@type":"WebSite","@id":"https:\/\/theresource.norwex.com\/es_us\/#website","url":"https:\/\/theresource.norwex.com\/es_us\/","name":"Norwex Resource Espa\u00f1ol","description":"Just another Norwex Multi Sites site","publisher":{"@id":"https:\/\/theresource.norwex.com\/es_us\/#organization"},"potentialAction":[{"@type":"SearchAction","target":{"@type":"EntryPoint","urlTemplate":"https:\/\/theresource.norwex.com\/es_us\/?s={search_term_string}"},"query-input":{"@type":"PropertyValueSpecification","valueRequired":true,"valueName":"search_term_string"}}],"inLanguage":"es"},{"@type":"Organization","@id":"https:\/\/theresource.norwex.com\/es_us\/#organization","name":"Norwex","url":"https:\/\/theresource.norwex.com\/es_us\/","logo":{"@type":"ImageObject","inLanguage":"es","@id":"https:\/\/theresource.norwex.com\/es_us\/#\/schema\/logo\/image\/","url":"https:\/\/theresourcees.norwex.com\/wp-content\/uploads\/sites\/6\/2023\/11\/Norwex-Resource.jpg","contentUrl":"https:\/\/theresourcees.norwex.com\/wp-content\/uploads\/sites\/6\/2023\/11\/Norwex-Resource.jpg","width":200,"height":200,"caption":"Norwex"},"image":{"@id":"https:\/\/theresource.norwex.com\/es_us\/#\/schema\/logo\/image\/"},"sameAs":["https:\/\/www.facebook.com\/Norwex\/","https:\/\/x.com\/norwex","http:\/\/pinterest.com\/norwex\/","http:\/\/www.youtube.com\/norwex"]}]}},"_links":{"self":[{"href":"https:\/\/theresource.norwex.com\/es_us\/wp-json\/wp\/v2\/pages\/14007","targetHints":{"allow":["GET"]}}],"collection":[{"href":"https:\/\/theresource.norwex.com\/es_us\/wp-json\/wp\/v2\/pages"}],"about":[{"href":"https:\/\/theresource.norwex.com\/es_us\/wp-json\/wp\/v2\/types\/page"}],"author":[{"embeddable":true,"href":"https:\/\/theresource.norwex.com\/es_us\/wp-json\/wp\/v2\/users\/44"}],"replies":[{"embeddable":true,"href":"https:\/\/theresource.norwex.com\/es_us\/wp-json\/wp\/v2\/comments?post=14007"}],"version-history":[{"count":0,"href":"https:\/\/theresource.norwex.com\/es_us\/wp-json\/wp\/v2\/pages\/14007\/revisions"}],"wp:attachment":[{"href":"https:\/\/theresource.norwex.com\/es_us\/wp-json\/wp\/v2\/media?parent=14007"}],"wp:term":[{"taxonomy":"post_tag","embeddable":true,"href":"https:\/\/theresource.norwex.com\/es_us\/wp-json\/wp\/v2\/tags?post=14007"}],"curies":[{"name":"wp","href":"https:\/\/api.w.org\/{rel}","templated":true}]}}