{"id":13962,"date":"2025-05-14T12:41:35","date_gmt":"2025-05-14T17:41:35","guid":{"rendered":"https:\/\/theresource.norwex.com\/es_us\/?page_id=13962"},"modified":"2026-04-14T15:46:56","modified_gmt":"2026-04-14T20:46:56","slug":"sh5-ten-minute-demo","status":"publish","type":"page","link":"https:\/\/theresource.norwex.com\/es_us\/sh5-ten-minute-demo\/","title":{"rendered":"Sh5 Ten Minute Demo"},"content":{"rendered":"<div class=\"container quick-guide pp-header-new m-auto\">\n<div class=\"row qg-header pp-header m-auto\">\n<div class=\"col-sm-12 m-0 p-0\">\n<img decoding=\"async\" src=\"https:\/\/theresource.norwex.com\/wp-content\/uploads\/sites\/3\/2025\/06\/party-banner-new.jpg\" alt=\"party banner\" width=\"100%\" \/>\n<\/div>\n<\/div>\n<div class=\"row sub-title\">\n<div class=\"col-sm-10 m-auto\">\n<img decoding=\"async\" src=\"https:\/\/theresource.norwex.com\/wp-content\/uploads\/sites\/3\/2024\/06\/norwex-logo-white.png\" class=\"page-logo\" alt=\"norwex\" \/><\/p>\n<h1>Refugio Seguro, juego de 5<\/h1>\n<h2>Demostraci\u00f3n de 10 minutos<\/h2>\n<\/div>\n<\/div>\n<\/div>\n<div class=\"container parties-page mb-4\">\n<div class=\"row gray-border\">\n<div class=\"col-sm-12\">\n<h2 class=\"mt-0\">Empezando<\/h2>\n<ul>\n<li>El esquema es una gu\u00eda \u2013 personal\u00eczalo. La demostraci\u00f3n a continuaci\u00f3n te muestra c\u00f3mo mostrar los productos.<\/li>\n<li>Este \u00edcono \ud83c\udf31 indica una semilla de Reservaci\u00f3n o de Desarrollo de Equipo. Es importante mencionar esto durante el evento para despertar inter\u00e9s.<\/li>\n<li>Necesitar\u00e1s Office Suite para compartir tu sitio web personal y el Cat\u00e1logo digital. Si necesitas registrarte visita tu Oficina de la Consultora.<\/li>\n<li><strong>Opcional:<\/strong> Crea un Carrito de Compras antes del evento con los art\u00edculos que compartir\u00e1s\/demostrar\u00e1s. Tus invitadas podr\u00e1n comprar en un solo paso y comprar\u00e1n frecuentemente todo. Tambi\u00e9n tienen la opci\u00f3n de personalizar el carrito.<\/li>\n<\/ul>\n<h2>\u00datiles Herramientas<\/h2>\n<ul class=\"button-list mb-0\">\n<li><a class=\"btn blue-btn\" type=\"button\" data-toggle=\"modal\" data-target=\"#videoModal2\" data-title=\"Refugio Seguro \u2013 Juego de 5 con Sheri\" data-video=\"https:\/\/player.vimeo.com\/video\/938844754?h=4985ac04a1\" data-site-link=\"https:\/\/vimeo.com\/938844754\/4985ac04a1\" data-download=\"https:\/\/player.vimeo.com\/progressive_redirect\/download\/938844754\/rendition\/720p\/refugio_seguro_%E2%80%93_juego_de_5_con_sheri%20%28720p%29.mp4?loc=external&#038;signature=981955e31867d86ba10ec1f4048448c1b7ed3b8e9d03ae82f7ee586ed8a3676c\">Video Demostraci\u00f3n de 10 Minutos<\/a><\/li>\n<li><a href=\"https:\/\/theresource.norwex.com\/es_us\/host-coaching\/\" class=\"btn blue-btn\" target=\"_blank\" rel=\"noopener nofollow\">Plantilla Asesorando a la Anfitriona<\/a><\/li>\n<li><a href=\"https:\/\/theresource.norwex.com\/es_us\/host-coaching-follow-up\/\" class=\"btn blue-btn\" target=\"_blank\" rel=\"noopener nofollow\">Plantilla Seguimiento<\/a><\/li>\n<li><a href=\"https:\/\/www.google.com\/url?q=https%3A%2F%2Fcdn.intelligencebank.com%2Fus%2Fshare%2FEPnB%2Fk7A3p%2FDL9kq%2Foriginal%2FNori_Share_a_Cart_SPN&#038;sa=D&#038;sntz=1&#038;usg=AOvVaw10mWnZQJMfSJi-SIxH2W_Y\" target=\"_blank\" rel=\"noopener nofollow\" class=\"btn blue-btn\" >Compartir un Carrito de Paso a Paso PDF<\/a><\/li>\n<li><a href=\"https:\/\/www.google.com\/url?q=https%3A%2F%2Fbit.ly%2F3uLeoVa&#038;sa=D&#038;sntz=1&#038;usg=AOvVaw1VDPN61PLu2VQmPVtxUCEa\"target=\"_blank\" rel=\"noopener nofollow\" class=\"btn blue-btn\">Video C\u00f3mo Crear un Carrito de Compras<\/a><\/li>\n<\/ul>\n<ul class=\"button-list mt-0\">\n<li><a href=\"https:\/\/cdn.intelligencebank.com\/us\/share\/EPnB\/k7A3p\/w8Y0p\/original\/Party+Cards+-+SPN\" target=\"_blank\" rel=\"noopener nofollow\" class=\"btn blue-btn\">Volante Dale a Tu Hogar una Transformaci\u00f3n Saludable<\/a><\/li>\n<\/ul><\/div>\n<\/p><\/div>\n<div class=\"row gray-border\">\n<div class=\"col-sm-12\">\n<h2>Antes de la Demostraci\u00f3n<\/h2>\n<p>Env\u00edale a las invitadas el Volante Dale a Tu Hogar una Transformaci\u00f3n Saludable <span class=\"tip-text\">(enlace arrriba)<\/span><\/p>\n<p>Crea un &#8220;Carrito Compartido&#8221; con el Equipo Refugio Seguro, juego de 5, de tu elecci\u00f3n + un Superior Mop Starter System (sistema de limpieza superior inicial) <span class=\"tip-text\">(instrucciones a continuaci\u00f3n)<\/span><\/p>\n<p>Re\u00fane tus productos y material de apoyo<\/p>\n<ol>\n<li>1-2 globos<\/li>\n<li>Pimiente molida (unas cuantas cucharadas) <\/li>\n<li>Harina (unas cuantas cucharadas)<\/li>\n<li>Refugio Seguro, juego de 5 y todos los tipos de detergente<\/li>\n<li>Superior Mop Starter System (sistema de limpieza)<\/li>\n<li>Vasos grandes con agua <\/li>\n<li>Demostraci\u00f3n de la mantequilla ingredientes sugeridos: mantequilla, l\u00e1piz labial, pasta de dientes, mermelada \u2013 \u00a1s\u00e9 creativa y divi\u00e9rtete!<\/li>\n<li>Marcador permanente y una baldosa<\/li>\n<\/ol><\/div>\n<\/p><\/div>\n<div class=\"row gray-border\">\n<div class=\"col-sm-12\">\n<h2>Durante la Demostraci\u00f3n<\/h2>\n<p class=\"text-center\">Haz las demostraciones relacionadas a continuaci\u00f3n.<\/p>\n<p class=\"text-center\">El evento se trata m\u00e1s de Demostraciones convincentes y menos informaci\u00f3n.<\/p>\n<p class=\"heading-text\">Demonstraciones:<\/p>\n<ol>\n<li>Demostraci\u00f3n del globo con pimienta.<\/li>\n<li>Demostraci\u00f3n de Dusting Mitt (guante limpiapolvo) con pimienta.<\/li>\n<li>Demostraci\u00f3n de la Dry Mop Pad (almohadilla seca) con harina.<\/li>\n<li>EnviroCloth\u00ae (pa\u00f1o Enviro) en un vaso con agua para mostrar su absorbencia.<\/li>\n<li>Demostraci\u00f3n de la Mantequilla (con EnviroCloth y Window Cloth[pa\u00f1o para ventanas])\u2013 ingredientes: mantequilla, vaselina, labial, mermelada.<\/li>\n<li>Demostraci\u00f3n de la Wet Mop Pad (almohadilla h\u00fameda).<\/li>\n<li>Power Cleaning Paste (poderosa pasta para limpiar) y EnviroCloth \u2013 marcador permanenete en una baldosa.<\/li>\n<li>Ultra Power Plus\u2122 y Liquid Laundry Detergent (detergente en polvo y l\u00edquido) mezclados previamente en frascos. Mostrar en vivo c\u00f3mo se disuelven las Eco-Wash Laundry Strips (bandas de detergente)<\/li>\n<\/ol><\/div>\n<\/p><\/div>\n<div class=\"row gray-border\">\n<div class=\"col-sm-12\">\n<h2>Depu\u00e9s de la Demostraci\u00f3n<\/h2>\n<p class=\"heading-text\">Terminando la Demostraci\u00f3n<\/p>\n<p>\ud83c\udf31 Antes de terminar, si algo de lo que dije despert\u00f3 tu inter\u00e9s en el negocio de Norwex, me encantar\u00eda conversar 10&#8242; contigo. \u00a1D\u00e9jame saber al finalizar la compra!<\/p>\n<p>\ud83c\udf31Mientras estaba compartiendo estos fabulosos productos, pensaste de inmediato en alguien que quisiera:<\/p>\n<ol>\n<li>Ahorrar dinero en productos de limpieza seguros <\/li>\n<li>No le gusta limpiar y le gustar\u00eda tener tiempo extra en su d\u00eda <\/li>\n<li>Le apasiona eliminar productos qu\u00edmicos t\u00f3xicos de su hogar.<\/li>\n<\/ol>\n<p>Si es as\u00ed, \u00a1hablemos sobre c\u00f3mo compartir Norwex con tus amigos y familiares! Las Anfitrionas Norwex tienen la oportunidad de ganar descuentos (para productos gratis), 50% de descuento en art\u00edculos y env\u00edo gratis..<\/p>\n<p>\u00a1Gracias por participar en el evento de <span class=\"tip-text\">(agrega el nombre de la Anfitriona)<\/span>! Espero que te hayas divertido y aprendido mucho. \u00a1Estoy aqu\u00ed para cualquier pregunta, no dudes en preguntar!<\/p>\n<p>Si ya est\u00e1s lista para ordenar, he agregado todos los art\u00edculos de los que hablamos a un carrito de compras y puedo envi\u00e1rselos directamente a cada una para que terminen su compra f\u00e1cilmente <span class=\"tip-text\">(P\u00eddeles a las invitadas sus n\u00fameros de tel\u00e9fono para enviales el enlace al Carrito Compartido)<\/span>.<\/p>\n<p class=\"tip-text\">Consejo:<\/p>\n<ul class=\"tip-text\">\n<li>Refierete al <a href=\"https:\/\/cdn.intelligencebank.com\/us\/share\/EPnB\/k7A3p\/7MPA0\/original\/26403_2024_Q1_Norwex+Perks+Flyer_SPN\" target=\"_blank\" rel=\"noopener nofollow\" class=\"text-link\">Volante Beneficios Norwex<\/a> para los detalles sobre los requisitos para calificar. <\/li>\n<li>Comparte lo que las Anfitrionas se han ganado en el pasado gratis o con descuento. <\/li>\n<li>Env\u00eda por mensaje de texto el enlace de &#8220;Compartir un Carrito&#8221; a todas las invitadas para que terminen su compra f\u00e1cilmente. \u00a1Recu\u00e9rdales que pueden ordenar todos los productos en el carrito o personalizarlo! <\/li>\n<li>Una forma ideal de mantenerte conectada con tus invitadas es tener un Grupo de Facebook (Grupo VIP) por sepaado. D\u00e9jales saber a tus invitadas que en este grupo compartes los especiales y educaci\u00f3n sobre los productos. <\/li>\n<\/ul><\/div>\n<\/p><\/div>\n<div class=\"row mt-4 gray-border\">\n<div class=\"col-sm-12\">\n<p class=\"heading-text\">Terminar la Compra<\/p>\n<p>Aseg\u00farate de terminar la compra con las invitadas de forma personal de acuerdo a las necesidadaes que cada una comparti\u00f3 y las soluciones que puedes ofrecerles. No desacredites a nadie, exti\u00e9ndeles la invitaci\u00f3n a todas para unirse a Norwex o para ser Anfitriona. <\/p>\n<p>Revisa sus orden y pregunta: \u00bfCu\u00e1l fue tu parte favorita del evento? Te envi\u00e9 un carrito para que termines f\u00e1cilmente tu compra \u00bfte gustar\u00eda agregar m\u00e1s?<\/p>\n<p>\ud83c\udf31 Mientras estaba compartiendo, \u00bfpensaste en alguien a quien le gustar\u00eda aprender acerca de estos productos? <\/p>\n<p>\ud83c\udf31 \u00bfQu\u00e9 piensas acerca de hacer lo que <span class=\"tip-text\">(nombre de la Anfitriona)<\/span> hizo hoy? Ser Anfitriona con Norwex puede ayudarte a ahorrar dinero y tiempo mientras reduces las toxinas en tu hogar. <\/p>\n<p>\u00a1Tambi\u00e9n hago eventos en l\u00ednea <span class=\"tip-text\">(detalles)<\/span>! Me encantar\u00eda ayudarte a educar a tu c\u00edrculo de amistades sobre una forma m\u00e1s segura de limpiar. <\/p>\n<p>\ud83c\udf31 \u00bfDespert\u00e9 tu inter\u00e9s en el negocio de Norwex. . . \u00bfTienes alguna pregunta?<\/p>\n<p class=\"tip-text\">Consejo:<\/p>\n<ul class=\"tip-text\">\n<li>Obt\u00e9n la informaci\u00f3n de contacto de las invitadas para poder enviarles el siguiente: Cat\u00e1logo Digital, enlace para ordenar, agregar per\u00edodo de tiempo para ordenar y agregar incentivos especiales como el especial de &#8220;\u00faltimo minuto&#8221;: coloca tu orden antes de la medianoche. <\/li>\n<li>Mientras tomas la orden de todas, preg\u00fantales sobre la oportunidad de organizar su propio evento y si tienen preguntas sobre el negocio de Norwex.<\/li>\n<li>Para cualquiera que tenga preguntas sobre Norwex, aparta un tiempo para responder sus preguntas. D\u00e9jales saber que obtienen un 35% de descuento en sus \u00f3rdenes personales y un 35% en todo lo que venden. (por ejemplo: vende $100, ganan 35).<\/li>\n<li>\u00bfQuieres m\u00e1s informaci\u00f3n sobre la oportunidad para ti o tus invitados? <a href=\"http:\/\/bit.ly\/35IbYHc\" target=\"_blank\" rel=\"noopener nofollow\" class=\"text-link\"> Aqu\u00ed est\u00e1 el enlace<\/a> para las Preguntasa Frecuentes.<\/li>\n<li>Hazle saber a cualquiera que opte por comprar como Cliente que puede ganar &#8220;Descuento Norwex* para usarlo en compras futuras. Pueden abrir una cuenta personal, compartir su Enlace Personal y ganar 10% en Cr\u00e9dito Norwex en todas las ventas de su Enlace Personal.<\/li>\n<\/ul><\/div>\n<\/p><\/div>\n<div class=\"row mt-4 gray-border\">\n<div class=\"col-sm-12\">\n<p class=\"heading-text\">Gracias y \u00daltima Oportunidad<\/p>\n<p>Recuerden que el enlace para ordenar con <span class=\"tip-text\">(agregar el nombre de la Anfitriona)<\/span> se cierra a las <span class=\"tip-text\">(agregar la hora)<\/span>.<\/p>\n<p>\ud83c\udf31\u00bfEst\u00e1s interesada en c\u00f3mo Norwex puede encajar en tu vida? <span class=\"tip-text\">(ya sea como Consultora o reservando tu propio evento para presentarle Norwex a sus amistades y familiares o quiz\u00e1s ordenar un producto que solucionar\u00e1 su reto de limpieza m\u00e1s grande)<\/span> hoy es el \u00faltimo d\u00eda para asegurase que <span class=\"tip-text\">(agregar el nombre de la Anfitriona)<\/span> reciba cr\u00e9dito. <\/p>\n<p>Si puedo ayudarte de alguna manera, por favor env\u00edame un mensaje de texto. <span class=\"tip-text\">(agrega tu n\u00famero de tel\u00e9fono por correo electr\u00f3nico\/FB)<\/span><\/p>\n<p>\u00bfEst\u00e1s lista para ordenar? <span class=\"tip-text\">(agrega el enlace para ordenar o compartir un carrito de compras)<\/span><\/p>\n<p>\u00a1Por \u00faltimo, est\u00e1s invitada a unirte a mi Grupo VIP de Facebook! Comparto consejos sobre c\u00f3mo usar los productos m\u00e1s all\u00e1 de un solo uso y muchos otros trucos y consejos <span class=\"tip-text\">(agregar el enlace al grupo)<\/span>. \u00a1Espero verte ah\u00ed! <\/p>\n<p>\u00a1Gracias nuevamente por ser parte de este evento!<\/p>\n<p><span class=\"tip-text\">(agregar nombre de Consultora)<\/span><\/p>\n<p class=\"tip-text\">Consejo:<\/p>\n<ul class=\"tip-text\">\n<li>Personaliza este punto de contacto basado en lo que ya has compartido. No compartas toda la informaci\u00f3n anterior al mismo tiempo.<\/li>\n<\/ul><\/div>\n<\/p><\/div>\n<\/div>\n","protected":false},"excerpt":{"rendered":"<p>Refugio Seguro, juego de 5 Demostraci\u00f3n de 10 minutos Empezando El esquema es una gu\u00eda \u2013 personal\u00eczalo. La demostraci\u00f3n a continuaci\u00f3n te muestra c\u00f3mo mostrar los productos. Este \u00edcono \ud83c\udf31 indica una semilla de Reservaci\u00f3n o de Desarrollo de Equipo. Es importante mencionar esto durante el evento para despertar inter\u00e9s. Necesitar\u00e1s Office Suite para compartir [&hellip;]<\/p>\n","protected":false},"author":44,"featured_media":0,"parent":0,"menu_order":0,"comment_status":"closed","ping_status":"closed","template":"","meta":{"footnotes":""},"tags":[],"class_list":["post-13962","page","type-page","status-publish","hentry"],"yoast_head":"<!-- This site is optimized with the Yoast SEO plugin v27.3 - https:\/\/yoast.com\/product\/yoast-seo-wordpress\/ -->\n<title>Sh5 Ten Minute Demo - Norwex Resource Espa\u00f1ol<\/title>\n<meta name=\"robots\" content=\"index, follow, max-snippet:-1, max-image-preview:large, max-video-preview:-1\" \/>\n<link rel=\"canonical\" href=\"https:\/\/theresource.norwex.com\/es_us\/sh5-ten-minute-demo\/\" \/>\n<meta property=\"og:locale\" content=\"es_MX\" \/>\n<meta property=\"og:type\" content=\"article\" \/>\n<meta property=\"og:title\" content=\"Sh5 Ten Minute Demo - Norwex Resource Espa\u00f1ol\" \/>\n<meta property=\"og:description\" content=\"Refugio Seguro, juego de 5 Demostraci\u00f3n de 10 minutos Empezando El esquema es una gu\u00eda \u2013 personal\u00eczalo. La demostraci\u00f3n a continuaci\u00f3n te muestra c\u00f3mo mostrar los productos. Este \u00edcono \ud83c\udf31 indica una semilla de Reservaci\u00f3n o de Desarrollo de Equipo. Es importante mencionar esto durante el evento para despertar inter\u00e9s. Necesitar\u00e1s Office Suite para compartir [&hellip;]\" \/>\n<meta property=\"og:url\" content=\"https:\/\/theresource.norwex.com\/es_us\/sh5-ten-minute-demo\/\" \/>\n<meta property=\"og:site_name\" content=\"Norwex Resource Espa\u00f1ol\" \/>\n<meta property=\"article:publisher\" content=\"https:\/\/www.facebook.com\/Norwex\/\" \/>\n<meta property=\"article:modified_time\" content=\"2026-04-14T20:46:56+00:00\" \/>\n<meta property=\"og:image\" content=\"https:\/\/theresource.norwex.com\/wp-content\/uploads\/sites\/3\/2025\/06\/party-banner-new.jpg\" \/>\n<meta name=\"twitter:card\" content=\"summary_large_image\" \/>\n<meta name=\"twitter:site\" content=\"@norwex\" \/>\n<meta name=\"twitter:label1\" content=\"Tiempo de lectura\" \/>\n\t<meta name=\"twitter:data1\" content=\"6 minutos\" \/>\n<script type=\"application\/ld+json\" class=\"yoast-schema-graph\">{\"@context\":\"https:\\\/\\\/schema.org\",\"@graph\":[{\"@type\":\"WebPage\",\"@id\":\"https:\\\/\\\/theresource.norwex.com\\\/es_us\\\/sh5-ten-minute-demo\\\/\",\"url\":\"https:\\\/\\\/theresource.norwex.com\\\/es_us\\\/sh5-ten-minute-demo\\\/\",\"name\":\"Sh5 Ten Minute Demo - Norwex Resource Espa\u00f1ol\",\"isPartOf\":{\"@id\":\"https:\\\/\\\/theresource.norwex.com\\\/es_us\\\/#website\"},\"primaryImageOfPage\":{\"@id\":\"https:\\\/\\\/theresource.norwex.com\\\/es_us\\\/sh5-ten-minute-demo\\\/#primaryimage\"},\"image\":{\"@id\":\"https:\\\/\\\/theresource.norwex.com\\\/es_us\\\/sh5-ten-minute-demo\\\/#primaryimage\"},\"thumbnailUrl\":\"https:\\\/\\\/theresource.norwex.com\\\/wp-content\\\/uploads\\\/sites\\\/3\\\/2025\\\/06\\\/party-banner-new.jpg\",\"datePublished\":\"2025-05-14T17:41:35+00:00\",\"dateModified\":\"2026-04-14T20:46:56+00:00\",\"breadcrumb\":{\"@id\":\"https:\\\/\\\/theresource.norwex.com\\\/es_us\\\/sh5-ten-minute-demo\\\/#breadcrumb\"},\"inLanguage\":\"es\",\"potentialAction\":[{\"@type\":\"ReadAction\",\"target\":[\"https:\\\/\\\/theresource.norwex.com\\\/es_us\\\/sh5-ten-minute-demo\\\/\"]}]},{\"@type\":\"ImageObject\",\"inLanguage\":\"es\",\"@id\":\"https:\\\/\\\/theresource.norwex.com\\\/es_us\\\/sh5-ten-minute-demo\\\/#primaryimage\",\"url\":\"https:\\\/\\\/theresource.norwex.com\\\/wp-content\\\/uploads\\\/sites\\\/3\\\/2025\\\/06\\\/party-banner-new.jpg\",\"contentUrl\":\"https:\\\/\\\/theresource.norwex.com\\\/wp-content\\\/uploads\\\/sites\\\/3\\\/2025\\\/06\\\/party-banner-new.jpg\"},{\"@type\":\"BreadcrumbList\",\"@id\":\"https:\\\/\\\/theresource.norwex.com\\\/es_us\\\/sh5-ten-minute-demo\\\/#breadcrumb\",\"itemListElement\":[{\"@type\":\"ListItem\",\"position\":1,\"name\":\"Home\",\"item\":\"https:\\\/\\\/theresource.norwex.com\\\/es_us\\\/\"},{\"@type\":\"ListItem\",\"position\":2,\"name\":\"Sh5 Ten Minute Demo\"}]},{\"@type\":\"WebSite\",\"@id\":\"https:\\\/\\\/theresource.norwex.com\\\/es_us\\\/#website\",\"url\":\"https:\\\/\\\/theresource.norwex.com\\\/es_us\\\/\",\"name\":\"Norwex Resource Espa\u00f1ol\",\"description\":\"Just another Norwex Multi Sites site\",\"publisher\":{\"@id\":\"https:\\\/\\\/theresource.norwex.com\\\/es_us\\\/#organization\"},\"potentialAction\":[{\"@type\":\"SearchAction\",\"target\":{\"@type\":\"EntryPoint\",\"urlTemplate\":\"https:\\\/\\\/theresource.norwex.com\\\/es_us\\\/?s={search_term_string}\"},\"query-input\":{\"@type\":\"PropertyValueSpecification\",\"valueRequired\":true,\"valueName\":\"search_term_string\"}}],\"inLanguage\":\"es\"},{\"@type\":\"Organization\",\"@id\":\"https:\\\/\\\/theresource.norwex.com\\\/es_us\\\/#organization\",\"name\":\"Norwex\",\"url\":\"https:\\\/\\\/theresource.norwex.com\\\/es_us\\\/\",\"logo\":{\"@type\":\"ImageObject\",\"inLanguage\":\"es\",\"@id\":\"https:\\\/\\\/theresource.norwex.com\\\/es_us\\\/#\\\/schema\\\/logo\\\/image\\\/\",\"url\":\"https:\\\/\\\/theresourcees.norwex.com\\\/wp-content\\\/uploads\\\/sites\\\/6\\\/2023\\\/11\\\/Norwex-Resource.jpg\",\"contentUrl\":\"https:\\\/\\\/theresourcees.norwex.com\\\/wp-content\\\/uploads\\\/sites\\\/6\\\/2023\\\/11\\\/Norwex-Resource.jpg\",\"width\":200,\"height\":200,\"caption\":\"Norwex\"},\"image\":{\"@id\":\"https:\\\/\\\/theresource.norwex.com\\\/es_us\\\/#\\\/schema\\\/logo\\\/image\\\/\"},\"sameAs\":[\"https:\\\/\\\/www.facebook.com\\\/Norwex\\\/\",\"https:\\\/\\\/x.com\\\/norwex\",\"http:\\\/\\\/pinterest.com\\\/norwex\\\/\",\"http:\\\/\\\/www.youtube.com\\\/norwex\"]}]}<\/script>\n<!-- \/ Yoast SEO plugin. -->","yoast_head_json":{"title":"Sh5 Ten Minute Demo - Norwex Resource Espa\u00f1ol","robots":{"index":"index","follow":"follow","max-snippet":"max-snippet:-1","max-image-preview":"max-image-preview:large","max-video-preview":"max-video-preview:-1"},"canonical":"https:\/\/theresource.norwex.com\/es_us\/sh5-ten-minute-demo\/","og_locale":"es_MX","og_type":"article","og_title":"Sh5 Ten Minute Demo - Norwex Resource Espa\u00f1ol","og_description":"Refugio Seguro, juego de 5 Demostraci\u00f3n de 10 minutos Empezando El esquema es una gu\u00eda \u2013 personal\u00eczalo. La demostraci\u00f3n a continuaci\u00f3n te muestra c\u00f3mo mostrar los productos. Este \u00edcono \ud83c\udf31 indica una semilla de Reservaci\u00f3n o de Desarrollo de Equipo. Es importante mencionar esto durante el evento para despertar inter\u00e9s. Necesitar\u00e1s Office Suite para compartir [&hellip;]","og_url":"https:\/\/theresource.norwex.com\/es_us\/sh5-ten-minute-demo\/","og_site_name":"Norwex Resource Espa\u00f1ol","article_publisher":"https:\/\/www.facebook.com\/Norwex\/","article_modified_time":"2026-04-14T20:46:56+00:00","og_image":[{"url":"https:\/\/theresource.norwex.com\/wp-content\/uploads\/sites\/3\/2025\/06\/party-banner-new.jpg","type":"","width":"","height":""}],"twitter_card":"summary_large_image","twitter_site":"@norwex","twitter_misc":{"Tiempo de lectura":"6 minutos"},"schema":{"@context":"https:\/\/schema.org","@graph":[{"@type":"WebPage","@id":"https:\/\/theresource.norwex.com\/es_us\/sh5-ten-minute-demo\/","url":"https:\/\/theresource.norwex.com\/es_us\/sh5-ten-minute-demo\/","name":"Sh5 Ten Minute Demo - Norwex Resource Espa\u00f1ol","isPartOf":{"@id":"https:\/\/theresource.norwex.com\/es_us\/#website"},"primaryImageOfPage":{"@id":"https:\/\/theresource.norwex.com\/es_us\/sh5-ten-minute-demo\/#primaryimage"},"image":{"@id":"https:\/\/theresource.norwex.com\/es_us\/sh5-ten-minute-demo\/#primaryimage"},"thumbnailUrl":"https:\/\/theresource.norwex.com\/wp-content\/uploads\/sites\/3\/2025\/06\/party-banner-new.jpg","datePublished":"2025-05-14T17:41:35+00:00","dateModified":"2026-04-14T20:46:56+00:00","breadcrumb":{"@id":"https:\/\/theresource.norwex.com\/es_us\/sh5-ten-minute-demo\/#breadcrumb"},"inLanguage":"es","potentialAction":[{"@type":"ReadAction","target":["https:\/\/theresource.norwex.com\/es_us\/sh5-ten-minute-demo\/"]}]},{"@type":"ImageObject","inLanguage":"es","@id":"https:\/\/theresource.norwex.com\/es_us\/sh5-ten-minute-demo\/#primaryimage","url":"https:\/\/theresource.norwex.com\/wp-content\/uploads\/sites\/3\/2025\/06\/party-banner-new.jpg","contentUrl":"https:\/\/theresource.norwex.com\/wp-content\/uploads\/sites\/3\/2025\/06\/party-banner-new.jpg"},{"@type":"BreadcrumbList","@id":"https:\/\/theresource.norwex.com\/es_us\/sh5-ten-minute-demo\/#breadcrumb","itemListElement":[{"@type":"ListItem","position":1,"name":"Home","item":"https:\/\/theresource.norwex.com\/es_us\/"},{"@type":"ListItem","position":2,"name":"Sh5 Ten Minute Demo"}]},{"@type":"WebSite","@id":"https:\/\/theresource.norwex.com\/es_us\/#website","url":"https:\/\/theresource.norwex.com\/es_us\/","name":"Norwex Resource Espa\u00f1ol","description":"Just another Norwex Multi Sites site","publisher":{"@id":"https:\/\/theresource.norwex.com\/es_us\/#organization"},"potentialAction":[{"@type":"SearchAction","target":{"@type":"EntryPoint","urlTemplate":"https:\/\/theresource.norwex.com\/es_us\/?s={search_term_string}"},"query-input":{"@type":"PropertyValueSpecification","valueRequired":true,"valueName":"search_term_string"}}],"inLanguage":"es"},{"@type":"Organization","@id":"https:\/\/theresource.norwex.com\/es_us\/#organization","name":"Norwex","url":"https:\/\/theresource.norwex.com\/es_us\/","logo":{"@type":"ImageObject","inLanguage":"es","@id":"https:\/\/theresource.norwex.com\/es_us\/#\/schema\/logo\/image\/","url":"https:\/\/theresourcees.norwex.com\/wp-content\/uploads\/sites\/6\/2023\/11\/Norwex-Resource.jpg","contentUrl":"https:\/\/theresourcees.norwex.com\/wp-content\/uploads\/sites\/6\/2023\/11\/Norwex-Resource.jpg","width":200,"height":200,"caption":"Norwex"},"image":{"@id":"https:\/\/theresource.norwex.com\/es_us\/#\/schema\/logo\/image\/"},"sameAs":["https:\/\/www.facebook.com\/Norwex\/","https:\/\/x.com\/norwex","http:\/\/pinterest.com\/norwex\/","http:\/\/www.youtube.com\/norwex"]}]}},"_links":{"self":[{"href":"https:\/\/theresource.norwex.com\/es_us\/wp-json\/wp\/v2\/pages\/13962","targetHints":{"allow":["GET"]}}],"collection":[{"href":"https:\/\/theresource.norwex.com\/es_us\/wp-json\/wp\/v2\/pages"}],"about":[{"href":"https:\/\/theresource.norwex.com\/es_us\/wp-json\/wp\/v2\/types\/page"}],"author":[{"embeddable":true,"href":"https:\/\/theresource.norwex.com\/es_us\/wp-json\/wp\/v2\/users\/44"}],"replies":[{"embeddable":true,"href":"https:\/\/theresource.norwex.com\/es_us\/wp-json\/wp\/v2\/comments?post=13962"}],"version-history":[{"count":1,"href":"https:\/\/theresource.norwex.com\/es_us\/wp-json\/wp\/v2\/pages\/13962\/revisions"}],"predecessor-version":[{"id":15726,"href":"https:\/\/theresource.norwex.com\/es_us\/wp-json\/wp\/v2\/pages\/13962\/revisions\/15726"}],"wp:attachment":[{"href":"https:\/\/theresource.norwex.com\/es_us\/wp-json\/wp\/v2\/media?parent=13962"}],"wp:term":[{"taxonomy":"post_tag","embeddable":true,"href":"https:\/\/theresource.norwex.com\/es_us\/wp-json\/wp\/v2\/tags?post=13962"}],"curies":[{"name":"wp","href":"https:\/\/api.w.org\/{rel}","templated":true}]}}