{"id":13913,"date":"2025-05-14T09:53:49","date_gmt":"2025-05-14T14:53:49","guid":{"rendered":"https:\/\/theresource.norwex.com\/es_us\/?page_id=13913"},"modified":"2025-08-26T13:22:32","modified_gmt":"2025-08-26T18:22:32","slug":"host-coaching-follow-up","status":"publish","type":"page","link":"https:\/\/theresource.norwex.com\/es_us\/host-coaching-follow-up\/","title":{"rendered":"Host Coaching Follow Up"},"content":{"rendered":"<div class=\"container quick-guide pp-header-new m-auto\">\n<div class=\"row qg-header pp-header m-auto\">\n<div class=\"col-sm-12 m-0 p-0\">\n<img decoding=\"async\" src=\"https:\/\/theresource.norwex.com\/wp-content\/uploads\/sites\/3\/2025\/06\/party-banner-new.jpg\" alt=\"party banner\" width=\"100%\" \/>\n<\/div>\n<\/div>\n<div class=\"row sub-title\">\n<div class=\"col-sm-10 m-auto\">\n<img decoding=\"async\" src=\"https:\/\/theresource.norwex.com\/wp-content\/uploads\/sites\/3\/2024\/06\/norwex-logo-white.png\" class=\"page-logo\" alt=\"norwex\" \/><\/p>\n<h1>2-2-2 Seguimiento<\/h1>\n<h2>Plantilla <\/h2>\n<\/div>\n<\/div>\n<\/div>\n<div class=\"container parties-page mb-4\">\n<div class=\"row mt-5 gray-border\">\n<div class=\"col-sm-12\">\n<p class=\"text-center\" style=\"font-size: 20px;\">No importa c\u00f3mo compartes Norwex &#8211; <strong>\u00a1la fortuna est\u00e1 en el seguimiento!<\/strong><\/p>\n<p class=\"text-center mb-5\" style=\"font-size: 20px;\">Fomentar relaciones personales y crear una comunidad de Clientes mantendr\u00e1 tu calendario lleno y te ayudar\u00e1 a desarrollar tu equipo. Recuerda esta sencilla f\u00f3rmula para el \u00e9xito: 2-2-2.<\/p>\n<ul class=\"mt-5 mb-4 pb-1\">\n<li>Usa el mensaje a continuaci\u00f3n para hacer seguimiento con tus Clientes despu\u00e9s de haber hecho una compra <span class=\"tip-text\">(personaliza cada mensaje con tu propio estilo)<\/span>.<\/li>\n<li>Si utilizas Canva, <a href=\"https:\/\/www.canva.com\/design\/DAF77lndQGg\/jbn8kgM-FcZ0-r-qLsjmvA\/edit\" target=\"_blank\" rel=\"noopener nofollow\">haz clic aqu\u00ed<\/a> para la platilla de las gr\u00e1ficas a continuaci\u00f3n. De lo contrario simplemente copia y pega las gr\u00e1ficas a continuaci\u00f3n.<\/li>\n<li>Si utilizas el programa Project Broadcast para enviar autom\u00e1ticamente tus mensajes de texto a trav\u00e9s de este servicio de pago de terceros este el C\u00f3digo para espa\u00f1ol para el Project Broadcast: <strong>6tbbMjLj7TP<\/strong><\/li>\n<\/ul>\n<p>         <img decoding=\"async\" src=\"https:\/\/theresource.norwex.com\/wp-content\/uploads\/sites\/3\/2025\/05\/follow-up-2-2-2-template.jpg\" alt=\"follow up 2 2 2 template\" style=\"width: 100%; max-width: 850px; margin: 50px auto; display: block;\" \/><\/p>\n<p class=\"heading-text\">Aqu\u00ed encontrar\u00e1s m\u00e1s informaci\u00f3n sobre la f\u00f3rmula 2-2-2 y el prop\u00f3sito de hacer seguiento despu\u00e9s de que un Cliente compre contigo:<\/p>\n<ul>\n<li><strong>2 D\u00edas:<\/strong> Simplemente agrad\u00e9cele por su compra mientras est\u00e9 emocionada y la tenga fresca en su mente. Despu\u00e9s de tres d\u00edas el inter\u00e9s se va desvaneciendo, \u00a1as\u00ed que hacer seguimiento en 2 d\u00edas hace toda la diferencia!<\/li>\n<li><strong>2 Semanas:<\/strong> Proporciona servicio al Cliente. Despierta su inter\u00e9s por abrir una cuenta de Consultora, ser Anfitriona o por compartir un Enlace Personal.<\/li>\n<li><strong>2 Meses:<\/strong> Profundiza en la relaci\u00f3n personal y mantente conectada con tu Cliente. Esta es una gran oportunidad para preguntarle si se le est\u00e1 terminando alguno de sus productos. *Piensa en productos consumibles como detergentes o para el cuidado personal. D\u00e9jales saber que pueden reponerlos autom\u00e1ticamente por medio de AutoAhorro. <\/li>\n<li><strong>6 y 12 Meses:<\/strong> A los 6 meses, el servicio al Cliente va m\u00e1s all\u00e1 porque Norwex tiene una garant\u00eda de satisfacci\u00f3n al 100% por 6 meses. A los 12 meses, des\u00e9ale feliz cumplea\u00f1os y preg\u00fantale c\u00f3mo est\u00e1. Si sigues a tu Cliente en las redes sociales, preg\u00fantale sobre algo que haya compartido recientemente. Esta es una oportunidad para continuar fomentando una relaci\u00f3n personal.<\/li>\n<\/ul><\/div>\n<\/p><\/div>\n<div class=\"row gray-border\">\n<div class=\"col-sm-12\">\n<h2>Mensaje 1 (2 D\u00edas)<\/h2>\n<div class=\"row\">\n<div class=\"col-sm-12 col-md-7\">\n<p>Saludos {{firstName}}!<\/p>\n<p>Gracias nuevamente por tu orden de Norwex. Soy {{myFirstName}}, tu Consultora de Norwex. \ud83c\udf1f<\/p>\n<p>Estar\u00e1s recibiendo tus productos aproximadamente el <span class=\"tip-text\">(insertar fecha estimada)<\/span>. Agr\u00e9game a tus contactos en tu tel\u00e9fono como &#8220;{{myFirstName}} Norwex&#8221; en caso de que llegues a tener alguna pregunta. \u00a1Me encantar\u00eda ayudarte! <\/p>\n<p>Norwex tiene ofertas especiales y promociones una vez al mes m\u00e1s o menos&#8230; \u00bfte gustar\u00eda que te las compartiera cu\u00e1ndo est\u00e9n disponibles? <\/p>\n<p>Responde: S\u00cd  o NO<\/p>\n<p>Muchas gracias,<\/p>\n<p>{{myFirstName}}<\/p>\n<\/p><\/div>\n<div class=\"col-sm-12 col-md-5\">\n               <img decoding=\"async\" src=\"https:\/\/theresource.norwex.com\/es_us\/wp-content\/uploads\/sites\/6\/2025\/05\/hcfu-2-days.png\" alt=\"follow up message 1\" style=\"width: 100%; max-width: 350px; margin: 10px auto; display: block;\" \/>\n            <\/div>\n<\/p><\/div>\n<p class=\"tip-text\">Consejos para este mensaje:<\/p>\n<ul class=\"tip-text\">\n<li>Pres\u00e9ntate <\/li>\n<li>D\u00e9jales saber que est\u00e1s aqu\u00ed para ayudarles. <\/li>\n<li>Incluye una tarjeta de uso\/cuidado para el producto si tienes alguna.<\/li>\n<\/ul><\/div>\n<\/p><\/div>\n<div class=\"row gray-border\">\n<div class=\"col-sm-12\">\n<h2>Mensaje 2 (2 Semanas)<\/h2>\n<div class=\"row\">\n<div class=\"col-sm-12 col-md-7\">\n<p>Saludos{{firstName}} \ud83d\ude0a \u00a1Soy {{myFirstName}} nuevamente!<\/p>\n<p>Te contacto otra vez para confirmar que ya recibiste tu orden. \u2611\ufe0f <\/p>\n<p>\u00bfC\u00f3mo has usado ya tus productos? \u00bfPuedo ayudarte en algo? <\/p>\n<p>Env\u00edame un mensaje de texto si tienes alguna pregunta. Estoy aqu\u00ed para ayudarte.<\/p>\n<p>{{myFirstName}} <\/p>\n<p>P.S. Si todav\u00eda tienes algunos productos en tu lista de deseos, \u00a1d\u00e9jame saberlo para compartirte c\u00f3mo puedes gan\u00e1rtelos con un buen descuento o incluso GRATIS!<\/p>\n<\/p><\/div>\n<div class=\"col-sm-12 col-md-5\">\n               <img decoding=\"async\" src=\"https:\/\/theresource.norwex.com\/es_us\/wp-content\/uploads\/sites\/6\/2025\/05\/hcfu-2-weeks.png\" alt=\"follow up message 2\" style=\"width: 100%; max-width: 350px; margin: 10px auto; display: block;\" \/>\n            <\/div>\n<\/p><\/div>\n<p class=\"tip-text\">Consejos para esta mensaje:<\/p>\n<ul class=\"tip-text\">\n<li>Si ya has contacto a tus Clientes antes de este mensaje, ad\u00e1ptalo para que parezca m\u00e1s conversacional o para hacer una llamada telef\u00f3nica.<\/li>\n<li>Si responden a este mensaje, d\u00e9jales saber sobre los beneficios de ser Anfitriona con Norwex o de tener un Enlace Personal.<\/li>\n<li>Comparte cualquier consejo de uso\/cuidado para los productos espec\u00edficos que ordenaron. <\/li>\n<\/ul><\/div>\n<\/p><\/div>\n<div class=\"row gray-border\">\n<div class=\"col-sm-12\">\n<h2>Mensaje 3 (2 Meses)<\/h2>\n<div class=\"row\">\n<div class=\"col-sm-12 col-md-7\">\n<p>\u00a1Saludos {{firstName}}!<\/p>\n<p>\u00a1Soy {{myFirstName}} salud\u00e1ndote! \ud83e\udd29<\/p>\n<p>Ha pasado alg\u00fan tiempo desde que tienes tus productos Norwex y quer\u00eda asegurarme que te encantan. \u00a1Me gustar\u00eda escuchar cualquier comentario que puedas tener!\ud83d\udc4d<\/p>\n<p>Si ya se est\u00e1 terminando tu <span class=\"tip-text\">(agrega el producto consumible que hayan ordenado recientemente)<\/span> Norwex tiene un Programa de AutoAhorro con que ahorrar\u00e1s un 10% en todas las \u00f3rdenes futuras! \u00a1Qu\u00e9 nunca te falte <span class=\"tip-text\">(agrega el producto consumilbe que hayan ordenado recientemente)<\/span>!<\/p>\n<p>\u00bfPuedo enviarte un mensaje de texto o un correo electr\u00f3nico con los detalles?<\/p>\n<p>\u2764\ufe0f{{myFirstName}}<\/p>\n<\/p><\/div>\n<div class=\"col-sm-12 col-md-5\">\n               <img decoding=\"async\" src=\"https:\/\/theresource.norwex.com\/es_us\/wp-content\/uploads\/sites\/6\/2025\/05\/hcfu-2-months.png\" alt=\"follow up message 3\" style=\"width: 100%; max-width: 350px; margin: 10px auto; display: block;\" \/>\n            <\/div>\n<\/p><\/div>\n<p class=\"tip-text\">Consejo para este mensaje:<\/p>\n<ul class=\"tip-text\">\n<li>Env\u00edale el nombre de tu Grupo VIP y el enlace si todav\u00eda no es parte del grupo.<\/li>\n<li>Este es un buen momento para registrarse en AutoAhorra para ahorrar tiempo y dinero.<\/li>\n<li>Si ya han expresado inter\u00e9s en ser Anfitriona, abrir una Cuenta de Consultora o usar un Enlace Personal, utiliza el mensaje adicional a continuaci\u00f3n.. <\/li>\n<\/ul><\/div>\n<\/p><\/div>\n<div class=\"row gray-border mt-5\">\n<div class=\"col-sm-12 col-md-7\">\n<p class=\"heading-text\">Mensaje adicional para enviar si anteriormente han expresado inter\u00e9s en ser Anfitriona, abrir una Cuenta de Consultora o usar un Enlace Personal:<\/p>\n<p>\u00a1Saludos {{firstName}}!<\/p>\n<p>Hace alg\u00fan tiempo hablamos acerca de que podr\u00edas <span class=\"tip-text\">(reunirte con algunas amigas para tu propio evento\/ganar un poco de ingreso extra con Norwex)<\/span>.<\/p>\n<p>S\u00e9 que cuando hablamos no era el momento adecuado para ti, as\u00ed que estoy haciendo seguimiento para ver si algo ha cambiado. Si deseas m\u00e1s informaci\u00f3n, me encantar\u00eda conversar contigo sobre c\u00f3mo realizar un evento o compartirlo por medio de tu enlace personal. \u00bfQu\u00e9 piensas? \u201d<\/p>\n<p>{{myFirstName}}<\/p>\n<\/p><\/div>\n<div class=\"col-sm-12 col-md-5\">\n<p class=\"tip-text\">Consejo para este mensaje:<\/p>\n<ul class=\"tip-text\">\n<li>\u00a1T\u00f3malo como algo personal y escoge alg\u00fan momento para platicar m\u00e1s!<\/li>\n<li>Si no han expresado inter\u00e9s en ninguna opci\u00f3n, considera hacerles una pregunta personal.<\/li>\n<\/ul><\/div>\n<\/p><\/div>\n<div class=\"row gray-border\">\n<div class=\"col-sm-12\">\n<h2>Mensaje 4 (6 Meses)<\/h2>\n<div class=\"row\">\n<div class=\"col-sm-12 col-md-7\">\n<p>Saludos {{firstName}} \ud83d\ude0a<\/p>\n<p>\u00a1Soy {{myFirstName}} de Norwex! Espero que te encuentres bien \ud83c\udf1f <span class=\"tip-text\">(menciona algo que hayas visto recientemente si sigues a tu Cliente en las redes sociales)<\/span>.<\/p>\n<p>Tengo un evento de (agregar el tipo de evento: lavander\u00eda, cocina, cuidado personal, etc.) Estoy empezando a apartar las fechas para reservaciones para <span class=\"tip-text\">(agregar el mes)<\/span> \u00bftienes algunas amistades o familiares en las que puedas pensar que son apasionada de los productos seguros, qu\u00e9 les gustar\u00eda ahorrar $$ en suministros de limpieza o que no les guste limpiar y les encantar\u00eda tener m\u00e1s tiempo durante el d\u00eda? <\/p>\n<p>\u00a1Me encantar\u00eda que convers\u00e1ramos sobre tu disponibilidad! Realizo eventos <span class=\"tip-text\">(comparte como prefieres tener eventos: en persona, en l\u00ednea, etc.)<\/span>.<\/p>\n<p>{{myFirstName}}<\/p>\n<\/p><\/div>\n<div class=\"col-sm-12 col-md-5\">\n<p class=\"tip-text\">Consejo para este mensaje:<\/p>\n<ul class=\"tip-text\">\n<li>\u00bfQu\u00e9 idea o consejo puedes brindar para iniciar una converaci\u00f3n?\u00bfQu\u00e9 preguntas han surgido?<\/li>\n<\/ul><\/div>\n<\/p><\/div>\n<\/p><\/div>\n<\/p><\/div>\n<div class=\"row\">\n<div class=\"col-sm-12\">\n<h2>Mensaje 5 (12 Meses)<\/h2>\n<div class=\"row\">\n<div class=\"col-sm-12 col-md-7\">\n<p>\u00a1Ha pasado ya todo un a\u00f1o {{firstName}}!<\/p>\n<p>\u00a1Buenas Noticias! \ud83c\udf89<\/p>\n<p>\u00a1Hace un a\u00f1o empezaste tu trayectoria con Norwex! No puedo agradecerte lo suficiente por ser parte de esta incre\u00edble comunidad. \ud83d\ude0a<\/p>\n<p>\u00a1Cada compra hace una diferencia para m\u00ed y mi familia! Gracias por tu apoyo. <span class=\"tip-text\">(a\u00f1ade un regalo si eliges env\u00edo gratis, 10% de descuento, un producto, etc.)<\/span><\/p>\n<p>{{myFirstName}} <\/p>\n<\/p><\/div>\n<div class=\"col-sm-12 col-md-5\">\n               <img decoding=\"async\" src=\"https:\/\/theresource.norwex.com\/es_us\/wp-content\/uploads\/sites\/6\/2025\/05\/hcfu-12-months.png\" alt=\"follow up message 5\" style=\"width: 100%; max-width: 350px; margin: 10px auto; display: block;\" \/>\n            <\/div>\n<\/p><\/div>\n<p class=\"tip-text\">Consejo para este mensaje:<\/p>\n<ul class=\"tip-text\">\n<li>Darles un regalo como el env\u00edo gratis o un peque\u00f1o descuento las motivar\u00e1 a volver a comprar y mantenerse conectadas.<\/li>\n<\/ul><\/div>\n<\/p><\/div>\n<\/p><\/div>\n<\/div>\n","protected":false},"excerpt":{"rendered":"<p>2-2-2 Seguimiento Plantilla No importa c\u00f3mo compartes Norwex &#8211; \u00a1la fortuna est\u00e1 en el seguimiento! Fomentar relaciones personales y crear una comunidad de Clientes mantendr\u00e1 tu calendario lleno y te ayudar\u00e1 a desarrollar tu equipo. Recuerda esta sencilla f\u00f3rmula para el \u00e9xito: 2-2-2. Usa el mensaje a continuaci\u00f3n para hacer seguimiento con tus Clientes despu\u00e9s [&hellip;]<\/p>\n","protected":false},"author":44,"featured_media":0,"parent":0,"menu_order":0,"comment_status":"closed","ping_status":"closed","template":"","meta":{"footnotes":""},"tags":[],"class_list":["post-13913","page","type-page","status-publish","hentry"],"yoast_head":"<!-- This site is optimized with the Yoast SEO plugin v27.3 - https:\/\/yoast.com\/product\/yoast-seo-wordpress\/ -->\n<title>Host Coaching Follow Up - Norwex Resource Espa\u00f1ol<\/title>\n<meta name=\"robots\" content=\"index, follow, max-snippet:-1, max-image-preview:large, max-video-preview:-1\" \/>\n<link rel=\"canonical\" href=\"https:\/\/theresource.norwex.com\/es_us\/host-coaching-follow-up\/\" \/>\n<meta property=\"og:locale\" content=\"es_MX\" \/>\n<meta property=\"og:type\" content=\"article\" \/>\n<meta property=\"og:title\" content=\"Host Coaching Follow Up - Norwex Resource Espa\u00f1ol\" \/>\n<meta property=\"og:description\" content=\"2-2-2 Seguimiento Plantilla No importa c\u00f3mo compartes Norwex &#8211; \u00a1la fortuna est\u00e1 en el seguimiento! Fomentar relaciones personales y crear una comunidad de Clientes mantendr\u00e1 tu calendario lleno y te ayudar\u00e1 a desarrollar tu equipo. Recuerda esta sencilla f\u00f3rmula para el \u00e9xito: 2-2-2. Usa el mensaje a continuaci\u00f3n para hacer seguimiento con tus Clientes despu\u00e9s [&hellip;]\" \/>\n<meta property=\"og:url\" content=\"https:\/\/theresource.norwex.com\/es_us\/host-coaching-follow-up\/\" \/>\n<meta property=\"og:site_name\" content=\"Norwex Resource Espa\u00f1ol\" \/>\n<meta property=\"article:publisher\" content=\"https:\/\/www.facebook.com\/Norwex\/\" \/>\n<meta property=\"article:modified_time\" content=\"2025-08-26T18:22:32+00:00\" \/>\n<meta property=\"og:image\" content=\"https:\/\/theresource.norwex.com\/wp-content\/uploads\/sites\/3\/2025\/06\/party-banner-new.jpg\" \/>\n<meta name=\"twitter:card\" content=\"summary_large_image\" \/>\n<meta name=\"twitter:site\" content=\"@norwex\" \/>\n<meta name=\"twitter:label1\" content=\"Tiempo de lectura\" \/>\n\t<meta name=\"twitter:data1\" content=\"7 minutos\" \/>\n<script type=\"application\/ld+json\" class=\"yoast-schema-graph\">{\"@context\":\"https:\\\/\\\/schema.org\",\"@graph\":[{\"@type\":\"WebPage\",\"@id\":\"https:\\\/\\\/theresource.norwex.com\\\/es_us\\\/host-coaching-follow-up\\\/\",\"url\":\"https:\\\/\\\/theresource.norwex.com\\\/es_us\\\/host-coaching-follow-up\\\/\",\"name\":\"Host Coaching Follow Up - Norwex Resource Espa\u00f1ol\",\"isPartOf\":{\"@id\":\"https:\\\/\\\/theresource.norwex.com\\\/es_us\\\/#website\"},\"primaryImageOfPage\":{\"@id\":\"https:\\\/\\\/theresource.norwex.com\\\/es_us\\\/host-coaching-follow-up\\\/#primaryimage\"},\"image\":{\"@id\":\"https:\\\/\\\/theresource.norwex.com\\\/es_us\\\/host-coaching-follow-up\\\/#primaryimage\"},\"thumbnailUrl\":\"https:\\\/\\\/theresource.norwex.com\\\/wp-content\\\/uploads\\\/sites\\\/3\\\/2025\\\/06\\\/party-banner-new.jpg\",\"datePublished\":\"2025-05-14T14:53:49+00:00\",\"dateModified\":\"2025-08-26T18:22:32+00:00\",\"breadcrumb\":{\"@id\":\"https:\\\/\\\/theresource.norwex.com\\\/es_us\\\/host-coaching-follow-up\\\/#breadcrumb\"},\"inLanguage\":\"es\",\"potentialAction\":[{\"@type\":\"ReadAction\",\"target\":[\"https:\\\/\\\/theresource.norwex.com\\\/es_us\\\/host-coaching-follow-up\\\/\"]}]},{\"@type\":\"ImageObject\",\"inLanguage\":\"es\",\"@id\":\"https:\\\/\\\/theresource.norwex.com\\\/es_us\\\/host-coaching-follow-up\\\/#primaryimage\",\"url\":\"https:\\\/\\\/theresource.norwex.com\\\/wp-content\\\/uploads\\\/sites\\\/3\\\/2025\\\/06\\\/party-banner-new.jpg\",\"contentUrl\":\"https:\\\/\\\/theresource.norwex.com\\\/wp-content\\\/uploads\\\/sites\\\/3\\\/2025\\\/06\\\/party-banner-new.jpg\"},{\"@type\":\"BreadcrumbList\",\"@id\":\"https:\\\/\\\/theresource.norwex.com\\\/es_us\\\/host-coaching-follow-up\\\/#breadcrumb\",\"itemListElement\":[{\"@type\":\"ListItem\",\"position\":1,\"name\":\"Home\",\"item\":\"https:\\\/\\\/theresource.norwex.com\\\/es_us\\\/\"},{\"@type\":\"ListItem\",\"position\":2,\"name\":\"Host Coaching Follow Up\"}]},{\"@type\":\"WebSite\",\"@id\":\"https:\\\/\\\/theresource.norwex.com\\\/es_us\\\/#website\",\"url\":\"https:\\\/\\\/theresource.norwex.com\\\/es_us\\\/\",\"name\":\"Norwex Resource Espa\u00f1ol\",\"description\":\"Just another Norwex Multi Sites site\",\"publisher\":{\"@id\":\"https:\\\/\\\/theresource.norwex.com\\\/es_us\\\/#organization\"},\"potentialAction\":[{\"@type\":\"SearchAction\",\"target\":{\"@type\":\"EntryPoint\",\"urlTemplate\":\"https:\\\/\\\/theresource.norwex.com\\\/es_us\\\/?s={search_term_string}\"},\"query-input\":{\"@type\":\"PropertyValueSpecification\",\"valueRequired\":true,\"valueName\":\"search_term_string\"}}],\"inLanguage\":\"es\"},{\"@type\":\"Organization\",\"@id\":\"https:\\\/\\\/theresource.norwex.com\\\/es_us\\\/#organization\",\"name\":\"Norwex\",\"url\":\"https:\\\/\\\/theresource.norwex.com\\\/es_us\\\/\",\"logo\":{\"@type\":\"ImageObject\",\"inLanguage\":\"es\",\"@id\":\"https:\\\/\\\/theresource.norwex.com\\\/es_us\\\/#\\\/schema\\\/logo\\\/image\\\/\",\"url\":\"https:\\\/\\\/theresourcees.norwex.com\\\/wp-content\\\/uploads\\\/sites\\\/6\\\/2023\\\/11\\\/Norwex-Resource.jpg\",\"contentUrl\":\"https:\\\/\\\/theresourcees.norwex.com\\\/wp-content\\\/uploads\\\/sites\\\/6\\\/2023\\\/11\\\/Norwex-Resource.jpg\",\"width\":200,\"height\":200,\"caption\":\"Norwex\"},\"image\":{\"@id\":\"https:\\\/\\\/theresource.norwex.com\\\/es_us\\\/#\\\/schema\\\/logo\\\/image\\\/\"},\"sameAs\":[\"https:\\\/\\\/www.facebook.com\\\/Norwex\\\/\",\"https:\\\/\\\/x.com\\\/norwex\",\"http:\\\/\\\/pinterest.com\\\/norwex\\\/\",\"http:\\\/\\\/www.youtube.com\\\/norwex\"]}]}<\/script>\n<!-- \/ Yoast SEO plugin. -->","yoast_head_json":{"title":"Host Coaching Follow Up - Norwex Resource Espa\u00f1ol","robots":{"index":"index","follow":"follow","max-snippet":"max-snippet:-1","max-image-preview":"max-image-preview:large","max-video-preview":"max-video-preview:-1"},"canonical":"https:\/\/theresource.norwex.com\/es_us\/host-coaching-follow-up\/","og_locale":"es_MX","og_type":"article","og_title":"Host Coaching Follow Up - Norwex Resource Espa\u00f1ol","og_description":"2-2-2 Seguimiento Plantilla No importa c\u00f3mo compartes Norwex &#8211; \u00a1la fortuna est\u00e1 en el seguimiento! Fomentar relaciones personales y crear una comunidad de Clientes mantendr\u00e1 tu calendario lleno y te ayudar\u00e1 a desarrollar tu equipo. Recuerda esta sencilla f\u00f3rmula para el \u00e9xito: 2-2-2. Usa el mensaje a continuaci\u00f3n para hacer seguimiento con tus Clientes despu\u00e9s [&hellip;]","og_url":"https:\/\/theresource.norwex.com\/es_us\/host-coaching-follow-up\/","og_site_name":"Norwex Resource Espa\u00f1ol","article_publisher":"https:\/\/www.facebook.com\/Norwex\/","article_modified_time":"2025-08-26T18:22:32+00:00","og_image":[{"url":"https:\/\/theresource.norwex.com\/wp-content\/uploads\/sites\/3\/2025\/06\/party-banner-new.jpg","type":"","width":"","height":""}],"twitter_card":"summary_large_image","twitter_site":"@norwex","twitter_misc":{"Tiempo de lectura":"7 minutos"},"schema":{"@context":"https:\/\/schema.org","@graph":[{"@type":"WebPage","@id":"https:\/\/theresource.norwex.com\/es_us\/host-coaching-follow-up\/","url":"https:\/\/theresource.norwex.com\/es_us\/host-coaching-follow-up\/","name":"Host Coaching Follow Up - Norwex Resource Espa\u00f1ol","isPartOf":{"@id":"https:\/\/theresource.norwex.com\/es_us\/#website"},"primaryImageOfPage":{"@id":"https:\/\/theresource.norwex.com\/es_us\/host-coaching-follow-up\/#primaryimage"},"image":{"@id":"https:\/\/theresource.norwex.com\/es_us\/host-coaching-follow-up\/#primaryimage"},"thumbnailUrl":"https:\/\/theresource.norwex.com\/wp-content\/uploads\/sites\/3\/2025\/06\/party-banner-new.jpg","datePublished":"2025-05-14T14:53:49+00:00","dateModified":"2025-08-26T18:22:32+00:00","breadcrumb":{"@id":"https:\/\/theresource.norwex.com\/es_us\/host-coaching-follow-up\/#breadcrumb"},"inLanguage":"es","potentialAction":[{"@type":"ReadAction","target":["https:\/\/theresource.norwex.com\/es_us\/host-coaching-follow-up\/"]}]},{"@type":"ImageObject","inLanguage":"es","@id":"https:\/\/theresource.norwex.com\/es_us\/host-coaching-follow-up\/#primaryimage","url":"https:\/\/theresource.norwex.com\/wp-content\/uploads\/sites\/3\/2025\/06\/party-banner-new.jpg","contentUrl":"https:\/\/theresource.norwex.com\/wp-content\/uploads\/sites\/3\/2025\/06\/party-banner-new.jpg"},{"@type":"BreadcrumbList","@id":"https:\/\/theresource.norwex.com\/es_us\/host-coaching-follow-up\/#breadcrumb","itemListElement":[{"@type":"ListItem","position":1,"name":"Home","item":"https:\/\/theresource.norwex.com\/es_us\/"},{"@type":"ListItem","position":2,"name":"Host Coaching Follow Up"}]},{"@type":"WebSite","@id":"https:\/\/theresource.norwex.com\/es_us\/#website","url":"https:\/\/theresource.norwex.com\/es_us\/","name":"Norwex Resource Espa\u00f1ol","description":"Just another Norwex Multi Sites site","publisher":{"@id":"https:\/\/theresource.norwex.com\/es_us\/#organization"},"potentialAction":[{"@type":"SearchAction","target":{"@type":"EntryPoint","urlTemplate":"https:\/\/theresource.norwex.com\/es_us\/?s={search_term_string}"},"query-input":{"@type":"PropertyValueSpecification","valueRequired":true,"valueName":"search_term_string"}}],"inLanguage":"es"},{"@type":"Organization","@id":"https:\/\/theresource.norwex.com\/es_us\/#organization","name":"Norwex","url":"https:\/\/theresource.norwex.com\/es_us\/","logo":{"@type":"ImageObject","inLanguage":"es","@id":"https:\/\/theresource.norwex.com\/es_us\/#\/schema\/logo\/image\/","url":"https:\/\/theresourcees.norwex.com\/wp-content\/uploads\/sites\/6\/2023\/11\/Norwex-Resource.jpg","contentUrl":"https:\/\/theresourcees.norwex.com\/wp-content\/uploads\/sites\/6\/2023\/11\/Norwex-Resource.jpg","width":200,"height":200,"caption":"Norwex"},"image":{"@id":"https:\/\/theresource.norwex.com\/es_us\/#\/schema\/logo\/image\/"},"sameAs":["https:\/\/www.facebook.com\/Norwex\/","https:\/\/x.com\/norwex","http:\/\/pinterest.com\/norwex\/","http:\/\/www.youtube.com\/norwex"]}]}},"_links":{"self":[{"href":"https:\/\/theresource.norwex.com\/es_us\/wp-json\/wp\/v2\/pages\/13913","targetHints":{"allow":["GET"]}}],"collection":[{"href":"https:\/\/theresource.norwex.com\/es_us\/wp-json\/wp\/v2\/pages"}],"about":[{"href":"https:\/\/theresource.norwex.com\/es_us\/wp-json\/wp\/v2\/types\/page"}],"author":[{"embeddable":true,"href":"https:\/\/theresource.norwex.com\/es_us\/wp-json\/wp\/v2\/users\/44"}],"replies":[{"embeddable":true,"href":"https:\/\/theresource.norwex.com\/es_us\/wp-json\/wp\/v2\/comments?post=13913"}],"version-history":[{"count":0,"href":"https:\/\/theresource.norwex.com\/es_us\/wp-json\/wp\/v2\/pages\/13913\/revisions"}],"wp:attachment":[{"href":"https:\/\/theresource.norwex.com\/es_us\/wp-json\/wp\/v2\/media?parent=13913"}],"wp:term":[{"taxonomy":"post_tag","embeddable":true,"href":"https:\/\/theresource.norwex.com\/es_us\/wp-json\/wp\/v2\/tags?post=13913"}],"curies":[{"name":"wp","href":"https:\/\/api.w.org\/{rel}","templated":true}]}}