{"id":13315,"date":"2024-09-11T13:25:17","date_gmt":"2024-09-11T18:25:17","guid":{"rendered":"https:\/\/theresource.norwex.com\/es_us\/?page_id=13315"},"modified":"2025-08-11T11:58:34","modified_gmt":"2025-08-11T16:58:34","slug":"training","status":"publish","type":"page","link":"https:\/\/theresource.norwex.com\/es_us\/training\/","title":{"rendered":"Training"},"content":{"rendered":"<div class=\"container training-page training-sp m-auto\">\n<div class=\"row tp-header m-auto py-0\">\n<div class=\"col-sm-12 col-md-6 m-0\">\n            <img decoding=\"async\" src=\"https:\/\/theresource.norwex.com\/wp-content\/uploads\/sites\/3\/2024\/09\/Team_Building_Mobile_4.jpg\" alt=\"banner image\" class=\"mobile-img\"\/>\n        <\/div>\n<div class=\"col-sm-12 col-md-6 m-0 title-container\">\n<h1 class=\"blue-txt\">Norwex<span style=\"font-size: 75%;\">\u00ae<\/span> Entrenamiento <\/h1>\n<p class=\"blue-txt\">\n<\/p><\/div>\n<\/p><\/div>\n<div class=\"row tp-body m-auto\">\n<div class=\"col-sm-12 col-md-4 m-0\">\n            <a href=\"\/es_us\/start-your-norwex-journey\/\" target=\"_blank\" rel=\"noopener noreferrer\" class=\"training-btn tp-navy-btn double-line\">Empieza Tu Trayectoria<br \/>Norwex<\/a>\n        <\/div>\n<div class=\"col-sm-12 col-md-4 m-0\">\n            <a href=\"\/es_us\/product-quick-guide\/ \" target=\"_blank\" rel=\"noopener noreferrer\" class=\"training-btn tp-teal-btn double-line\">Gu\u00eda R\u00e1pida<br \/>del Producto<\/a>\n        <\/div>\n<div class=\"col-sm-12 col-md-4 m-0\">\n            <a href=\"\/es_us\/party\/\" target=\"_blank\" rel=\"noopener noreferrer\" class=\"training-btn tp-tan-btn double-line\">Estilos de Demostraci\u00f3n<br \/>y Plantillas<\/a>\n        <\/div>\n<p>        <!--\n\n<div class=\"col-sm-12 col-md-4 m-0\">\n            <a href=\"\/es_us\/bookings\/\" target=\"_blank\" rel=\"noopener noreferrer\" class=\"training-btn tp-cyan-btn double-line\">Calendario de<br \/>Reservaci\u00f3n<\/a>\n        <\/div>\n\n--><\/p>\n<div class=\"col-sm-12 col-md-4 m-0\">\n            <a href=\"\/es_us\/grow-your-business\/\" target=\"_blank\" rel=\"noopener noreferrer\" class=\"training-btn tp-gray-btn double-line\">Desarrolla Tu<br \/>Negocio Norwex<\/a>\n        <\/div>\n<div class=\"col-sm-12 col-md-4 m-0\">\n            <a href=\"https:\/\/soundcloud.com\/norwex-learning-network\" target=\"_blank\" rel=\"noopener noreferrer\" class=\"training-btn tp-yellow-btn\">Podcasts<\/a>\n        <\/div>\n<div class=\"col-sm-12 col-md-4 m-0\">\n\t    <a href=\"\/es_us\/consultant-back-office-training\/\" target=\"_blank\" rel=\"noopener noreferrer\" class=\"training-btn tp-mauve-btn\">Oficina de la Consultora<\/a>\n\t<\/div>\n<\/p><\/div>\n<div class=\"row tp-body m-auto\">\n<h2 style=\"text-align: center;\">Formaci\u00f3n de L\u00edderes y Equipos<\/h2>\n<\/p><\/div>\n<div class=\"row tp-body m-auto\">\n<div class=\"col-sm-12 col-md-4 m-0\">\n            <a href=\"\/es_us\/team-building\/\" target=\"_blank\" rel=\"noopener noreferrer\" class=\"training-btn tp-pink-btn double-line\">Desarrollo de<br \/>Equipo Norwex<\/a>\n        <\/div>\n<div class=\"col-sm-12 col-md-4 m-0\">\n            <a href=\"https:\/\/theresource.norwex.com\/es_us\/asset-search\/?searchID=leader&#038;region=SPN\" target=\"_blank\" rel=\"noopener noreferrer\" class=\"training-btn tp-lightgray-btn double-line\">Desarrollo de<br \/>Liderazgo<\/a>\n        <\/div>\n<\/p><\/div>\n<div class=\"row tp-body m-auto\">\n<h2 style=\"text-align: center; margin: 20px 0 -30px !important;\">Enlaces R\u00e1pidos<\/h2>\n<\/p><\/div>\n<div class=\"row tp-body m-auto py-5 col-sm-12 col-lg-10\">\n<div class=\"col-sm-12 col-md-5 col-xl-6 m-0 p-3\">\n            <a href=\"https:\/\/my.norwex.com\/\" target=\"_blank\" rel=\"noopener noreferrer\" class=\"text-btn\"><img decoding=\"async\" src=\"https:\/\/theresource.norwex.com\/wp-content\/uploads\/sites\/3\/2024\/10\/ba-icon.png\" alt=\"arrow icon back office\" \/><span>Oficina de la Consultora<\/span><\/a>\n        <\/div>\n<div class=\"col-sm-12 col-md-7 col-xl-6 m-0 p-3\">\n            <a type=\"button\" data-toggle=\"modal\" data-target=\"#kajabiVideo\" class=\"text-btn\"><img decoding=\"async\" src=\"https:\/\/theresource.norwex.com\/wp-content\/uploads\/sites\/3\/2024\/10\/ca-icon.png\" alt=\"app icon consultant app\" \/><span>Aplicaci\u00f3n para Consultoras Norwex<\/span><\/a>\n        <\/div>\n<\/p><\/div>\n<\/div>\n","protected":false},"excerpt":{"rendered":"<p>Norwex\u00ae Entrenamiento Empieza Tu TrayectoriaNorwex Gu\u00eda R\u00e1pidadel Producto Estilos de Demostraci\u00f3ny Plantillas Desarrolla TuNegocio Norwex Podcasts Oficina de la Consultora Formaci\u00f3n de L\u00edderes y Equipos Desarrollo deEquipo Norwex Desarrollo deLiderazgo Enlaces R\u00e1pidos Oficina de la Consultora Aplicaci\u00f3n para Consultoras Norwex<\/p>\n","protected":false},"author":13,"featured_media":0,"parent":0,"menu_order":0,"comment_status":"closed","ping_status":"closed","template":"","meta":{"footnotes":""},"tags":[],"class_list":["post-13315","page","type-page","status-publish","hentry"],"yoast_head":"<!-- This site is optimized with the Yoast SEO plugin v27.3 - https:\/\/yoast.com\/product\/yoast-seo-wordpress\/ -->\n<title>Training - Norwex Resource Espa\u00f1ol<\/title>\n<meta name=\"robots\" content=\"index, follow, max-snippet:-1, max-image-preview:large, max-video-preview:-1\" \/>\n<link rel=\"canonical\" href=\"https:\/\/theresource.norwex.com\/es_us\/training\/\" \/>\n<meta property=\"og:locale\" content=\"es_MX\" \/>\n<meta property=\"og:type\" content=\"article\" \/>\n<meta property=\"og:title\" content=\"Training - Norwex Resource Espa\u00f1ol\" \/>\n<meta property=\"og:description\" content=\"Norwex\u00ae Entrenamiento Empieza Tu TrayectoriaNorwex Gu\u00eda R\u00e1pidadel Producto Estilos de Demostraci\u00f3ny Plantillas Desarrolla TuNegocio Norwex Podcasts Oficina de la Consultora Formaci\u00f3n de L\u00edderes y Equipos Desarrollo deEquipo Norwex Desarrollo deLiderazgo Enlaces R\u00e1pidos Oficina de la Consultora Aplicaci\u00f3n para Consultoras Norwex\" \/>\n<meta property=\"og:url\" content=\"https:\/\/theresource.norwex.com\/es_us\/training\/\" \/>\n<meta property=\"og:site_name\" content=\"Norwex Resource Espa\u00f1ol\" \/>\n<meta property=\"article:publisher\" content=\"https:\/\/www.facebook.com\/Norwex\/\" \/>\n<meta property=\"article:modified_time\" content=\"2025-08-11T16:58:34+00:00\" \/>\n<meta property=\"og:image\" content=\"https:\/\/theresource.norwex.com\/wp-content\/uploads\/sites\/3\/2024\/09\/Team_Building_Mobile_4.jpg\" \/>\n<meta name=\"twitter:card\" content=\"summary_large_image\" \/>\n<meta name=\"twitter:site\" content=\"@norwex\" \/>\n<meta name=\"twitter:label1\" content=\"Tiempo de lectura\" \/>\n\t<meta name=\"twitter:data1\" content=\"1 minuto\" \/>\n<script type=\"application\/ld+json\" class=\"yoast-schema-graph\">{\"@context\":\"https:\\\/\\\/schema.org\",\"@graph\":[{\"@type\":\"WebPage\",\"@id\":\"https:\\\/\\\/theresource.norwex.com\\\/es_us\\\/training\\\/\",\"url\":\"https:\\\/\\\/theresource.norwex.com\\\/es_us\\\/training\\\/\",\"name\":\"Training - Norwex Resource Espa\u00f1ol\",\"isPartOf\":{\"@id\":\"https:\\\/\\\/theresource.norwex.com\\\/es_us\\\/#website\"},\"primaryImageOfPage\":{\"@id\":\"https:\\\/\\\/theresource.norwex.com\\\/es_us\\\/training\\\/#primaryimage\"},\"image\":{\"@id\":\"https:\\\/\\\/theresource.norwex.com\\\/es_us\\\/training\\\/#primaryimage\"},\"thumbnailUrl\":\"https:\\\/\\\/theresource.norwex.com\\\/wp-content\\\/uploads\\\/sites\\\/3\\\/2024\\\/09\\\/Team_Building_Mobile_4.jpg\",\"datePublished\":\"2024-09-11T18:25:17+00:00\",\"dateModified\":\"2025-08-11T16:58:34+00:00\",\"breadcrumb\":{\"@id\":\"https:\\\/\\\/theresource.norwex.com\\\/es_us\\\/training\\\/#breadcrumb\"},\"inLanguage\":\"es\",\"potentialAction\":[{\"@type\":\"ReadAction\",\"target\":[\"https:\\\/\\\/theresource.norwex.com\\\/es_us\\\/training\\\/\"]}]},{\"@type\":\"ImageObject\",\"inLanguage\":\"es\",\"@id\":\"https:\\\/\\\/theresource.norwex.com\\\/es_us\\\/training\\\/#primaryimage\",\"url\":\"https:\\\/\\\/theresource.norwex.com\\\/wp-content\\\/uploads\\\/sites\\\/3\\\/2024\\\/09\\\/Team_Building_Mobile_4.jpg\",\"contentUrl\":\"https:\\\/\\\/theresource.norwex.com\\\/wp-content\\\/uploads\\\/sites\\\/3\\\/2024\\\/09\\\/Team_Building_Mobile_4.jpg\"},{\"@type\":\"BreadcrumbList\",\"@id\":\"https:\\\/\\\/theresource.norwex.com\\\/es_us\\\/training\\\/#breadcrumb\",\"itemListElement\":[{\"@type\":\"ListItem\",\"position\":1,\"name\":\"Home\",\"item\":\"https:\\\/\\\/theresource.norwex.com\\\/es_us\\\/\"},{\"@type\":\"ListItem\",\"position\":2,\"name\":\"Training\"}]},{\"@type\":\"WebSite\",\"@id\":\"https:\\\/\\\/theresource.norwex.com\\\/es_us\\\/#website\",\"url\":\"https:\\\/\\\/theresource.norwex.com\\\/es_us\\\/\",\"name\":\"Norwex Resource Espa\u00f1ol\",\"description\":\"Just another Norwex Multi Sites site\",\"publisher\":{\"@id\":\"https:\\\/\\\/theresource.norwex.com\\\/es_us\\\/#organization\"},\"potentialAction\":[{\"@type\":\"SearchAction\",\"target\":{\"@type\":\"EntryPoint\",\"urlTemplate\":\"https:\\\/\\\/theresource.norwex.com\\\/es_us\\\/?s={search_term_string}\"},\"query-input\":{\"@type\":\"PropertyValueSpecification\",\"valueRequired\":true,\"valueName\":\"search_term_string\"}}],\"inLanguage\":\"es\"},{\"@type\":\"Organization\",\"@id\":\"https:\\\/\\\/theresource.norwex.com\\\/es_us\\\/#organization\",\"name\":\"Norwex\",\"url\":\"https:\\\/\\\/theresource.norwex.com\\\/es_us\\\/\",\"logo\":{\"@type\":\"ImageObject\",\"inLanguage\":\"es\",\"@id\":\"https:\\\/\\\/theresource.norwex.com\\\/es_us\\\/#\\\/schema\\\/logo\\\/image\\\/\",\"url\":\"https:\\\/\\\/theresourcees.norwex.com\\\/wp-content\\\/uploads\\\/sites\\\/6\\\/2023\\\/11\\\/Norwex-Resource.jpg\",\"contentUrl\":\"https:\\\/\\\/theresourcees.norwex.com\\\/wp-content\\\/uploads\\\/sites\\\/6\\\/2023\\\/11\\\/Norwex-Resource.jpg\",\"width\":200,\"height\":200,\"caption\":\"Norwex\"},\"image\":{\"@id\":\"https:\\\/\\\/theresource.norwex.com\\\/es_us\\\/#\\\/schema\\\/logo\\\/image\\\/\"},\"sameAs\":[\"https:\\\/\\\/www.facebook.com\\\/Norwex\\\/\",\"https:\\\/\\\/x.com\\\/norwex\",\"http:\\\/\\\/pinterest.com\\\/norwex\\\/\",\"http:\\\/\\\/www.youtube.com\\\/norwex\"]}]}<\/script>\n<!-- \/ Yoast SEO plugin. -->","yoast_head_json":{"title":"Training - Norwex Resource Espa\u00f1ol","robots":{"index":"index","follow":"follow","max-snippet":"max-snippet:-1","max-image-preview":"max-image-preview:large","max-video-preview":"max-video-preview:-1"},"canonical":"https:\/\/theresource.norwex.com\/es_us\/training\/","og_locale":"es_MX","og_type":"article","og_title":"Training - Norwex Resource Espa\u00f1ol","og_description":"Norwex\u00ae Entrenamiento Empieza Tu TrayectoriaNorwex Gu\u00eda R\u00e1pidadel Producto Estilos de Demostraci\u00f3ny Plantillas Desarrolla TuNegocio Norwex Podcasts Oficina de la Consultora Formaci\u00f3n de L\u00edderes y Equipos Desarrollo deEquipo Norwex Desarrollo deLiderazgo Enlaces R\u00e1pidos Oficina de la Consultora Aplicaci\u00f3n para Consultoras Norwex","og_url":"https:\/\/theresource.norwex.com\/es_us\/training\/","og_site_name":"Norwex Resource Espa\u00f1ol","article_publisher":"https:\/\/www.facebook.com\/Norwex\/","article_modified_time":"2025-08-11T16:58:34+00:00","og_image":[{"url":"https:\/\/theresource.norwex.com\/wp-content\/uploads\/sites\/3\/2024\/09\/Team_Building_Mobile_4.jpg","type":"","width":"","height":""}],"twitter_card":"summary_large_image","twitter_site":"@norwex","twitter_misc":{"Tiempo de lectura":"1 minuto"},"schema":{"@context":"https:\/\/schema.org","@graph":[{"@type":"WebPage","@id":"https:\/\/theresource.norwex.com\/es_us\/training\/","url":"https:\/\/theresource.norwex.com\/es_us\/training\/","name":"Training - Norwex Resource Espa\u00f1ol","isPartOf":{"@id":"https:\/\/theresource.norwex.com\/es_us\/#website"},"primaryImageOfPage":{"@id":"https:\/\/theresource.norwex.com\/es_us\/training\/#primaryimage"},"image":{"@id":"https:\/\/theresource.norwex.com\/es_us\/training\/#primaryimage"},"thumbnailUrl":"https:\/\/theresource.norwex.com\/wp-content\/uploads\/sites\/3\/2024\/09\/Team_Building_Mobile_4.jpg","datePublished":"2024-09-11T18:25:17+00:00","dateModified":"2025-08-11T16:58:34+00:00","breadcrumb":{"@id":"https:\/\/theresource.norwex.com\/es_us\/training\/#breadcrumb"},"inLanguage":"es","potentialAction":[{"@type":"ReadAction","target":["https:\/\/theresource.norwex.com\/es_us\/training\/"]}]},{"@type":"ImageObject","inLanguage":"es","@id":"https:\/\/theresource.norwex.com\/es_us\/training\/#primaryimage","url":"https:\/\/theresource.norwex.com\/wp-content\/uploads\/sites\/3\/2024\/09\/Team_Building_Mobile_4.jpg","contentUrl":"https:\/\/theresource.norwex.com\/wp-content\/uploads\/sites\/3\/2024\/09\/Team_Building_Mobile_4.jpg"},{"@type":"BreadcrumbList","@id":"https:\/\/theresource.norwex.com\/es_us\/training\/#breadcrumb","itemListElement":[{"@type":"ListItem","position":1,"name":"Home","item":"https:\/\/theresource.norwex.com\/es_us\/"},{"@type":"ListItem","position":2,"name":"Training"}]},{"@type":"WebSite","@id":"https:\/\/theresource.norwex.com\/es_us\/#website","url":"https:\/\/theresource.norwex.com\/es_us\/","name":"Norwex Resource Espa\u00f1ol","description":"Just another Norwex Multi Sites site","publisher":{"@id":"https:\/\/theresource.norwex.com\/es_us\/#organization"},"potentialAction":[{"@type":"SearchAction","target":{"@type":"EntryPoint","urlTemplate":"https:\/\/theresource.norwex.com\/es_us\/?s={search_term_string}"},"query-input":{"@type":"PropertyValueSpecification","valueRequired":true,"valueName":"search_term_string"}}],"inLanguage":"es"},{"@type":"Organization","@id":"https:\/\/theresource.norwex.com\/es_us\/#organization","name":"Norwex","url":"https:\/\/theresource.norwex.com\/es_us\/","logo":{"@type":"ImageObject","inLanguage":"es","@id":"https:\/\/theresource.norwex.com\/es_us\/#\/schema\/logo\/image\/","url":"https:\/\/theresourcees.norwex.com\/wp-content\/uploads\/sites\/6\/2023\/11\/Norwex-Resource.jpg","contentUrl":"https:\/\/theresourcees.norwex.com\/wp-content\/uploads\/sites\/6\/2023\/11\/Norwex-Resource.jpg","width":200,"height":200,"caption":"Norwex"},"image":{"@id":"https:\/\/theresource.norwex.com\/es_us\/#\/schema\/logo\/image\/"},"sameAs":["https:\/\/www.facebook.com\/Norwex\/","https:\/\/x.com\/norwex","http:\/\/pinterest.com\/norwex\/","http:\/\/www.youtube.com\/norwex"]}]}},"_links":{"self":[{"href":"https:\/\/theresource.norwex.com\/es_us\/wp-json\/wp\/v2\/pages\/13315","targetHints":{"allow":["GET"]}}],"collection":[{"href":"https:\/\/theresource.norwex.com\/es_us\/wp-json\/wp\/v2\/pages"}],"about":[{"href":"https:\/\/theresource.norwex.com\/es_us\/wp-json\/wp\/v2\/types\/page"}],"author":[{"embeddable":true,"href":"https:\/\/theresource.norwex.com\/es_us\/wp-json\/wp\/v2\/users\/13"}],"replies":[{"embeddable":true,"href":"https:\/\/theresource.norwex.com\/es_us\/wp-json\/wp\/v2\/comments?post=13315"}],"version-history":[{"count":0,"href":"https:\/\/theresource.norwex.com\/es_us\/wp-json\/wp\/v2\/pages\/13315\/revisions"}],"wp:attachment":[{"href":"https:\/\/theresource.norwex.com\/es_us\/wp-json\/wp\/v2\/media?parent=13315"}],"wp:term":[{"taxonomy":"post_tag","embeddable":true,"href":"https:\/\/theresource.norwex.com\/es_us\/wp-json\/wp\/v2\/tags?post=13315"}],"curies":[{"name":"wp","href":"https:\/\/api.w.org\/{rel}","templated":true}]}}