{"id":11526,"date":"2023-11-03T13:19:31","date_gmt":"2023-11-03T18:19:31","guid":{"rendered":"https:\/\/theresourcees.norwex.com\/?page_id=11526"},"modified":"2026-04-08T10:04:27","modified_gmt":"2026-04-08T15:04:27","slug":"national-conference","status":"publish","type":"page","link":"https:\/\/theresource.norwex.com\/es_us\/national-conference\/","title":{"rendered":"Norwex Conference"},"content":{"rendered":"<div class=\"container national-conference nc-fr nc-header m-auto p-0\">\n<div class=\"row countdown-container m-0\">\n<div class=\"col-sm-12 col-md-8 m-0 m-auto px-3 pb-3\">\n<h2 class=\"white-txt\">Cuenta regresiva del evento<\/h2>\n<div id=\"countdown-clock\" class=\"text-center\"><\/div>\n<\/p><\/div>\n<\/p><\/div>\n<div class=\"row m-0 p-0 header-banner\">\n<div class=\"col-sm-12 p-0 hb-container\">\n      <button class=\"img-container\"><img decoding=\"async\" src=\"https:\/\/theresource.norwex.com\/wp-content\/uploads\/sites\/3\/2026\/02\/nc2026-lg-thumb-play.jpg\" alt=\"national conference\" style=\"width: 100%;\" \/><\/button><\/p>\n<div class=\"embed-responsive embed-responsive-16by9 nc-video hide\">\n        <iframe class=\"embed-responsive-item\" src=\"https:\/\/player.vimeo.com\/video\/1160328405?api=1&#038;autoplay=1&#038;muted=0\"><\/iframe>\n      <\/div>\n<\/p><\/div>\n<\/p><\/div>\n<\/div>\n<div class=\"container national-conference nc-fr nav-container mb-5\">\n<div class=\"row m-auto py-0\">\n<div class=\"col-sm-12 m-0 p-0\">\n<ul class=\"text-center m-0 p-0 portfolio-carousel\">\n<li class=\"main active\">P\u00e1gina de Inicio<\/li>\n<li class=\"details\">Detalles<\/li>\n<li class=\"schedule\">Horario<\/li>\n<li class=\"no-change\"><a href=\"https:\/\/cdn.intelligencebank.com\/us\/share\/EPnB\/MMqXr\/q1JZ9\/original\/28120_NC2026+Flyer_SPN\" target=\"_blank\" rel=\"noopener nofollow\">Folleto del evento<\/a><\/li>\n<li class=\"no-change\"><a href=\"\/es_us\/nominations\/\" target=\"_self\" rel=\"noopener nofollow\">Premios<\/a><\/li>\n<li class=\"no-change\"><a href=\"https:\/\/cvent.me\/eA2YK0\" target=\"_blank\" rel=\"noopener nofollow\">Registro<\/a><\/li>\n<\/ul><\/div>\n<\/p><\/div>\n<\/div>\n<div class=\"container national-conference nc-fr nc-pages main-page m-auto\">\n  <!--<a href=\"https:\/\/player.vimeo.com\/progressive_redirect\/download\/997409722\/rendition\/1080p\/nc24_memories%20%281080p%29.mp4?loc=external&signature=cd77cbd49804ac837614d2effcd10728589febdcd5b503dfaddc554c4d82f0f9\" class=\"cta-btn\" target=\"_blank\" rel=\"nofollow noopener\" style=\"margin: 2rem auto;\">Download<\/a>--><\/p>\n<div class=\"row col-12 m-auto p-0\">\n<div class=\"col-12 pt-2\">\n<h3 class=\"largeheader text-center mb-0\">\u00bfLista para exceder tus sue\u00f1os?<\/h3>\n<\/p><\/div>\n<div class=\"col-sm-12 col-md-4 p-3 pb-2 info-links\">\n      <img loading=\"lazy\" decoding=\"async\" src=\"https:\/\/theresource.norwex.com\/wp-content\/uploads\/sites\/3\/2024\/03\/img_1_Must_Know-1.jpg\" alt=\"details\" width=\"1498\" height=\"882\" class=\"alignnone size-full wp-image-25075\" \/><\/p>\n<h3 class=\"mediumheader text-center mb-1\" style=\"font-size: 28px;\">Informaci\u00f3n Importante<\/h3>\n<p class=\"text-center dark-gray-txt2 p-3\">\u00bfEst\u00e1s lista para rebasar tus sue\u00f1os? \u00a1\u00danete a nosotros en la Conferencia Norwex 2026 del 6 al 9 de Agosto de 2026!<\/p>\n<p class=\"cta-btn see-details\">Ver los Detalles<\/p>\n<\/p><\/div>\n<div class=\"col-sm-12 col-md-4 p-3 pb-2 info-links\">\n      <img loading=\"lazy\" decoding=\"async\" src=\"https:\/\/theresource.norwex.com\/wp-content\/uploads\/sites\/3\/2024\/03\/img_schedule-1.jpg\" alt=\"schedule\" width=\"1498\" height=\"882\" class=\"alignnone size-full wp-image-25074\" \/><\/p>\n<h3 class=\"mediumheader text-center mb-1\" style=\"font-size: 28px;\">Horario<\/h3>\n<p class=\"text-center dark-gray-txt2 p-3\">\u00a1Empodera el crecimiento de tu negocio con entrenamiento de productos, paneles de discusi\u00f3n, talleres de trabajo y mucho m\u00e1s! \u00a1La Conferencia Norwex 2026 tiene mucho que ofrecerte!<\/p>\n<p class=\"cta-btn see-schedule\">Ver el Horario<\/p>\n<\/p><\/div>\n<div class=\"col-sm-12 col-md-4 p-3 pb-2 info-links\">\n      <img decoding=\"async\" src=\"https:\/\/theresource.norwex.com\/wp-content\/uploads\/sites\/3\/2024\/03\/img_registry-1.jpg\" alt=\"early bird registry\" class=\"alignnone size-full wp-image-25076\" \/><\/p>\n<h3 class=\"mediumheader text-center mb-1\" style=\"font-size: 28px;\">Registro Anticipado<\/h3>\n<p class=\"text-center dark-gray-txt2 p-3\">Act\u00faa r\u00e1pido y aparta tu lugar antes de que se agoten. \u00a1Adquiere tu lugar hoy mismo para aprovechar nuestro precio de registro anticipado por tiempo limitado!<\/p>\n<p>      <a href=\"https:\/\/cvent.me\/eA2YK0\" target=\"_blank\" rel=\"noopener nofollow\" class=\"cta-btn\" style=\"max-width: 300px;\">Reg\u00edstrate Hoy Mismo<\/a>\n    <\/div>\n<\/p><\/div>\n<div class=\"row col-3 p-0 pt-5 mt-5 mb-4 ml-auto mr-auto\" style=\"border-top: 3px solid #d9d9d9; margin-top: 84px !important;\"><\/div>\n<div class=\"row m-0 p-0\">\n<div class=\"col-12\">\n<h3 class=\"largeheader text-center\">Reunirse. Celebrar. Elevarse<\/h3>\n<p class=\"text-center dark-gray-txt2\">\u00a1Siente la emoci\u00f3n y la camarader\u00eda que ocurre cuando todas nos unimos!<\/p>\n<\/p><\/div>\n<\/p><\/div>\n<div class=\"row col-sm-12 col-md-10 pb-4 ml-auto mr-auto\" style=\"-webkit-align-items: center; align-items: center;\">\n<div class=\"col-sm-12 col-md-6 hotel-img p-3\">\n      <img decoding=\"async\" src=\"https:\/\/theresource.norwex.com\/wp-content\/uploads\/sites\/3\/2026\/01\/westin-harbour-castle.jpg\" alt=\"hotel information\" class=\"alignnone size-full wp-image-18381\" \/>\n    <\/div>\n<div class=\"col-sm-12 col-md-6 hotel-info py-3 px-5\">\n<h3 class=\"mediumheader\">Informaci\u00f3n del Hotel<\/h3>\n<p class=\"dark-gray-txt2\">The Westin Harbour Castle<br \/>1 Harbour Square,<br \/>Toronto, ON M5J 1A6, Canada<\/p>\n<p class=\"m-0\"><a href=\"https:\/\/cvent.me\/eA2YK0\" class=\"cta-btn\" target=\"_blank\" rel=\"nofollow noopener\" style=\"margin: 2rem 0 0;\">Reg\u00edstrate Hoy Mismo<\/a><\/p>\n<\/div><\/div>\n<\/p><\/div>\n<div class=\"container national-conference nc-fr nc-pages details-page m-auto hide\">\n<div class=\"row m-0 p-0\">\n<div class=\"col-12\">\n<h3 class=\"largeheader text-center\">Registro para la Conferencia Norwex 2026<\/h3>\n<p style=\"text-align: center;\"><strong>del 6 al 9 de Agosto de 2026<\/strong><br \/>Toronto, Ontario Canada<\/strong><\/p>\n<p style=\"text-align: center;\"><strong>\u00a1PR\u00d3XIMAMENTE M\u00c1S INFOMACI\u00d3N!<\/strong><\/p>\n<\/p><\/div>\n<p>La Conferencia Norwex 2026 se trata de unirnos como una comunidad Norwex. L\u00edderes y Consultoras en cada etapa de crecimiento se unen para empoderarse mutuamente para hacer crecer sus negocios Norwex y ayudar a las personas a vivir una vida m\u00e1s limpia, m\u00e1s segura y mejor.<\/p>\n<p>\u00a1No hay nada como ser parte de la emoci\u00f3n y camarader\u00eda de la Familia Norwex cuando estamos todos juntos!<\/p>\n<h3 class=\"mediumheader\">Precio:<\/h3>\n<p>Precio regular: $229 <br \/>Nuevas Consultoras (que se unieron a partir del 1.\u00ba de agosto de 2025): $99<br \/>Asistentes a la Conferencia de Liderazgo 2026: $169<\/p>\n<p style=\"width: 100%;\">*Sujeto a cambios y sustituciones<\/p>\n<h3 class=\"mediumheader\">Hotel:<\/h3>\n<p>The Westin Harbour Castle<br \/>1 Harbour Square, Toronto, ON M5J 1A6, Canada<\/p>\n<ul>\n<li>Tarifas de habitaciones:\n<ul>\n<li>Sencillo\/Doble: $309 + impuestos<\/li>\n<li>Triple: $329 + impuestos<\/li>\n<li>Cu\u00e1druple: $349 + impuestos<\/li>\n<\/ul>\n<\/li>\n<li>*Debes hacer la reservaci\u00f3n de tu hotel por medio del sito de registro. NO podr\u00e1s reservar tu habitaci\u00f3n contactando directamente al hotel. El enlace para el sitio de reservaci\u00f3n de hotel estar\u00e1 incluido en tu correo electr\u00f3nico de confirmaci\u00f3n.<\/li>\n<\/ul>\n<p><i>*NOTA: Todas las reservas deben realizarse a trav\u00e9s de nuestro enlace personalizado. Las reservas realizadas directamente con el hotel o a trav\u00e9s de un tercero no garantizan la tarifa de grupo ni las condiciones especiales, y no podremos ayudarle con ning\u00fan problema que pueda surgir con su reserva.<\/i><\/p>\n<h3 class=\"mediumheader\">Aeropuerto:<\/h3>\n<p>Toronto Pearson International Airport<\/p>\n<p style=\"width: 100%;\"><a href=\"https:\/\/cvent.me\/eA2YK0\" class=\"cta-btn\" target=\"_blank\" rel=\"noopener\" style=\"margin: 1rem 0; min-width: 250px; display: block;\">Reg\u00edstrate aqu\u00ed<\/a><\/p>\n<p style=\"width: 100%;\">\u00bfPreguntas sobre reservaci\u00f3n? Contacta a <a href=\"mailto:conference@norwex.com\">conference@norwex.com<\/a>.<\/p>\n<\/p><\/div>\n<\/p><\/div>\n<div class=\"container national-conference nc-fr nc-pages schedule-page m-auto hide\">\n<div class=\"row m-0 p-0\">\n<div class=\"col-12\">\n<h3 class=\"text-center largeheader\">Horario de un vistazo<\/h3>\n<p style=\"text-align: center;\"><strong>\u00a1PR\u00d3XIMAMENTE M\u00c1S INFOMACI\u00d3N!<\/strong><\/p>\n<p><strong>Jueves 6 de agosto 2026<\/strong><br \/>\n        10:00 a.m. D\u00eda de la L\u00edder Senior<\/p>\n<p><strong>Viernes 25 de agosto 2026<\/strong><br \/>\n        Entrenamiento Todo el D\u00eda<\/p>\n<p><strong>S\u00e1bado 7 de agosto 2026<\/strong><br \/>\n        Entrenamiento Todo el D\u00eda<\/p>\n<p><strong>Domingo 8 de agosto 2026<\/strong><br \/>\n        Servicio de Adoraci\u00f3n Opcional<br \/>\n        Entrenamiento de Medio D\u00eda, Finalizando al Mediod\u00eda.<\/p>\n<p><strong>El programa y horario est\u00e1n sujetos a cambios.<\/strong><\/p>\n<p><strong>**Pol\u00edtica de Cancelaci\u00f3n\/Pol\u00edtica de Rembolso<\/strong><\/p>\n<ul>\n<li>Se cobra una tarifa no reembolsable del 25% por cancelaciones realizadas antes del 7 de junio.<\/li>\n<li>Se cobra una tarifa no reembolsable del 50% por cancelaciones realizadas entre el 8 de junio y el 1.\u00ba de julio.<\/li>\n<li>No hay reembolsos por cancelaciones posteriores al 2 de julio de 2026<\/li>\n<\/ul>\n<h3 class=\"mediumheader\">Fechas Importantes de Reconocimiento:<\/h3>\n<p>Debes promoverte a L\u00edder de Ventas Ejecutiva S\u00e9nior o nivel superior a m\u00e1s tardar al mediod\u00eda, CT., del <strong>1.\u00ba de junio de 2026<\/strong>, para ser incluida en el Programa del Evento de la Conferencia Norwex 2026. Se incluir\u00e1n en el Programa del Evento los t\u00edtulos de nivel de Carrera de L\u00edder de Norwex al 1.\u00ba de julio de 2026.<\/p>\n<ul>\n<li>Debes estar registrada para asistir a la Conferencia Norwex 2026 en persona a m\u00e1s tardar el 1.\u00ba de julio de 2026 a las 11:59 p.m., CT para ser elegible para los siguientes premios de reconocimiento en el escenario a las 10 M\u00e1s Destacadas:<\/li>\n<li>Los 10 M\u00e1s Destacadas en Desarrollo de Liderazgo personal*<\/li>\n<li>Los 10 M\u00e1s Destacadas L\u00edderes de grupo*<\/li>\n<li>Las 10 M\u00e1s Destacadas por Desarrollo de Equipo: desde Consultora hasta L\u00edder de Ventas y L\u00edder de Ventas Ejecutiva y niveles superiores *<\/li>\n<li>Las 10 Vendedoras M\u00e1s Destacadas: desde Consultora hasta L\u00edder de Ventas y L\u00edder de Ventas Ejecutiva y niveles superiores*<\/li>\n<li>Ganadora del Esp\u00edritu de Generosidad<\/li>\n<li>Ganador del Esp\u00edritu de la Misi\u00f3n<\/li>\n<\/ul>\n<p><i>*Debes estar registrada para asistir en persona a m\u00e1s tardar a las 11:59 pm, CST el 1.\u00ba de julio para ser reconocida y recibir cualquier reconocimiento, eso incluye material, obsequios y premios durante el evento, premios a las 10 M\u00e1s Destacadas, premios de Nuevo Nivel de Carrera y broches de Aniversario.<\/i><\/p>\n<p>Reconocimiento Adicional incluir\u00e1*:<br \/> <br \/>\n        Aniversario de 5, 10, 15 y 20 a\u00f1os<br \/>\n        Vamos Vallarta Puerto Vallarta Achievers<br \/>\n        Presentadoras<br \/>\n        Receptoras del premio de Norwex Foundation<\/p>\n<p>*Algunos reconocimientos pueden incluir fuera del escenario durante la Conferencia Norwex 2026; todas las ganadoras deben estar presentes para recibir cualquiera o todos los premios. No se enviar\u00e1n premios a las Consultoras que no asistan en persona.<\/p>\n<p>        <a href=\"https:\/\/cvent.me\/eA2YK0\" class=\"cta-btn\" target=\"_blank\" rel=\"noopener\" style=\"margin: 1.5rem auto;\">Reg\u00edstrate Aqu\u00ed<\/a>\n      <\/div>\n<\/p><\/div>\n<\/p><\/div>\n<\/div>\n","protected":false},"excerpt":{"rendered":"<p>Cuenta regresiva del evento P\u00e1gina de Inicio Detalles Horario Folleto del evento Premios Registro \u00bfLista para exceder tus sue\u00f1os? Informaci\u00f3n Importante \u00bfEst\u00e1s lista para rebasar tus sue\u00f1os? \u00a1\u00danete a nosotros en la Conferencia Norwex 2026 del 6 al 9 de Agosto de 2026! Ver los Detalles Horario \u00a1Empodera el crecimiento de tu negocio con entrenamiento [&hellip;]<\/p>\n","protected":false},"author":44,"featured_media":0,"parent":0,"menu_order":0,"comment_status":"closed","ping_status":"closed","template":"","meta":{"footnotes":""},"tags":[],"class_list":["post-11526","page","type-page","status-publish","hentry"],"yoast_head":"<!-- This site is optimized with the Yoast SEO plugin v27.3 - https:\/\/yoast.com\/product\/yoast-seo-wordpress\/ -->\n<title>Norwex Conference - Norwex Resource Espa\u00f1ol<\/title>\n<meta name=\"robots\" content=\"index, follow, max-snippet:-1, max-image-preview:large, max-video-preview:-1\" \/>\n<link rel=\"canonical\" href=\"https:\/\/theresource.norwex.com\/es_us\/national-conference\/\" \/>\n<meta property=\"og:locale\" content=\"es_MX\" \/>\n<meta property=\"og:type\" content=\"article\" \/>\n<meta property=\"og:title\" content=\"Norwex Conference - Norwex Resource Espa\u00f1ol\" \/>\n<meta property=\"og:description\" content=\"Cuenta regresiva del evento P\u00e1gina de Inicio Detalles Horario Folleto del evento Premios Registro \u00bfLista para exceder tus sue\u00f1os? Informaci\u00f3n Importante \u00bfEst\u00e1s lista para rebasar tus sue\u00f1os? \u00a1\u00danete a nosotros en la Conferencia Norwex 2026 del 6 al 9 de Agosto de 2026! Ver los Detalles Horario \u00a1Empodera el crecimiento de tu negocio con entrenamiento [&hellip;]\" \/>\n<meta property=\"og:url\" content=\"https:\/\/theresource.norwex.com\/es_us\/national-conference\/\" \/>\n<meta property=\"og:site_name\" content=\"Norwex Resource Espa\u00f1ol\" \/>\n<meta property=\"article:publisher\" content=\"https:\/\/www.facebook.com\/Norwex\/\" \/>\n<meta property=\"article:modified_time\" content=\"2026-04-08T15:04:27+00:00\" \/>\n<meta property=\"og:image\" content=\"https:\/\/theresource.norwex.com\/wp-content\/uploads\/sites\/3\/2026\/02\/nc2026-lg-thumb-play.jpg\" \/>\n<meta name=\"twitter:card\" content=\"summary_large_image\" \/>\n<meta name=\"twitter:site\" content=\"@norwex\" \/>\n<meta name=\"twitter:label1\" content=\"Tiempo de lectura\" \/>\n\t<meta name=\"twitter:data1\" content=\"5 minutos\" \/>\n<script type=\"application\/ld+json\" class=\"yoast-schema-graph\">{\"@context\":\"https:\\\/\\\/schema.org\",\"@graph\":[{\"@type\":\"WebPage\",\"@id\":\"https:\\\/\\\/theresource.norwex.com\\\/es_us\\\/national-conference\\\/\",\"url\":\"https:\\\/\\\/theresource.norwex.com\\\/es_us\\\/national-conference\\\/\",\"name\":\"Norwex Conference - Norwex Resource Espa\u00f1ol\",\"isPartOf\":{\"@id\":\"https:\\\/\\\/theresource.norwex.com\\\/es_us\\\/#website\"},\"primaryImageOfPage\":{\"@id\":\"https:\\\/\\\/theresource.norwex.com\\\/es_us\\\/national-conference\\\/#primaryimage\"},\"image\":{\"@id\":\"https:\\\/\\\/theresource.norwex.com\\\/es_us\\\/national-conference\\\/#primaryimage\"},\"thumbnailUrl\":\"https:\\\/\\\/theresource.norwex.com\\\/wp-content\\\/uploads\\\/sites\\\/3\\\/2026\\\/02\\\/nc2026-lg-thumb-play.jpg\",\"datePublished\":\"2023-11-03T18:19:31+00:00\",\"dateModified\":\"2026-04-08T15:04:27+00:00\",\"breadcrumb\":{\"@id\":\"https:\\\/\\\/theresource.norwex.com\\\/es_us\\\/national-conference\\\/#breadcrumb\"},\"inLanguage\":\"es\",\"potentialAction\":[{\"@type\":\"ReadAction\",\"target\":[\"https:\\\/\\\/theresource.norwex.com\\\/es_us\\\/national-conference\\\/\"]}]},{\"@type\":\"ImageObject\",\"inLanguage\":\"es\",\"@id\":\"https:\\\/\\\/theresource.norwex.com\\\/es_us\\\/national-conference\\\/#primaryimage\",\"url\":\"https:\\\/\\\/theresource.norwex.com\\\/wp-content\\\/uploads\\\/sites\\\/3\\\/2026\\\/02\\\/nc2026-lg-thumb-play.jpg\",\"contentUrl\":\"https:\\\/\\\/theresource.norwex.com\\\/wp-content\\\/uploads\\\/sites\\\/3\\\/2026\\\/02\\\/nc2026-lg-thumb-play.jpg\"},{\"@type\":\"BreadcrumbList\",\"@id\":\"https:\\\/\\\/theresource.norwex.com\\\/es_us\\\/national-conference\\\/#breadcrumb\",\"itemListElement\":[{\"@type\":\"ListItem\",\"position\":1,\"name\":\"Home\",\"item\":\"https:\\\/\\\/theresource.norwex.com\\\/es_us\\\/\"},{\"@type\":\"ListItem\",\"position\":2,\"name\":\"Norwex Conference\"}]},{\"@type\":\"WebSite\",\"@id\":\"https:\\\/\\\/theresource.norwex.com\\\/es_us\\\/#website\",\"url\":\"https:\\\/\\\/theresource.norwex.com\\\/es_us\\\/\",\"name\":\"Norwex Resource Espa\u00f1ol\",\"description\":\"Just another Norwex Multi Sites site\",\"publisher\":{\"@id\":\"https:\\\/\\\/theresource.norwex.com\\\/es_us\\\/#organization\"},\"potentialAction\":[{\"@type\":\"SearchAction\",\"target\":{\"@type\":\"EntryPoint\",\"urlTemplate\":\"https:\\\/\\\/theresource.norwex.com\\\/es_us\\\/?s={search_term_string}\"},\"query-input\":{\"@type\":\"PropertyValueSpecification\",\"valueRequired\":true,\"valueName\":\"search_term_string\"}}],\"inLanguage\":\"es\"},{\"@type\":\"Organization\",\"@id\":\"https:\\\/\\\/theresource.norwex.com\\\/es_us\\\/#organization\",\"name\":\"Norwex\",\"url\":\"https:\\\/\\\/theresource.norwex.com\\\/es_us\\\/\",\"logo\":{\"@type\":\"ImageObject\",\"inLanguage\":\"es\",\"@id\":\"https:\\\/\\\/theresource.norwex.com\\\/es_us\\\/#\\\/schema\\\/logo\\\/image\\\/\",\"url\":\"https:\\\/\\\/theresourcees.norwex.com\\\/wp-content\\\/uploads\\\/sites\\\/6\\\/2023\\\/11\\\/Norwex-Resource.jpg\",\"contentUrl\":\"https:\\\/\\\/theresourcees.norwex.com\\\/wp-content\\\/uploads\\\/sites\\\/6\\\/2023\\\/11\\\/Norwex-Resource.jpg\",\"width\":200,\"height\":200,\"caption\":\"Norwex\"},\"image\":{\"@id\":\"https:\\\/\\\/theresource.norwex.com\\\/es_us\\\/#\\\/schema\\\/logo\\\/image\\\/\"},\"sameAs\":[\"https:\\\/\\\/www.facebook.com\\\/Norwex\\\/\",\"https:\\\/\\\/x.com\\\/norwex\",\"http:\\\/\\\/pinterest.com\\\/norwex\\\/\",\"http:\\\/\\\/www.youtube.com\\\/norwex\"]}]}<\/script>\n<!-- \/ Yoast SEO plugin. -->","yoast_head_json":{"title":"Norwex Conference - Norwex Resource Espa\u00f1ol","robots":{"index":"index","follow":"follow","max-snippet":"max-snippet:-1","max-image-preview":"max-image-preview:large","max-video-preview":"max-video-preview:-1"},"canonical":"https:\/\/theresource.norwex.com\/es_us\/national-conference\/","og_locale":"es_MX","og_type":"article","og_title":"Norwex Conference - Norwex Resource Espa\u00f1ol","og_description":"Cuenta regresiva del evento P\u00e1gina de Inicio Detalles Horario Folleto del evento Premios Registro \u00bfLista para exceder tus sue\u00f1os? Informaci\u00f3n Importante \u00bfEst\u00e1s lista para rebasar tus sue\u00f1os? \u00a1\u00danete a nosotros en la Conferencia Norwex 2026 del 6 al 9 de Agosto de 2026! Ver los Detalles Horario \u00a1Empodera el crecimiento de tu negocio con entrenamiento [&hellip;]","og_url":"https:\/\/theresource.norwex.com\/es_us\/national-conference\/","og_site_name":"Norwex Resource Espa\u00f1ol","article_publisher":"https:\/\/www.facebook.com\/Norwex\/","article_modified_time":"2026-04-08T15:04:27+00:00","og_image":[{"url":"https:\/\/theresource.norwex.com\/wp-content\/uploads\/sites\/3\/2026\/02\/nc2026-lg-thumb-play.jpg","type":"","width":"","height":""}],"twitter_card":"summary_large_image","twitter_site":"@norwex","twitter_misc":{"Tiempo de lectura":"5 minutos"},"schema":{"@context":"https:\/\/schema.org","@graph":[{"@type":"WebPage","@id":"https:\/\/theresource.norwex.com\/es_us\/national-conference\/","url":"https:\/\/theresource.norwex.com\/es_us\/national-conference\/","name":"Norwex Conference - Norwex Resource Espa\u00f1ol","isPartOf":{"@id":"https:\/\/theresource.norwex.com\/es_us\/#website"},"primaryImageOfPage":{"@id":"https:\/\/theresource.norwex.com\/es_us\/national-conference\/#primaryimage"},"image":{"@id":"https:\/\/theresource.norwex.com\/es_us\/national-conference\/#primaryimage"},"thumbnailUrl":"https:\/\/theresource.norwex.com\/wp-content\/uploads\/sites\/3\/2026\/02\/nc2026-lg-thumb-play.jpg","datePublished":"2023-11-03T18:19:31+00:00","dateModified":"2026-04-08T15:04:27+00:00","breadcrumb":{"@id":"https:\/\/theresource.norwex.com\/es_us\/national-conference\/#breadcrumb"},"inLanguage":"es","potentialAction":[{"@type":"ReadAction","target":["https:\/\/theresource.norwex.com\/es_us\/national-conference\/"]}]},{"@type":"ImageObject","inLanguage":"es","@id":"https:\/\/theresource.norwex.com\/es_us\/national-conference\/#primaryimage","url":"https:\/\/theresource.norwex.com\/wp-content\/uploads\/sites\/3\/2026\/02\/nc2026-lg-thumb-play.jpg","contentUrl":"https:\/\/theresource.norwex.com\/wp-content\/uploads\/sites\/3\/2026\/02\/nc2026-lg-thumb-play.jpg"},{"@type":"BreadcrumbList","@id":"https:\/\/theresource.norwex.com\/es_us\/national-conference\/#breadcrumb","itemListElement":[{"@type":"ListItem","position":1,"name":"Home","item":"https:\/\/theresource.norwex.com\/es_us\/"},{"@type":"ListItem","position":2,"name":"Norwex Conference"}]},{"@type":"WebSite","@id":"https:\/\/theresource.norwex.com\/es_us\/#website","url":"https:\/\/theresource.norwex.com\/es_us\/","name":"Norwex Resource Espa\u00f1ol","description":"Just another Norwex Multi Sites site","publisher":{"@id":"https:\/\/theresource.norwex.com\/es_us\/#organization"},"potentialAction":[{"@type":"SearchAction","target":{"@type":"EntryPoint","urlTemplate":"https:\/\/theresource.norwex.com\/es_us\/?s={search_term_string}"},"query-input":{"@type":"PropertyValueSpecification","valueRequired":true,"valueName":"search_term_string"}}],"inLanguage":"es"},{"@type":"Organization","@id":"https:\/\/theresource.norwex.com\/es_us\/#organization","name":"Norwex","url":"https:\/\/theresource.norwex.com\/es_us\/","logo":{"@type":"ImageObject","inLanguage":"es","@id":"https:\/\/theresource.norwex.com\/es_us\/#\/schema\/logo\/image\/","url":"https:\/\/theresourcees.norwex.com\/wp-content\/uploads\/sites\/6\/2023\/11\/Norwex-Resource.jpg","contentUrl":"https:\/\/theresourcees.norwex.com\/wp-content\/uploads\/sites\/6\/2023\/11\/Norwex-Resource.jpg","width":200,"height":200,"caption":"Norwex"},"image":{"@id":"https:\/\/theresource.norwex.com\/es_us\/#\/schema\/logo\/image\/"},"sameAs":["https:\/\/www.facebook.com\/Norwex\/","https:\/\/x.com\/norwex","http:\/\/pinterest.com\/norwex\/","http:\/\/www.youtube.com\/norwex"]}]}},"_links":{"self":[{"href":"https:\/\/theresource.norwex.com\/es_us\/wp-json\/wp\/v2\/pages\/11526","targetHints":{"allow":["GET"]}}],"collection":[{"href":"https:\/\/theresource.norwex.com\/es_us\/wp-json\/wp\/v2\/pages"}],"about":[{"href":"https:\/\/theresource.norwex.com\/es_us\/wp-json\/wp\/v2\/types\/page"}],"author":[{"embeddable":true,"href":"https:\/\/theresource.norwex.com\/es_us\/wp-json\/wp\/v2\/users\/44"}],"replies":[{"embeddable":true,"href":"https:\/\/theresource.norwex.com\/es_us\/wp-json\/wp\/v2\/comments?post=11526"}],"version-history":[{"count":5,"href":"https:\/\/theresource.norwex.com\/es_us\/wp-json\/wp\/v2\/pages\/11526\/revisions"}],"predecessor-version":[{"id":15701,"href":"https:\/\/theresource.norwex.com\/es_us\/wp-json\/wp\/v2\/pages\/11526\/revisions\/15701"}],"wp:attachment":[{"href":"https:\/\/theresource.norwex.com\/es_us\/wp-json\/wp\/v2\/media?parent=11526"}],"wp:term":[{"taxonomy":"post_tag","embeddable":true,"href":"https:\/\/theresource.norwex.com\/es_us\/wp-json\/wp\/v2\/tags?post=11526"}],"curies":[{"name":"wp","href":"https:\/\/api.w.org\/{rel}","templated":true}]}}