{"id":11523,"date":"2023-11-03T13:19:44","date_gmt":"2023-11-03T18:19:44","guid":{"rendered":"https:\/\/theresourcees.norwex.com\/?page_id=11523"},"modified":"2026-02-02T11:14:17","modified_gmt":"2026-02-02T17:14:17","slug":"leadership-conference","status":"publish","type":"page","link":"https:\/\/theresource.norwex.com\/es_us\/leadership-conference\/","title":{"rendered":"Leadership Conference"},"content":{"rendered":"<style>.hero hero--short, .hero--spruce-bg {display:none;} .container p {width: 100%;} h1.georgiatxt {color: #4c5f80; margin-top: .5rem !important;} .header-desc {max-width: 100% !important; padding-right: 0;} p.text-center {max-width: 950px; margin-left: auto; margin-right: auto;} .pricing-list {margin-bottom: 25px;}.locations-list {margin-bottom: 25px;} .locations-list li {max-width: 350px; margin: 8px 0;} .locations-list .more-btn {max-width: 130px; padding: 4px 10px 2px; margin: 0; display: inline; font-size: 14px; border-radius: 3px; background-color: #5c81a5; float: right;} @media screen and (min-width: 768px) {.header {padding: 0 !important;} .main-text-cont {padding-left: 0 !important;} h3.largeheader {margin-top: 5rem;}}<\/style>\n<div class=\"national-conference lc-header nc-header m-auto p-0\">\n<div class=\"row countdown-container m-0\" style=\"padding-top: 1rem !important;\">\n<div class=\"col-sm-12 col-md-8 m-0 m-auto px-3 pb-3\">\n<h2 class=\"white-txt\" style=\"max-width: 41%\">Cuenta regresiva del evento<\/h2>\n<div id=\"countdown-clock\" class=\"text-center\"><\/div>\n<\/div>\n<\/div>\n<div class=\"row m-0 p-0 header-banner\">\n<div class=\"col-sm-12 p-0 hb-container\">\n<\/div>\n<\/div>\n<\/div>\n<div class=\"header national-conference leadership-conference this-month opportunity\">\n<div class=\"container m-auto p-0\">\n<div class=\"row col-12 col-lg-11 m-auto\">\n<div class=\"col-sm-12 col-md-6 col-lg-5 m-auto valign-top main-img-cont\"><img decoding=\"async\" alt=\"booking header\" class=\"alignnone wp-image-11563 main-img\" height=\"auto\" src=\"\/wp-content\/uploads\/sites\/3\/2023\/09\/dream-builder-hero.png\" width=\"100%\"><\/div>\n<div class=\"col-sm-12 col-md-6 col-lg-7 py-3 m-auto valign-top main-text-cont\">\n<h1 class=\"georgiatxt\">Conferencia de Liderazgo<\/h1>\n<p class=\"header-desc\">Este es tu momento para estar en donde se genera el liderazgo y surgen las ideas.<\/p>\n<\/div>\n<\/div>\n<\/div>\n<\/div>\n<div class=\"container national-conference nc-pages main-page m-auto dark-gray-txt2 pt-5 mt-5\">\n<div class=\"row col-12 m-auto p-0\">\n<div class=\"col-12\">\n<h3 class=\"largeheader text-center pt-4 pb-3\">Conferencia de Liderazgo 2026<\/h3>\n<p class=\"text-center dark-gray-txt2\">La Conferencia de Liderazgo es una plataforma para tu pr\u00f3ximo nivel de \u00e9xito y queremos que cada asiento est\u00e9 ocupado por l\u00edderes listas para ser desafiadas e inspiradas. \u00a1Quienes asistan, ascender\u00e1n!<\/p>\n<p class=\"text-center dark-gray-txt2 pb-4 mb-4\"><strong>Tu \u00e9xito empieza ahora.<\/strong> Aprovecha las ideas y la energ\u00eda de la Conferencia y ponlas en pr\u00e1ctica: organiza m\u00e1s Demostraciones, expande tu equipo y aprovecha nuevas oportunidades. Cada kil\u00f3metro, cada conversaci\u00f3n, cada paso adelante cuenta para el negocio y el futuro sin l\u00edmites que construimos juntos. Estamos 100% comprometidos con tu \u00e9xito y estamos aqu\u00ed para apoyarte en cada paso del camino. <\/p>\n<p><strong>Cuota de registro:<\/strong> $159<\/p>\n<p><strong>Cuotas de registro especiales:<\/strong><\/p>\n<ul class=\"pricing-list\">\n<li><strong>Asistentes a la Conferencia Norwex:<\/strong> $99 hasta el mediod\u00eda, CT, el 1.\u00ba de octubre<\/li>\n<li><strong>Asistentes a Super Saturday:<\/strong> $119 hasta el mediod\u00eda, CT, el 1.\u00ba de diciembre<\/li>\n<\/ul>\n<p>\u00a1Adem\u00e1s, <strong>te ganar\u00e1s 1,000 Millas para el Viaje de Incentivo<\/strong> Vamos a Vallarta solo por asistir!<\/p>\n<p class=\"py-2 px-3\" style=\"background: #f1f1f1; margin-top: 30px;\"><strong>Semana 1 (del 16 al 18 de enero):<\/strong><\/p>\n<ul class=\"locations-list\">\n<li>\n<div class=\"row align-items-center mb-3\">\n<div class=\"col-xs-6 col-md-8 pr-0\">Philadelphia<br \/><a href=\"https:\/\/cdn.intelligencebank.com\/us\/share\/EPnB\/MMqXr\/rnMGg\/original\/27895_LC26_High_Level_Agenda_Philadelphia_SPN\" target=\"_blank\"><img decoding=\"async\" src=\"https:\/\/theresource.norwex.com\/es_us\/wp-content\/uploads\/sites\/6\/2025\/11\/27895_LC26_High_Level_Agenda_NO_Links_Philadelphia2_SPN-scaled.jpg\" width=\"75\" alt=\"philadelphia flyer\" \/><\/a><\/div>\n<div class=\"col-xs-6 col-md-4\"><!--<a href=\"https:\/\/cvent.me\/o3KeRy\" class=\"more-btn\" target=\"_blank\" rel=\"noopener nofolow\">REGISTRO<\/a>--><\/div>\n<\/div>\n<\/li>\n<li>\n<div class=\"row align-items-center mb-3\">\n<div class=\"col-xs-6 col-md-8 pr-0\">Nashville<br \/><a href=\"https:\/\/cdn.intelligencebank.com\/us\/share\/EPnB\/MMqXr\/nYdZ6\/original\/27895_LC26_High_Level_Agenda_Nashville_SPN\" target=\"_blank\"><img decoding=\"async\" src=\"https:\/\/cdn.intelligencebank.com\/us\/share\/EPnB\/MMqXr\/wVZ3z\/original\/27895_LC26_High_Level_Agenda_Nashville_SPN+jpg\" width=\"75\" alt=\"nashville flyer\" \/><\/a><\/div>\n<div class=\"col-xs-6 col-md-4\"><!--<a href=\"https:\/\/cvent.me\/yd8Gl2\" class=\"more-btn\" target=\"_blank\" rel=\"noopener nofolow\">REGISTRO<\/a>--><\/div>\n<\/div>\n<\/li>\n<\/ul>\n<p class=\"mt-5 py-2 px-3\" style=\"background: #f1f1f1;\"><strong>Semana 2 (del 23 al 25 de enero):<\/strong><\/p>\n<ul class=\"locations-list\">\n<li>\n<div class=\"row align-items-center mb-3\">\n<div class=\"col-xs-6 col-md-8 pr-0\">Dallas \u2013 <strong>Rescheduled<\/strong> (details below)<br \/><a href=\"https:\/\/cdn.intelligencebank.com\/us\/share\/EPnB\/MMqXr\/9gBJJ\/original\/27895_LC26_High_Level_Agenda_Dallas_SPN\" target=\"_blank\"><img decoding=\"async\" src=\"https:\/\/theresource.norwex.com\/es_us\/wp-content\/uploads\/sites\/6\/2025\/11\/27895_LC26_High_Level_Agenda_NO_Links_Dallas2_SPN-scaled.jpg\" width=\"75\" alt=\"dallas flyer\" \/><\/a><\/div>\n<div class=\"col-xs-6 col-md-4\"><a href=\"https:\/\/cvent.me\/NLNrWY\" class=\"more-btn\" target=\"_blank\" rel=\"noopener nofolow\">REGISTRO<\/a><\/div>\n<\/div>\n<\/li>\n<li>\n<div class=\"row align-items-center mb-3\">\n<div class=\"col-xs-6 col-md-8 pr-0\">Salt Lake City<br \/><a href=\"https:\/\/cdn.intelligencebank.com\/us\/share\/EPnB\/MMqXr\/er9nW\/original\/27895_LC26_High_Level_Agenda_Salt_Lake_SPN\" target=\"_blank\"><img decoding=\"async\" src=\"https:\/\/theresource.norwex.com\/es_us\/wp-content\/uploads\/sites\/6\/2025\/11\/27895_LC26_High_Level_Agenda_NO_Links_Salt_Lake2_SPN-scaled.jpg\" width=\"75\" alt=\"salt lake city flyer\" \/><\/a><\/div>\n<div class=\"col-xs-6 col-md-4\"><!--<a href=\"https:\/\/cvent.me\/o3BDav\" class=\"more-btn\" target=\"_blank\" rel=\"noopener nofolow\">REGISTRO<\/a>--><\/div>\n<\/div>\n<\/li>\n<\/ul>\n<h5 style=\"margin-top:30px;\">Important Update: Dallas Leadership Conference<\/h5>\n<p>The in-person Leadership Conference event in Dallas has been rescheduled due to an impending severe storm expected to impact the area. <\/p>\n<p><strong>In-person Dallas Leadership Conference \u2013 rescheduled <\/strong><br \/>\nWe\u2019re excited to confirm that the Dallas in-person event has been moved to February:<\/p>\n<p>New schedule at a glance: <\/p>\n<ul>\n<li>Friday, February 20: Senior Leader Dinner (details coming soon)<\/li>\n<li>Saturday, February 21 (all day session)<\/li>\n<li>Sunday, February 22 (until noon)<\/li>\n<\/ul>\n<p>\u2022 Conference location remains the same:<\/p>\n<p style=\"padding-left:20px;\">The Highland Dallas by Hilton <br \/>\n5300 E Mockingbird Ln <br \/>\nDallas, TX 75206 <\/p>\n<p>\u2022 This event will be hosted by VP of Sales Brian Dill with leadership insights and inspirational messages from Co-Founder Debbie Bolton, Chief Sales Officer Kelly Newcomer and Chief Mission and Marketing Officer Amy Cadora <\/p>\n<p>\u2022 Your registration will be automatically transferred to the new dates at no additional cost  <\/p>\n<p>This new timing also opens the door for additional Leaders who couldn\u2019t attend previously \u2013 please encourage your eligible Team members to join you! Plus any new Team Coordinators through February are also eligible to register. We will reopen registration on Monday, January 26 for new attendees.  <\/p>\n<p><strong>Attendee gifts and merchandise <\/strong><br \/>\nStarting next week, we will ship to Dallas Leadership Conference registered attendees: <\/p>\n<p>\u2022 New products + preordered Norwex Now merchandise (if purchased) <\/p>\n<p>\u2022 Senior Leader gift (for Dallas Leadership Conference Senior Leader attendees only) <\/p>\n<p>NOTE: Registration bags will be delivered in person at the rescheduled event in February.  <\/p>\n<p><strong>Hotel Reservations <\/strong><br \/>\nIf you booked your room at <strong>The Highland Dallas hotel<\/strong>, your reservation will automatically move to the new dates. <\/p>\n<p>NOTE: If you need to modify your stay, please contact the hotel directly. <\/p>\n<p>Please refer to these <a style=\"text-decoration: underline;\" target=\"_blank\" href=\"https:\/\/cdn.intelligencebank.com\/us\/share\/EPnB\/p1Y0d\/WLODd\/original\/FAQ-Dallas-Leadership-Conference-2026\">FAQs<\/a> for more information.  <\/p>\n<p style=\"margin-top: 50px;\"><strong>Registration Refund Option<\/strong><br \/>\nIf you choose to cancel your registration for the rescheduled February Leadership Conference in Dallas, we will issue a full refund of your registration fee.<\/p>\n<p><strong>Please note that if you cancel: <\/strong><\/p>\n<ul>\n<li>>You are still welcome to attend the Leadership Conference virtual event this Saturday, January 24 <\/li>\n<li>>You will not receive Leadership Conference merchandise, including free products, registration bags or event swag <\/li>\n<li>>You will not receive the 1,000 Trip Miles awarded for in-person event attendance toward the Annual Incentive Trip to Puerto Vallarta <\/li>\n<p>If you preordered Norwex Now merchandise, it will still be shipped to your home at no additional cost <\/p>\n<p>If you wish to cancel your registration and receive a refund, please contact the Norwex Consultant Care Team at 1-866-450-7499 by noon CT on Tuesday, January 27, so that we can ship Leadership Conference merchandise to those who are attending the February conference by January 28. <\/p>\n<\/div>\n<\/div>\n<\/div>\n","protected":false},"excerpt":{"rendered":"<p>Cuenta regresiva del evento Conferencia de Liderazgo Este es tu momento para estar en donde se genera el liderazgo y surgen las ideas. Conferencia de Liderazgo 2026 La Conferencia de Liderazgo es una plataforma para tu pr\u00f3ximo nivel de \u00e9xito y queremos que cada asiento est\u00e9 ocupado por l\u00edderes listas para ser desafiadas e inspiradas. [&hellip;]<\/p>\n","protected":false},"author":44,"featured_media":0,"parent":0,"menu_order":0,"comment_status":"closed","ping_status":"closed","template":"","meta":{"footnotes":""},"tags":[],"class_list":["post-11523","page","type-page","status-publish","hentry"],"yoast_head":"<!-- This site is optimized with the Yoast SEO plugin v27.3 - https:\/\/yoast.com\/product\/yoast-seo-wordpress\/ -->\n<title>Leadership Conference - Norwex Resource Espa\u00f1ol<\/title>\n<meta name=\"robots\" content=\"index, follow, max-snippet:-1, max-image-preview:large, max-video-preview:-1\" \/>\n<link rel=\"canonical\" href=\"https:\/\/theresource.norwex.com\/es_us\/leadership-conference\/\" \/>\n<meta property=\"og:locale\" content=\"es_MX\" \/>\n<meta property=\"og:type\" content=\"article\" \/>\n<meta property=\"og:title\" content=\"Leadership Conference - Norwex Resource Espa\u00f1ol\" \/>\n<meta property=\"og:description\" content=\"Cuenta regresiva del evento Conferencia de Liderazgo Este es tu momento para estar en donde se genera el liderazgo y surgen las ideas. Conferencia de Liderazgo 2026 La Conferencia de Liderazgo es una plataforma para tu pr\u00f3ximo nivel de \u00e9xito y queremos que cada asiento est\u00e9 ocupado por l\u00edderes listas para ser desafiadas e inspiradas. [&hellip;]\" \/>\n<meta property=\"og:url\" content=\"https:\/\/theresource.norwex.com\/es_us\/leadership-conference\/\" \/>\n<meta property=\"og:site_name\" content=\"Norwex Resource Espa\u00f1ol\" \/>\n<meta property=\"article:publisher\" content=\"https:\/\/www.facebook.com\/Norwex\/\" \/>\n<meta property=\"article:modified_time\" content=\"2026-02-02T17:14:17+00:00\" \/>\n<meta property=\"og:image\" content=\"https:\/\/theresource.norwex.com\/es_us\/wp-content\/uploads\/sites\/6\/2025\/11\/27895_LC26_High_Level_Agenda_NO_Links_Philadelphia2_SPN-scaled.jpg\" \/>\n<meta name=\"twitter:card\" content=\"summary_large_image\" \/>\n<meta name=\"twitter:site\" content=\"@norwex\" \/>\n<meta name=\"twitter:label1\" content=\"Tiempo de lectura\" \/>\n\t<meta name=\"twitter:data1\" content=\"2 minutos\" \/>\n<script type=\"application\/ld+json\" class=\"yoast-schema-graph\">{\"@context\":\"https:\\\/\\\/schema.org\",\"@graph\":[{\"@type\":\"WebPage\",\"@id\":\"https:\\\/\\\/theresource.norwex.com\\\/es_us\\\/leadership-conference\\\/\",\"url\":\"https:\\\/\\\/theresource.norwex.com\\\/es_us\\\/leadership-conference\\\/\",\"name\":\"Leadership Conference - Norwex Resource Espa\u00f1ol\",\"isPartOf\":{\"@id\":\"https:\\\/\\\/theresource.norwex.com\\\/es_us\\\/#website\"},\"primaryImageOfPage\":{\"@id\":\"https:\\\/\\\/theresource.norwex.com\\\/es_us\\\/leadership-conference\\\/#primaryimage\"},\"image\":{\"@id\":\"https:\\\/\\\/theresource.norwex.com\\\/es_us\\\/leadership-conference\\\/#primaryimage\"},\"thumbnailUrl\":\"https:\\\/\\\/theresource.norwex.com\\\/es_us\\\/wp-content\\\/uploads\\\/sites\\\/6\\\/2025\\\/11\\\/27895_LC26_High_Level_Agenda_NO_Links_Philadelphia2_SPN-scaled.jpg\",\"datePublished\":\"2023-11-03T18:19:44+00:00\",\"dateModified\":\"2026-02-02T17:14:17+00:00\",\"breadcrumb\":{\"@id\":\"https:\\\/\\\/theresource.norwex.com\\\/es_us\\\/leadership-conference\\\/#breadcrumb\"},\"inLanguage\":\"es\",\"potentialAction\":[{\"@type\":\"ReadAction\",\"target\":[\"https:\\\/\\\/theresource.norwex.com\\\/es_us\\\/leadership-conference\\\/\"]}]},{\"@type\":\"ImageObject\",\"inLanguage\":\"es\",\"@id\":\"https:\\\/\\\/theresource.norwex.com\\\/es_us\\\/leadership-conference\\\/#primaryimage\",\"url\":\"https:\\\/\\\/theresource.norwex.com\\\/es_us\\\/wp-content\\\/uploads\\\/sites\\\/6\\\/2025\\\/11\\\/27895_LC26_High_Level_Agenda_NO_Links_Philadelphia2_SPN-scaled.jpg\",\"contentUrl\":\"https:\\\/\\\/theresource.norwex.com\\\/es_us\\\/wp-content\\\/uploads\\\/sites\\\/6\\\/2025\\\/11\\\/27895_LC26_High_Level_Agenda_NO_Links_Philadelphia2_SPN-scaled.jpg\",\"width\":1978,\"height\":2560},{\"@type\":\"BreadcrumbList\",\"@id\":\"https:\\\/\\\/theresource.norwex.com\\\/es_us\\\/leadership-conference\\\/#breadcrumb\",\"itemListElement\":[{\"@type\":\"ListItem\",\"position\":1,\"name\":\"Home\",\"item\":\"https:\\\/\\\/theresource.norwex.com\\\/es_us\\\/\"},{\"@type\":\"ListItem\",\"position\":2,\"name\":\"Leadership Conference\"}]},{\"@type\":\"WebSite\",\"@id\":\"https:\\\/\\\/theresource.norwex.com\\\/es_us\\\/#website\",\"url\":\"https:\\\/\\\/theresource.norwex.com\\\/es_us\\\/\",\"name\":\"Norwex Resource Espa\u00f1ol\",\"description\":\"Just another Norwex Multi Sites site\",\"publisher\":{\"@id\":\"https:\\\/\\\/theresource.norwex.com\\\/es_us\\\/#organization\"},\"potentialAction\":[{\"@type\":\"SearchAction\",\"target\":{\"@type\":\"EntryPoint\",\"urlTemplate\":\"https:\\\/\\\/theresource.norwex.com\\\/es_us\\\/?s={search_term_string}\"},\"query-input\":{\"@type\":\"PropertyValueSpecification\",\"valueRequired\":true,\"valueName\":\"search_term_string\"}}],\"inLanguage\":\"es\"},{\"@type\":\"Organization\",\"@id\":\"https:\\\/\\\/theresource.norwex.com\\\/es_us\\\/#organization\",\"name\":\"Norwex\",\"url\":\"https:\\\/\\\/theresource.norwex.com\\\/es_us\\\/\",\"logo\":{\"@type\":\"ImageObject\",\"inLanguage\":\"es\",\"@id\":\"https:\\\/\\\/theresource.norwex.com\\\/es_us\\\/#\\\/schema\\\/logo\\\/image\\\/\",\"url\":\"https:\\\/\\\/theresourcees.norwex.com\\\/wp-content\\\/uploads\\\/sites\\\/6\\\/2023\\\/11\\\/Norwex-Resource.jpg\",\"contentUrl\":\"https:\\\/\\\/theresourcees.norwex.com\\\/wp-content\\\/uploads\\\/sites\\\/6\\\/2023\\\/11\\\/Norwex-Resource.jpg\",\"width\":200,\"height\":200,\"caption\":\"Norwex\"},\"image\":{\"@id\":\"https:\\\/\\\/theresource.norwex.com\\\/es_us\\\/#\\\/schema\\\/logo\\\/image\\\/\"},\"sameAs\":[\"https:\\\/\\\/www.facebook.com\\\/Norwex\\\/\",\"https:\\\/\\\/x.com\\\/norwex\",\"http:\\\/\\\/pinterest.com\\\/norwex\\\/\",\"http:\\\/\\\/www.youtube.com\\\/norwex\"]}]}<\/script>\n<!-- \/ Yoast SEO plugin. -->","yoast_head_json":{"title":"Leadership Conference - Norwex Resource Espa\u00f1ol","robots":{"index":"index","follow":"follow","max-snippet":"max-snippet:-1","max-image-preview":"max-image-preview:large","max-video-preview":"max-video-preview:-1"},"canonical":"https:\/\/theresource.norwex.com\/es_us\/leadership-conference\/","og_locale":"es_MX","og_type":"article","og_title":"Leadership Conference - Norwex Resource Espa\u00f1ol","og_description":"Cuenta regresiva del evento Conferencia de Liderazgo Este es tu momento para estar en donde se genera el liderazgo y surgen las ideas. Conferencia de Liderazgo 2026 La Conferencia de Liderazgo es una plataforma para tu pr\u00f3ximo nivel de \u00e9xito y queremos que cada asiento est\u00e9 ocupado por l\u00edderes listas para ser desafiadas e inspiradas. [&hellip;]","og_url":"https:\/\/theresource.norwex.com\/es_us\/leadership-conference\/","og_site_name":"Norwex Resource Espa\u00f1ol","article_publisher":"https:\/\/www.facebook.com\/Norwex\/","article_modified_time":"2026-02-02T17:14:17+00:00","og_image":[{"url":"https:\/\/theresource.norwex.com\/es_us\/wp-content\/uploads\/sites\/6\/2025\/11\/27895_LC26_High_Level_Agenda_NO_Links_Philadelphia2_SPN-scaled.jpg","type":"","width":"","height":""}],"twitter_card":"summary_large_image","twitter_site":"@norwex","twitter_misc":{"Tiempo de lectura":"2 minutos"},"schema":{"@context":"https:\/\/schema.org","@graph":[{"@type":"WebPage","@id":"https:\/\/theresource.norwex.com\/es_us\/leadership-conference\/","url":"https:\/\/theresource.norwex.com\/es_us\/leadership-conference\/","name":"Leadership Conference - Norwex Resource Espa\u00f1ol","isPartOf":{"@id":"https:\/\/theresource.norwex.com\/es_us\/#website"},"primaryImageOfPage":{"@id":"https:\/\/theresource.norwex.com\/es_us\/leadership-conference\/#primaryimage"},"image":{"@id":"https:\/\/theresource.norwex.com\/es_us\/leadership-conference\/#primaryimage"},"thumbnailUrl":"https:\/\/theresource.norwex.com\/es_us\/wp-content\/uploads\/sites\/6\/2025\/11\/27895_LC26_High_Level_Agenda_NO_Links_Philadelphia2_SPN-scaled.jpg","datePublished":"2023-11-03T18:19:44+00:00","dateModified":"2026-02-02T17:14:17+00:00","breadcrumb":{"@id":"https:\/\/theresource.norwex.com\/es_us\/leadership-conference\/#breadcrumb"},"inLanguage":"es","potentialAction":[{"@type":"ReadAction","target":["https:\/\/theresource.norwex.com\/es_us\/leadership-conference\/"]}]},{"@type":"ImageObject","inLanguage":"es","@id":"https:\/\/theresource.norwex.com\/es_us\/leadership-conference\/#primaryimage","url":"https:\/\/theresource.norwex.com\/es_us\/wp-content\/uploads\/sites\/6\/2025\/11\/27895_LC26_High_Level_Agenda_NO_Links_Philadelphia2_SPN-scaled.jpg","contentUrl":"https:\/\/theresource.norwex.com\/es_us\/wp-content\/uploads\/sites\/6\/2025\/11\/27895_LC26_High_Level_Agenda_NO_Links_Philadelphia2_SPN-scaled.jpg","width":1978,"height":2560},{"@type":"BreadcrumbList","@id":"https:\/\/theresource.norwex.com\/es_us\/leadership-conference\/#breadcrumb","itemListElement":[{"@type":"ListItem","position":1,"name":"Home","item":"https:\/\/theresource.norwex.com\/es_us\/"},{"@type":"ListItem","position":2,"name":"Leadership Conference"}]},{"@type":"WebSite","@id":"https:\/\/theresource.norwex.com\/es_us\/#website","url":"https:\/\/theresource.norwex.com\/es_us\/","name":"Norwex Resource Espa\u00f1ol","description":"Just another Norwex Multi Sites site","publisher":{"@id":"https:\/\/theresource.norwex.com\/es_us\/#organization"},"potentialAction":[{"@type":"SearchAction","target":{"@type":"EntryPoint","urlTemplate":"https:\/\/theresource.norwex.com\/es_us\/?s={search_term_string}"},"query-input":{"@type":"PropertyValueSpecification","valueRequired":true,"valueName":"search_term_string"}}],"inLanguage":"es"},{"@type":"Organization","@id":"https:\/\/theresource.norwex.com\/es_us\/#organization","name":"Norwex","url":"https:\/\/theresource.norwex.com\/es_us\/","logo":{"@type":"ImageObject","inLanguage":"es","@id":"https:\/\/theresource.norwex.com\/es_us\/#\/schema\/logo\/image\/","url":"https:\/\/theresourcees.norwex.com\/wp-content\/uploads\/sites\/6\/2023\/11\/Norwex-Resource.jpg","contentUrl":"https:\/\/theresourcees.norwex.com\/wp-content\/uploads\/sites\/6\/2023\/11\/Norwex-Resource.jpg","width":200,"height":200,"caption":"Norwex"},"image":{"@id":"https:\/\/theresource.norwex.com\/es_us\/#\/schema\/logo\/image\/"},"sameAs":["https:\/\/www.facebook.com\/Norwex\/","https:\/\/x.com\/norwex","http:\/\/pinterest.com\/norwex\/","http:\/\/www.youtube.com\/norwex"]}]}},"_links":{"self":[{"href":"https:\/\/theresource.norwex.com\/es_us\/wp-json\/wp\/v2\/pages\/11523","targetHints":{"allow":["GET"]}}],"collection":[{"href":"https:\/\/theresource.norwex.com\/es_us\/wp-json\/wp\/v2\/pages"}],"about":[{"href":"https:\/\/theresource.norwex.com\/es_us\/wp-json\/wp\/v2\/types\/page"}],"author":[{"embeddable":true,"href":"https:\/\/theresource.norwex.com\/es_us\/wp-json\/wp\/v2\/users\/44"}],"replies":[{"embeddable":true,"href":"https:\/\/theresource.norwex.com\/es_us\/wp-json\/wp\/v2\/comments?post=11523"}],"version-history":[{"count":5,"href":"https:\/\/theresource.norwex.com\/es_us\/wp-json\/wp\/v2\/pages\/11523\/revisions"}],"predecessor-version":[{"id":15263,"href":"https:\/\/theresource.norwex.com\/es_us\/wp-json\/wp\/v2\/pages\/11523\/revisions\/15263"}],"wp:attachment":[{"href":"https:\/\/theresource.norwex.com\/es_us\/wp-json\/wp\/v2\/media?parent=11523"}],"wp:term":[{"taxonomy":"post_tag","embeddable":true,"href":"https:\/\/theresource.norwex.com\/es_us\/wp-json\/wp\/v2\/tags?post=11523"}],"curies":[{"name":"wp","href":"https:\/\/api.w.org\/{rel}","templated":true}]}}